{"id":3209,"date":"2020-06-09T13:17:44","date_gmt":"2020-06-09T11:17:44","guid":{"rendered":"https:\/\/ws.co.rs\/blog\/"},"modified":"2020-11-20T16:33:17","modified_gmt":"2020-11-20T15:33:17","slug":"blog","status":"publish","type":"page","link":"https:\/\/ws.co.rs\/en\/blog\/","title":{"rendered":"Blog"},"content":{"rendered":"\t\t<div data-elementor-type=\"wp-page\" data-elementor-id=\"3209\" class=\"elementor elementor-3209 elementor-25\" data-elementor-post-type=\"page\">\n\t\t\t\t\t\t<section class=\"elementor-section elementor-top-section elementor-element elementor-element-152cee36 elementor-section-stretched elementor-section-height-min-height blank m0 elementor-section-items-bottom elementor-section-content-bottom elementor-section-boxed elementor-section-height-default\" data-id=\"152cee36\" data-element_type=\"section\" id=\"showcase\" data-settings=\"{&quot;stretch_section&quot;:&quot;section-stretched&quot;,&quot;background_background&quot;:&quot;classic&quot;}\">\n\t\t\t\t\t\t<div class=\"elementor-container elementor-column-gap-no\">\n\t\t\t\t\t<div class=\"elementor-column elementor-col-100 elementor-top-column elementor-element elementor-element-3e2a991b\" data-id=\"3e2a991b\" data-element_type=\"column\" data-settings=\"{&quot;background_background&quot;:&quot;classic&quot;}\">\n\t\t\t<div class=\"elementor-widget-wrap elementor-element-populated\">\n\t\t\t\t\t\t<div class=\"elementor-element elementor-element-62ade5c3 elementor-widget elementor-widget-heading\" data-id=\"62ade5c3\" data-element_type=\"widget\" data-widget_type=\"heading.default\">\n\t\t\t\t<div class=\"elementor-widget-container\">\n\t\t\t\t\t<h1 class=\"elementor-heading-title elementor-size-default\">Blog<\/h1>\t\t\t\t<\/div>\n\t\t\t\t<\/div>\n\t\t\t\t\t<\/div>\n\t\t<\/div>\n\t\t\t\t\t<\/div>\n\t\t<\/section>\n\t\t\t\t<section class=\"elementor-section elementor-top-section elementor-element elementor-element-0c34ba0 elementor-section-boxed elementor-section-height-default elementor-section-height-default\" data-id=\"0c34ba0\" data-element_type=\"section\" id=\"blog\" data-settings=\"{&quot;shape_divider_top&quot;:&quot;tilt&quot;,&quot;shape_divider_bottom&quot;:&quot;tilt&quot;}\">\n\t\t\t\t\t<div class=\"elementor-shape elementor-shape-top\" aria-hidden=\"true\" data-negative=\"false\">\n\t\t\t<svg xmlns=\"http:\/\/www.w3.org\/2000\/svg\" viewBox=\"0 0 1000 100\" preserveAspectRatio=\"none\">\n\t<path class=\"elementor-shape-fill\" d=\"M0,6V0h1000v100L0,6z\"\/>\n<\/svg>\t\t<\/div>\n\t\t\t\t<div class=\"elementor-shape elementor-shape-bottom\" aria-hidden=\"true\" data-negative=\"false\">\n\t\t\t<svg xmlns=\"http:\/\/www.w3.org\/2000\/svg\" viewBox=\"0 0 1000 100\" preserveAspectRatio=\"none\">\n\t<path class=\"elementor-shape-fill\" d=\"M0,6V0h1000v100L0,6z\"\/>\n<\/svg>\t\t<\/div>\n\t\t\t\t\t<div class=\"elementor-container elementor-column-gap-default\">\n\t\t\t\t\t<div class=\"elementor-column elementor-col-100 elementor-top-column elementor-element elementor-element-d09f98a\" data-id=\"d09f98a\" data-element_type=\"column\" id=\"content\">\n\t\t\t<div class=\"elementor-widget-wrap elementor-element-populated\">\n\t\t\t\t\t\t<div class=\"elementor-element elementor-element-f9ce887 elementor-widget elementor-widget-text-editor\" data-id=\"f9ce887\" data-element_type=\"widget\" data-widget_type=\"text-editor.default\">\n\t\t\t\t<div class=\"elementor-widget-container\">\n\t\t\t\t\t\t\t\t\t<div class=\" ws-simple-style-cont ws-politika-sistema ws-mobile-analitika\"><div class=\"container\"><div class=\"wsOpstiUsloviBlockText__3FX2U ws-box ws-text-centar\"><h5 style=\"text-align: center;\">The latest news and current events from the company Watchout security<\/h5><\/div><\/div><\/div>\t\t\t\t\t\t\t\t<\/div>\n\t\t\t\t<\/div>\n\t\t\t\t<div class=\"elementor-element elementor-element-63c058d elementor-grid-3 elementor-grid-tablet-2 elementor-grid-mobile-1 elementor-posts--thumbnail-top elementor-card-shadow-yes elementor-posts__hover-gradient elementor-widget elementor-widget-posts\" data-id=\"63c058d\" data-element_type=\"widget\" data-settings=\"{&quot;cards_masonry&quot;:&quot;yes&quot;,&quot;pagination_type&quot;:&quot;numbers&quot;,&quot;cards_columns&quot;:&quot;3&quot;,&quot;cards_columns_tablet&quot;:&quot;2&quot;,&quot;cards_columns_mobile&quot;:&quot;1&quot;,&quot;cards_row_gap&quot;:{&quot;unit&quot;:&quot;px&quot;,&quot;size&quot;:35,&quot;sizes&quot;:[]},&quot;cards_row_gap_tablet&quot;:{&quot;unit&quot;:&quot;px&quot;,&quot;size&quot;:&quot;&quot;,&quot;sizes&quot;:[]},&quot;cards_row_gap_mobile&quot;:{&quot;unit&quot;:&quot;px&quot;,&quot;size&quot;:&quot;&quot;,&quot;sizes&quot;:[]}}\" data-widget_type=\"posts.cards\">\n\t\t\t\t<div class=\"elementor-widget-container\">\n\t\t\t\t\t\t\t<div class=\"elementor-posts-container elementor-posts elementor-posts--skin-cards elementor-grid\" role=\"list\">\n\t\t\t\t<article class=\"elementor-post elementor-grid-item post-3506 post type-post status-publish format-standard has-post-thumbnail hentry category-uncategorized\" role=\"listitem\">\n\t\t\t<div class=\"elementor-post__card\">\n\t\t\t\t<a class=\"elementor-post__thumbnail__link\" href=\"https:\/\/ws.co.rs\/en\/novcane-kazne-do-milion-dinara-bez-akta-procene-rizika\/\" tabindex=\"-1\" ><div class=\"elementor-post__thumbnail\"><img fetchpriority=\"high\" decoding=\"async\" width=\"600\" height=\"470\" src=\"https:\/\/ws.co.rs\/wp-content\/uploads\/2020\/07\/plan_zastite-wpcf_600x470.jpg\" class=\"attachment-full size-full wp-image-1042\" alt=\"\" srcset=\"https:\/\/ws.co.rs\/wp-content\/uploads\/2020\/07\/plan_zastite-wpcf_600x470.jpg 600w, https:\/\/ws.co.rs\/wp-content\/uploads\/2020\/07\/plan_zastite-wpcf_600x470-300x235.jpg 300w\" sizes=\"(max-width: 600px) 100vw, 600px\" \/><\/div><\/a>\n\t\t\t\t<div class=\"elementor-post__text\">\n\t\t\t\t<h3 class=\"elementor-post__title\">\n\t\t\t<a href=\"https:\/\/ws.co.rs\/en\/novcane-kazne-do-milion-dinara-bez-akta-procene-rizika\/\" >\n\t\t\t\tNov\u010dane kazne do milion dinara bez akta Procene rizika\t\t\t<\/a>\n\t\t<\/h3>\n\t\t\t\t<div class=\"elementor-post__excerpt\">\n\t\t\t<p>Da smanjenje rizika od katastrofa i upravljanje vanrednim situacijama predstavlja nacionalni i lokalni prioritet, govori i \u010dinjenica da je 20. novembra 2018. godine Skup\u0161tina Srbije donela Zakon o smanjenju rizika<\/p>\n\t\t<\/div>\n\t\t\n\t\t<a class=\"elementor-post__read-more\" href=\"https:\/\/ws.co.rs\/en\/novcane-kazne-do-milion-dinara-bez-akta-procene-rizika\/\" aria-label=\"Read more about Nov\u010dane kazne do milion dinara bez akta Procene rizika\" tabindex=\"-1\" >\n\t\t\tMORE\u00bb\t\t<\/a>\n\n\t\t\t\t<\/div>\n\t\t\t\t\t<\/div>\n\t\t<\/article>\n\t\t\t\t<article class=\"elementor-post elementor-grid-item post-3474 post type-post status-publish format-standard has-post-thumbnail hentry category-uncategorized\" role=\"listitem\">\n\t\t\t<div class=\"elementor-post__card\">\n\t\t\t\t<a class=\"elementor-post__thumbnail__link\" href=\"https:\/\/ws.co.rs\/en\/top-5-things-when-choosing-an-integrated-security-and-surveillance-system\/\" tabindex=\"-1\" ><div class=\"elementor-post__thumbnail\"><img decoding=\"async\" width=\"1440\" height=\"820\" src=\"https:\/\/ws.co.rs\/wp-content\/uploads\/2020\/07\/sistemiZaRanoOtkrivanjeIDojavuPozara.9cd29c08.jpg\" class=\"attachment-full size-full wp-image-658\" alt=\"\" srcset=\"https:\/\/ws.co.rs\/wp-content\/uploads\/2020\/07\/sistemiZaRanoOtkrivanjeIDojavuPozara.9cd29c08.jpg 1440w, https:\/\/ws.co.rs\/wp-content\/uploads\/2020\/07\/sistemiZaRanoOtkrivanjeIDojavuPozara.9cd29c08-300x171.jpg 300w, https:\/\/ws.co.rs\/wp-content\/uploads\/2020\/07\/sistemiZaRanoOtkrivanjeIDojavuPozara.9cd29c08-1024x583.jpg 1024w, https:\/\/ws.co.rs\/wp-content\/uploads\/2020\/07\/sistemiZaRanoOtkrivanjeIDojavuPozara.9cd29c08-768x437.jpg 768w\" sizes=\"(max-width: 1440px) 100vw, 1440px\" \/><\/div><\/a>\n\t\t\t\t<div class=\"elementor-post__text\">\n\t\t\t\t<h3 class=\"elementor-post__title\">\n\t\t\t<a href=\"https:\/\/ws.co.rs\/en\/top-5-things-when-choosing-an-integrated-security-and-surveillance-system\/\" >\n\t\t\t\tTop 5 things when choosing an integrated security and surveillance system\t\t\t<\/a>\n\t\t<\/h3>\n\t\t\t\t<div class=\"elementor-post__excerpt\">\n\t\t\t<p>Ukoliko \u017eelite da implementirate integrisano re\u0161enje za bezbednost i video nadzor u svoj poslovni sistem nadzor, mo\u017ee da se dogodi da nai\u0111ete na ve\u0107i raspon dostupnih opcija, da vas dovede<\/p>\n\t\t<\/div>\n\t\t\n\t\t<a class=\"elementor-post__read-more\" href=\"https:\/\/ws.co.rs\/en\/top-5-things-when-choosing-an-integrated-security-and-surveillance-system\/\" aria-label=\"Read more about Top 5 things when choosing an integrated security and surveillance system\" tabindex=\"-1\" >\n\t\t\tMORE\u00bb\t\t<\/a>\n\n\t\t\t\t<\/div>\n\t\t\t\t\t<\/div>\n\t\t<\/article>\n\t\t\t\t<article class=\"elementor-post elementor-grid-item post-3488 post type-post status-publish format-standard has-post-thumbnail hentry category-uncategorized\" role=\"listitem\">\n\t\t\t<div class=\"elementor-post__card\">\n\t\t\t\t<a class=\"elementor-post__thumbnail__link\" href=\"https:\/\/ws.co.rs\/en\/programer-aplikacija-i-menadzer-rizika-najtrazeniji-poslovi\/\" tabindex=\"-1\" ><div class=\"elementor-post__thumbnail\"><img decoding=\"async\" width=\"600\" height=\"450\" src=\"https:\/\/ws.co.rs\/wp-content\/uploads\/2020\/07\/Poslovi_u_IT_ju_su_i_dalje_najtrazeniji-wpcf_600x450.jpg\" class=\"attachment-full size-full wp-image-1049\" alt=\"\" srcset=\"https:\/\/ws.co.rs\/wp-content\/uploads\/2020\/07\/Poslovi_u_IT_ju_su_i_dalje_najtrazeniji-wpcf_600x450.jpg 600w, https:\/\/ws.co.rs\/wp-content\/uploads\/2020\/07\/Poslovi_u_IT_ju_su_i_dalje_najtrazeniji-wpcf_600x450-300x225.jpg 300w\" sizes=\"(max-width: 600px) 100vw, 600px\" \/><\/div><\/a>\n\t\t\t\t<div class=\"elementor-post__text\">\n\t\t\t\t<h3 class=\"elementor-post__title\">\n\t\t\t<a href=\"https:\/\/ws.co.rs\/en\/programer-aplikacija-i-menadzer-rizika-najtrazeniji-poslovi\/\" >\n\t\t\t\tProgramer aplikacija i menad\u017eer rizika najtra\u017eeniji poslovi\t\t\t<\/a>\n\t\t<\/h3>\n\t\t\t\t<div class=\"elementor-post__excerpt\">\n\t\t\t<p>Me\u0111u najboljim poslovima u ovoj godini, prema listi tima CNN-a za ekonomiju, nalaze se programer mobilnih aplikacija, menad\u017eer rizika, pregovara\u010d u energetskom biznisu, analiti\u010dar proizvoda. Kao va\u017eni faktori pri izradi<\/p>\n\t\t<\/div>\n\t\t\n\t\t<a class=\"elementor-post__read-more\" href=\"https:\/\/ws.co.rs\/en\/programer-aplikacija-i-menadzer-rizika-najtrazeniji-poslovi\/\" aria-label=\"Read more about Programer aplikacija i menad\u017eer rizika najtra\u017eeniji poslovi\" tabindex=\"-1\" >\n\t\t\tMORE\u00bb\t\t<\/a>\n\n\t\t\t\t<\/div>\n\t\t\t\t\t<\/div>\n\t\t<\/article>\n\t\t\t\t<article class=\"elementor-post elementor-grid-item post-3467 post type-post status-publish format-standard has-post-thumbnail hentry category-uncategorized\" role=\"listitem\">\n\t\t\t<div class=\"elementor-post__card\">\n\t\t\t\t<a class=\"elementor-post__thumbnail__link\" href=\"https:\/\/ws.co.rs\/en\/an-effective-business-security-plan-key-elements\/\" tabindex=\"-1\" ><div class=\"elementor-post__thumbnail\"><img loading=\"lazy\" decoding=\"async\" width=\"600\" height=\"400\" src=\"https:\/\/ws.co.rs\/wp-content\/uploads\/2020\/07\/Best-Security-System-Emergency-Plan-For-Business-wpcf_600x400.png\" class=\"attachment-full size-full wp-image-1054\" alt=\"\" srcset=\"https:\/\/ws.co.rs\/wp-content\/uploads\/2020\/07\/Best-Security-System-Emergency-Plan-For-Business-wpcf_600x400.png 600w, https:\/\/ws.co.rs\/wp-content\/uploads\/2020\/07\/Best-Security-System-Emergency-Plan-For-Business-wpcf_600x400-300x200.png 300w\" sizes=\"(max-width: 600px) 100vw, 600px\" \/><\/div><\/a>\n\t\t\t\t<div class=\"elementor-post__text\">\n\t\t\t\t<h3 class=\"elementor-post__title\">\n\t\t\t<a href=\"https:\/\/ws.co.rs\/en\/an-effective-business-security-plan-key-elements\/\" >\n\t\t\t\tAn effective business security plan &#8211; key elements\t\t\t<\/a>\n\t\t<\/h3>\n\t\t\t\t<div class=\"elementor-post__excerpt\">\n\t\t\t<p>Creating a cohesive and coordinated security plan is critical to the success of any business and the security of individuals and property. If you rely on experts who can create<\/p>\n\t\t<\/div>\n\t\t\n\t\t<a class=\"elementor-post__read-more\" href=\"https:\/\/ws.co.rs\/en\/an-effective-business-security-plan-key-elements\/\" aria-label=\"Read more about An effective business security plan &#8211; key elements\" tabindex=\"-1\" >\n\t\t\tMORE\u00bb\t\t<\/a>\n\n\t\t\t\t<\/div>\n\t\t\t\t\t<\/div>\n\t\t<\/article>\n\t\t\t\t<article class=\"elementor-post elementor-grid-item post-3511 post type-post status-publish format-standard has-post-thumbnail hentry category-uncategorized\" role=\"listitem\">\n\t\t\t<div class=\"elementor-post__card\">\n\t\t\t\t<a class=\"elementor-post__thumbnail__link\" href=\"https:\/\/ws.co.rs\/en\/nema-postavljanja-kamera-bez-procene-rizika\/\" tabindex=\"-1\" ><div class=\"elementor-post__thumbnail\"><img loading=\"lazy\" decoding=\"async\" width=\"1440\" height=\"820\" src=\"https:\/\/ws.co.rs\/wp-content\/uploads\/2020\/07\/protivprovalniIProtivprepadniSistemi.47ca9f38.jpg\" class=\"attachment-full size-full wp-image-634\" alt=\"\" srcset=\"https:\/\/ws.co.rs\/wp-content\/uploads\/2020\/07\/protivprovalniIProtivprepadniSistemi.47ca9f38.jpg 1440w, https:\/\/ws.co.rs\/wp-content\/uploads\/2020\/07\/protivprovalniIProtivprepadniSistemi.47ca9f38-300x171.jpg 300w, https:\/\/ws.co.rs\/wp-content\/uploads\/2020\/07\/protivprovalniIProtivprepadniSistemi.47ca9f38-1024x583.jpg 1024w, https:\/\/ws.co.rs\/wp-content\/uploads\/2020\/07\/protivprovalniIProtivprepadniSistemi.47ca9f38-768x437.jpg 768w\" sizes=\"(max-width: 1440px) 100vw, 1440px\" \/><\/div><\/a>\n\t\t\t\t<div class=\"elementor-post__text\">\n\t\t\t\t<h3 class=\"elementor-post__title\">\n\t\t\t<a href=\"https:\/\/ws.co.rs\/en\/nema-postavljanja-kamera-bez-procene-rizika\/\" >\n\t\t\t\tNema postavljanja kamera bez procene rizika\t\t\t<\/a>\n\t\t<\/h3>\n\t\t\t\t<div class=\"elementor-post__excerpt\">\n\t\t\t<p>Novi Zakon o privatnom obezbe\u0111enju i podzakonski akti koji ga prate, doneli su mnogobrojne novine na srpsko tr\u017ei\u0161te. Jedna od njih jeste i obaveza procene rizika u za\u0161titi lica, imovine<\/p>\n\t\t<\/div>\n\t\t\n\t\t<a class=\"elementor-post__read-more\" href=\"https:\/\/ws.co.rs\/en\/nema-postavljanja-kamera-bez-procene-rizika\/\" aria-label=\"Read more about Nema postavljanja kamera bez procene rizika\" tabindex=\"-1\" >\n\t\t\tMORE\u00bb\t\t<\/a>\n\n\t\t\t\t<\/div>\n\t\t\t\t\t<\/div>\n\t\t<\/article>\n\t\t\t\t<article class=\"elementor-post elementor-grid-item post-3497 post type-post status-publish format-standard has-post-thumbnail hentry category-uncategorized\" role=\"listitem\">\n\t\t\t<div class=\"elementor-post__card\">\n\t\t\t\t<a class=\"elementor-post__thumbnail__link\" href=\"https:\/\/ws.co.rs\/en\/security-study-need-or-additional-cost\/\" tabindex=\"-1\" ><div class=\"elementor-post__thumbnail\"><img loading=\"lazy\" decoding=\"async\" width=\"600\" height=\"400\" src=\"https:\/\/ws.co.rs\/wp-content\/uploads\/2020\/07\/freestocks-org-I_pOqP6kCOI-unsplash-wpcf_600x400.jpg\" class=\"attachment-full size-full wp-image-1046\" alt=\"\" srcset=\"https:\/\/ws.co.rs\/wp-content\/uploads\/2020\/07\/freestocks-org-I_pOqP6kCOI-unsplash-wpcf_600x400.jpg 600w, https:\/\/ws.co.rs\/wp-content\/uploads\/2020\/07\/freestocks-org-I_pOqP6kCOI-unsplash-wpcf_600x400-300x200.jpg 300w\" sizes=\"(max-width: 600px) 100vw, 600px\" \/><\/div><\/a>\n\t\t\t\t<div class=\"elementor-post__text\">\n\t\t\t\t<h3 class=\"elementor-post__title\">\n\t\t\t<a href=\"https:\/\/ws.co.rs\/en\/security-study-need-or-additional-cost\/\" >\n\t\t\t\tSecurity study &#8211; need or additional cost?\t\t\t<\/a>\n\t\t<\/h3>\n\t\t\t\t<div class=\"elementor-post__excerpt\">\n\t\t\t<p>Ako u firmi imate fizi\u010dko obezbe\u0111enje, velike su \u0161anse da od 16. decembra budete u prekr\u0161aju, ukoliko niste napravili elaborat o obezbe\u0111enju koji zahteva Zakon koji tada stupa na snagu.<\/p>\n\t\t<\/div>\n\t\t\n\t\t<a class=\"elementor-post__read-more\" href=\"https:\/\/ws.co.rs\/en\/security-study-need-or-additional-cost\/\" aria-label=\"Read more about Security study &#8211; need or additional cost?\" tabindex=\"-1\" >\n\t\t\tMORE\u00bb\t\t<\/a>\n\n\t\t\t\t<\/div>\n\t\t\t\t\t<\/div>\n\t\t<\/article>\n\t\t\t\t<\/div>\n\t\t\n\t\t\t\t\t\t<\/div>\n\t\t\t\t<\/div>\n\t\t\t\t\t<\/div>\n\t\t<\/div>\n\t\t\t\t\t<\/div>\n\t\t<\/section>\n\t\t\t\t<\/div>\n\t\t","protected":false},"excerpt":{"rendered":"<p>The latest news and current events from the company Watchout security<\/p>\n","protected":false},"author":1,"featured_media":0,"parent":0,"menu_order":0,"comment_status":"closed","ping_status":"closed","template":"","meta":{"footnotes":""},"class_list":["post-3209","page","type-page","status-publish","hentry"],"aioseo_notices":[],"_links":{"self":[{"href":"https:\/\/ws.co.rs\/en\/wp-json\/wp\/v2\/pages\/3209","targetHints":{"allow":["GET"]}}],"collection":[{"href":"https:\/\/ws.co.rs\/en\/wp-json\/wp\/v2\/pages"}],"about":[{"href":"https:\/\/ws.co.rs\/en\/wp-json\/wp\/v2\/types\/page"}],"author":[{"embeddable":true,"href":"https:\/\/ws.co.rs\/en\/wp-json\/wp\/v2\/users\/1"}],"replies":[{"embeddable":true,"href":"https:\/\/ws.co.rs\/en\/wp-json\/wp\/v2\/comments?post=3209"}],"version-history":[{"count":4,"href":"https:\/\/ws.co.rs\/en\/wp-json\/wp\/v2\/pages\/3209\/revisions"}],"predecessor-version":[{"id":3877,"href":"https:\/\/ws.co.rs\/en\/wp-json\/wp\/v2\/pages\/3209\/revisions\/3877"}],"wp:attachment":[{"href":"https:\/\/ws.co.rs\/en\/wp-json\/wp\/v2\/media?parent=3209"}],"curies":[{"name":"wp","href":"https:\/\/api.w.org\/{rel}","templated":true}]}}