{"id":5811,"date":"2020-11-27T14:08:33","date_gmt":"2020-11-27T13:08:33","guid":{"rendered":"https:\/\/ws.co.rs\/dienstleistungen\/softwareloesungen\/upravljanje-odnosima-sa-klijentima\/"},"modified":"2021-03-19T11:23:50","modified_gmt":"2021-03-19T10:23:50","slug":"kundenbeziehungsmanagement","status":"publish","type":"page","link":"https:\/\/ws.co.rs\/de\/dienstleistungen\/softwareloesungen\/kundenbeziehungsmanagement\/","title":{"rendered":"Kundenbeziehungsmanagement"},"content":{"rendered":"\t\t<div data-elementor-type=\"wp-page\" data-elementor-id=\"5811\" class=\"elementor elementor-5811 elementor-4005\" data-elementor-post-type=\"page\">\n\t\t\t\t\t\t<section class=\"elementor-section elementor-top-section elementor-element elementor-element-3227c301 elementor-section-stretched elementor-section-height-min-height inside elementor-section-items-bottom elementor-section-content-bottom elementor-section-boxed elementor-section-height-default\" data-id=\"3227c301\" data-element_type=\"section\" id=\"showcase\" data-settings=\"{&quot;stretch_section&quot;:&quot;section-stretched&quot;,&quot;background_background&quot;:&quot;gradient&quot;,&quot;shape_divider_bottom&quot;:&quot;tilt&quot;}\">\n\t\t\t\t\t<div class=\"elementor-shape elementor-shape-bottom\" aria-hidden=\"true\" data-negative=\"false\">\n\t\t\t<svg xmlns=\"http:\/\/www.w3.org\/2000\/svg\" viewBox=\"0 0 1000 100\" preserveAspectRatio=\"none\">\n\t<path class=\"elementor-shape-fill\" d=\"M0,6V0h1000v100L0,6z\"\/>\n<\/svg>\t\t<\/div>\n\t\t\t\t\t<div class=\"elementor-container elementor-column-gap-no\">\n\t\t\t\t\t<div class=\"elementor-column elementor-col-100 elementor-top-column elementor-element elementor-element-3e2c9744\" data-id=\"3e2c9744\" data-element_type=\"column\" data-settings=\"{&quot;background_background&quot;:&quot;classic&quot;}\">\n\t\t\t<div class=\"elementor-widget-wrap elementor-element-populated\">\n\t\t\t\t\t\t<div class=\"elementor-element elementor-element-3a5f0b62 elementor-widget elementor-widget-heading\" data-id=\"3a5f0b62\" data-element_type=\"widget\" data-widget_type=\"heading.default\">\n\t\t\t\t<div class=\"elementor-widget-container\">\n\t\t\t\t\t<h1 class=\"elementor-heading-title elementor-size-default\">Kundenbeziehungsmanagement<\/h1>\t\t\t\t<\/div>\n\t\t\t\t<\/div>\n\t\t\t\t<div class=\"elementor-element elementor-element-143f5ef1 elementor-widget elementor-widget-text-editor\" data-id=\"143f5ef1\" data-element_type=\"widget\" data-widget_type=\"text-editor.default\">\n\t\t\t\t<div class=\"elementor-widget-container\">\n\t\t\t\t\t\t\t\t\t<blockquote><p>&#8222;Mutig und gleichzeitig sehr vorsichtig zu sein, ist die Kunst des Erfolgs.&#8220;<\/p><p>Napoleon<\/p><\/blockquote>\t\t\t\t\t\t\t\t<\/div>\n\t\t\t\t<\/div>\n\t\t\t\t\t<\/div>\n\t\t<\/div>\n\t\t\t\t\t<\/div>\n\t\t<\/section>\n\t\t\t\t<section class=\"elementor-section elementor-top-section elementor-element elementor-element-76825437 pt-big pb-big elementor-section-boxed elementor-section-height-default elementor-section-height-default\" data-id=\"76825437\" data-element_type=\"section\" id=\"info\" data-settings=\"{&quot;background_background&quot;:&quot;classic&quot;,&quot;shape_divider_top&quot;:&quot;tilt&quot;}\">\n\t\t\t\t\t<div class=\"elementor-shape elementor-shape-top\" aria-hidden=\"true\" data-negative=\"false\">\n\t\t\t<svg xmlns=\"http:\/\/www.w3.org\/2000\/svg\" viewBox=\"0 0 1000 100\" preserveAspectRatio=\"none\">\n\t<path class=\"elementor-shape-fill\" d=\"M0,6V0h1000v100L0,6z\"\/>\n<\/svg>\t\t<\/div>\n\t\t\t\t\t<div class=\"elementor-container elementor-column-gap-default\">\n\t\t\t\t\t<div class=\"elementor-column elementor-col-100 elementor-top-column elementor-element elementor-element-6cccc9bb\" data-id=\"6cccc9bb\" data-element_type=\"column\">\n\t\t\t<div class=\"elementor-widget-wrap elementor-element-populated\">\n\t\t\t\t\t\t<div class=\"elementor-element elementor-element-2d74971e elementor-widget elementor-widget-text-editor\" data-id=\"2d74971e\" data-element_type=\"widget\" data-widget_type=\"text-editor.default\">\n\t\t\t\t<div class=\"elementor-widget-container\">\n\t\t\t\t\t\t\t\t\t<h3 style=\"text-align: center;\"><strong>Kundenbeziehungsmanagement<\/strong><\/h3><p>Ein Tool, mit dem Sie Kundenbeziehungen von der Risikobewertung bis zur Sicherheitsimplementierung optimal verwalten k\u00f6nnen. Alle Benutzeranfragen an einem Ort sowie Ihre Aktivit\u00e4ten im Zusammenhang mit diesen Anfragen.<\/p><p>Bei der Entscheidungsfindung ist es entscheidend, dass Daten immer an einem Ort, zug\u00e4nglich und sicher sind.<\/p><p style=\"margin-bottom: 0cm;\"><span style=\"font-family: Arial, sans-serif; background-image: initial; background-position: initial; background-size: initial; background-repeat: initial; background-attachment: initial; background-origin: initial; background-clip: initial;\">\u00a0<\/span><\/p><ul><li>Teilen und verfolgen Sie die Realisierung von Aufgaben<\/li><li>Planen und \u00fcberwachen Sie die Durchf\u00fchrung aller Aktivit\u00e4ten und Veranstaltungen<\/li><li>F\u00fchren Sie Protokolle von Besprechungen<\/li><li>Aktivit\u00e4ten und Ereignisse einfach gruppieren und bearbeiten<\/li><li>Verwenden Sie vorhandene Kontakte und Aufgaben<\/li><li>Automatisches Versenden von Benachrichtigungen und E-Mails<\/li><li>Erstellen Sie mit wenigen Klicks Aufgabenlisten und Berichte<\/li><li>Suchen Sie einfach und schnell nach Aufgaben<\/li><li>\u00dcberpr\u00fcfen Sie den Status und die Priorit\u00e4ten<\/li><li>Verbinden Sie Aufgaben mit Projekten und Kalendern<\/li><\/ul><p style=\"margin-bottom: 0cm;\"><span style=\"font-family: Arial, sans-serif; font-weight: var( --e-global-typography-text-font-weight ); font-size: 1rem;\">\u00a0<\/span><\/p><h3 style=\"margin-bottom: 0cm;\"><strong><span style=\"color: #ff0000;\">Ihre Kunden haben aufgrund der Qualit\u00e4t, die Sie ihnen bieten, volles Vertrauen.<\/span><\/strong><\/h3><p class=\"MsoNormal\" style=\"margin-bottom: 0cm;\">\u00a0<\/p>\t\t\t\t\t\t\t\t<\/div>\n\t\t\t\t<\/div>\n\t\t\t\t<div class=\"elementor-element elementor-element-7bb1ad8b elementor-align-center elementor-widget elementor-widget-button\" data-id=\"7bb1ad8b\" data-element_type=\"widget\" data-widget_type=\"button.default\">\n\t\t\t\t<div class=\"elementor-widget-container\">\n\t\t\t\t\t\t\t\t\t<div class=\"elementor-button-wrapper\">\n\t\t\t\t\t<a class=\"elementor-button elementor-button-link elementor-size-md\" href=\"https:\/\/ws.co.rs\/de\/fragebogen\/\">\n\t\t\t\t\t\t<span class=\"elementor-button-content-wrapper\">\n\t\t\t\t\t\t<span class=\"elementor-button-icon\">\n\t\t\t\t<i aria-hidden=\"true\" class=\"fas fa-chevron-right\"><\/i>\t\t\t<\/span>\n\t\t\t\t\t\t\t\t\t<span class=\"elementor-button-text\">Siehe das Online-Angebot<\/span>\n\t\t\t\t\t<\/span>\n\t\t\t\t\t<\/a>\n\t\t\t\t<\/div>\n\t\t\t\t\t\t\t\t<\/div>\n\t\t\t\t<\/div>\n\t\t\t\t\t<\/div>\n\t\t<\/div>\n\t\t\t\t\t<\/div>\n\t\t<\/section>\n\t\t\t\t<\/div>\n\t\t","protected":false},"excerpt":{"rendered":"<p>&#8222;Mutig und gleichzeitig sehr vorsichtig zu sein, ist die Kunst des Erfolgs.&#8220; Napoleon Kundenbeziehungsmanagement Ein Tool, mit dem Sie Kundenbeziehungen von der Risikobewertung bis zur Sicherheitsimplementierung optimal verwalten k\u00f6nnen. Alle Benutzeranfragen an einem Ort sowie Ihre Aktivit\u00e4ten im Zusammenhang mit diesen Anfragen. Bei der Entscheidungsfindung ist es entscheidend, dass Daten immer an einem Ort, zug\u00e4nglich [&hellip;]<\/p>\n","protected":false},"author":1,"featured_media":0,"parent":5782,"menu_order":0,"comment_status":"closed","ping_status":"closed","template":"","meta":{"footnotes":""},"class_list":["post-5811","page","type-page","status-publish","hentry"],"aioseo_notices":[],"_links":{"self":[{"href":"https:\/\/ws.co.rs\/de\/wp-json\/wp\/v2\/pages\/5811","targetHints":{"allow":["GET"]}}],"collection":[{"href":"https:\/\/ws.co.rs\/de\/wp-json\/wp\/v2\/pages"}],"about":[{"href":"https:\/\/ws.co.rs\/de\/wp-json\/wp\/v2\/types\/page"}],"author":[{"embeddable":true,"href":"https:\/\/ws.co.rs\/de\/wp-json\/wp\/v2\/users\/1"}],"replies":[{"embeddable":true,"href":"https:\/\/ws.co.rs\/de\/wp-json\/wp\/v2\/comments?post=5811"}],"version-history":[{"count":5,"href":"https:\/\/ws.co.rs\/de\/wp-json\/wp\/v2\/pages\/5811\/revisions"}],"predecessor-version":[{"id":6558,"href":"https:\/\/ws.co.rs\/de\/wp-json\/wp\/v2\/pages\/5811\/revisions\/6558"}],"up":[{"embeddable":true,"href":"https:\/\/ws.co.rs\/de\/wp-json\/wp\/v2\/pages\/5782"}],"wp:attachment":[{"href":"https:\/\/ws.co.rs\/de\/wp-json\/wp\/v2\/media?parent=5811"}],"curies":[{"name":"wp","href":"https:\/\/api.w.org\/{rel}","templated":true}]}}