{"id":5802,"date":"2020-11-27T14:06:49","date_gmt":"2020-11-27T13:06:49","guid":{"rendered":"https:\/\/ws.co.rs\/dienstleistungen\/softwareloesungen\/procena-rizika\/"},"modified":"2021-03-19T11:23:35","modified_gmt":"2021-03-19T10:23:35","slug":"risikoabschaetzung","status":"publish","type":"page","link":"https:\/\/ws.co.rs\/de\/dienstleistungen\/softwareloesungen\/risikoabschaetzung\/","title":{"rendered":"Risikoabsch\u00e4tzung"},"content":{"rendered":"\t\t<div data-elementor-type=\"wp-page\" data-elementor-id=\"5802\" class=\"elementor elementor-5802 elementor-4000\" data-elementor-post-type=\"page\">\n\t\t\t\t\t\t<section class=\"elementor-section elementor-top-section elementor-element elementor-element-5baf4b87 elementor-section-stretched elementor-section-height-min-height inside elementor-section-items-bottom elementor-section-content-bottom elementor-section-boxed elementor-section-height-default\" data-id=\"5baf4b87\" data-element_type=\"section\" id=\"showcase\" data-settings=\"{&quot;stretch_section&quot;:&quot;section-stretched&quot;,&quot;background_background&quot;:&quot;gradient&quot;,&quot;shape_divider_bottom&quot;:&quot;tilt&quot;}\">\n\t\t\t\t\t<div class=\"elementor-shape elementor-shape-bottom\" aria-hidden=\"true\" data-negative=\"false\">\n\t\t\t<svg xmlns=\"http:\/\/www.w3.org\/2000\/svg\" viewBox=\"0 0 1000 100\" preserveAspectRatio=\"none\">\n\t<path class=\"elementor-shape-fill\" d=\"M0,6V0h1000v100L0,6z\"\/>\n<\/svg>\t\t<\/div>\n\t\t\t\t\t<div class=\"elementor-container elementor-column-gap-no\">\n\t\t\t\t\t<div class=\"elementor-column elementor-col-100 elementor-top-column elementor-element elementor-element-24ad8583\" data-id=\"24ad8583\" data-element_type=\"column\" data-settings=\"{&quot;background_background&quot;:&quot;classic&quot;}\">\n\t\t\t<div class=\"elementor-widget-wrap elementor-element-populated\">\n\t\t\t\t\t\t<div class=\"elementor-element elementor-element-5d8d6e34 elementor-widget elementor-widget-heading\" data-id=\"5d8d6e34\" data-element_type=\"widget\" data-widget_type=\"heading.default\">\n\t\t\t\t<div class=\"elementor-widget-container\">\n\t\t\t\t\t<h1 class=\"elementor-heading-title elementor-size-default\">Risikoabsch\u00e4tzung<\/h1>\t\t\t\t<\/div>\n\t\t\t\t<\/div>\n\t\t\t\t<div class=\"elementor-element elementor-element-724a28 elementor-widget elementor-widget-text-editor\" data-id=\"724a28\" data-element_type=\"widget\" data-widget_type=\"text-editor.default\">\n\t\t\t\t<div class=\"elementor-widget-container\">\n\t\t\t\t\t\t\t\t\t<p>Mutig und gleichzeitig sehr vorsichtig zu sein, ist die Kunst des Erfolgs. Napoleon<\/p>\t\t\t\t\t\t\t\t<\/div>\n\t\t\t\t<\/div>\n\t\t\t\t\t<\/div>\n\t\t<\/div>\n\t\t\t\t\t<\/div>\n\t\t<\/section>\n\t\t\t\t<section class=\"elementor-section elementor-top-section elementor-element elementor-element-52fe5a54 pt-big pb-big elementor-section-boxed elementor-section-height-default elementor-section-height-default\" data-id=\"52fe5a54\" data-element_type=\"section\" id=\"info\" data-settings=\"{&quot;background_background&quot;:&quot;classic&quot;,&quot;shape_divider_top&quot;:&quot;tilt&quot;}\">\n\t\t\t\t\t<div class=\"elementor-shape elementor-shape-top\" aria-hidden=\"true\" data-negative=\"false\">\n\t\t\t<svg xmlns=\"http:\/\/www.w3.org\/2000\/svg\" viewBox=\"0 0 1000 100\" preserveAspectRatio=\"none\">\n\t<path class=\"elementor-shape-fill\" d=\"M0,6V0h1000v100L0,6z\"\/>\n<\/svg>\t\t<\/div>\n\t\t\t\t\t<div class=\"elementor-container elementor-column-gap-default\">\n\t\t\t\t\t<div class=\"elementor-column elementor-col-100 elementor-top-column elementor-element elementor-element-7d860820\" data-id=\"7d860820\" data-element_type=\"column\">\n\t\t\t<div class=\"elementor-widget-wrap elementor-element-populated\">\n\t\t\t\t\t\t<div class=\"elementor-element elementor-element-37866f7e elementor-widget elementor-widget-text-editor\" data-id=\"37866f7e\" data-element_type=\"widget\" data-widget_type=\"text-editor.default\">\n\t\t\t\t<div class=\"elementor-widget-container\">\n\t\t\t\t\t\t\t\t\t<h3 style=\"text-align: center;\"><strong>Risikobewertung zum Schutz von Personen, Sachwerten und Unternehmen<\/strong><\/h3><p>Das Programm erm\u00f6glicht es Ihnen, Risiken am schnellsten und effizientesten zu identifizieren und zu bewerten und Ma\u00dfnahmen f\u00fcr ihre Behandlung zu definieren. Die Kommunikation im Risikobewertungsteam war noch nie einfacher, da sie vollst\u00e4ndig automatisiert ist.<\/p><p>Mit einem solchen System k\u00f6nnen Risikomanager Risiken steuern, da jedes Risiko ab dem Zeitpunkt der Identifizierung \u00fcberwacht wird. Die schnelle und einfache Berichterstellung reduziert die Zeit f\u00fcr die Risikobewertung und erh\u00f6ht die Servicequalit\u00e4t.<\/p><p>Methodik und standardisierte Matrizen erm\u00f6glichen eine unverwechselbare Risikoanalyse und -bewertung. Das Programm speichert alle erkennbaren Risiken und vorgeschlagenen Ma\u00dfnahmen in jeder Phase der Bewertung, was die Arbeit erleichtert und beschleunigt.<\/p><p>Ein solches Risikobewertungssystem profitiert am meisten von den befugten Personen, die die Organisation leiten, da das Programm ihnen ein h\u00f6heres Ma\u00df an Verf\u00fcgbarkeit von Informationen erm\u00f6glicht, die auf ein erh\u00f6htes Risiko und m\u00f6gliche Sch\u00e4den hinweisen.<\/p><p>Es wird Risikomanagern, Personen, die f\u00fcr die Unternehmenssicherheit verantwortlich sind, sowie allen Personen, die f\u00fcr die Sicherheit von Personen, Eigentum und Unternehmen verantwortlich sind, empfohlen.<\/p><p style=\"margin-bottom: 0cm;\"><span style=\"font-family: Arial, sans-serif; background-image: initial; background-position: initial; background-size: initial; background-repeat: initial; background-attachment: initial; background-origin: initial; background-clip: initial;\">\u00a0<\/span><\/p><ul><li>Erstellen Sie Risikobewertungsteams<\/li><li>Risiken eingeben, bewerten und analysieren<\/li><li>Ma\u00dfnahmen definieren und deren Wirksamkeit bewerten<\/li><li>F\u00fcgen Sie Anh\u00e4nge und Kommentare hinzu<\/li><li>Automatisch an alle Teammitglieder berichten<\/li><\/ul><div><h2 class=\"MsoNormal\" style=\"margin-bottom: 0cm; text-align: center;\"><strong><span style=\"color: #ff0000;\">Jeder hat das Recht auf Qualit\u00e4t. Die Bewertung steht jedem zur Verf\u00fcgung, da die Bewertung ist <\/span><\/strong><strong><span style=\"color: #ff0000;\">alle<\/span><\/strong><\/h2><\/div>\t\t\t\t\t\t\t\t<\/div>\n\t\t\t\t<\/div>\n\t\t\t\t<div class=\"elementor-element elementor-element-116203f9 elementor-align-center elementor-widget elementor-widget-button\" data-id=\"116203f9\" data-element_type=\"widget\" data-widget_type=\"button.default\">\n\t\t\t\t<div class=\"elementor-widget-container\">\n\t\t\t\t\t\t\t\t\t<div class=\"elementor-button-wrapper\">\n\t\t\t\t\t<a class=\"elementor-button elementor-button-link elementor-size-md\" href=\"https:\/\/ws.co.rs\/de\/fragebogen\/\">\n\t\t\t\t\t\t<span class=\"elementor-button-content-wrapper\">\n\t\t\t\t\t\t<span class=\"elementor-button-icon\">\n\t\t\t\t<i aria-hidden=\"true\" class=\"fas fa-chevron-right\"><\/i>\t\t\t<\/span>\n\t\t\t\t\t\t\t\t\t<span class=\"elementor-button-text\">Siehe das Online-Angebot<\/span>\n\t\t\t\t\t<\/span>\n\t\t\t\t\t<\/a>\n\t\t\t\t<\/div>\n\t\t\t\t\t\t\t\t<\/div>\n\t\t\t\t<\/div>\n\t\t\t\t\t<\/div>\n\t\t<\/div>\n\t\t\t\t\t<\/div>\n\t\t<\/section>\n\t\t\t\t<\/div>\n\t\t","protected":false},"excerpt":{"rendered":"<p>Mutig und gleichzeitig sehr vorsichtig zu sein, ist die Kunst des Erfolgs. Napoleon Risikobewertung zum Schutz von Personen, Sachwerten und Unternehmen Das Programm erm\u00f6glicht es Ihnen, Risiken am schnellsten und effizientesten zu identifizieren und zu bewerten und Ma\u00dfnahmen f\u00fcr ihre Behandlung zu definieren. Die Kommunikation im Risikobewertungsteam war noch nie einfacher, da sie vollst\u00e4ndig automatisiert [&hellip;]<\/p>\n","protected":false},"author":1,"featured_media":0,"parent":5782,"menu_order":0,"comment_status":"closed","ping_status":"closed","template":"","meta":{"footnotes":""},"class_list":["post-5802","page","type-page","status-publish","hentry"],"aioseo_notices":[],"_links":{"self":[{"href":"https:\/\/ws.co.rs\/de\/wp-json\/wp\/v2\/pages\/5802","targetHints":{"allow":["GET"]}}],"collection":[{"href":"https:\/\/ws.co.rs\/de\/wp-json\/wp\/v2\/pages"}],"about":[{"href":"https:\/\/ws.co.rs\/de\/wp-json\/wp\/v2\/types\/page"}],"author":[{"embeddable":true,"href":"https:\/\/ws.co.rs\/de\/wp-json\/wp\/v2\/users\/1"}],"replies":[{"embeddable":true,"href":"https:\/\/ws.co.rs\/de\/wp-json\/wp\/v2\/comments?post=5802"}],"version-history":[{"count":5,"href":"https:\/\/ws.co.rs\/de\/wp-json\/wp\/v2\/pages\/5802\/revisions"}],"predecessor-version":[{"id":6552,"href":"https:\/\/ws.co.rs\/de\/wp-json\/wp\/v2\/pages\/5802\/revisions\/6552"}],"up":[{"embeddable":true,"href":"https:\/\/ws.co.rs\/de\/wp-json\/wp\/v2\/pages\/5782"}],"wp:attachment":[{"href":"https:\/\/ws.co.rs\/de\/wp-json\/wp\/v2\/media?parent=5802"}],"curies":[{"name":"wp","href":"https:\/\/api.w.org\/{rel}","templated":true}]}}