{"id":5792,"date":"2020-11-27T14:07:30","date_gmt":"2020-11-27T13:07:30","guid":{"rendered":"https:\/\/ws.co.rs\/dienstleistungen\/softwareloesungen\/plan-obezbedjenja\/"},"modified":"2021-03-19T11:23:58","modified_gmt":"2021-03-19T10:23:58","slug":"sicherheitsplan","status":"publish","type":"page","link":"https:\/\/ws.co.rs\/de\/dienstleistungen\/softwareloesungen\/sicherheitsplan\/","title":{"rendered":"Sicherheitsplan"},"content":{"rendered":"\t\t<div data-elementor-type=\"wp-page\" data-elementor-id=\"5792\" class=\"elementor elementor-5792 elementor-4002\" data-elementor-post-type=\"page\">\n\t\t\t\t\t\t<section class=\"elementor-section elementor-top-section elementor-element elementor-element-9154fb8 elementor-section-stretched elementor-section-height-min-height inside elementor-section-items-bottom elementor-section-content-bottom elementor-section-boxed elementor-section-height-default\" data-id=\"9154fb8\" data-element_type=\"section\" id=\"showcase\" data-settings=\"{&quot;stretch_section&quot;:&quot;section-stretched&quot;,&quot;background_background&quot;:&quot;gradient&quot;,&quot;shape_divider_bottom&quot;:&quot;tilt&quot;}\">\n\t\t\t\t\t<div class=\"elementor-shape elementor-shape-bottom\" aria-hidden=\"true\" data-negative=\"false\">\n\t\t\t<svg xmlns=\"http:\/\/www.w3.org\/2000\/svg\" viewBox=\"0 0 1000 100\" preserveAspectRatio=\"none\">\n\t<path class=\"elementor-shape-fill\" d=\"M0,6V0h1000v100L0,6z\"\/>\n<\/svg>\t\t<\/div>\n\t\t\t\t\t<div class=\"elementor-container elementor-column-gap-no\">\n\t\t\t\t\t<div class=\"elementor-column elementor-col-100 elementor-top-column elementor-element elementor-element-6b4cbb1b\" data-id=\"6b4cbb1b\" data-element_type=\"column\" data-settings=\"{&quot;background_background&quot;:&quot;classic&quot;}\">\n\t\t\t<div class=\"elementor-widget-wrap elementor-element-populated\">\n\t\t\t\t\t\t<div class=\"elementor-element elementor-element-7eac8462 elementor-widget elementor-widget-heading\" data-id=\"7eac8462\" data-element_type=\"widget\" data-widget_type=\"heading.default\">\n\t\t\t\t<div class=\"elementor-widget-container\">\n\t\t\t\t\t<h1 class=\"elementor-heading-title elementor-size-default\">Sicherheitsplan<\/h1>\t\t\t\t<\/div>\n\t\t\t\t<\/div>\n\t\t\t\t<div class=\"elementor-element elementor-element-6850bd9a elementor-widget elementor-widget-text-editor\" data-id=\"6850bd9a\" data-element_type=\"widget\" data-widget_type=\"text-editor.default\">\n\t\t\t\t<div class=\"elementor-widget-container\">\n\t\t\t\t\t\t\t\t\t<p>Mutig und gleichzeitig sehr vorsichtig zu sein, ist die Kunst des Erfolgs. Napoleon<\/p>\t\t\t\t\t\t\t\t<\/div>\n\t\t\t\t<\/div>\n\t\t\t\t\t<\/div>\n\t\t<\/div>\n\t\t\t\t\t<\/div>\n\t\t<\/section>\n\t\t\t\t<section class=\"elementor-section elementor-top-section elementor-element elementor-element-2faa25a3 pt-big pb-big elementor-section-boxed elementor-section-height-default elementor-section-height-default\" data-id=\"2faa25a3\" data-element_type=\"section\" id=\"info\" data-settings=\"{&quot;background_background&quot;:&quot;classic&quot;,&quot;shape_divider_top&quot;:&quot;tilt&quot;}\">\n\t\t\t\t\t<div class=\"elementor-shape elementor-shape-top\" aria-hidden=\"true\" data-negative=\"false\">\n\t\t\t<svg xmlns=\"http:\/\/www.w3.org\/2000\/svg\" viewBox=\"0 0 1000 100\" preserveAspectRatio=\"none\">\n\t<path class=\"elementor-shape-fill\" d=\"M0,6V0h1000v100L0,6z\"\/>\n<\/svg>\t\t<\/div>\n\t\t\t\t\t<div class=\"elementor-container elementor-column-gap-default\">\n\t\t\t\t\t<div class=\"elementor-column elementor-col-100 elementor-top-column elementor-element elementor-element-66ec9dd9\" data-id=\"66ec9dd9\" data-element_type=\"column\">\n\t\t\t<div class=\"elementor-widget-wrap elementor-element-populated\">\n\t\t\t\t\t\t<div class=\"elementor-element elementor-element-398a3147 elementor-widget elementor-widget-text-editor\" data-id=\"398a3147\" data-element_type=\"widget\" data-widget_type=\"text-editor.default\">\n\t\t\t\t<div class=\"elementor-widget-container\">\n\t\t\t\t\t\t\t\t\t<h3 style=\"text-align: center;\"><strong>Sicherheitsplan<\/strong><\/h3><p>Datenverwaltung war noch nie einfacher. Risikomanagementma\u00dfnahmen sind kein Problem mehr, da Sie mit unserer L\u00f6sung Ihren Sicherheitsplan schnell und einfach verwalten.<\/p><p>Alle Daten zu Schutzzonen, Personen, Verfahren und Aktionspl\u00e4nen in der Benutzerdatenbank werden automatisch im Sicherheitsplan generiert. Ein aktueller Plan kann mit nur einem Klick gesendet werden.<\/p><p>Jede \u00c4nderung wird gespeichert und erh\u00e4lt eine neue Version, mit der jeder, der den Plan verwendet, die neueste Version sehen kann. Die Sicherheit der Qualit\u00e4tsplanung ist von gro\u00dfer Bedeutung. Daher basieren unsere L\u00f6sungen auf einer Automatisierung, die zur Aktualit\u00e4t beitr\u00e4gt.<\/p><p>Die Verwaltung des Plans, dh Ort und Speicherung, Art der Aufzeichnungen und Ausgabe von Kopien, erfolgt vollst\u00e4ndig automatisiert.<\/p><p>Ohne Papier und ohne die M\u00f6glichkeit des Zugriffs auf veraltete Unterlagen verwenden Sicherheitsbeauftragte die neueste Version des Sicherheitsplans \u00fcber ihre Computer oder Telefone, wodurch die M\u00f6glichkeit vermieden wird, gesetzeswidrig oder auf Anfrage des Dienstnutzers zu handeln .<\/p><ul><li>Automatisch generierter SICHERHEITSPLAN<\/li><li>Immer aktuelle Designs und Verfahren<\/li><li>Einfacher und schneller Zugriff auf alle Informationen<\/li><li>\u00dcberwachung der Implementierung und Prozessverbesserung<\/li><li>Kritische Punkte direkt im Plan positionieren<\/li><li>Versionsvergleich und \u00dcberwachung von \u00c4nderungen im Plan<\/li><\/ul><p><strong>Stellen Sie sicher, dass der Sicherheitsplan gut implementiert ist.<\/strong><\/p>\t\t\t\t\t\t\t\t<\/div>\n\t\t\t\t<\/div>\n\t\t\t\t<div class=\"elementor-element elementor-element-2d2086 elementor-align-center elementor-widget elementor-widget-button\" data-id=\"2d2086\" data-element_type=\"widget\" data-widget_type=\"button.default\">\n\t\t\t\t<div class=\"elementor-widget-container\">\n\t\t\t\t\t\t\t\t\t<div class=\"elementor-button-wrapper\">\n\t\t\t\t\t<a class=\"elementor-button elementor-button-link elementor-size-md\" href=\"https:\/\/ws.co.rs\/de\/fragebogen\/\">\n\t\t\t\t\t\t<span class=\"elementor-button-content-wrapper\">\n\t\t\t\t\t\t<span class=\"elementor-button-icon\">\n\t\t\t\t<i aria-hidden=\"true\" class=\"fas fa-chevron-right\"><\/i>\t\t\t<\/span>\n\t\t\t\t\t\t\t\t\t<span class=\"elementor-button-text\">Siehe das Online-Angebot<\/span>\n\t\t\t\t\t<\/span>\n\t\t\t\t\t<\/a>\n\t\t\t\t<\/div>\n\t\t\t\t\t\t\t\t<\/div>\n\t\t\t\t<\/div>\n\t\t\t\t\t<\/div>\n\t\t<\/div>\n\t\t\t\t\t<\/div>\n\t\t<\/section>\n\t\t\t\t<\/div>\n\t\t","protected":false},"excerpt":{"rendered":"<p>Mutig und gleichzeitig sehr vorsichtig zu sein, ist die Kunst des Erfolgs. Napoleon Sicherheitsplan Datenverwaltung war noch nie einfacher. Risikomanagementma\u00dfnahmen sind kein Problem mehr, da Sie mit unserer L\u00f6sung Ihren Sicherheitsplan schnell und einfach verwalten. Alle Daten zu Schutzzonen, Personen, Verfahren und Aktionspl\u00e4nen in der Benutzerdatenbank werden automatisch im Sicherheitsplan generiert. Ein aktueller Plan kann [&hellip;]<\/p>\n","protected":false},"author":1,"featured_media":0,"parent":5782,"menu_order":0,"comment_status":"closed","ping_status":"closed","template":"","meta":{"footnotes":""},"class_list":["post-5792","page","type-page","status-publish","hentry"],"aioseo_notices":[],"_links":{"self":[{"href":"https:\/\/ws.co.rs\/de\/wp-json\/wp\/v2\/pages\/5792","targetHints":{"allow":["GET"]}}],"collection":[{"href":"https:\/\/ws.co.rs\/de\/wp-json\/wp\/v2\/pages"}],"about":[{"href":"https:\/\/ws.co.rs\/de\/wp-json\/wp\/v2\/types\/page"}],"author":[{"embeddable":true,"href":"https:\/\/ws.co.rs\/de\/wp-json\/wp\/v2\/users\/1"}],"replies":[{"embeddable":true,"href":"https:\/\/ws.co.rs\/de\/wp-json\/wp\/v2\/comments?post=5792"}],"version-history":[{"count":5,"href":"https:\/\/ws.co.rs\/de\/wp-json\/wp\/v2\/pages\/5792\/revisions"}],"predecessor-version":[{"id":6561,"href":"https:\/\/ws.co.rs\/de\/wp-json\/wp\/v2\/pages\/5792\/revisions\/6561"}],"up":[{"embeddable":true,"href":"https:\/\/ws.co.rs\/de\/wp-json\/wp\/v2\/pages\/5782"}],"wp:attachment":[{"href":"https:\/\/ws.co.rs\/de\/wp-json\/wp\/v2\/media?parent=5792"}],"curies":[{"name":"wp","href":"https:\/\/api.w.org\/{rel}","templated":true}]}}