{"id":5789,"date":"2020-11-27T14:08:17","date_gmt":"2020-11-27T13:08:17","guid":{"rendered":"https:\/\/ws.co.rs\/dienstleistungen\/softwareloesungen\/menadzment-fizicke-i-tehnicke-zastite\/"},"modified":"2021-03-19T11:23:44","modified_gmt":"2021-03-19T10:23:44","slug":"management-des-physischen-und-technischen-schutzes","status":"publish","type":"page","link":"https:\/\/ws.co.rs\/de\/dienstleistungen\/softwareloesungen\/management-des-physischen-und-technischen-schutzes\/","title":{"rendered":"Management des physischen und technischen Schutzes"},"content":{"rendered":"\t\t<div data-elementor-type=\"wp-page\" data-elementor-id=\"5789\" class=\"elementor elementor-5789 elementor-4004\" data-elementor-post-type=\"page\">\n\t\t\t\t\t\t<section class=\"elementor-section elementor-top-section elementor-element elementor-element-69de07d6 elementor-section-stretched elementor-section-height-min-height inside elementor-section-items-bottom elementor-section-content-bottom elementor-section-boxed elementor-section-height-default\" data-id=\"69de07d6\" data-element_type=\"section\" id=\"showcase\" data-settings=\"{&quot;stretch_section&quot;:&quot;section-stretched&quot;,&quot;background_background&quot;:&quot;gradient&quot;,&quot;shape_divider_bottom&quot;:&quot;tilt&quot;}\">\n\t\t\t\t\t<div class=\"elementor-shape elementor-shape-bottom\" aria-hidden=\"true\" data-negative=\"false\">\n\t\t\t<svg xmlns=\"http:\/\/www.w3.org\/2000\/svg\" viewBox=\"0 0 1000 100\" preserveAspectRatio=\"none\">\n\t<path class=\"elementor-shape-fill\" d=\"M0,6V0h1000v100L0,6z\"\/>\n<\/svg>\t\t<\/div>\n\t\t\t\t\t<div class=\"elementor-container elementor-column-gap-no\">\n\t\t\t\t\t<div class=\"elementor-column elementor-col-100 elementor-top-column elementor-element elementor-element-72234881\" data-id=\"72234881\" data-element_type=\"column\" data-settings=\"{&quot;background_background&quot;:&quot;classic&quot;}\">\n\t\t\t<div class=\"elementor-widget-wrap elementor-element-populated\">\n\t\t\t\t\t\t<div class=\"elementor-element elementor-element-7315f3c3 elementor-widget elementor-widget-heading\" data-id=\"7315f3c3\" data-element_type=\"widget\" data-widget_type=\"heading.default\">\n\t\t\t\t<div class=\"elementor-widget-container\">\n\t\t\t\t\t<h1 class=\"elementor-heading-title elementor-size-default\">Management des physischen und technischen Schutzes<\/h1>\t\t\t\t<\/div>\n\t\t\t\t<\/div>\n\t\t\t\t<div class=\"elementor-element elementor-element-3b1b6940 elementor-widget elementor-widget-text-editor\" data-id=\"3b1b6940\" data-element_type=\"widget\" data-widget_type=\"text-editor.default\">\n\t\t\t\t<div class=\"elementor-widget-container\">\n\t\t\t\t\t\t\t\t\t<blockquote><p>&#8222;Mutig und gleichzeitig sehr vorsichtig zu sein, ist die Kunst des Erfolgs.&#8220;<\/p><p>Napoleon<\/p><\/blockquote>\t\t\t\t\t\t\t\t<\/div>\n\t\t\t\t<\/div>\n\t\t\t\t\t<\/div>\n\t\t<\/div>\n\t\t\t\t\t<\/div>\n\t\t<\/section>\n\t\t\t\t<section class=\"elementor-section elementor-top-section elementor-element elementor-element-6a23ba4e pt-big pb-big elementor-section-boxed elementor-section-height-default elementor-section-height-default\" data-id=\"6a23ba4e\" data-element_type=\"section\" id=\"info\" data-settings=\"{&quot;background_background&quot;:&quot;classic&quot;,&quot;shape_divider_top&quot;:&quot;tilt&quot;}\">\n\t\t\t\t\t<div class=\"elementor-shape elementor-shape-top\" aria-hidden=\"true\" data-negative=\"false\">\n\t\t\t<svg xmlns=\"http:\/\/www.w3.org\/2000\/svg\" viewBox=\"0 0 1000 100\" preserveAspectRatio=\"none\">\n\t<path class=\"elementor-shape-fill\" d=\"M0,6V0h1000v100L0,6z\"\/>\n<\/svg>\t\t<\/div>\n\t\t\t\t\t<div class=\"elementor-container elementor-column-gap-default\">\n\t\t\t\t\t<div class=\"elementor-column elementor-col-100 elementor-top-column elementor-element elementor-element-25f42a84\" data-id=\"25f42a84\" data-element_type=\"column\">\n\t\t\t<div class=\"elementor-widget-wrap elementor-element-populated\">\n\t\t\t\t\t\t<div class=\"elementor-element elementor-element-305eccc4 elementor-widget elementor-widget-text-editor\" data-id=\"305eccc4\" data-element_type=\"widget\" data-widget_type=\"text-editor.default\">\n\t\t\t\t<div class=\"elementor-widget-container\">\n\t\t\t\t\t\t\t\t\t<h3 style=\"text-align: center;\"><strong>Management des physischen und technischen Schutzes<\/strong><\/h3><p>Die Verwaltung und Kontrolle der physischen und technischen Sicherheit ist kein Problem mehr. Alle Aktivit\u00e4ten werden in Form eines Berichts aufgezeichnet, in dem das Management jederzeit einen Einblick hat. Diese Art der Steuerung erh\u00f6ht sicherlich das Sicherheitsniveau und senkt die Kosten.<\/p><p>Das Verwalten von Patrouillentouren und des vorbeugenden Tourenservices war noch nie einfacher. Der t\u00e4gliche Einblick in die durchgef\u00fchrten Patrouillentouren per Klick erm\u00f6glicht es Ihnen, sich mit der Qualit\u00e4t der Arbeit der Menschen vor Ort zu befassen.<\/p><p>Ihre Sicherheitsbeauftragten erstellen einfach einen Bericht mit Text und Bild, unabh\u00e4ngig davon, ob es sich um Bediener im Kontrollzentrum, Mitglieder des Interventionsteams oder den physischen Sicherheitsdienst handelt. Zur zus\u00e4tzlichen Kontrolle haben wir die \u00dcberpr\u00fcfung des Berichts durch die Vorgesetzten und Manager erm\u00f6glicht.<\/p><p>Mit einem Klick erhalten Sie einen vollst\u00e4ndigen Einblick in alle Aktivit\u00e4ten, in Form eines Diagramms oder in Form eines Berichts. Vollautomatische Berichterstellung f\u00fcr Servicebenutzer und ohne Zeitaufwand verf\u00fcgen die Verantwortlichen \u00fcber Informationen, die sie zu zufriedenen Benutzern machen.<\/p><ul><li>Liste der durchgef\u00fchrten Patrouillentouren<\/li><li>Liste der Bedienerberichte von der Zentrale<\/li><li>Liste der Berichte des Interventionsteams<\/li><li>Liste der physischen Sicherheitsberichte<\/li><\/ul><p><strong>Begeistern Sie Ihre Kunden mit unerwarteter Qualit\u00e4t.<\/strong><\/p><p style=\"margin-bottom: 0cm;\"><span style=\"font-family: Arial, sans-serif; font-weight: var( --e-global-typography-text-font-weight ); font-size: 1rem;\">\u00a0<\/span><\/p>\t\t\t\t\t\t\t\t<\/div>\n\t\t\t\t<\/div>\n\t\t\t\t<div class=\"elementor-element elementor-element-64dec96b elementor-align-center elementor-widget elementor-widget-button\" data-id=\"64dec96b\" data-element_type=\"widget\" data-widget_type=\"button.default\">\n\t\t\t\t<div class=\"elementor-widget-container\">\n\t\t\t\t\t\t\t\t\t<div class=\"elementor-button-wrapper\">\n\t\t\t\t\t<a class=\"elementor-button elementor-button-link elementor-size-md\" href=\"https:\/\/ws.co.rs\/de\/fragebogen\/\">\n\t\t\t\t\t\t<span class=\"elementor-button-content-wrapper\">\n\t\t\t\t\t\t<span class=\"elementor-button-icon\">\n\t\t\t\t<i aria-hidden=\"true\" class=\"fas fa-chevron-right\"><\/i>\t\t\t<\/span>\n\t\t\t\t\t\t\t\t\t<span class=\"elementor-button-text\">Siehe das Online-Angebot<\/span>\n\t\t\t\t\t<\/span>\n\t\t\t\t\t<\/a>\n\t\t\t\t<\/div>\n\t\t\t\t\t\t\t\t<\/div>\n\t\t\t\t<\/div>\n\t\t\t\t\t<\/div>\n\t\t<\/div>\n\t\t\t\t\t<\/div>\n\t\t<\/section>\n\t\t\t\t<\/div>\n\t\t","protected":false},"excerpt":{"rendered":"<p>&#8222;Mutig und gleichzeitig sehr vorsichtig zu sein, ist die Kunst des Erfolgs.&#8220; Napoleon Management des physischen und technischen Schutzes Die Verwaltung und Kontrolle der physischen und technischen Sicherheit ist kein Problem mehr. Alle Aktivit\u00e4ten werden in Form eines Berichts aufgezeichnet, in dem das Management jederzeit einen Einblick hat. Diese Art der Steuerung erh\u00f6ht sicherlich das [&hellip;]<\/p>\n","protected":false},"author":1,"featured_media":0,"parent":5782,"menu_order":0,"comment_status":"closed","ping_status":"closed","template":"","meta":{"footnotes":""},"class_list":["post-5789","page","type-page","status-publish","hentry"],"aioseo_notices":[],"_links":{"self":[{"href":"https:\/\/ws.co.rs\/de\/wp-json\/wp\/v2\/pages\/5789","targetHints":{"allow":["GET"]}}],"collection":[{"href":"https:\/\/ws.co.rs\/de\/wp-json\/wp\/v2\/pages"}],"about":[{"href":"https:\/\/ws.co.rs\/de\/wp-json\/wp\/v2\/types\/page"}],"author":[{"embeddable":true,"href":"https:\/\/ws.co.rs\/de\/wp-json\/wp\/v2\/users\/1"}],"replies":[{"embeddable":true,"href":"https:\/\/ws.co.rs\/de\/wp-json\/wp\/v2\/comments?post=5789"}],"version-history":[{"count":5,"href":"https:\/\/ws.co.rs\/de\/wp-json\/wp\/v2\/pages\/5789\/revisions"}],"predecessor-version":[{"id":6555,"href":"https:\/\/ws.co.rs\/de\/wp-json\/wp\/v2\/pages\/5789\/revisions\/6555"}],"up":[{"embeddable":true,"href":"https:\/\/ws.co.rs\/de\/wp-json\/wp\/v2\/pages\/5782"}],"wp:attachment":[{"href":"https:\/\/ws.co.rs\/de\/wp-json\/wp\/v2\/media?parent=5789"}],"curies":[{"name":"wp","href":"https:\/\/api.w.org\/{rel}","templated":true}]}}