{"id":5782,"date":"2021-02-12T14:27:58","date_gmt":"2021-02-12T13:27:58","guid":{"rendered":"https:\/\/ws.co.rs\/?page_id=5782"},"modified":"2021-02-12T14:29:52","modified_gmt":"2021-02-12T13:29:52","slug":"softwareloesungen","status":"publish","type":"page","link":"https:\/\/ws.co.rs\/de\/dienstleistungen\/softwareloesungen\/","title":{"rendered":"Softwarel\u00f6sungen"},"content":{"rendered":"\t\t<div data-elementor-type=\"wp-page\" data-elementor-id=\"5782\" class=\"elementor elementor-5782 elementor-3998\" data-elementor-post-type=\"page\">\n\t\t\t\t\t\t<section class=\"elementor-section elementor-top-section elementor-element elementor-element-7da310a8 elementor-section-stretched elementor-section-height-min-height inside elementor-section-items-bottom elementor-section-content-bottom elementor-section-boxed elementor-section-height-default\" data-id=\"7da310a8\" data-element_type=\"section\" id=\"showcase\" data-settings=\"{&quot;stretch_section&quot;:&quot;section-stretched&quot;,&quot;background_background&quot;:&quot;gradient&quot;,&quot;shape_divider_bottom&quot;:&quot;tilt&quot;}\">\n\t\t\t\t\t<div class=\"elementor-shape elementor-shape-bottom\" aria-hidden=\"true\" data-negative=\"false\">\n\t\t\t<svg xmlns=\"http:\/\/www.w3.org\/2000\/svg\" viewBox=\"0 0 1000 100\" preserveAspectRatio=\"none\">\n\t<path class=\"elementor-shape-fill\" d=\"M0,6V0h1000v100L0,6z\"\/>\n<\/svg>\t\t<\/div>\n\t\t\t\t\t<div class=\"elementor-container elementor-column-gap-no\">\n\t\t\t\t\t<div class=\"elementor-column elementor-col-100 elementor-top-column elementor-element elementor-element-2d282dd6\" data-id=\"2d282dd6\" data-element_type=\"column\" data-settings=\"{&quot;background_background&quot;:&quot;classic&quot;}\">\n\t\t\t<div class=\"elementor-widget-wrap elementor-element-populated\">\n\t\t\t\t\t\t<div class=\"elementor-element elementor-element-5212987d elementor-widget elementor-widget-heading\" data-id=\"5212987d\" data-element_type=\"widget\" data-widget_type=\"heading.default\">\n\t\t\t\t<div class=\"elementor-widget-container\">\n\t\t\t\t\t<h1 class=\"elementor-heading-title elementor-size-default\">Softwarel\u00f6sungen<\/h1>\t\t\t\t<\/div>\n\t\t\t\t<\/div>\n\t\t\t\t<div class=\"elementor-element elementor-element-9eba032 elementor-widget elementor-widget-text-editor\" data-id=\"9eba032\" data-element_type=\"widget\" data-widget_type=\"text-editor.default\">\n\t\t\t\t<div class=\"elementor-widget-container\">\n\t\t\t\t\t\t\t\t\t<p>Mutig und gleichzeitig sehr vorsichtig zu sein, ist die Kunst des Erfolgs. Napoleon<\/p>\t\t\t\t\t\t\t\t<\/div>\n\t\t\t\t<\/div>\n\t\t\t\t\t<\/div>\n\t\t<\/div>\n\t\t\t\t\t<\/div>\n\t\t<\/section>\n\t\t\t\t<section class=\"elementor-section elementor-top-section elementor-element elementor-element-62e41509 pt-big pb-big elementor-section-boxed elementor-section-height-default elementor-section-height-default\" data-id=\"62e41509\" data-element_type=\"section\" id=\"info\" data-settings=\"{&quot;background_background&quot;:&quot;classic&quot;,&quot;shape_divider_top&quot;:&quot;tilt&quot;}\">\n\t\t\t\t\t<div class=\"elementor-shape elementor-shape-top\" aria-hidden=\"true\" data-negative=\"false\">\n\t\t\t<svg xmlns=\"http:\/\/www.w3.org\/2000\/svg\" viewBox=\"0 0 1000 100\" preserveAspectRatio=\"none\">\n\t<path class=\"elementor-shape-fill\" d=\"M0,6V0h1000v100L0,6z\"\/>\n<\/svg>\t\t<\/div>\n\t\t\t\t\t<div class=\"elementor-container elementor-column-gap-default\">\n\t\t\t\t\t<div class=\"elementor-column elementor-col-100 elementor-top-column elementor-element elementor-element-56231c82\" data-id=\"56231c82\" data-element_type=\"column\">\n\t\t\t<div class=\"elementor-widget-wrap elementor-element-populated\">\n\t\t\t\t\t\t<div class=\"elementor-element elementor-element-59ad7dd5 elementor-widget elementor-widget-text-editor\" data-id=\"59ad7dd5\" data-element_type=\"widget\" data-widget_type=\"text-editor.default\">\n\t\t\t\t<div class=\"elementor-widget-container\">\n\t\t\t\t\t\t\t\t\t<h3 style=\"text-align: center;\"><strong>Systematischer Ansatz zur Gew\u00e4hrleistung der Sicherheit der wertvollsten Ressourcen in Unternehmen,<\/strong><br \/><strong>Neben dem technischen bedeutet dies auch physischen Schutz.<\/strong><\/h3><p>Die physische Sicherheit tr\u00e4gt zum Schutz von Personen und Sachwerten vor Besch\u00e4digung, Zerst\u00f6rung, Diebstahl und anderen sch\u00e4dlichen Auswirkungen bei.<\/p><p>Der physische Schutzdienst ist ein Sicherheitsdienst, der durch die pers\u00f6nliche Anwesenheit und direkte T\u00e4tigkeit von Sicherheitsbeamten in einem bestimmten Raum und zu einer bestimmten Zeit sowie durch die Anwendung von Ma\u00dfnahmen und den Einsatz von Zwangsmitteln erbracht wird.<\/p><p>Watchout Sicherheitsbeamte werden in folgenden Bereichen geschult und bestanden:<\/p><ul><li>Brandschutz;<\/li><li>Kenntnis der Ersten Hilfe;<\/li><li>Gesch\u00e4ftsbesprechungen;<\/li><li>k\u00f6rperliche Selbstverteidigung;<\/li><li>Management von technischen Schutzsystemen.<\/li><\/ul><p>Der Sicherheitsbeauftragte steht in st\u00e4ndigem Kontakt mit dem Kontrollzentrum, wodurch die Aktualit\u00e4t der Reaktion in Krisensituationen sichergestellt wird.<\/p><p>Folgende Aufgaben k\u00f6nnen von Sicherheitsbeauftragten ausgef\u00fchrt werden: Sicherheitsbeauftragter f\u00fcr die Bewachung der im Bau befindlichen Einrichtung, Sicherheitsbeauftragter f\u00fcr die station\u00e4re Lagerung, Sicherheitsbeauftragter f\u00fcr Empfangsarbeiten, Sicherheitsbeauftragter f\u00fcr die Kontrolle der Ein- und Ausg\u00e4nge zu gesicherten Einrichtungen, Sicherheitsbeauftragter f\u00fcr die Arbeit im Einzelhandel Sicherheitsbeauftragter, um Patrouillenaufgaben auszuf\u00fchren.<\/p><h4><strong>KOMPENSATIONSGARANTIEN<\/strong><\/h4><p>Im Falle eines Ausfalls des Sicherheitsdienstes bieten wir dem gesch\u00e4digten Nutzer des Dienstes durch Aktivierung einer angemessenen Versicherungspolice besondere Entsch\u00e4digungsbedingungen an.<\/p><p>Watchout Security verf\u00fcgt \u00fcber eine Berufshaftpflichtversicherung f\u00fcr alle m\u00f6glichen Ausf\u00e4lle von Sicherheitsbeauftragten. Unabh\u00e4ngig von der Anzahl der sch\u00e4dlichen Ereignisse erhebt die Richtlinie keinen Anspruch auf Vollst\u00e4ndigkeit (alle sch\u00e4dlichen Ereignisse bis zu einem Wert von 200.000 Euro w\u00e4hrend der Richtlinie werden allen Dienstnutzern auf dem Gebiet Serbiens erstattet).<\/p>\t\t\t\t\t\t\t\t<\/div>\n\t\t\t\t<\/div>\n\t\t\t\t<div class=\"elementor-element elementor-element-d081e34 elementor-align-center elementor-widget elementor-widget-button\" data-id=\"d081e34\" data-element_type=\"widget\" data-widget_type=\"button.default\">\n\t\t\t\t<div class=\"elementor-widget-container\">\n\t\t\t\t\t\t\t\t\t<div class=\"elementor-button-wrapper\">\n\t\t\t\t\t<a class=\"elementor-button elementor-button-link elementor-size-md\" href=\"https:\/\/ws.co.rs\/upitnik\/\">\n\t\t\t\t\t\t<span class=\"elementor-button-content-wrapper\">\n\t\t\t\t\t\t<span class=\"elementor-button-icon\">\n\t\t\t\t<i aria-hidden=\"true\" class=\"fas fa-chevron-right\"><\/i>\t\t\t<\/span>\n\t\t\t\t\t\t\t\t\t<span class=\"elementor-button-text\">Siehe das Online-Angebot<\/span>\n\t\t\t\t\t<\/span>\n\t\t\t\t\t<\/a>\n\t\t\t\t<\/div>\n\t\t\t\t\t\t\t\t<\/div>\n\t\t\t\t<\/div>\n\t\t\t\t\t<\/div>\n\t\t<\/div>\n\t\t\t\t\t<\/div>\n\t\t<\/section>\n\t\t\t\t<\/div>\n\t\t","protected":false},"excerpt":{"rendered":"<p>Mutig und gleichzeitig sehr vorsichtig zu sein, ist die Kunst des Erfolgs. Napoleon Systematischer Ansatz zur Gew\u00e4hrleistung der Sicherheit der wertvollsten Ressourcen in Unternehmen,Neben dem technischen bedeutet dies auch physischen Schutz. Die physische Sicherheit tr\u00e4gt zum Schutz von Personen und Sachwerten vor Besch\u00e4digung, Zerst\u00f6rung, Diebstahl und anderen sch\u00e4dlichen Auswirkungen bei. Der physische Schutzdienst ist ein [&hellip;]<\/p>\n","protected":false},"author":1,"featured_media":0,"parent":3246,"menu_order":0,"comment_status":"closed","ping_status":"closed","template":"","meta":{"footnotes":""},"class_list":["post-5782","page","type-page","status-publish","hentry"],"aioseo_notices":[],"_links":{"self":[{"href":"https:\/\/ws.co.rs\/de\/wp-json\/wp\/v2\/pages\/5782","targetHints":{"allow":["GET"]}}],"collection":[{"href":"https:\/\/ws.co.rs\/de\/wp-json\/wp\/v2\/pages"}],"about":[{"href":"https:\/\/ws.co.rs\/de\/wp-json\/wp\/v2\/types\/page"}],"author":[{"embeddable":true,"href":"https:\/\/ws.co.rs\/de\/wp-json\/wp\/v2\/users\/1"}],"replies":[{"embeddable":true,"href":"https:\/\/ws.co.rs\/de\/wp-json\/wp\/v2\/comments?post=5782"}],"version-history":[{"count":5,"href":"https:\/\/ws.co.rs\/de\/wp-json\/wp\/v2\/pages\/5782\/revisions"}],"predecessor-version":[{"id":5787,"href":"https:\/\/ws.co.rs\/de\/wp-json\/wp\/v2\/pages\/5782\/revisions\/5787"}],"up":[{"embeddable":true,"href":"https:\/\/ws.co.rs\/de\/wp-json\/wp\/v2\/pages\/3246"}],"wp:attachment":[{"href":"https:\/\/ws.co.rs\/de\/wp-json\/wp\/v2\/media?parent=5782"}],"curies":[{"name":"wp","href":"https:\/\/api.w.org\/{rel}","templated":true}]}}