{"id":3200,"date":"2020-06-09T13:18:20","date_gmt":"2020-06-09T11:18:20","guid":{"rendered":"https:\/\/ws.co.rs\/tehnicka-zastita\/"},"modified":"2021-02-12T13:38:31","modified_gmt":"2021-02-12T12:38:31","slug":"technischer-schutz","status":"publish","type":"page","link":"https:\/\/ws.co.rs\/de\/dienstleistungen\/technischer-schutz\/","title":{"rendered":"Technischer Schutz"},"content":{"rendered":"\t\t<div data-elementor-type=\"wp-page\" data-elementor-id=\"3200\" class=\"elementor elementor-3200 elementor-27\" data-elementor-post-type=\"page\">\n\t\t\t\t\t\t<section class=\"elementor-section elementor-top-section elementor-element elementor-element-33fa9da9 elementor-section-stretched elementor-section-height-min-height blank elementor-section-items-bottom elementor-section-content-bottom elementor-section-boxed elementor-section-height-default\" data-id=\"33fa9da9\" data-element_type=\"section\" id=\"showcase\" data-settings=\"{&quot;stretch_section&quot;:&quot;section-stretched&quot;,&quot;background_background&quot;:&quot;classic&quot;,&quot;shape_divider_bottom&quot;:&quot;tilt&quot;}\">\n\t\t\t\t\t<div class=\"elementor-shape elementor-shape-bottom\" aria-hidden=\"true\" data-negative=\"false\">\n\t\t\t<svg xmlns=\"http:\/\/www.w3.org\/2000\/svg\" viewBox=\"0 0 1000 100\" preserveAspectRatio=\"none\">\n\t<path class=\"elementor-shape-fill\" d=\"M0,6V0h1000v100L0,6z\"\/>\n<\/svg>\t\t<\/div>\n\t\t\t\t\t<div class=\"elementor-container elementor-column-gap-no\">\n\t\t\t\t\t<div class=\"elementor-column elementor-col-100 elementor-top-column elementor-element elementor-element-759eeb68\" data-id=\"759eeb68\" data-element_type=\"column\" data-settings=\"{&quot;background_background&quot;:&quot;classic&quot;}\">\n\t\t\t<div class=\"elementor-widget-wrap elementor-element-populated\">\n\t\t\t\t\t\t<div class=\"elementor-element elementor-element-1a2e4752 elementor-widget elementor-widget-heading\" data-id=\"1a2e4752\" data-element_type=\"widget\" data-widget_type=\"heading.default\">\n\t\t\t\t<div class=\"elementor-widget-container\">\n\t\t\t\t\t<h1 class=\"elementor-heading-title elementor-size-default\">Technischer Schutz<\/h1>\t\t\t\t<\/div>\n\t\t\t\t<\/div>\n\t\t\t\t<div class=\"elementor-element elementor-element-43a38ff9 elementor-widget elementor-widget-text-editor\" data-id=\"43a38ff9\" data-element_type=\"widget\" data-widget_type=\"text-editor.default\">\n\t\t\t\t<div class=\"elementor-widget-container\">\n\t\t\t\t\t\t\t\t\t<p>Wir sind zuverl\u00e4ssige Partner auf dem Weg zum Erfolg, sei es Ihr beruflicher Aufstieg, Ihre Partnerschaft mit uns oder ein Franchise-Modell der Zusammenarbeit. In jeder Form der Zusammenarbeit arbeiten Sie mit uns zusammen, um Fortschritte zu erzielen, zu lernen, Ihre F\u00e4higkeiten zu verbessern und sich schnell an neue Ver\u00e4nderungen im Markt anzupassen. Sehen Sie sich die verf\u00fcgbaren Optionen f\u00fcr die Zusammenarbeit mit unserem Team an und kontaktieren Sie uns noch heute, um weitere Informationen zu erhalten.<\/p>\t\t\t\t\t\t\t\t<\/div>\n\t\t\t\t<\/div>\n\t\t\t\t\t<\/div>\n\t\t<\/div>\n\t\t\t\t\t<\/div>\n\t\t<\/section>\n\t\t\t\t<section class=\"elementor-section elementor-top-section elementor-element elementor-element-bd04813 elementor-section-boxed elementor-section-height-default elementor-section-height-default\" data-id=\"bd04813\" data-element_type=\"section\">\n\t\t\t\t\t\t<div class=\"elementor-container elementor-column-gap-default\">\n\t\t\t\t\t<div class=\"elementor-column elementor-col-100 elementor-top-column elementor-element elementor-element-8d32b36\" data-id=\"8d32b36\" data-element_type=\"column\">\n\t\t\t<div class=\"elementor-widget-wrap elementor-element-populated\">\n\t\t\t\t\t\t<div class=\"elementor-element elementor-element-9a8e2d5 elementor-widget elementor-widget-image\" data-id=\"9a8e2d5\" data-element_type=\"widget\" data-widget_type=\"image.default\">\n\t\t\t\t<div class=\"elementor-widget-container\">\n\t\t\t\t\t\t\t\t\t\t\t\t\t\t\t<img decoding=\"async\" width=\"204\" height=\"42\" src=\"https:\/\/ws.co.rs\/wp-content\/uploads\/2021\/01\/\u043f\u0440\u0435\u0443\u0437\u0438\u043c\u0430\u045a\u0435.png\" class=\"attachment-medium size-medium wp-image-5178\" alt=\"\" \/>\t\t\t\t\t\t\t\t\t\t\t\t\t\t\t<\/div>\n\t\t\t\t<\/div>\n\t\t\t\t\t<\/div>\n\t\t<\/div>\n\t\t\t\t\t<\/div>\n\t\t<\/section>\n\t\t\t\t<\/div>\n\t\t","protected":false},"excerpt":{"rendered":"<p>Wir sind zuverl\u00e4ssige Partner auf dem Weg zum Erfolg, sei es Ihr beruflicher Aufstieg, Ihre Partnerschaft mit uns oder ein Franchise-Modell der Zusammenarbeit. In jeder Form der Zusammenarbeit arbeiten Sie mit uns zusammen, um Fortschritte zu erzielen, zu lernen, Ihre F\u00e4higkeiten zu verbessern und sich schnell an neue Ver\u00e4nderungen im Markt anzupassen. Sehen Sie sich [&hellip;]<\/p>\n","protected":false},"author":1,"featured_media":0,"parent":3246,"menu_order":0,"comment_status":"closed","ping_status":"closed","template":"","meta":{"footnotes":""},"class_list":["post-3200","page","type-page","status-publish","hentry"],"aioseo_notices":[],"_links":{"self":[{"href":"https:\/\/ws.co.rs\/de\/wp-json\/wp\/v2\/pages\/3200","targetHints":{"allow":["GET"]}}],"collection":[{"href":"https:\/\/ws.co.rs\/de\/wp-json\/wp\/v2\/pages"}],"about":[{"href":"https:\/\/ws.co.rs\/de\/wp-json\/wp\/v2\/types\/page"}],"author":[{"embeddable":true,"href":"https:\/\/ws.co.rs\/de\/wp-json\/wp\/v2\/users\/1"}],"replies":[{"embeddable":true,"href":"https:\/\/ws.co.rs\/de\/wp-json\/wp\/v2\/comments?post=3200"}],"version-history":[{"count":5,"href":"https:\/\/ws.co.rs\/de\/wp-json\/wp\/v2\/pages\/3200\/revisions"}],"predecessor-version":[{"id":5695,"href":"https:\/\/ws.co.rs\/de\/wp-json\/wp\/v2\/pages\/3200\/revisions\/5695"}],"up":[{"embeddable":true,"href":"https:\/\/ws.co.rs\/de\/wp-json\/wp\/v2\/pages\/3246"}],"wp:attachment":[{"href":"https:\/\/ws.co.rs\/de\/wp-json\/wp\/v2\/media?parent=3200"}],"curies":[{"name":"wp","href":"https:\/\/api.w.org\/{rel}","templated":true}]}}