{"id":3179,"date":"2020-06-09T13:18:55","date_gmt":"2020-06-09T11:18:55","guid":{"rendered":"https:\/\/ws.co.rs\/konsalting\/"},"modified":"2021-02-12T12:10:35","modified_gmt":"2021-02-12T11:10:35","slug":"sicherheitsberatung","status":"publish","type":"page","link":"https:\/\/ws.co.rs\/de\/dienstleistungen\/sicherheitsberatung\/","title":{"rendered":"Sicherheitsberatung"},"content":{"rendered":"\t\t<div data-elementor-type=\"wp-page\" data-elementor-id=\"3179\" class=\"elementor elementor-3179 elementor-33\" data-elementor-post-type=\"page\">\n\t\t\t\t\t\t<section class=\"elementor-section elementor-top-section elementor-element elementor-element-27ec071e elementor-section-stretched elementor-section-height-min-height blank elementor-section-items-bottom elementor-section-content-bottom elementor-section-boxed elementor-section-height-default\" data-id=\"27ec071e\" data-element_type=\"section\" id=\"showcase\" data-settings=\"{&quot;stretch_section&quot;:&quot;section-stretched&quot;,&quot;background_background&quot;:&quot;classic&quot;,&quot;shape_divider_bottom&quot;:&quot;tilt&quot;}\">\n\t\t\t\t\t<div class=\"elementor-shape elementor-shape-bottom\" aria-hidden=\"true\" data-negative=\"false\">\n\t\t\t<svg xmlns=\"http:\/\/www.w3.org\/2000\/svg\" viewBox=\"0 0 1000 100\" preserveAspectRatio=\"none\">\n\t<path class=\"elementor-shape-fill\" d=\"M0,6V0h1000v100L0,6z\"\/>\n<\/svg>\t\t<\/div>\n\t\t\t\t\t<div class=\"elementor-container elementor-column-gap-no\">\n\t\t\t\t\t<div class=\"elementor-column elementor-col-100 elementor-top-column elementor-element elementor-element-79457065\" data-id=\"79457065\" data-element_type=\"column\" data-settings=\"{&quot;background_background&quot;:&quot;classic&quot;}\">\n\t\t\t<div class=\"elementor-widget-wrap elementor-element-populated\">\n\t\t\t\t\t\t<div class=\"elementor-element elementor-element-7db17a3e elementor-widget elementor-widget-heading\" data-id=\"7db17a3e\" data-element_type=\"widget\" data-widget_type=\"heading.default\">\n\t\t\t\t<div class=\"elementor-widget-container\">\n\t\t\t\t\t<h1 class=\"elementor-heading-title elementor-size-default\">Sicherheitsberatung<\/h1>\t\t\t\t<\/div>\n\t\t\t\t<\/div>\n\t\t\t\t<div class=\"elementor-element elementor-element-5bb4cc40 elementor-widget elementor-widget-text-editor\" data-id=\"5bb4cc40\" data-element_type=\"widget\" data-widget_type=\"text-editor.default\">\n\t\t\t\t<div class=\"elementor-widget-container\">\n\t\t\t\t\t\t\t\t\t<p>Wir sind zuverl\u00e4ssige Partner auf dem Weg zum Erfolg, sei es Ihr beruflicher Aufstieg, Ihre Partnerschaft mit uns oder ein Franchise-Modell der Zusammenarbeit. In jeder Form der Zusammenarbeit arbeiten Sie mit uns zusammen, um Fortschritte zu erzielen, zu lernen, Ihre F\u00e4higkeiten zu verbessern und sich schnell an neue Ver\u00e4nderungen im Markt anzupassen. Sehen Sie sich die verf\u00fcgbaren Optionen f\u00fcr die Zusammenarbeit mit unserem Team an und kontaktieren Sie uns noch heute, um weitere Informationen zu erhalten.<\/p>\t\t\t\t\t\t\t\t<\/div>\n\t\t\t\t<\/div>\n\t\t\t\t\t<\/div>\n\t\t<\/div>\n\t\t\t\t\t<\/div>\n\t\t<\/section>\n\t\t\t\t<\/div>\n\t\t","protected":false},"excerpt":{"rendered":"<p>Wir sind zuverl\u00e4ssige Partner auf dem Weg zum Erfolg, sei es Ihr beruflicher Aufstieg, Ihre Partnerschaft mit uns oder ein Franchise-Modell der Zusammenarbeit. In jeder Form der Zusammenarbeit arbeiten Sie mit uns zusammen, um Fortschritte zu erzielen, zu lernen, Ihre F\u00e4higkeiten zu verbessern und sich schnell an neue Ver\u00e4nderungen im Markt anzupassen. Sehen Sie sich [&hellip;]<\/p>\n","protected":false},"author":1,"featured_media":0,"parent":3246,"menu_order":0,"comment_status":"closed","ping_status":"closed","template":"","meta":{"footnotes":""},"class_list":["post-3179","page","type-page","status-publish","hentry"],"aioseo_notices":[],"_links":{"self":[{"href":"https:\/\/ws.co.rs\/de\/wp-json\/wp\/v2\/pages\/3179","targetHints":{"allow":["GET"]}}],"collection":[{"href":"https:\/\/ws.co.rs\/de\/wp-json\/wp\/v2\/pages"}],"about":[{"href":"https:\/\/ws.co.rs\/de\/wp-json\/wp\/v2\/types\/page"}],"author":[{"embeddable":true,"href":"https:\/\/ws.co.rs\/de\/wp-json\/wp\/v2\/users\/1"}],"replies":[{"embeddable":true,"href":"https:\/\/ws.co.rs\/de\/wp-json\/wp\/v2\/comments?post=3179"}],"version-history":[{"count":5,"href":"https:\/\/ws.co.rs\/de\/wp-json\/wp\/v2\/pages\/3179\/revisions"}],"predecessor-version":[{"id":5565,"href":"https:\/\/ws.co.rs\/de\/wp-json\/wp\/v2\/pages\/3179\/revisions\/5565"}],"up":[{"embeddable":true,"href":"https:\/\/ws.co.rs\/de\/wp-json\/wp\/v2\/pages\/3246"}],"wp:attachment":[{"href":"https:\/\/ws.co.rs\/de\/wp-json\/wp\/v2\/media?parent=3179"}],"curies":[{"name":"wp","href":"https:\/\/api.w.org\/{rel}","templated":true}]}}