{"id":3155,"date":"2020-06-22T14:38:58","date_gmt":"2020-06-22T12:38:58","guid":{"rendered":"https:\/\/ws.co.rs\/servisiranje-sistema\/"},"modified":"2021-03-19T11:05:47","modified_gmt":"2021-03-19T10:05:47","slug":"systemwartung","status":"publish","type":"page","link":"https:\/\/ws.co.rs\/de\/dienstleistungen\/technischer-schutz\/systemwartung\/","title":{"rendered":"Systemwartung"},"content":{"rendered":"\t\t<div data-elementor-type=\"wp-page\" data-elementor-id=\"3155\" class=\"elementor elementor-3155 elementor-88\" data-elementor-post-type=\"page\">\n\t\t\t\t\t\t<section class=\"elementor-section elementor-top-section elementor-element elementor-element-592b3b16 elementor-section-stretched elementor-section-height-min-height inside elementor-section-items-bottom elementor-section-content-bottom elementor-section-boxed elementor-section-height-default\" data-id=\"592b3b16\" data-element_type=\"section\" id=\"showcase\" data-settings=\"{&quot;stretch_section&quot;:&quot;section-stretched&quot;,&quot;background_background&quot;:&quot;gradient&quot;,&quot;shape_divider_bottom&quot;:&quot;tilt&quot;}\">\n\t\t\t\t\t<div class=\"elementor-shape elementor-shape-bottom\" aria-hidden=\"true\" data-negative=\"false\">\n\t\t\t<svg xmlns=\"http:\/\/www.w3.org\/2000\/svg\" viewBox=\"0 0 1000 100\" preserveAspectRatio=\"none\">\n\t<path class=\"elementor-shape-fill\" d=\"M0,6V0h1000v100L0,6z\"\/>\n<\/svg>\t\t<\/div>\n\t\t\t\t\t<div class=\"elementor-container elementor-column-gap-no\">\n\t\t\t\t\t<div class=\"elementor-column elementor-col-100 elementor-top-column elementor-element elementor-element-57e806de\" data-id=\"57e806de\" data-element_type=\"column\" data-settings=\"{&quot;background_background&quot;:&quot;classic&quot;}\">\n\t\t\t<div class=\"elementor-widget-wrap elementor-element-populated\">\n\t\t\t\t\t\t<div class=\"elementor-element elementor-element-6f198244 elementor-widget elementor-widget-heading\" data-id=\"6f198244\" data-element_type=\"widget\" data-widget_type=\"heading.default\">\n\t\t\t\t<div class=\"elementor-widget-container\">\n\t\t\t\t\t<h1 class=\"elementor-heading-title elementor-size-default\">Systemwartung<\/h1>\t\t\t\t<\/div>\n\t\t\t\t<\/div>\n\t\t\t\t<div class=\"elementor-element elementor-element-3d46b128 elementor-widget elementor-widget-text-editor\" data-id=\"3d46b128\" data-element_type=\"widget\" data-widget_type=\"text-editor.default\">\n\t\t\t\t<div class=\"elementor-widget-container\">\n\t\t\t\t\t\t\t\t\t<blockquote><p>&#8222;Mutig und sehr vorsichtig zugleich zu sein, ist die Kunst des Erfolgs.&#8220;<\/p><p>Napoleon<\/p><\/blockquote>\t\t\t\t\t\t\t\t<\/div>\n\t\t\t\t<\/div>\n\t\t\t\t\t<\/div>\n\t\t<\/div>\n\t\t\t\t\t<\/div>\n\t\t<\/section>\n\t\t\t\t<section class=\"elementor-section elementor-top-section elementor-element elementor-element-6d97065c pt-big pb-big elementor-section-boxed elementor-section-height-default elementor-section-height-default\" data-id=\"6d97065c\" data-element_type=\"section\" id=\"info\" data-settings=\"{&quot;background_background&quot;:&quot;classic&quot;,&quot;shape_divider_top&quot;:&quot;tilt&quot;}\">\n\t\t\t\t\t<div class=\"elementor-shape elementor-shape-top\" aria-hidden=\"true\" data-negative=\"false\">\n\t\t\t<svg xmlns=\"http:\/\/www.w3.org\/2000\/svg\" viewBox=\"0 0 1000 100\" preserveAspectRatio=\"none\">\n\t<path class=\"elementor-shape-fill\" d=\"M0,6V0h1000v100L0,6z\"\/>\n<\/svg>\t\t<\/div>\n\t\t\t\t\t<div class=\"elementor-container elementor-column-gap-default\">\n\t\t\t\t\t<div class=\"elementor-column elementor-col-100 elementor-top-column elementor-element elementor-element-21a0ea68\" data-id=\"21a0ea68\" data-element_type=\"column\">\n\t\t\t<div class=\"elementor-widget-wrap elementor-element-populated\">\n\t\t\t\t\t\t<div class=\"elementor-element elementor-element-5799b74c elementor-widget elementor-widget-text-editor\" data-id=\"5799b74c\" data-element_type=\"widget\" data-widget_type=\"text-editor.default\">\n\t\t\t\t<div class=\"elementor-widget-container\">\n\t\t\t\t\t\t\t\t\t<h3 style=\"margin: 0cm; margin-bottom: .0001pt; text-align: center; line-height: 115%;\" align=\"center\"><strong>Wir sind die ersten auf dem Markt, die den NON STOP SERVICE-Service anbieten, der Kundenbetreuung rund um die Uhr erm\u00f6glicht.<\/strong><\/h3><p>\u00a0<\/p><p><strong>Der Preis des Dienstes beinhaltet die folgenden Aktivit\u00e4ten des Dienstes:<\/strong><\/p><ul><li>Ermittlung der Ursache des Serviceproblems,<\/li><li>Fehlerbehebung, wenn die Lieferung neuer Produkte nicht erforderlich ist,<\/li><li>den Benutzer gegebenenfalls mit dem Preis f\u00fcr die Lieferung oder Wartung des Produkts vertraut zu machen.<\/li><\/ul><p><strong>Hinweis:<\/strong><\/p><p>Zus\u00e4tzliche Schulungen zur Verwendung des Systems werden als Service betrachtet.<\/p><p>Anwendungsinstallationen und andere Aktivit\u00e4ten gelten als nicht garantierter Service.<\/p><p>Der Benutzer des technischen Schutzsystems ist verpflichtet, das technische Schutzsystem zu warten und zu warten. Der Systemwartungs- und -wartungsservice kann nur von einem privaten Sicherheitsunternehmen bereitgestellt werden, das \u00fcber eine Lizenz f\u00fcr die Installation, Inbetriebnahme, Wartung technischer Schutzsysteme und Benutzerschulungen verf\u00fcgt.<\/p>\t\t\t\t\t\t\t\t<\/div>\n\t\t\t\t<\/div>\n\t\t\t\t<div class=\"elementor-element elementor-element-a536586 elementor-align-center elementor-widget elementor-widget-button\" data-id=\"a536586\" data-element_type=\"widget\" data-widget_type=\"button.default\">\n\t\t\t\t<div class=\"elementor-widget-container\">\n\t\t\t\t\t\t\t\t\t<div class=\"elementor-button-wrapper\">\n\t\t\t\t\t<a class=\"elementor-button elementor-button-link elementor-size-lg\" href=\"https:\/\/ws.co.rs\/de\/fragebogen\/systemwartung-2\/\">\n\t\t\t\t\t\t<span class=\"elementor-button-content-wrapper\">\n\t\t\t\t\t\t<span class=\"elementor-button-icon\">\n\t\t\t\t<i aria-hidden=\"true\" class=\"fas fa-chevron-right\"><\/i>\t\t\t<\/span>\n\t\t\t\t\t\t\t\t\t<span class=\"elementor-button-text\">Eine Anfrage f\u00fcr ein Angebot<\/span>\n\t\t\t\t\t<\/span>\n\t\t\t\t\t<\/a>\n\t\t\t\t<\/div>\n\t\t\t\t\t\t\t\t<\/div>\n\t\t\t\t<\/div>\n\t\t\t\t\t<\/div>\n\t\t<\/div>\n\t\t\t\t\t<\/div>\n\t\t<\/section>\n\t\t\t\t<\/div>\n\t\t","protected":false},"excerpt":{"rendered":"<p>&#8222;Mutig und sehr vorsichtig zugleich zu sein, ist die Kunst des Erfolgs.&#8220; Napoleon Wir sind die ersten auf dem Markt, die den NON STOP SERVICE-Service anbieten, der Kundenbetreuung rund um die Uhr erm\u00f6glicht. \u00a0 Der Preis des Dienstes beinhaltet die folgenden Aktivit\u00e4ten des Dienstes: Ermittlung der Ursache des Serviceproblems, Fehlerbehebung, wenn die Lieferung neuer Produkte [&hellip;]<\/p>\n","protected":false},"author":1,"featured_media":0,"parent":3200,"menu_order":0,"comment_status":"closed","ping_status":"closed","template":"","meta":{"footnotes":""},"class_list":["post-3155","page","type-page","status-publish","hentry"],"aioseo_notices":[],"_links":{"self":[{"href":"https:\/\/ws.co.rs\/de\/wp-json\/wp\/v2\/pages\/3155","targetHints":{"allow":["GET"]}}],"collection":[{"href":"https:\/\/ws.co.rs\/de\/wp-json\/wp\/v2\/pages"}],"about":[{"href":"https:\/\/ws.co.rs\/de\/wp-json\/wp\/v2\/types\/page"}],"author":[{"embeddable":true,"href":"https:\/\/ws.co.rs\/de\/wp-json\/wp\/v2\/users\/1"}],"replies":[{"embeddable":true,"href":"https:\/\/ws.co.rs\/de\/wp-json\/wp\/v2\/comments?post=3155"}],"version-history":[{"count":5,"href":"https:\/\/ws.co.rs\/de\/wp-json\/wp\/v2\/pages\/3155\/revisions"}],"predecessor-version":[{"id":6459,"href":"https:\/\/ws.co.rs\/de\/wp-json\/wp\/v2\/pages\/3155\/revisions\/6459"}],"up":[{"embeddable":true,"href":"https:\/\/ws.co.rs\/de\/wp-json\/wp\/v2\/pages\/3200"}],"wp:attachment":[{"href":"https:\/\/ws.co.rs\/de\/wp-json\/wp\/v2\/media?parent=3155"}],"curies":[{"name":"wp","href":"https:\/\/api.w.org\/{rel}","templated":true}]}}