{"id":3141,"date":"2020-06-22T14:39:10","date_gmt":"2020-06-22T12:39:10","guid":{"rendered":"https:\/\/ws.co.rs\/odrzavanje-sistema-tehnicke-zastite\/"},"modified":"2021-03-19T11:06:57","modified_gmt":"2021-03-19T10:06:57","slug":"wartung-des-technischen-schutzsystems","status":"publish","type":"page","link":"https:\/\/ws.co.rs\/de\/dienstleistungen\/technischer-schutz\/wartung-des-technischen-schutzsystems\/","title":{"rendered":"Wartung des technischen Schutzsystems"},"content":{"rendered":"\t\t<div data-elementor-type=\"wp-page\" data-elementor-id=\"3141\" class=\"elementor elementor-3141 elementor-90\" data-elementor-post-type=\"page\">\n\t\t\t\t\t\t<section class=\"elementor-section elementor-top-section elementor-element elementor-element-588dabf3 elementor-section-stretched elementor-section-height-min-height inside elementor-section-items-bottom elementor-section-content-bottom elementor-section-boxed elementor-section-height-default\" data-id=\"588dabf3\" data-element_type=\"section\" id=\"showcase\" data-settings=\"{&quot;stretch_section&quot;:&quot;section-stretched&quot;,&quot;background_background&quot;:&quot;gradient&quot;,&quot;shape_divider_bottom&quot;:&quot;tilt&quot;}\">\n\t\t\t\t\t<div class=\"elementor-shape elementor-shape-bottom\" aria-hidden=\"true\" data-negative=\"false\">\n\t\t\t<svg xmlns=\"http:\/\/www.w3.org\/2000\/svg\" viewBox=\"0 0 1000 100\" preserveAspectRatio=\"none\">\n\t<path class=\"elementor-shape-fill\" d=\"M0,6V0h1000v100L0,6z\"\/>\n<\/svg>\t\t<\/div>\n\t\t\t\t\t<div class=\"elementor-container elementor-column-gap-no\">\n\t\t\t\t\t<div class=\"elementor-column elementor-col-100 elementor-top-column elementor-element elementor-element-58c007f2\" data-id=\"58c007f2\" data-element_type=\"column\" data-settings=\"{&quot;background_background&quot;:&quot;classic&quot;}\">\n\t\t\t<div class=\"elementor-widget-wrap elementor-element-populated\">\n\t\t\t\t\t\t<div class=\"elementor-element elementor-element-c3858f6 elementor-widget elementor-widget-heading\" data-id=\"c3858f6\" data-element_type=\"widget\" data-widget_type=\"heading.default\">\n\t\t\t\t<div class=\"elementor-widget-container\">\n\t\t\t\t\t<h1 class=\"elementor-heading-title elementor-size-default\">Wartung des technischen Schutzsystems<\/h1>\t\t\t\t<\/div>\n\t\t\t\t<\/div>\n\t\t\t\t<div class=\"elementor-element elementor-element-28f7e738 elementor-widget elementor-widget-text-editor\" data-id=\"28f7e738\" data-element_type=\"widget\" data-widget_type=\"text-editor.default\">\n\t\t\t\t<div class=\"elementor-widget-container\">\n\t\t\t\t\t\t\t\t\t<p>Damit technische Schutzsysteme Sie versorgen k\u00f6nnen, m\u00fcssen Sie diese zun\u00e4chst durch vorbeugende Wartung mit Eigentum und Gesch\u00e4ft versorgen.<\/p>\t\t\t\t\t\t\t\t<\/div>\n\t\t\t\t<\/div>\n\t\t\t\t\t<\/div>\n\t\t<\/div>\n\t\t\t\t\t<\/div>\n\t\t<\/section>\n\t\t\t\t<section class=\"elementor-section elementor-top-section elementor-element elementor-element-16deda65 pt-big pb-big elementor-section-boxed elementor-section-height-default elementor-section-height-default\" data-id=\"16deda65\" data-element_type=\"section\" id=\"info\" data-settings=\"{&quot;background_background&quot;:&quot;classic&quot;,&quot;shape_divider_top&quot;:&quot;tilt&quot;}\">\n\t\t\t\t\t<div class=\"elementor-shape elementor-shape-top\" aria-hidden=\"true\" data-negative=\"false\">\n\t\t\t<svg xmlns=\"http:\/\/www.w3.org\/2000\/svg\" viewBox=\"0 0 1000 100\" preserveAspectRatio=\"none\">\n\t<path class=\"elementor-shape-fill\" d=\"M0,6V0h1000v100L0,6z\"\/>\n<\/svg>\t\t<\/div>\n\t\t\t\t\t<div class=\"elementor-container elementor-column-gap-default\">\n\t\t\t\t\t<div class=\"elementor-column elementor-col-100 elementor-top-column elementor-element elementor-element-21b6b5d4\" data-id=\"21b6b5d4\" data-element_type=\"column\">\n\t\t\t<div class=\"elementor-widget-wrap elementor-element-populated\">\n\t\t\t\t\t\t<div class=\"elementor-element elementor-element-1474d4b8 elementor-widget elementor-widget-text-editor\" data-id=\"1474d4b8\" data-element_type=\"widget\" data-widget_type=\"text-editor.default\">\n\t\t\t\t<div class=\"elementor-widget-container\">\n\t\t\t\t\t\t\t\t\t<h3 style=\"margin: 0cm; margin-bottom: .0001pt; text-align: center; line-height: 115%;\" align=\"center\"><strong>Egal wie gut die Hersteller sind, egal wie gut das System geplant ist, es ist notwendig, seine Kontinuit\u00e4t in der Arbeit sicherzustellen.<\/strong><\/h3><div><strong>\u00a0<\/strong><\/div><h4 style=\"margin: 0cm; margin-bottom: .0001pt; text-align: center; line-height: 115%;\" align=\"center\"><strong>Dies ist nur mit der vorbeugenden Wartung des Systems m\u00f6glich, die heute gesetzlich vorgeschrieben ist.<\/strong><\/h4><div><strong>\u00a0<\/strong><\/div><div><p>Die vorbeugende Wartung des technischen Schutzsystems setzt voraus, dass potenzielle Fehler erkannt und rechtzeitig reagiert werden, um die Wahrscheinlichkeit eines Systemausfalls zu verringern. Diese Art der Wartung bietet ein h\u00f6heres Ma\u00df an Zuverl\u00e4ssigkeit in der Funktionsweise des Systems und Sicherheit f\u00fcr den Benutzer.<\/p><p>Die korrigierende Wartung basiert nicht auf Pr\u00e4vention und wird nach einer Fehlfunktion des Systems durchgef\u00fchrt, was das Risiko f\u00fcr die Sicherheit von Personen, Eigentum und Unternehmen erh\u00f6ht.<\/p><p>Wenn ein Element im System ausf\u00e4llt, werden h\u00e4ufig auch die umgebenden Teile und Ger\u00e4te besch\u00e4digt, wodurch das gesamte System nicht funktioniert. Verz\u00f6gerungen aufgrund einer Fehlfunktion k\u00f6nnen nicht vorhergesagt werden, ebenso wenig wie die f\u00fcr die Reparatur des Systems erforderliche Zeit. Dies ist die heute am h\u00e4ufigsten verwendete Wartungsmethode und anscheinend auch die billigste. Dar\u00fcber hinaus ist die Zuverl\u00e4ssigkeit des Systems bei dieser Wartungsmethode fraglich &#8211; sie h\u00e4ngt direkt von der Zuverl\u00e4ssigkeit der schw\u00e4chsten Komponente im System ab.<\/p><p>Die Vorteile der vorbeugenden Wartung gegen\u00fcber der konventionellen &#8211; korrigierenden Wartung sind zahlreich:<\/p><ul><li>h\u00f6here Zuverl\u00e4ssigkeit der in Betrieb befindlichen Ger\u00e4te und Systeme;<\/li><li>M\u00f6glichkeit, den Zeitpunkt der Wartung zu planen;<\/li><li>F\u00e4higkeit zur Vorhersage von Wartungskosten;<\/li><li>einfachere Kontrolle.<\/li><\/ul><p>Durch die Wahl der vorbeugenden Wartung des technischen Schutzsystems wird die M\u00f6glichkeit eines Ausfalls der Komponenten und des gesamten Systems um 94,5% reduziert.<\/p><\/div>\t\t\t\t\t\t\t\t<\/div>\n\t\t\t\t<\/div>\n\t\t\t\t<div class=\"elementor-element elementor-element-73cfff5 elementor-align-center elementor-widget elementor-widget-button\" data-id=\"73cfff5\" data-element_type=\"widget\" data-widget_type=\"button.default\">\n\t\t\t\t<div class=\"elementor-widget-container\">\n\t\t\t\t\t\t\t\t\t<div class=\"elementor-button-wrapper\">\n\t\t\t\t\t<a class=\"elementor-button elementor-button-link elementor-size-lg\" href=\"https:\/\/ws.co.rs\/de\/fragebogen\/systemwartung\/\">\n\t\t\t\t\t\t<span class=\"elementor-button-content-wrapper\">\n\t\t\t\t\t\t<span class=\"elementor-button-icon\">\n\t\t\t\t<i aria-hidden=\"true\" class=\"fas fa-chevron-right\"><\/i>\t\t\t<\/span>\n\t\t\t\t\t\t\t\t\t<span class=\"elementor-button-text\">Eine Anfrage f\u00fcr ein Angebot<\/span>\n\t\t\t\t\t<\/span>\n\t\t\t\t\t<\/a>\n\t\t\t\t<\/div>\n\t\t\t\t\t\t\t\t<\/div>\n\t\t\t\t<\/div>\n\t\t\t\t\t<\/div>\n\t\t<\/div>\n\t\t\t\t\t<\/div>\n\t\t<\/section>\n\t\t\t\t<\/div>\n\t\t","protected":false},"excerpt":{"rendered":"<p>Damit technische Schutzsysteme Sie versorgen k\u00f6nnen, m\u00fcssen Sie diese zun\u00e4chst durch vorbeugende Wartung mit Eigentum und Gesch\u00e4ft versorgen. Egal wie gut die Hersteller sind, egal wie gut das System geplant ist, es ist notwendig, seine Kontinuit\u00e4t in der Arbeit sicherzustellen. \u00a0 Dies ist nur mit der vorbeugenden Wartung des Systems m\u00f6glich, die heute gesetzlich vorgeschrieben [&hellip;]<\/p>\n","protected":false},"author":1,"featured_media":0,"parent":3200,"menu_order":0,"comment_status":"closed","ping_status":"closed","template":"","meta":{"footnotes":""},"class_list":["post-3141","page","type-page","status-publish","hentry"],"aioseo_notices":[],"_links":{"self":[{"href":"https:\/\/ws.co.rs\/de\/wp-json\/wp\/v2\/pages\/3141","targetHints":{"allow":["GET"]}}],"collection":[{"href":"https:\/\/ws.co.rs\/de\/wp-json\/wp\/v2\/pages"}],"about":[{"href":"https:\/\/ws.co.rs\/de\/wp-json\/wp\/v2\/types\/page"}],"author":[{"embeddable":true,"href":"https:\/\/ws.co.rs\/de\/wp-json\/wp\/v2\/users\/1"}],"replies":[{"embeddable":true,"href":"https:\/\/ws.co.rs\/de\/wp-json\/wp\/v2\/comments?post=3141"}],"version-history":[{"count":5,"href":"https:\/\/ws.co.rs\/de\/wp-json\/wp\/v2\/pages\/3141\/revisions"}],"predecessor-version":[{"id":6462,"href":"https:\/\/ws.co.rs\/de\/wp-json\/wp\/v2\/pages\/3141\/revisions\/6462"}],"up":[{"embeddable":true,"href":"https:\/\/ws.co.rs\/de\/wp-json\/wp\/v2\/pages\/3200"}],"wp:attachment":[{"href":"https:\/\/ws.co.rs\/de\/wp-json\/wp\/v2\/media?parent=3141"}],"curies":[{"name":"wp","href":"https:\/\/api.w.org\/{rel}","templated":true}]}}