{"id":3134,"date":"2020-06-22T14:39:31","date_gmt":"2020-06-22T12:39:31","guid":{"rendered":"https:\/\/ws.co.rs\/fizicka-zastita-stalnim-prisustvom\/"},"modified":"2021-03-19T11:15:06","modified_gmt":"2021-03-19T10:15:06","slug":"koerperschutz-durch-staendige-anwesenheit","status":"publish","type":"page","link":"https:\/\/ws.co.rs\/de\/dienstleistungen\/physischer-schutz\/koerperschutz-durch-staendige-anwesenheit\/","title":{"rendered":"K\u00f6rperschutz durch st\u00e4ndige Anwesenheit"},"content":{"rendered":"\t\t<div data-elementor-type=\"wp-page\" data-elementor-id=\"3134\" class=\"elementor elementor-3134 elementor-92\" data-elementor-post-type=\"page\">\n\t\t\t\t\t\t<section class=\"elementor-section elementor-top-section elementor-element elementor-element-61957dd3 elementor-section-stretched elementor-section-height-min-height inside elementor-section-items-bottom elementor-section-content-bottom elementor-section-boxed elementor-section-height-default\" data-id=\"61957dd3\" data-element_type=\"section\" id=\"showcase\" data-settings=\"{&quot;stretch_section&quot;:&quot;section-stretched&quot;,&quot;background_background&quot;:&quot;gradient&quot;,&quot;shape_divider_bottom&quot;:&quot;tilt&quot;}\">\n\t\t\t\t\t<div class=\"elementor-shape elementor-shape-bottom\" aria-hidden=\"true\" data-negative=\"false\">\n\t\t\t<svg xmlns=\"http:\/\/www.w3.org\/2000\/svg\" viewBox=\"0 0 1000 100\" preserveAspectRatio=\"none\">\n\t<path class=\"elementor-shape-fill\" d=\"M0,6V0h1000v100L0,6z\"\/>\n<\/svg>\t\t<\/div>\n\t\t\t\t\t<div class=\"elementor-container elementor-column-gap-no\">\n\t\t\t\t\t<div class=\"elementor-column elementor-col-100 elementor-top-column elementor-element elementor-element-278d96ab\" data-id=\"278d96ab\" data-element_type=\"column\" data-settings=\"{&quot;background_background&quot;:&quot;classic&quot;}\">\n\t\t\t<div class=\"elementor-widget-wrap elementor-element-populated\">\n\t\t\t\t\t\t<div class=\"elementor-element elementor-element-7fad91e3 elementor-widget elementor-widget-heading\" data-id=\"7fad91e3\" data-element_type=\"widget\" data-widget_type=\"heading.default\">\n\t\t\t\t<div class=\"elementor-widget-container\">\n\t\t\t\t\t<h1 class=\"elementor-heading-title elementor-size-default\">K\u00f6rperschutz durch st\u00e4ndige Anwesenheit<\/h1>\t\t\t\t<\/div>\n\t\t\t\t<\/div>\n\t\t\t\t<div class=\"elementor-element elementor-element-5aafa5e elementor-widget elementor-widget-text-editor\" data-id=\"5aafa5e\" data-element_type=\"widget\" data-widget_type=\"text-editor.default\">\n\t\t\t\t<div class=\"elementor-widget-container\">\n\t\t\t\t\t\t\t\t\t<blockquote><p>&#8222;Mutig und sehr vorsichtig zugleich zu sein, ist die Kunst des Erfolgs.&#8220;<\/p><p>Napoleon<\/p><\/blockquote>\t\t\t\t\t\t\t\t<\/div>\n\t\t\t\t<\/div>\n\t\t\t\t\t<\/div>\n\t\t<\/div>\n\t\t\t\t\t<\/div>\n\t\t<\/section>\n\t\t\t\t<section class=\"elementor-section elementor-top-section elementor-element elementor-element-2fe0cd7e pt-big pb-big elementor-section-boxed elementor-section-height-default elementor-section-height-default\" data-id=\"2fe0cd7e\" data-element_type=\"section\" id=\"info\" data-settings=\"{&quot;background_background&quot;:&quot;classic&quot;,&quot;shape_divider_top&quot;:&quot;tilt&quot;}\">\n\t\t\t\t\t<div class=\"elementor-shape elementor-shape-top\" aria-hidden=\"true\" data-negative=\"false\">\n\t\t\t<svg xmlns=\"http:\/\/www.w3.org\/2000\/svg\" viewBox=\"0 0 1000 100\" preserveAspectRatio=\"none\">\n\t<path class=\"elementor-shape-fill\" d=\"M0,6V0h1000v100L0,6z\"\/>\n<\/svg>\t\t<\/div>\n\t\t\t\t\t<div class=\"elementor-container elementor-column-gap-default\">\n\t\t\t\t\t<div class=\"elementor-column elementor-col-100 elementor-top-column elementor-element elementor-element-27e26e6c\" data-id=\"27e26e6c\" data-element_type=\"column\">\n\t\t\t<div class=\"elementor-widget-wrap elementor-element-populated\">\n\t\t\t\t\t\t<div class=\"elementor-element elementor-element-44ab9264 elementor-widget elementor-widget-text-editor\" data-id=\"44ab9264\" data-element_type=\"widget\" data-widget_type=\"text-editor.default\">\n\t\t\t\t<div class=\"elementor-widget-container\">\n\t\t\t\t\t\t\t\t\t<h3 style=\"text-align: center;\">Physische Sicherheit, die Zeit und Geld spart.<\/h3><h4 style=\"text-align: center;\">Unser Mann ist in erster Linie ein &#8222;Gastgeber&#8220; in Ihrer Einrichtung.<\/h4><p>Die physische Sicherheit tr\u00e4gt zum Schutz von Personen und Sachwerten vor Besch\u00e4digung, Zerst\u00f6rung, Diebstahl und anderen sch\u00e4dlichen Auswirkungen bei.<\/p><p>Der physische Schutzdienst ist ein Sicherheitsdienst, der durch die pers\u00f6nliche Anwesenheit und direkte T\u00e4tigkeit von Sicherheitsbeamten in einem bestimmten Raum und zu einer bestimmten Zeit sowie durch die Anwendung von Ma\u00dfnahmen und den Einsatz von Zwangsmitteln erbracht wird.<\/p><p><strong>Die Hauptvorteile unseres Service auf dem Markt sind:<\/strong><\/p><ul><li>Interne Datenbank lizenzierter Sicherheitsbeauftragter,<\/li><li>Elektronisches Ereignisprotokoll,<\/li><li>SOS-Mobilanwendung f\u00fcr alle Personen in der gesch\u00fctzten Einrichtung,<\/li><li>Elektronische Echtzeitberichterstattung,<\/li><li>Sicherheitsberatung,<\/li><li>Entsch\u00e4digungsgarantien (Versicherungspolice),<\/li><li>M\u00f6glichkeit, bestehende Personen mit zus\u00e4tzlichen Schulungen und deren Lizenzierung einzustellen.<\/li><\/ul><p>Unsere Mitarbeiter werden in folgenden Bereichen geschult und bestanden:<\/p><ul><li>Brandschutz;<\/li><li>Kenntnis der Ersten Hilfe;<\/li><li>Gesch\u00e4ftsbesprechungen;<\/li><li>Selbstverteidigung;<\/li><li>Management von technischen Schutzsystemen.<\/li><\/ul><p>Empfohlene Dienste f\u00fcr zus\u00e4tzliche Sicherheit sind:<\/p><ul><li>Installation von technischen Schutzsystemen<\/li><li>vorbeugende Patrouillenteamtouren<\/li><li>Risikobewertung zum Schutz von Personen, Sachwerten und Unternehmen<\/li><\/ul>\t\t\t\t\t\t\t\t<\/div>\n\t\t\t\t<\/div>\n\t\t\t\t<div class=\"elementor-element elementor-element-88ca56f elementor-align-center elementor-widget elementor-widget-button\" data-id=\"88ca56f\" data-element_type=\"widget\" data-widget_type=\"button.default\">\n\t\t\t\t<div class=\"elementor-widget-container\">\n\t\t\t\t\t\t\t\t\t<div class=\"elementor-button-wrapper\">\n\t\t\t\t\t<a class=\"elementor-button elementor-button-link elementor-size-lg\" href=\"https:\/\/ws.co.rs\/de\/fragebogen\/koerperschutz-durch-staendige-anwesenheit\/\">\n\t\t\t\t\t\t<span class=\"elementor-button-content-wrapper\">\n\t\t\t\t\t\t<span class=\"elementor-button-icon\">\n\t\t\t\t<i aria-hidden=\"true\" class=\"fas fa-chevron-right\"><\/i>\t\t\t<\/span>\n\t\t\t\t\t\t\t\t\t<span class=\"elementor-button-text\">Eine Anfrage f\u00fcr ein Angebot<\/span>\n\t\t\t\t\t<\/span>\n\t\t\t\t\t<\/a>\n\t\t\t\t<\/div>\n\t\t\t\t\t\t\t\t<\/div>\n\t\t\t\t<\/div>\n\t\t\t\t\t<\/div>\n\t\t<\/div>\n\t\t\t\t\t<\/div>\n\t\t<\/section>\n\t\t\t\t<\/div>\n\t\t","protected":false},"excerpt":{"rendered":"<p>&#8222;Mutig und sehr vorsichtig zugleich zu sein, ist die Kunst des Erfolgs.&#8220; Napoleon Physische Sicherheit, die Zeit und Geld spart. Unser Mann ist in erster Linie ein &#8222;Gastgeber&#8220; in Ihrer Einrichtung. Die physische Sicherheit tr\u00e4gt zum Schutz von Personen und Sachwerten vor Besch\u00e4digung, Zerst\u00f6rung, Diebstahl und anderen sch\u00e4dlichen Auswirkungen bei. Der physische Schutzdienst ist ein [&hellip;]<\/p>\n","protected":false},"author":1,"featured_media":0,"parent":3194,"menu_order":0,"comment_status":"closed","ping_status":"closed","template":"","meta":{"footnotes":""},"class_list":["post-3134","page","type-page","status-publish","hentry"],"aioseo_notices":[],"_links":{"self":[{"href":"https:\/\/ws.co.rs\/de\/wp-json\/wp\/v2\/pages\/3134","targetHints":{"allow":["GET"]}}],"collection":[{"href":"https:\/\/ws.co.rs\/de\/wp-json\/wp\/v2\/pages"}],"about":[{"href":"https:\/\/ws.co.rs\/de\/wp-json\/wp\/v2\/types\/page"}],"author":[{"embeddable":true,"href":"https:\/\/ws.co.rs\/de\/wp-json\/wp\/v2\/users\/1"}],"replies":[{"embeddable":true,"href":"https:\/\/ws.co.rs\/de\/wp-json\/wp\/v2\/comments?post=3134"}],"version-history":[{"count":5,"href":"https:\/\/ws.co.rs\/de\/wp-json\/wp\/v2\/pages\/3134\/revisions"}],"predecessor-version":[{"id":6501,"href":"https:\/\/ws.co.rs\/de\/wp-json\/wp\/v2\/pages\/3134\/revisions\/6501"}],"up":[{"embeddable":true,"href":"https:\/\/ws.co.rs\/de\/wp-json\/wp\/v2\/pages\/3194"}],"wp:attachment":[{"href":"https:\/\/ws.co.rs\/de\/wp-json\/wp\/v2\/media?parent=3134"}],"curies":[{"name":"wp","href":"https:\/\/api.w.org\/{rel}","templated":true}]}}