{"id":3125,"date":"2020-06-22T14:39:41","date_gmt":"2020-06-22T12:39:41","guid":{"rendered":"https:\/\/ws.co.rs\/angazovanje-interventnog-tima\/"},"modified":"2021-03-19T11:14:39","modified_gmt":"2021-03-19T10:14:39","slug":"ein-interventionsteam-engagieren","status":"publish","type":"page","link":"https:\/\/ws.co.rs\/de\/dienstleistungen\/physischer-schutz\/ein-interventionsteam-engagieren\/","title":{"rendered":"Ein Interventionsteam engagieren"},"content":{"rendered":"\t\t<div data-elementor-type=\"wp-page\" data-elementor-id=\"3125\" class=\"elementor elementor-3125 elementor-94\" data-elementor-post-type=\"page\">\n\t\t\t\t\t\t<section class=\"elementor-section elementor-top-section elementor-element elementor-element-40b04ce6 elementor-section-stretched elementor-section-height-min-height inside elementor-section-items-bottom elementor-section-content-bottom elementor-section-boxed elementor-section-height-default\" data-id=\"40b04ce6\" data-element_type=\"section\" id=\"showcase\" data-settings=\"{&quot;stretch_section&quot;:&quot;section-stretched&quot;,&quot;background_background&quot;:&quot;gradient&quot;,&quot;shape_divider_bottom&quot;:&quot;tilt&quot;}\">\n\t\t\t\t\t<div class=\"elementor-shape elementor-shape-bottom\" aria-hidden=\"true\" data-negative=\"false\">\n\t\t\t<svg xmlns=\"http:\/\/www.w3.org\/2000\/svg\" viewBox=\"0 0 1000 100\" preserveAspectRatio=\"none\">\n\t<path class=\"elementor-shape-fill\" d=\"M0,6V0h1000v100L0,6z\"\/>\n<\/svg>\t\t<\/div>\n\t\t\t\t\t<div class=\"elementor-container elementor-column-gap-no\">\n\t\t\t\t\t<div class=\"elementor-column elementor-col-100 elementor-top-column elementor-element elementor-element-4447ce02\" data-id=\"4447ce02\" data-element_type=\"column\" data-settings=\"{&quot;background_background&quot;:&quot;classic&quot;}\">\n\t\t\t<div class=\"elementor-widget-wrap elementor-element-populated\">\n\t\t\t\t\t\t<div class=\"elementor-element elementor-element-52a76995 elementor-widget elementor-widget-heading\" data-id=\"52a76995\" data-element_type=\"widget\" data-widget_type=\"heading.default\">\n\t\t\t\t<div class=\"elementor-widget-container\">\n\t\t\t\t\t<h1 class=\"elementor-heading-title elementor-size-default\">Ein Interventionsteam engagieren<\/h1>\t\t\t\t<\/div>\n\t\t\t\t<\/div>\n\t\t\t\t<div class=\"elementor-element elementor-element-46a4cf04 elementor-widget elementor-widget-text-editor\" data-id=\"46a4cf04\" data-element_type=\"widget\" data-widget_type=\"text-editor.default\">\n\t\t\t\t<div class=\"elementor-widget-container\">\n\t\t\t\t\t\t\t\t\t<blockquote><p>&#8222;Zeit ist Geld.&#8220;<\/p><p>Benjamin Franklin<\/p><\/blockquote>\t\t\t\t\t\t\t\t<\/div>\n\t\t\t\t<\/div>\n\t\t\t\t\t<\/div>\n\t\t<\/div>\n\t\t\t\t\t<\/div>\n\t\t<\/section>\n\t\t\t\t<section class=\"elementor-section elementor-top-section elementor-element elementor-element-4e923bd9 pt-big pb-big elementor-section-boxed elementor-section-height-default elementor-section-height-default\" data-id=\"4e923bd9\" data-element_type=\"section\" id=\"info\" data-settings=\"{&quot;background_background&quot;:&quot;classic&quot;,&quot;shape_divider_top&quot;:&quot;tilt&quot;}\">\n\t\t\t\t\t<div class=\"elementor-shape elementor-shape-top\" aria-hidden=\"true\" data-negative=\"false\">\n\t\t\t<svg xmlns=\"http:\/\/www.w3.org\/2000\/svg\" viewBox=\"0 0 1000 100\" preserveAspectRatio=\"none\">\n\t<path class=\"elementor-shape-fill\" d=\"M0,6V0h1000v100L0,6z\"\/>\n<\/svg>\t\t<\/div>\n\t\t\t\t\t<div class=\"elementor-container elementor-column-gap-default\">\n\t\t\t\t\t<div class=\"elementor-column elementor-col-100 elementor-top-column elementor-element elementor-element-640db497\" data-id=\"640db497\" data-element_type=\"column\">\n\t\t\t<div class=\"elementor-widget-wrap elementor-element-populated\">\n\t\t\t\t\t\t<div class=\"elementor-element elementor-element-71f967d2 elementor-widget elementor-widget-text-editor\" data-id=\"71f967d2\" data-element_type=\"widget\" data-widget_type=\"text-editor.default\">\n\t\t\t\t<div class=\"elementor-widget-container\">\n\t\t\t\t\t\t\t\t\t<h3 style=\"text-align: center;\"><strong>Bis zu 8 von 10 Diebstahl- und Vandalismusversuchen werden dank der rechtzeitigen Intervention von Sicherheitsbeamten erfolgreich verhindert.<\/strong><\/h3><div><p>Sie haben so schnell wie m\u00f6glich ein deutlich gekennzeichnetes rotierendes \u00dcberwachungsfahrzeug in Ihrer gesch\u00fctzten Einrichtung. Alle mobilen Sicherheitsbeauftragten sind ausreichend geschult, um so schnell wie m\u00f6glich zu reagieren.<\/p><p>Zus\u00e4tzlich zu den vielen Innovationen war Watchout Security das erste Unternehmen, das die Aufzeichnung und Archivierung von Video- und Audioaufzeichnungen f\u00fcr jeden Eingriff implementierte. Der Benutzer erh\u00e4lt jede Aufzeichnung der durchgef\u00fchrten Intervention mit dem Bericht per E-Mail. Sie k\u00f6nnen die Videoaufzeichnung und den Bericht jederzeit mit dem Foto des Interventionsteams ansehen.<\/p><p>Sie k\u00f6nnen den Service kurz- und langfristig nutzen. Es kann sich um einen eigenst\u00e4ndigen Dienst handeln oder Sie k\u00f6nnen sie in Kombination mit verschiedenen Arten von technischen Schutzsystemen anpassen, dh unserem einzigartigen integrierten Sicherheitssystem.<\/p><p>Sicherheitsbeamte haben in ihren Fahrzeugen Folgendes:<\/p><ul><li>Feuerl\u00f6scher zum L\u00f6schen von Erstbr\u00e4nden der Klassen A, B und C;<\/li><li>Erste-Hilfe-Kasten Typ B, hergestellt nach dem Standard SRPS Z.B2.001.<\/li><\/ul><\/div><div><p style=\"text-align: left;\"><strong>Die Hauptvorteile des Dienstes sind:<\/strong><\/p><ul><li>Aufzeichnen und Speichern von Videos von durchgef\u00fchrten Interventionen,<\/li><li>Echtzeit-Video\u00fcbertragung zum Control Center,<\/li><li>elektronischer Check-in in der Einrichtung,<\/li><li>elektronische Berichterstattung \u00fcber durchgef\u00fchrte Interventionen,<\/li><li>offizielle Fahrzeuge mit GPS-Tracking-System.<\/li><\/ul><\/div>\t\t\t\t\t\t\t\t<\/div>\n\t\t\t\t<\/div>\n\t\t\t\t<div class=\"elementor-element elementor-element-63fa36b elementor-align-center elementor-widget elementor-widget-button\" data-id=\"63fa36b\" data-element_type=\"widget\" data-widget_type=\"button.default\">\n\t\t\t\t<div class=\"elementor-widget-container\">\n\t\t\t\t\t\t\t\t\t<div class=\"elementor-button-wrapper\">\n\t\t\t\t\t<a class=\"elementor-button elementor-button-link elementor-size-lg\" href=\"https:\/\/ws.co.rs\/de\/fragebogen\/engagement-des-interventionsteams\/\">\n\t\t\t\t\t\t<span class=\"elementor-button-content-wrapper\">\n\t\t\t\t\t\t<span class=\"elementor-button-icon\">\n\t\t\t\t<i aria-hidden=\"true\" class=\"fas fa-chevron-right\"><\/i>\t\t\t<\/span>\n\t\t\t\t\t\t\t\t\t<span class=\"elementor-button-text\">Eine Anfrage f\u00fcr ein Angebot<\/span>\n\t\t\t\t\t<\/span>\n\t\t\t\t\t<\/a>\n\t\t\t\t<\/div>\n\t\t\t\t\t\t\t\t<\/div>\n\t\t\t\t<\/div>\n\t\t\t\t\t<\/div>\n\t\t<\/div>\n\t\t\t\t\t<\/div>\n\t\t<\/section>\n\t\t\t\t<\/div>\n\t\t","protected":false},"excerpt":{"rendered":"<p>&#8222;Zeit ist Geld.&#8220; Benjamin Franklin Bis zu 8 von 10 Diebstahl- und Vandalismusversuchen werden dank der rechtzeitigen Intervention von Sicherheitsbeamten erfolgreich verhindert. Sie haben so schnell wie m\u00f6glich ein deutlich gekennzeichnetes rotierendes \u00dcberwachungsfahrzeug in Ihrer gesch\u00fctzten Einrichtung. Alle mobilen Sicherheitsbeauftragten sind ausreichend geschult, um so schnell wie m\u00f6glich zu reagieren. Zus\u00e4tzlich zu den vielen Innovationen [&hellip;]<\/p>\n","protected":false},"author":1,"featured_media":0,"parent":3194,"menu_order":0,"comment_status":"closed","ping_status":"closed","template":"","meta":{"footnotes":""},"class_list":["post-3125","page","type-page","status-publish","hentry"],"aioseo_notices":[],"_links":{"self":[{"href":"https:\/\/ws.co.rs\/de\/wp-json\/wp\/v2\/pages\/3125","targetHints":{"allow":["GET"]}}],"collection":[{"href":"https:\/\/ws.co.rs\/de\/wp-json\/wp\/v2\/pages"}],"about":[{"href":"https:\/\/ws.co.rs\/de\/wp-json\/wp\/v2\/types\/page"}],"author":[{"embeddable":true,"href":"https:\/\/ws.co.rs\/de\/wp-json\/wp\/v2\/users\/1"}],"replies":[{"embeddable":true,"href":"https:\/\/ws.co.rs\/de\/wp-json\/wp\/v2\/comments?post=3125"}],"version-history":[{"count":5,"href":"https:\/\/ws.co.rs\/de\/wp-json\/wp\/v2\/pages\/3125\/revisions"}],"predecessor-version":[{"id":6498,"href":"https:\/\/ws.co.rs\/de\/wp-json\/wp\/v2\/pages\/3125\/revisions\/6498"}],"up":[{"embeddable":true,"href":"https:\/\/ws.co.rs\/de\/wp-json\/wp\/v2\/pages\/3194"}],"wp:attachment":[{"href":"https:\/\/ws.co.rs\/de\/wp-json\/wp\/v2\/media?parent=3125"}],"curies":[{"name":"wp","href":"https:\/\/api.w.org\/{rel}","templated":true}]}}