{"id":3118,"date":"2020-06-22T14:39:51","date_gmt":"2020-06-22T12:39:51","guid":{"rendered":"https:\/\/ws.co.rs\/preventivni-obilasci-patrolnog-tima\/"},"modified":"2021-03-19T11:14:31","modified_gmt":"2021-03-19T10:14:31","slug":"vorbeugende-patrouillenteams","status":"publish","type":"page","link":"https:\/\/ws.co.rs\/de\/dienstleistungen\/physischer-schutz\/vorbeugende-patrouillenteams\/","title":{"rendered":"Vorbeugende Patrouillenteams"},"content":{"rendered":"\t\t<div data-elementor-type=\"wp-page\" data-elementor-id=\"3118\" class=\"elementor elementor-3118 elementor-96\" data-elementor-post-type=\"page\">\n\t\t\t\t\t\t<section class=\"elementor-section elementor-top-section elementor-element elementor-element-7c8740ed elementor-section-stretched elementor-section-height-min-height inside elementor-section-items-bottom elementor-section-content-bottom elementor-section-boxed elementor-section-height-default\" data-id=\"7c8740ed\" data-element_type=\"section\" id=\"showcase\" data-settings=\"{&quot;stretch_section&quot;:&quot;section-stretched&quot;,&quot;background_background&quot;:&quot;gradient&quot;,&quot;shape_divider_bottom&quot;:&quot;tilt&quot;}\">\n\t\t\t\t\t<div class=\"elementor-shape elementor-shape-bottom\" aria-hidden=\"true\" data-negative=\"false\">\n\t\t\t<svg xmlns=\"http:\/\/www.w3.org\/2000\/svg\" viewBox=\"0 0 1000 100\" preserveAspectRatio=\"none\">\n\t<path class=\"elementor-shape-fill\" d=\"M0,6V0h1000v100L0,6z\"\/>\n<\/svg>\t\t<\/div>\n\t\t\t\t\t<div class=\"elementor-container elementor-column-gap-no\">\n\t\t\t\t\t<div class=\"elementor-column elementor-col-100 elementor-top-column elementor-element elementor-element-260c6b94\" data-id=\"260c6b94\" data-element_type=\"column\" data-settings=\"{&quot;background_background&quot;:&quot;classic&quot;}\">\n\t\t\t<div class=\"elementor-widget-wrap elementor-element-populated\">\n\t\t\t\t\t\t<div class=\"elementor-element elementor-element-8c5569d elementor-widget elementor-widget-heading\" data-id=\"8c5569d\" data-element_type=\"widget\" data-widget_type=\"heading.default\">\n\t\t\t\t<div class=\"elementor-widget-container\">\n\t\t\t\t\t<h1 class=\"elementor-heading-title elementor-size-default\">Vorbeugende Patrouillenteams<\/h1>\t\t\t\t<\/div>\n\t\t\t\t<\/div>\n\t\t\t\t<div class=\"elementor-element elementor-element-441e125d elementor-widget elementor-widget-text-editor\" data-id=\"441e125d\" data-element_type=\"widget\" data-widget_type=\"text-editor.default\">\n\t\t\t\t<div class=\"elementor-widget-container\">\n\t\t\t\t\t\t\t\t\t<blockquote><p>&#8222;Tun ist der grundlegende Schl\u00fcssel zu jedem Erfolg.&#8220;<\/p><p>Pablo Picasso<\/p><\/blockquote>\t\t\t\t\t\t\t\t<\/div>\n\t\t\t\t<\/div>\n\t\t\t\t\t<\/div>\n\t\t<\/div>\n\t\t\t\t\t<\/div>\n\t\t<\/section>\n\t\t\t\t<section class=\"elementor-section elementor-top-section elementor-element elementor-element-4a6dfbf0 pt-big pb-big elementor-section-boxed elementor-section-height-default elementor-section-height-default\" data-id=\"4a6dfbf0\" data-element_type=\"section\" id=\"info\" data-settings=\"{&quot;background_background&quot;:&quot;classic&quot;,&quot;shape_divider_top&quot;:&quot;tilt&quot;}\">\n\t\t\t\t\t<div class=\"elementor-shape elementor-shape-top\" aria-hidden=\"true\" data-negative=\"false\">\n\t\t\t<svg xmlns=\"http:\/\/www.w3.org\/2000\/svg\" viewBox=\"0 0 1000 100\" preserveAspectRatio=\"none\">\n\t<path class=\"elementor-shape-fill\" d=\"M0,6V0h1000v100L0,6z\"\/>\n<\/svg>\t\t<\/div>\n\t\t\t\t\t<div class=\"elementor-container elementor-column-gap-default\">\n\t\t\t\t\t<div class=\"elementor-column elementor-col-100 elementor-top-column elementor-element elementor-element-6dd7fb96\" data-id=\"6dd7fb96\" data-element_type=\"column\">\n\t\t\t<div class=\"elementor-widget-wrap elementor-element-populated\">\n\t\t\t\t\t\t<div class=\"elementor-element elementor-element-5bd2ea98 elementor-widget elementor-widget-text-editor\" data-id=\"5bd2ea98\" data-element_type=\"widget\" data-widget_type=\"text-editor.default\">\n\t\t\t\t<div class=\"elementor-widget-container\">\n\t\t\t\t\t\t\t\t\t<h3 style=\"text-align: center;\"><strong>In Situationen, in denen die Einrichtung einer permanenten physischen Sicherheitspr\u00e4senz sehr oft teuer und unn\u00f6tig ist, ist die gelegentliche physische Sicherheitspr\u00e4senz ein ausreichender Schutz.<\/strong><\/h3><div><p>Die Einbindung eines Patrouillenteams umfasst eine vorbeugende Besichtigung der Benutzer zu verschiedenen Tages- und Nachtzeiten, bei der keine Vorlage erstellt werden kann, die die Planung eines Verbrechens erleichtert.<\/p><p>Durch die Bereitstellung dieses Dienstes wird die Sicherheit des gesch\u00fctzten Bereichs maximiert.<\/p><p>Vorbeugende Touren sind auf die Anforderungen der Benutzer zugeschnitten.<\/p><p>Sie werden zu Zeiten durchgef\u00fchrt, in denen der gr\u00f6\u00dfte Bedarf besteht.<\/p><p>Alle Mitglieder der Interventionspatrouille verf\u00fcgen \u00fcber ein hohes Ma\u00df an Ausbildung und Ausr\u00fcstung.<\/p><p>Sicherheitsbeamte haben in ihren Fahrzeugen Folgendes:<\/p><ul><li>Feuerl\u00f6scher zum L\u00f6schen von Erstbr\u00e4nden der Klassen A, B und C;<\/li><li>Erste-Hilfe-Kasten Typ B, hergestellt nach dem Standard SRPS Z.B2.001.<\/li><\/ul><p><strong>Die Hauptvorteile des Dienstes sind:<\/strong><\/p><ul><li>Touren in verschiedenen Zeitintervallen;<\/li><li>Elektronischer Check-in in der Einrichtung;<\/li><li>Kontrolle der kritischsten Punkte auf dem gesch\u00fctzten Objekt;<\/li><li>Vorhandensein physischer Sicherheit;<\/li><li>Elektronische Berichterstattung von Benutzern mit Fotos.<\/li><\/ul><\/div>\t\t\t\t\t\t\t\t<\/div>\n\t\t\t\t<\/div>\n\t\t\t\t<div class=\"elementor-element elementor-element-743dd38 elementor-align-center elementor-widget elementor-widget-button\" data-id=\"743dd38\" data-element_type=\"widget\" data-widget_type=\"button.default\">\n\t\t\t\t<div class=\"elementor-widget-container\">\n\t\t\t\t\t\t\t\t\t<div class=\"elementor-button-wrapper\">\n\t\t\t\t\t<a class=\"elementor-button elementor-button-link elementor-size-lg\" href=\"https:\/\/ws.co.rs\/de\/fragebogen\/vorbeugende-besuche-beim-patrouillenteam\/\">\n\t\t\t\t\t\t<span class=\"elementor-button-content-wrapper\">\n\t\t\t\t\t\t<span class=\"elementor-button-icon\">\n\t\t\t\t<i aria-hidden=\"true\" class=\"fas fa-chevron-right\"><\/i>\t\t\t<\/span>\n\t\t\t\t\t\t\t\t\t<span class=\"elementor-button-text\">Eine Anfrage f\u00fcr ein Angebot<\/span>\n\t\t\t\t\t<\/span>\n\t\t\t\t\t<\/a>\n\t\t\t\t<\/div>\n\t\t\t\t\t\t\t\t<\/div>\n\t\t\t\t<\/div>\n\t\t\t\t\t<\/div>\n\t\t<\/div>\n\t\t\t\t\t<\/div>\n\t\t<\/section>\n\t\t\t\t<\/div>\n\t\t","protected":false},"excerpt":{"rendered":"<p>&#8222;Tun ist der grundlegende Schl\u00fcssel zu jedem Erfolg.&#8220; Pablo Picasso In Situationen, in denen die Einrichtung einer permanenten physischen Sicherheitspr\u00e4senz sehr oft teuer und unn\u00f6tig ist, ist die gelegentliche physische Sicherheitspr\u00e4senz ein ausreichender Schutz. Die Einbindung eines Patrouillenteams umfasst eine vorbeugende Besichtigung der Benutzer zu verschiedenen Tages- und Nachtzeiten, bei der keine Vorlage erstellt werden [&hellip;]<\/p>\n","protected":false},"author":1,"featured_media":0,"parent":3194,"menu_order":0,"comment_status":"closed","ping_status":"closed","template":"","meta":{"footnotes":""},"class_list":["post-3118","page","type-page","status-publish","hentry"],"aioseo_notices":[],"_links":{"self":[{"href":"https:\/\/ws.co.rs\/de\/wp-json\/wp\/v2\/pages\/3118","targetHints":{"allow":["GET"]}}],"collection":[{"href":"https:\/\/ws.co.rs\/de\/wp-json\/wp\/v2\/pages"}],"about":[{"href":"https:\/\/ws.co.rs\/de\/wp-json\/wp\/v2\/types\/page"}],"author":[{"embeddable":true,"href":"https:\/\/ws.co.rs\/de\/wp-json\/wp\/v2\/users\/1"}],"replies":[{"embeddable":true,"href":"https:\/\/ws.co.rs\/de\/wp-json\/wp\/v2\/comments?post=3118"}],"version-history":[{"count":5,"href":"https:\/\/ws.co.rs\/de\/wp-json\/wp\/v2\/pages\/3118\/revisions"}],"predecessor-version":[{"id":6495,"href":"https:\/\/ws.co.rs\/de\/wp-json\/wp\/v2\/pages\/3118\/revisions\/6495"}],"up":[{"embeddable":true,"href":"https:\/\/ws.co.rs\/de\/wp-json\/wp\/v2\/pages\/3194"}],"wp:attachment":[{"href":"https:\/\/ws.co.rs\/de\/wp-json\/wp\/v2\/media?parent=3118"}],"curies":[{"name":"wp","href":"https:\/\/api.w.org\/{rel}","templated":true}]}}