{"id":3113,"date":"2020-06-22T14:40:02","date_gmt":"2020-06-22T12:40:02","guid":{"rendered":"https:\/\/ws.co.rs\/sistem-kontrole-postojeceg-obezbedenja\/"},"modified":"2021-03-19T11:14:21","modified_gmt":"2021-03-19T10:14:21","slug":"bestehendes-sicherheitskontrollsystem","status":"publish","type":"page","link":"https:\/\/ws.co.rs\/de\/dienstleistungen\/physischer-schutz\/bestehendes-sicherheitskontrollsystem\/","title":{"rendered":"Bestehendes Sicherheitskontrollsystem"},"content":{"rendered":"\t\t<div data-elementor-type=\"wp-page\" data-elementor-id=\"3113\" class=\"elementor elementor-3113 elementor-98\" data-elementor-post-type=\"page\">\n\t\t\t\t\t\t<section class=\"elementor-section elementor-top-section elementor-element elementor-element-230edc2f elementor-section-stretched elementor-section-height-min-height inside elementor-section-items-bottom elementor-section-content-bottom elementor-section-boxed elementor-section-height-default\" data-id=\"230edc2f\" data-element_type=\"section\" id=\"showcase\" data-settings=\"{&quot;stretch_section&quot;:&quot;section-stretched&quot;,&quot;background_background&quot;:&quot;gradient&quot;,&quot;shape_divider_bottom&quot;:&quot;tilt&quot;}\">\n\t\t\t\t\t<div class=\"elementor-shape elementor-shape-bottom\" aria-hidden=\"true\" data-negative=\"false\">\n\t\t\t<svg xmlns=\"http:\/\/www.w3.org\/2000\/svg\" viewBox=\"0 0 1000 100\" preserveAspectRatio=\"none\">\n\t<path class=\"elementor-shape-fill\" d=\"M0,6V0h1000v100L0,6z\"\/>\n<\/svg>\t\t<\/div>\n\t\t\t\t\t<div class=\"elementor-container elementor-column-gap-no\">\n\t\t\t\t\t<div class=\"elementor-column elementor-col-100 elementor-top-column elementor-element elementor-element-3a653fe6\" data-id=\"3a653fe6\" data-element_type=\"column\" data-settings=\"{&quot;background_background&quot;:&quot;classic&quot;}\">\n\t\t\t<div class=\"elementor-widget-wrap elementor-element-populated\">\n\t\t\t\t\t\t<div class=\"elementor-element elementor-element-480af3da elementor-widget elementor-widget-heading\" data-id=\"480af3da\" data-element_type=\"widget\" data-widget_type=\"heading.default\">\n\t\t\t\t<div class=\"elementor-widget-container\">\n\t\t\t\t\t<h1 class=\"elementor-heading-title elementor-size-default\">Bestehendes Sicherheitskontrollsystem<\/h1>\t\t\t\t<\/div>\n\t\t\t\t<\/div>\n\t\t\t\t<div class=\"elementor-element elementor-element-5bbfcc1a elementor-widget elementor-widget-text-editor\" data-id=\"5bbfcc1a\" data-element_type=\"widget\" data-widget_type=\"text-editor.default\">\n\t\t\t\t<div class=\"elementor-widget-container\">\n\t\t\t\t\t\t\t\t\t<blockquote><p>&#8222;Die richtige Frage zu stellen ist die halbe Miete.&#8220;<\/p><p>Roger Bacon<\/p><\/blockquote>\t\t\t\t\t\t\t\t<\/div>\n\t\t\t\t<\/div>\n\t\t\t\t\t<\/div>\n\t\t<\/div>\n\t\t\t\t\t<\/div>\n\t\t<\/section>\n\t\t\t\t<section class=\"elementor-section elementor-top-section elementor-element elementor-element-4e0d173d pt-big pb-big elementor-section-boxed elementor-section-height-default elementor-section-height-default\" data-id=\"4e0d173d\" data-element_type=\"section\" id=\"info\" data-settings=\"{&quot;background_background&quot;:&quot;classic&quot;,&quot;shape_divider_top&quot;:&quot;tilt&quot;}\">\n\t\t\t\t\t<div class=\"elementor-shape elementor-shape-top\" aria-hidden=\"true\" data-negative=\"false\">\n\t\t\t<svg xmlns=\"http:\/\/www.w3.org\/2000\/svg\" viewBox=\"0 0 1000 100\" preserveAspectRatio=\"none\">\n\t<path class=\"elementor-shape-fill\" d=\"M0,6V0h1000v100L0,6z\"\/>\n<\/svg>\t\t<\/div>\n\t\t\t\t\t<div class=\"elementor-container elementor-column-gap-default\">\n\t\t\t\t\t<div class=\"elementor-column elementor-col-100 elementor-top-column elementor-element elementor-element-3559a0e6\" data-id=\"3559a0e6\" data-element_type=\"column\">\n\t\t\t<div class=\"elementor-widget-wrap elementor-element-populated\">\n\t\t\t\t\t\t<div class=\"elementor-element elementor-element-7732f8fa elementor-widget elementor-widget-text-editor\" data-id=\"7732f8fa\" data-element_type=\"widget\" data-widget_type=\"text-editor.default\">\n\t\t\t\t<div class=\"elementor-widget-container\">\n\t\t\t\t\t\t\t\t\t<h3 style=\"text-align: center;\"><strong>Die Kontrolle bietet Einblick in die Rechtfertigung der Investition in physische Sicherheit.<\/strong><\/h3><h4 style=\"text-align: center;\"><strong>Es wird ein effizientes Arbeitssystem f\u00fcr engagiertes Sicherheitspersonal eingerichtet.<\/strong><\/h4><p>\u00a0<\/p><p>Vor dem Start des Dienstes wird mit dem Dienstbenutzer ein Sicherheitsplan definiert, der einen Tourplan enth\u00e4lt, der die genaue Anzahl der Kontrollpunktpositionen mit genauen Namen und Zeitintervallen der Touren enth\u00e4lt. Bei jedem Besuch vor Ort bringt der Sicherheitsbeauftragte den Leser zum Speicherknopf am Kontrollpunkt, und der Besuch wird im System gespeichert.<\/p><p>Die Kontrollpunkte, die der Sicherheitsbeauftragte besucht, m\u00fcssen nicht sicherheitsrelevant sein, sondern k\u00f6nnen auch Positionen sein, die zus\u00e4tzlich kontrolliert werden, z. Pumpen, Ventile, Kessel, Tankstellen, alle Arten von Messger\u00e4ten usw.<\/p><p>Der Bericht \u00fcber die Aktivit\u00e4ten des Sicherheitsdienstes sowie die \u00dcbermittlung von Daten zu den Zeiten der Patrouillenbesuche wird vom Watchout Security Control Center innerhalb der vertraglich festgelegten Frist vorgelegt.<\/p><p>Ein solches Kontrollsystem hat in der Praxis hohe Ergebnisse bei der Verwaltung der inneren Sicherheit, der Steigerung der Sicherheitseffizienz und der Verringerung potenzieller Risiken sowie bei der Erzielung von Einsparungen aufgrund der Einhaltung der geplanten Aktionspl\u00e4ne erzielt. Dieses Kontrollsystem besitzen alle Unternehmen, die die Kosten rational verwalten, insbesondere Unternehmen, die laut Risikobewertung \u00fcber einen organisierten Sicherheitsdienst verf\u00fcgen m\u00fcssen.<\/p><p><strong>Wir informieren den Benutzer \u00fcber die durchgef\u00fchrte Kontrolle:<\/strong><\/p><ul><li>Patrouillentouren;<\/li><li>Gesammelte Informationen;<\/li><li>Kompetenzen f\u00fcr die Arbeit;<\/li><li>\u00dcbereinstimmung mit dem Gesetz.<\/li><\/ul>\t\t\t\t\t\t\t\t<\/div>\n\t\t\t\t<\/div>\n\t\t\t\t<div class=\"elementor-element elementor-element-bbd6cbb elementor-align-center elementor-widget elementor-widget-button\" data-id=\"bbd6cbb\" data-element_type=\"widget\" data-widget_type=\"button.default\">\n\t\t\t\t<div class=\"elementor-widget-container\">\n\t\t\t\t\t\t\t\t\t<div class=\"elementor-button-wrapper\">\n\t\t\t\t\t<a class=\"elementor-button elementor-button-link elementor-size-lg\" href=\"https:\/\/ws.co.rs\/de\/fragebogen\/bestehendes-sicherheitskontrollsystem\/\">\n\t\t\t\t\t\t<span class=\"elementor-button-content-wrapper\">\n\t\t\t\t\t\t<span class=\"elementor-button-icon\">\n\t\t\t\t<i aria-hidden=\"true\" class=\"fas fa-chevron-right\"><\/i>\t\t\t<\/span>\n\t\t\t\t\t\t\t\t\t<span class=\"elementor-button-text\">Eine Anfrage f\u00fcr ein Angebot<\/span>\n\t\t\t\t\t<\/span>\n\t\t\t\t\t<\/a>\n\t\t\t\t<\/div>\n\t\t\t\t\t\t\t\t<\/div>\n\t\t\t\t<\/div>\n\t\t\t\t\t<\/div>\n\t\t<\/div>\n\t\t\t\t\t<\/div>\n\t\t<\/section>\n\t\t\t\t<\/div>\n\t\t","protected":false},"excerpt":{"rendered":"<p>&#8222;Die richtige Frage zu stellen ist die halbe Miete.&#8220; Roger Bacon Die Kontrolle bietet Einblick in die Rechtfertigung der Investition in physische Sicherheit. Es wird ein effizientes Arbeitssystem f\u00fcr engagiertes Sicherheitspersonal eingerichtet. \u00a0 Vor dem Start des Dienstes wird mit dem Dienstbenutzer ein Sicherheitsplan definiert, der einen Tourplan enth\u00e4lt, der die genaue Anzahl der Kontrollpunktpositionen [&hellip;]<\/p>\n","protected":false},"author":1,"featured_media":0,"parent":3194,"menu_order":0,"comment_status":"closed","ping_status":"closed","template":"","meta":{"footnotes":""},"class_list":["post-3113","page","type-page","status-publish","hentry"],"aioseo_notices":[],"_links":{"self":[{"href":"https:\/\/ws.co.rs\/de\/wp-json\/wp\/v2\/pages\/3113","targetHints":{"allow":["GET"]}}],"collection":[{"href":"https:\/\/ws.co.rs\/de\/wp-json\/wp\/v2\/pages"}],"about":[{"href":"https:\/\/ws.co.rs\/de\/wp-json\/wp\/v2\/types\/page"}],"author":[{"embeddable":true,"href":"https:\/\/ws.co.rs\/de\/wp-json\/wp\/v2\/users\/1"}],"replies":[{"embeddable":true,"href":"https:\/\/ws.co.rs\/de\/wp-json\/wp\/v2\/comments?post=3113"}],"version-history":[{"count":5,"href":"https:\/\/ws.co.rs\/de\/wp-json\/wp\/v2\/pages\/3113\/revisions"}],"predecessor-version":[{"id":6492,"href":"https:\/\/ws.co.rs\/de\/wp-json\/wp\/v2\/pages\/3113\/revisions\/6492"}],"up":[{"embeddable":true,"href":"https:\/\/ws.co.rs\/de\/wp-json\/wp\/v2\/pages\/3194"}],"wp:attachment":[{"href":"https:\/\/ws.co.rs\/de\/wp-json\/wp\/v2\/media?parent=3113"}],"curies":[{"name":"wp","href":"https:\/\/api.w.org\/{rel}","templated":true}]}}