{"id":3097,"date":"2020-06-22T14:40:13","date_gmt":"2020-06-22T12:40:13","guid":{"rendered":"https:\/\/ws.co.rs\/daljinski-monitoring-alarmnog-monitoring\/"},"modified":"2021-03-19T11:17:26","modified_gmt":"2021-03-19T10:17:26","slug":"fernueberwachung-des-alarmsystems","status":"publish","type":"page","link":"https:\/\/ws.co.rs\/de\/dienstleistungen\/physischer-und-technischer-schutz\/fernueberwachung-des-alarmsystems\/","title":{"rendered":"Fern\u00fcberwachung des Alarmsystems"},"content":{"rendered":"\t\t<div data-elementor-type=\"wp-page\" data-elementor-id=\"3097\" class=\"elementor elementor-3097 elementor-100\" data-elementor-post-type=\"page\">\n\t\t\t\t\t\t<section class=\"elementor-section elementor-top-section elementor-element elementor-element-606c5e58 elementor-section-stretched elementor-section-height-min-height inside elementor-section-items-bottom elementor-section-content-bottom elementor-section-boxed elementor-section-height-default\" data-id=\"606c5e58\" data-element_type=\"section\" id=\"showcase\" data-settings=\"{&quot;stretch_section&quot;:&quot;section-stretched&quot;,&quot;background_background&quot;:&quot;gradient&quot;,&quot;shape_divider_bottom&quot;:&quot;tilt&quot;}\">\n\t\t\t\t\t<div class=\"elementor-shape elementor-shape-bottom\" aria-hidden=\"true\" data-negative=\"false\">\n\t\t\t<svg xmlns=\"http:\/\/www.w3.org\/2000\/svg\" viewBox=\"0 0 1000 100\" preserveAspectRatio=\"none\">\n\t<path class=\"elementor-shape-fill\" d=\"M0,6V0h1000v100L0,6z\"\/>\n<\/svg>\t\t<\/div>\n\t\t\t\t\t<div class=\"elementor-container elementor-column-gap-no\">\n\t\t\t\t\t<div class=\"elementor-column elementor-col-100 elementor-top-column elementor-element elementor-element-16ff28f5\" data-id=\"16ff28f5\" data-element_type=\"column\" data-settings=\"{&quot;background_background&quot;:&quot;classic&quot;}\">\n\t\t\t<div class=\"elementor-widget-wrap elementor-element-populated\">\n\t\t\t\t\t\t<div class=\"elementor-element elementor-element-4da816d6 elementor-widget elementor-widget-heading\" data-id=\"4da816d6\" data-element_type=\"widget\" data-widget_type=\"heading.default\">\n\t\t\t\t<div class=\"elementor-widget-container\">\n\t\t\t\t\t<h1 class=\"elementor-heading-title elementor-size-default\">Fern\u00fcberwachung <br>\nAlarmsystem<\/h1>\t\t\t\t<\/div>\n\t\t\t\t<\/div>\n\t\t\t\t<div class=\"elementor-element elementor-element-4be2dda7 elementor-widget elementor-widget-text-editor\" data-id=\"4be2dda7\" data-element_type=\"widget\" data-widget_type=\"text-editor.default\">\n\t\t\t\t<div class=\"elementor-widget-container\">\n\t\t\t\t\t\t\t\t\t<blockquote><p>\u201eGl\u00fcck ist kein Zufall; und es ist nicht einmal etwas, was Sie wollen sollten. Gl\u00fcck ist etwas, das du selbst erschaffst. \u201c<\/p><p>Jim Ron<\/p><\/blockquote>\t\t\t\t\t\t\t\t<\/div>\n\t\t\t\t<\/div>\n\t\t\t\t\t<\/div>\n\t\t<\/div>\n\t\t\t\t\t<\/div>\n\t\t<\/section>\n\t\t\t\t<section class=\"elementor-section elementor-top-section elementor-element elementor-element-13b6c398 pt-big pb-big elementor-section-boxed elementor-section-height-default elementor-section-height-default\" data-id=\"13b6c398\" data-element_type=\"section\" id=\"info\" data-settings=\"{&quot;background_background&quot;:&quot;classic&quot;,&quot;shape_divider_top&quot;:&quot;tilt&quot;}\">\n\t\t\t\t\t<div class=\"elementor-shape elementor-shape-top\" aria-hidden=\"true\" data-negative=\"false\">\n\t\t\t<svg xmlns=\"http:\/\/www.w3.org\/2000\/svg\" viewBox=\"0 0 1000 100\" preserveAspectRatio=\"none\">\n\t<path class=\"elementor-shape-fill\" d=\"M0,6V0h1000v100L0,6z\"\/>\n<\/svg>\t\t<\/div>\n\t\t\t\t\t<div class=\"elementor-container elementor-column-gap-default\">\n\t\t\t\t\t<div class=\"elementor-column elementor-col-100 elementor-top-column elementor-element elementor-element-525dd59b\" data-id=\"525dd59b\" data-element_type=\"column\">\n\t\t\t<div class=\"elementor-widget-wrap elementor-element-populated\">\n\t\t\t\t\t\t<div class=\"elementor-element elementor-element-19dabadc elementor-widget elementor-widget-text-editor\" data-id=\"19dabadc\" data-element_type=\"widget\" data-widget_type=\"text-editor.default\">\n\t\t\t\t<div class=\"elementor-widget-container\">\n\t\t\t\t\t\t\t\t\t<h3 style=\"text-align: center;\"><strong>Ihre wertvollsten Ressourcen erfordern absolutes Engagement im Kontext von Sicherheit und Kontinuit\u00e4t in Bezug auf Aktivit\u00e4ten<\/strong><\/h3><p>Um Alarmsystemen dabei zu helfen, das Risiko einer Straftat zu verringern, bietet Watchout Security einen Alarm\u00fcberwachungsdienst an.<\/p><p>Informationen zu Alarmsystemen finden Sie auf der Seite Alarmsysteme.<\/p><p>Die Alarm\u00fcberwachung ist ein Dienst zur Fern\u00fcberwachung des Alarmsystems.<\/p><p>Die \u00dcberwachung umfasst die \u00dcberwachung der Aktivierung des Alarms auf dem gesch\u00fctzten Objekt, die \u00dcberpr\u00fcfung der Ereignisse und die weitere Reaktion auf der Grundlage der gem\u00e4\u00df den Verfahren erhaltenen Informationen, um den Schaden zu verringern.<\/p><p>Die diensthabenden Sicherheitsbeamten sind verpflichtet, die Ursache des Alarms zu ermitteln und den Dienstnutzer zu informieren.<\/p><p>Wenn festgestellt wird, dass es Elemente gibt, die auf die Begehung einer Straftat hinweisen, sind die diensthabenden Personen laut Gesetz verpflichtet, die zust\u00e4ndige Polizeistation zu informieren. Abh\u00e4ngig von den Besonderheiten des Ereignisses, das zur Aktivierung des Alarmsystems gef\u00fchrt hat, rufen die diensthabenden Beamten des Kontrollzentrums die Feuerwehr und \/ oder den Rettungsdienst an.<\/p><p>Alarm\u00fcberwachung &#8211; Gefahren so fr\u00fch wie m\u00f6glich erkennen und die diensthabende Person warnen.<\/p><p>Jeder Benutzer des Alarmsystems, \u00fcber das die Fern\u00fcberwachung durchgef\u00fchrt wird, erh\u00e4lt von uns:<\/p><ul><li>Code &#8211; Eine Kombination von Nummern, die nur autorisierten Personen auf dem gesch\u00fctzten Objekt bekannt sind und zum Aktivieren oder Deaktivieren des Alarmsystems (sogenannte &#8222;Bewaffnung und Abr\u00fcstung&#8220;) dienen. Jeder Systemdienstbenutzer muss sein eigenes Kennwort haben.<\/li><li>Zwangscode &#8211; Nimmt an, dass der Servicebenutzer oder eine autorisierte Person des Servicebenutzers das Alarmsystem unter Zwang deaktiviert hat, und dient dem Betreiber des \u00dcberwachungszentrums als Zeichen, in solchen F\u00e4llen nach einem speziellen Verfahren zu handeln.<\/li><li>Passwort &#8211; Ein Wort oder eine Nummer, die nur dem Dienstnutzer und dem \u00dcberwachungszentrum bekannt ist und dazu dient, die Identit\u00e4t des Dienstnutzers oder einer autorisierten Person zu \u00fcberpr\u00fcfen, die in allen F\u00e4llen im Zusammenhang mit dem Betrieb des Alarm\u00fcberwachungsdienstes mit dem \u00dcberwachungszentrum kommuniziert .<\/li><li>Passwort unter Zwang &#8211; Ein anderes Wort oder eine andere Nummer als das tats\u00e4chliche Passwort und dient dem Betreiber des Kontrollzentrums als geheimes verbales Zeichen bei der \u00dcberpr\u00fcfung der Echtheit der Identit\u00e4t der Person, falls die Kommunikation unter Zwang erfolgt, d. H. dass der Servicebenutzer gezwungen ist zu sagen, dass der Zustand der Einrichtung normal ist.<\/li><\/ul><p>Empfohlene Dienste f\u00fcr zus\u00e4tzliche Sicherheit sind:<\/p><ul><li>Eingreifen im Falle einer Alarmsituation<\/li><li>vorbeugende Patrouillenteamtouren<\/li><li>Sicherheitsberichterstattung<\/li><li>Risikobewertung zum Schutz von Personen, Sachwerten und Unternehmen<\/li><\/ul>\t\t\t\t\t\t\t\t<\/div>\n\t\t\t\t<\/div>\n\t\t\t\t<div class=\"elementor-element elementor-element-523cdea elementor-align-center elementor-widget elementor-widget-button\" data-id=\"523cdea\" data-element_type=\"widget\" data-widget_type=\"button.default\">\n\t\t\t\t<div class=\"elementor-widget-container\">\n\t\t\t\t\t\t\t\t\t<div class=\"elementor-button-wrapper\">\n\t\t\t\t\t<a class=\"elementor-button elementor-button-link elementor-size-lg\" href=\"https:\/\/ws.co.rs\/de\/fragebogen\/fernueberwachung-des-alarmsystems\/\">\n\t\t\t\t\t\t<span class=\"elementor-button-content-wrapper\">\n\t\t\t\t\t\t<span class=\"elementor-button-icon\">\n\t\t\t\t<i aria-hidden=\"true\" class=\"fas fa-chevron-right\"><\/i>\t\t\t<\/span>\n\t\t\t\t\t\t\t\t\t<span class=\"elementor-button-text\">Eine Anfrage f\u00fcr ein Angebot<\/span>\n\t\t\t\t\t<\/span>\n\t\t\t\t\t<\/a>\n\t\t\t\t<\/div>\n\t\t\t\t\t\t\t\t<\/div>\n\t\t\t\t<\/div>\n\t\t\t\t\t<\/div>\n\t\t<\/div>\n\t\t\t\t\t<\/div>\n\t\t<\/section>\n\t\t\t\t<\/div>\n\t\t","protected":false},"excerpt":{"rendered":"<p>Fern\u00fcberwachung Alarmsystem \u201eGl\u00fcck ist kein Zufall; und es ist nicht einmal etwas, was Sie wollen sollten. Gl\u00fcck ist etwas, das du selbst erschaffst. \u201c Jim Ron Ihre wertvollsten Ressourcen erfordern absolutes Engagement im Kontext von Sicherheit und Kontinuit\u00e4t in Bezug auf Aktivit\u00e4ten Um Alarmsystemen dabei zu helfen, das Risiko einer Straftat zu verringern, bietet Watchout [&hellip;]<\/p>\n","protected":false},"author":1,"featured_media":0,"parent":3190,"menu_order":0,"comment_status":"closed","ping_status":"closed","template":"","meta":{"footnotes":""},"class_list":["post-3097","page","type-page","status-publish","hentry"],"aioseo_notices":[],"_links":{"self":[{"href":"https:\/\/ws.co.rs\/de\/wp-json\/wp\/v2\/pages\/3097","targetHints":{"allow":["GET"]}}],"collection":[{"href":"https:\/\/ws.co.rs\/de\/wp-json\/wp\/v2\/pages"}],"about":[{"href":"https:\/\/ws.co.rs\/de\/wp-json\/wp\/v2\/types\/page"}],"author":[{"embeddable":true,"href":"https:\/\/ws.co.rs\/de\/wp-json\/wp\/v2\/users\/1"}],"replies":[{"embeddable":true,"href":"https:\/\/ws.co.rs\/de\/wp-json\/wp\/v2\/comments?post=3097"}],"version-history":[{"count":5,"href":"https:\/\/ws.co.rs\/de\/wp-json\/wp\/v2\/pages\/3097\/revisions"}],"predecessor-version":[{"id":6513,"href":"https:\/\/ws.co.rs\/de\/wp-json\/wp\/v2\/pages\/3097\/revisions\/6513"}],"up":[{"embeddable":true,"href":"https:\/\/ws.co.rs\/de\/wp-json\/wp\/v2\/pages\/3190"}],"wp:attachment":[{"href":"https:\/\/ws.co.rs\/de\/wp-json\/wp\/v2\/media?parent=3097"}],"curies":[{"name":"wp","href":"https:\/\/api.w.org\/{rel}","templated":true}]}}