{"id":3088,"date":"2020-06-22T14:40:30","date_gmt":"2020-06-22T12:40:30","guid":{"rendered":"https:\/\/ws.co.rs\/daljinski-monitoring-sistema-video-obezbedenja\/"},"modified":"2021-03-19T11:17:16","modified_gmt":"2021-03-19T10:17:16","slug":"fernueberwachung-des-video-security-systems","status":"publish","type":"page","link":"https:\/\/ws.co.rs\/de\/dienstleistungen\/physischer-und-technischer-schutz\/fernueberwachung-des-video-security-systems\/","title":{"rendered":"Fern\u00fcberwachung des Video Security Systems"},"content":{"rendered":"\t\t<div data-elementor-type=\"wp-page\" data-elementor-id=\"3088\" class=\"elementor elementor-3088 elementor-102\" data-elementor-post-type=\"page\">\n\t\t\t\t\t\t<section class=\"elementor-section elementor-top-section elementor-element elementor-element-7daa91ce elementor-section-stretched elementor-section-height-min-height inside elementor-section-items-bottom elementor-section-content-bottom elementor-section-boxed elementor-section-height-default\" data-id=\"7daa91ce\" data-element_type=\"section\" id=\"showcase\" data-settings=\"{&quot;stretch_section&quot;:&quot;section-stretched&quot;,&quot;background_background&quot;:&quot;gradient&quot;,&quot;shape_divider_bottom&quot;:&quot;tilt&quot;}\">\n\t\t\t\t\t<div class=\"elementor-shape elementor-shape-bottom\" aria-hidden=\"true\" data-negative=\"false\">\n\t\t\t<svg xmlns=\"http:\/\/www.w3.org\/2000\/svg\" viewBox=\"0 0 1000 100\" preserveAspectRatio=\"none\">\n\t<path class=\"elementor-shape-fill\" d=\"M0,6V0h1000v100L0,6z\"\/>\n<\/svg>\t\t<\/div>\n\t\t\t\t\t<div class=\"elementor-container elementor-column-gap-no\">\n\t\t\t\t\t<div class=\"elementor-column elementor-col-100 elementor-top-column elementor-element elementor-element-2a8cf07b\" data-id=\"2a8cf07b\" data-element_type=\"column\" data-settings=\"{&quot;background_background&quot;:&quot;classic&quot;}\">\n\t\t\t<div class=\"elementor-widget-wrap elementor-element-populated\">\n\t\t\t\t\t\t<div class=\"elementor-element elementor-element-28325ef6 elementor-widget elementor-widget-heading\" data-id=\"28325ef6\" data-element_type=\"widget\" data-widget_type=\"heading.default\">\n\t\t\t\t<div class=\"elementor-widget-container\">\n\t\t\t\t\t<h1 class=\"elementor-heading-title elementor-size-default\">Remote-System\u00fcberwachung <br>\nSicherheitsvideo<\/h1>\t\t\t\t<\/div>\n\t\t\t\t<\/div>\n\t\t\t\t<div class=\"elementor-element elementor-element-4e3d3af7 elementor-widget elementor-widget-text-editor\" data-id=\"4e3d3af7\" data-element_type=\"widget\" data-widget_type=\"text-editor.default\">\n\t\t\t\t<div class=\"elementor-widget-container\">\n\t\t\t\t\t\t\t\t\t<blockquote><p>&#8222;Weise ist, wer keine Angst oder Hoffnung f\u00fcr das Ungewisse hat.&#8220;<\/p><p>Anatole Frankreich<\/p><\/blockquote>\t\t\t\t\t\t\t\t<\/div>\n\t\t\t\t<\/div>\n\t\t\t\t\t<\/div>\n\t\t<\/div>\n\t\t\t\t\t<\/div>\n\t\t<\/section>\n\t\t\t\t<section class=\"elementor-section elementor-top-section elementor-element elementor-element-5a31d6ae pt-big pb-big elementor-section-boxed elementor-section-height-default elementor-section-height-default\" data-id=\"5a31d6ae\" data-element_type=\"section\" id=\"info\" data-settings=\"{&quot;background_background&quot;:&quot;classic&quot;,&quot;shape_divider_top&quot;:&quot;tilt&quot;}\">\n\t\t\t\t\t<div class=\"elementor-shape elementor-shape-top\" aria-hidden=\"true\" data-negative=\"false\">\n\t\t\t<svg xmlns=\"http:\/\/www.w3.org\/2000\/svg\" viewBox=\"0 0 1000 100\" preserveAspectRatio=\"none\">\n\t<path class=\"elementor-shape-fill\" d=\"M0,6V0h1000v100L0,6z\"\/>\n<\/svg>\t\t<\/div>\n\t\t\t\t\t<div class=\"elementor-container elementor-column-gap-default\">\n\t\t\t\t\t<div class=\"elementor-column elementor-col-100 elementor-top-column elementor-element elementor-element-3414e648\" data-id=\"3414e648\" data-element_type=\"column\">\n\t\t\t<div class=\"elementor-widget-wrap elementor-element-populated\">\n\t\t\t\t\t\t<div class=\"elementor-element elementor-element-165b6366 elementor-widget elementor-widget-text-editor\" data-id=\"165b6366\" data-element_type=\"widget\" data-widget_type=\"text-editor.default\">\n\t\t\t\t<div class=\"elementor-widget-container\">\n\t\t\t\t\t\t\t\t\t<h3 style=\"text-align: center;\"><strong>Ein effizienterer Dienst zur Sicherung von Personen, Eigentum und Unternehmen in Bezug auf die Alarm\u00fcberwachung ist der Video\u00fcberwachungsdienst.<\/strong><\/h3><p>Die Video\u00fcberwachung impliziert eine vollst\u00e4ndige visuelle Kontrolle \u00fcber das Objekt.<\/p><p>Im Falle eines Vorfalls k\u00f6nnen geeignete Ma\u00dfnahmen ergriffen werden, um den Schaden zu minimieren.<\/p><p>Weitere Informationen zu Video\u00fcberwachungssystemen finden Sie auf der Seite zur Video\u00fcberwachung.<\/p><p><strong>Acht Vorteile des Remote-Video\u00fcberwachungsdienstes im Vergleich zu anderen Sicherheitsdiensten:<\/strong><\/p><ul><li>deutlich reduzierte Sicherheitskosten<\/li><li>f\u00fcr ein um mindestens 30% erh\u00f6htes Schutzniveau<\/li><li>einfachere Sicherheitskontrolle<\/li><li>reduzierter Einfluss und Fehler des menschlichen Faktors<\/li><li>erh\u00f6hte Informationssicherheit<\/li><li>unbegrenzte Anzahl von Berichtskan\u00e4len<\/li><li>reduzierte Sabotagem\u00f6glichkeit<\/li><li>langfristig reduzierte Sicherheitsrisiken<\/li><\/ul><p>Voraussetzung f\u00fcr die Video\u00fcberwachung ist die Installation eines effizienten Videosicherheitssystems, das an das \u00dcberwachungszentrum angeschlossen ist.<\/p><p>Der Video\u00fcberwachungsdienst bietet durch die Aktivit\u00e4ten der diensthabenden Sicherheitsbeauftragten auch eine Dimension des physischen Schutzes, wodurch diese Art der Sicherheit als die effektivste behandelt wird.<\/p><p>Die Software markiert Schutzzonen, in denen der Zugriff verboten ist und f\u00fcr die Reaktionsverfahren definiert sind.<\/p><p>F\u00fcr den Fall, dass eine nicht autorisierte Person vom Kontrollzentrum aus auf die gesch\u00fctzte Zone zugreift, warnt der diensthabende Bediener die Person \u00fcber den Lautsprecher, w\u00e4hrend die bidirektionale Kommunikation aktiviert ist. Der diensthabende Betreiber sendet unverz\u00fcglich einen elektronischen Bericht \u00fcber die an den gesch\u00fctzten Einrichtungen durchgef\u00fchrten Aktivit\u00e4ten.<\/p><p>Entsprechend Ihren Anforderungen wird der Zeitpunkt der Leistungserbringung festgelegt, dh die Zeitr\u00e4ume, in denen die Kameras \u00fcberwacht werden.<\/p><p>Empfohlene Dienste f\u00fcr zus\u00e4tzliche Sicherheit sind:<\/p><div class=\"ws-simple-style-cont ws-alt\"><div class=\"container\"><ul><li>Eingreifen im Falle einer Alarmsituation<\/li><li>vorbeugende Patrouillenteamtouren<\/li><li>Sicherheitsberichterstattung<\/li><li>Risikobewertung zum Schutz von Personen, Sachwerten und Unternehmen<\/li><\/ul><\/div><\/div>\t\t\t\t\t\t\t\t<\/div>\n\t\t\t\t<\/div>\n\t\t\t\t<div class=\"elementor-element elementor-element-b597f96 elementor-align-center elementor-widget elementor-widget-button\" data-id=\"b597f96\" data-element_type=\"widget\" data-widget_type=\"button.default\">\n\t\t\t\t<div class=\"elementor-widget-container\">\n\t\t\t\t\t\t\t\t\t<div class=\"elementor-button-wrapper\">\n\t\t\t\t\t<a class=\"elementor-button elementor-button-link elementor-size-lg\" href=\"https:\/\/ws.co.rs\/de\/fragebogen\/fernueberwachung-des-videosicherheitssystems\/\">\n\t\t\t\t\t\t<span class=\"elementor-button-content-wrapper\">\n\t\t\t\t\t\t<span class=\"elementor-button-icon\">\n\t\t\t\t<i aria-hidden=\"true\" class=\"fas fa-chevron-right\"><\/i>\t\t\t<\/span>\n\t\t\t\t\t\t\t\t\t<span class=\"elementor-button-text\">Eine Anfrage f\u00fcr ein Angebot<\/span>\n\t\t\t\t\t<\/span>\n\t\t\t\t\t<\/a>\n\t\t\t\t<\/div>\n\t\t\t\t\t\t\t\t<\/div>\n\t\t\t\t<\/div>\n\t\t\t\t\t<\/div>\n\t\t<\/div>\n\t\t\t\t\t<\/div>\n\t\t<\/section>\n\t\t\t\t<\/div>\n\t\t","protected":false},"excerpt":{"rendered":"<p>Remote-System\u00fcberwachung Sicherheitsvideo &#8222;Weise ist, wer keine Angst oder Hoffnung f\u00fcr das Ungewisse hat.&#8220; Anatole Frankreich Ein effizienterer Dienst zur Sicherung von Personen, Eigentum und Unternehmen in Bezug auf die Alarm\u00fcberwachung ist der Video\u00fcberwachungsdienst. Die Video\u00fcberwachung impliziert eine vollst\u00e4ndige visuelle Kontrolle \u00fcber das Objekt. Im Falle eines Vorfalls k\u00f6nnen geeignete Ma\u00dfnahmen ergriffen werden, um den Schaden [&hellip;]<\/p>\n","protected":false},"author":1,"featured_media":0,"parent":3190,"menu_order":0,"comment_status":"closed","ping_status":"closed","template":"","meta":{"footnotes":""},"class_list":["post-3088","page","type-page","status-publish","hentry"],"aioseo_notices":[],"_links":{"self":[{"href":"https:\/\/ws.co.rs\/de\/wp-json\/wp\/v2\/pages\/3088","targetHints":{"allow":["GET"]}}],"collection":[{"href":"https:\/\/ws.co.rs\/de\/wp-json\/wp\/v2\/pages"}],"about":[{"href":"https:\/\/ws.co.rs\/de\/wp-json\/wp\/v2\/types\/page"}],"author":[{"embeddable":true,"href":"https:\/\/ws.co.rs\/de\/wp-json\/wp\/v2\/users\/1"}],"replies":[{"embeddable":true,"href":"https:\/\/ws.co.rs\/de\/wp-json\/wp\/v2\/comments?post=3088"}],"version-history":[{"count":5,"href":"https:\/\/ws.co.rs\/de\/wp-json\/wp\/v2\/pages\/3088\/revisions"}],"predecessor-version":[{"id":6510,"href":"https:\/\/ws.co.rs\/de\/wp-json\/wp\/v2\/pages\/3088\/revisions\/6510"}],"up":[{"embeddable":true,"href":"https:\/\/ws.co.rs\/de\/wp-json\/wp\/v2\/pages\/3190"}],"wp:attachment":[{"href":"https:\/\/ws.co.rs\/de\/wp-json\/wp\/v2\/media?parent=3088"}],"curies":[{"name":"wp","href":"https:\/\/api.w.org\/{rel}","templated":true}]}}