{"id":3078,"date":"2020-06-22T14:40:41","date_gmt":"2020-06-22T12:40:41","guid":{"rendered":"https:\/\/ws.co.rs\/mobilni-integrisani-sistema-obezbedenja\/"},"modified":"2021-03-19T11:17:08","modified_gmt":"2021-03-19T10:17:08","slug":"mobiles-integriertes-sicherheitssystem","status":"publish","type":"page","link":"https:\/\/ws.co.rs\/de\/dienstleistungen\/physischer-und-technischer-schutz\/mobiles-integriertes-sicherheitssystem\/","title":{"rendered":"Mobiles integriertes Sicherheitssystem"},"content":{"rendered":"\t\t<div data-elementor-type=\"wp-page\" data-elementor-id=\"3078\" class=\"elementor elementor-3078 elementor-104\" data-elementor-post-type=\"page\">\n\t\t\t\t\t\t<section class=\"elementor-section elementor-top-section elementor-element elementor-element-339eac1 elementor-section-stretched elementor-section-height-min-height inside elementor-section-items-bottom elementor-section-content-bottom elementor-section-boxed elementor-section-height-default\" data-id=\"339eac1\" data-element_type=\"section\" id=\"showcase\" data-settings=\"{&quot;stretch_section&quot;:&quot;section-stretched&quot;,&quot;background_background&quot;:&quot;gradient&quot;,&quot;shape_divider_bottom&quot;:&quot;tilt&quot;}\">\n\t\t\t\t\t<div class=\"elementor-shape elementor-shape-bottom\" aria-hidden=\"true\" data-negative=\"false\">\n\t\t\t<svg xmlns=\"http:\/\/www.w3.org\/2000\/svg\" viewBox=\"0 0 1000 100\" preserveAspectRatio=\"none\">\n\t<path class=\"elementor-shape-fill\" d=\"M0,6V0h1000v100L0,6z\"\/>\n<\/svg>\t\t<\/div>\n\t\t\t\t\t<div class=\"elementor-container elementor-column-gap-no\">\n\t\t\t\t\t<div class=\"elementor-column elementor-col-100 elementor-top-column elementor-element elementor-element-55e948f2\" data-id=\"55e948f2\" data-element_type=\"column\" data-settings=\"{&quot;background_background&quot;:&quot;classic&quot;}\">\n\t\t\t<div class=\"elementor-widget-wrap elementor-element-populated\">\n\t\t\t\t\t\t<div class=\"elementor-element elementor-element-5d57bdde elementor-widget elementor-widget-heading\" data-id=\"5d57bdde\" data-element_type=\"widget\" data-widget_type=\"heading.default\">\n\t\t\t\t<div class=\"elementor-widget-container\">\n\t\t\t\t\t<h1 class=\"elementor-heading-title elementor-size-default\">Mobiles integriertes Sicherheitssystem<\/h1>\t\t\t\t<\/div>\n\t\t\t\t<\/div>\n\t\t\t\t<div class=\"elementor-element elementor-element-45a410f elementor-widget elementor-widget-text-editor\" data-id=\"45a410f\" data-element_type=\"widget\" data-widget_type=\"text-editor.default\">\n\t\t\t\t<div class=\"elementor-widget-container\">\n\t\t\t\t\t\t\t\t\t<blockquote><p>&#8222;Jede Minute f\u00fchren wir eine Risikoanalyse durch, die meisten ergreifen Ma\u00dfnahmen und einige treffen gute Entscheidungen.&#8220;<\/p><p>Vladimir Ja\u0107imovi\u0107, Direktor und Gr\u00fcnder von Watchout Security doo<\/p><\/blockquote>\t\t\t\t\t\t\t\t<\/div>\n\t\t\t\t<\/div>\n\t\t\t\t\t<\/div>\n\t\t<\/div>\n\t\t\t\t\t<\/div>\n\t\t<\/section>\n\t\t\t\t<section class=\"elementor-section elementor-top-section elementor-element elementor-element-5d14f4a pt-big pb-big elementor-section-boxed elementor-section-height-default elementor-section-height-default\" data-id=\"5d14f4a\" data-element_type=\"section\" id=\"info\" data-settings=\"{&quot;background_background&quot;:&quot;classic&quot;,&quot;shape_divider_top&quot;:&quot;tilt&quot;}\">\n\t\t\t\t\t<div class=\"elementor-shape elementor-shape-top\" aria-hidden=\"true\" data-negative=\"false\">\n\t\t\t<svg xmlns=\"http:\/\/www.w3.org\/2000\/svg\" viewBox=\"0 0 1000 100\" preserveAspectRatio=\"none\">\n\t<path class=\"elementor-shape-fill\" d=\"M0,6V0h1000v100L0,6z\"\/>\n<\/svg>\t\t<\/div>\n\t\t\t\t\t<div class=\"elementor-container elementor-column-gap-default\">\n\t\t\t\t\t<div class=\"elementor-column elementor-col-100 elementor-top-column elementor-element elementor-element-7b34e877\" data-id=\"7b34e877\" data-element_type=\"column\">\n\t\t\t<div class=\"elementor-widget-wrap elementor-element-populated\">\n\t\t\t\t\t\t<div class=\"elementor-element elementor-element-7efb4ba elementor-widget elementor-widget-text-editor\" data-id=\"7efb4ba\" data-element_type=\"widget\" data-widget_type=\"text-editor.default\">\n\t\t\t\t<div class=\"elementor-widget-container\">\n\t\t\t\t\t\t\t\t\t<h2 style=\"text-align: center;\"><strong>M.I.S.<\/strong><\/h2><h3 style=\"text-align: center;\"><strong>Mobiles integriertes Sicherheitssystem<\/strong><\/h3><h4 style=\"text-align: center;\"><strong>deren Grundfunktion der Schutz von Eigentum unter bestimmten Bedingungen und an abgelegenen Einrichtungen und Anlagen ist.<\/strong><\/h4><p style=\"text-align: left;\"><strong>Die einfache Portabilit\u00e4t und Anpassung an verschiedene Gebiete macht das System vollst\u00e4ndig mobil. Es kombiniert die Funktion des technischen Schutzes durch ein Alarmsystem, ein Videosicherheitssystem und ein System zur Aufzeichnung der Anwesenheit und des physischen Schutzes durch Fern\u00fcberwachung vom Kontrollzentrum aus.<\/strong><\/p><div class=\"ws-simple-style-cont ws-alt ws-first\"><div class=\"container\"><p>Es richtet sich an alle Unternehmen, die Schutz ben\u00f6tigen, jedoch keine dauerhafte physische Sicherheit (Anwesenheit von Sicherheitsbeauftragten) haben, z. B. Baustellen, Transformatorstationen, Schaltanlagen, Telekommunikationsanlagen, Brunnen, Stauseen, offene Lagerh\u00e4user, landwirtschaftliche Fl\u00e4chen usw.<\/p><p>Alle Ereignisse von Remote-Objekten werden derzeit an das Watchout Security Control Center \u00fcbertragen, das sie in der Datenbank registriert. Alle Informationen \u00fcber autorisierte und nicht autorisierte Anwesenheit in einer der entfernten Einrichtungen werden zusammen mit einem akustischen Alarm derzeit im M.I.S. \u00dcberwachungsanwendungen. Jede Pr\u00e4senz auf dem Motiv l\u00f6st die Aufzeichnung der entsprechenden IP-Kamera aus.<\/p><p>M.I.S. bietet dem Benutzer die M\u00f6glichkeit, ein mobiles integriertes Sicherheitssystem \u00fcber Anwendungen zu verwalten. Autorisierte Personen sind verpflichtet, die Ankunft \/ Abreise aufzuzeichnen, indem sie ihren Personalausweis zum entsprechenden kontaktlosen Leseger\u00e4t bringen, das an einer sichtbar gekennzeichneten Stangenhalterung angebracht ist.<\/p><p>Das zu installierende Ger\u00e4t ist f\u00fcr die Installation im Freien vorgesehen und wird auf S\u00e4ulenst\u00fctzen mit auff\u00e4lliger roter Farbe mit sichtbaren Textbenachrichtigungen und Warnungen montiert.<\/p><\/div><\/div><div class=\"ws-simple-style-cont ws-alt\"><div class=\"container\"><p><strong>Das System besteht aus:<\/strong><\/p><ul><li>Einbruchmeldeanlage &#8211; Alarmsensoren zur Bewegungserkennung &#8211; Anwesenheit unbefugter Personen;<\/li><li>Anwesenheitsaufzeichnungssystem &#8211; kontaktloser ID-Kartenleser zur Aufzeichnung der Anwesenheit autorisierter Personen;<\/li><li>Video-Sicherheitssystem &#8211; hochaufl\u00f6sende IP-Kameras;<\/li><li>S6 Feuerl\u00f6scher und Erste Hilfe;<\/li><li>Zweiwege-Audiokommunikation mit der Zentrale;<\/li><li>Alarmsirenen mit stroboskopischem Licht.<\/li><\/ul><\/div><\/div><div class=\"ws-simple-style-cont ws-alt ws-triangle-holder ws-triangle-light\"><div class=\"container\"><p><strong>Zus\u00e4tzliche Dienstleistungen M.I.S. Systeme sind:<\/strong><\/p><ul><li>Alarm\u00fcberwachung vom Kontrollzentrum aus;<\/li><li>Video\u00fcberwachung durch Sicherheitsbeamte;<\/li><li>Periodischer Bericht vom Anwesenheitsaufzeichnungssystem.<\/li><\/ul><\/div><\/div><div class=\"ws-simple-style-cont ws-alt\"><div class=\"container\"><p><strong>Zur au\u00dfergew\u00f6hnlichen Aktualit\u00e4t von M.I.S. Systeme sind betroffen von:<\/strong><\/p><ul><li>Notwendigkeit eines zentralen \u00dcberwachungssystems;<\/li><li>Verhinderung einer wachsenden Anzahl von Diebst\u00e4hlen;<\/li><li>Der Trend zur Verringerung der physischen Sicherheit;<\/li><li>Hohe GSM-Netzabdeckung und sehr niedrige GPRS-Verkehrskosten<\/li><\/ul><\/div><\/div>\t\t\t\t\t\t\t\t<\/div>\n\t\t\t\t<\/div>\n\t\t\t\t<div class=\"elementor-element elementor-element-49a3cc3 elementor-align-center elementor-widget elementor-widget-button\" data-id=\"49a3cc3\" data-element_type=\"widget\" data-widget_type=\"button.default\">\n\t\t\t\t<div class=\"elementor-widget-container\">\n\t\t\t\t\t\t\t\t\t<div class=\"elementor-button-wrapper\">\n\t\t\t\t\t<a class=\"elementor-button elementor-button-link elementor-size-lg\" href=\"https:\/\/ws.co.rs\/de\/fragebogen\/mobiles-integriertes-sicherheitssystem\/\">\n\t\t\t\t\t\t<span class=\"elementor-button-content-wrapper\">\n\t\t\t\t\t\t<span class=\"elementor-button-icon\">\n\t\t\t\t<i aria-hidden=\"true\" class=\"fas fa-chevron-right\"><\/i>\t\t\t<\/span>\n\t\t\t\t\t\t\t\t\t<span class=\"elementor-button-text\">Eine Anfrage f\u00fcr ein Angebot<\/span>\n\t\t\t\t\t<\/span>\n\t\t\t\t\t<\/a>\n\t\t\t\t<\/div>\n\t\t\t\t\t\t\t\t<\/div>\n\t\t\t\t<\/div>\n\t\t\t\t\t<\/div>\n\t\t<\/div>\n\t\t\t\t\t<\/div>\n\t\t<\/section>\n\t\t\t\t<\/div>\n\t\t","protected":false},"excerpt":{"rendered":"<p>&#8222;Jede Minute f\u00fchren wir eine Risikoanalyse durch, die meisten ergreifen Ma\u00dfnahmen und einige treffen gute Entscheidungen.&#8220; Vladimir Ja\u0107imovi\u0107, Direktor und Gr\u00fcnder von Watchout Security doo M.I.S. Mobiles integriertes Sicherheitssystem deren Grundfunktion der Schutz von Eigentum unter bestimmten Bedingungen und an abgelegenen Einrichtungen und Anlagen ist. Die einfache Portabilit\u00e4t und Anpassung an verschiedene Gebiete macht das [&hellip;]<\/p>\n","protected":false},"author":1,"featured_media":0,"parent":3190,"menu_order":0,"comment_status":"closed","ping_status":"closed","template":"","meta":{"footnotes":""},"class_list":["post-3078","page","type-page","status-publish","hentry"],"aioseo_notices":[],"_links":{"self":[{"href":"https:\/\/ws.co.rs\/de\/wp-json\/wp\/v2\/pages\/3078","targetHints":{"allow":["GET"]}}],"collection":[{"href":"https:\/\/ws.co.rs\/de\/wp-json\/wp\/v2\/pages"}],"about":[{"href":"https:\/\/ws.co.rs\/de\/wp-json\/wp\/v2\/types\/page"}],"author":[{"embeddable":true,"href":"https:\/\/ws.co.rs\/de\/wp-json\/wp\/v2\/users\/1"}],"replies":[{"embeddable":true,"href":"https:\/\/ws.co.rs\/de\/wp-json\/wp\/v2\/comments?post=3078"}],"version-history":[{"count":5,"href":"https:\/\/ws.co.rs\/de\/wp-json\/wp\/v2\/pages\/3078\/revisions"}],"predecessor-version":[{"id":6507,"href":"https:\/\/ws.co.rs\/de\/wp-json\/wp\/v2\/pages\/3078\/revisions\/6507"}],"up":[{"embeddable":true,"href":"https:\/\/ws.co.rs\/de\/wp-json\/wp\/v2\/pages\/3190"}],"wp:attachment":[{"href":"https:\/\/ws.co.rs\/de\/wp-json\/wp\/v2\/media?parent=3078"}],"curies":[{"name":"wp","href":"https:\/\/api.w.org\/{rel}","templated":true}]}}