{"id":3071,"date":"2020-06-22T14:40:48","date_gmt":"2020-06-22T12:40:48","guid":{"rendered":"https:\/\/ws.co.rs\/sos-sistem\/"},"modified":"2021-03-19T11:16:57","modified_gmt":"2021-03-19T10:16:57","slug":"sos-system","status":"publish","type":"page","link":"https:\/\/ws.co.rs\/de\/dienstleistungen\/physischer-und-technischer-schutz\/sos-system\/","title":{"rendered":"SOS-System"},"content":{"rendered":"\t\t<div data-elementor-type=\"wp-page\" data-elementor-id=\"3071\" class=\"elementor elementor-3071 elementor-106\" data-elementor-post-type=\"page\">\n\t\t\t\t\t\t<section class=\"elementor-section elementor-top-section elementor-element elementor-element-73091f6f elementor-section-stretched elementor-section-height-min-height inside elementor-section-items-bottom elementor-section-content-bottom elementor-section-boxed elementor-section-height-default\" data-id=\"73091f6f\" data-element_type=\"section\" id=\"showcase\" data-settings=\"{&quot;stretch_section&quot;:&quot;section-stretched&quot;,&quot;background_background&quot;:&quot;gradient&quot;,&quot;shape_divider_bottom&quot;:&quot;tilt&quot;}\">\n\t\t\t\t\t<div class=\"elementor-shape elementor-shape-bottom\" aria-hidden=\"true\" data-negative=\"false\">\n\t\t\t<svg xmlns=\"http:\/\/www.w3.org\/2000\/svg\" viewBox=\"0 0 1000 100\" preserveAspectRatio=\"none\">\n\t<path class=\"elementor-shape-fill\" d=\"M0,6V0h1000v100L0,6z\"\/>\n<\/svg>\t\t<\/div>\n\t\t\t\t\t<div class=\"elementor-container elementor-column-gap-no\">\n\t\t\t\t\t<div class=\"elementor-column elementor-col-100 elementor-top-column elementor-element elementor-element-3356c031\" data-id=\"3356c031\" data-element_type=\"column\" data-settings=\"{&quot;background_background&quot;:&quot;classic&quot;}\">\n\t\t\t<div class=\"elementor-widget-wrap elementor-element-populated\">\n\t\t\t\t\t\t<div class=\"elementor-element elementor-element-24e63459 elementor-widget elementor-widget-heading\" data-id=\"24e63459\" data-element_type=\"widget\" data-widget_type=\"heading.default\">\n\t\t\t\t<div class=\"elementor-widget-container\">\n\t\t\t\t\t<h1 class=\"elementor-heading-title elementor-size-default\">SOS-System<\/h1>\t\t\t\t<\/div>\n\t\t\t\t<\/div>\n\t\t\t\t<div class=\"elementor-element elementor-element-1ad50ef6 elementor-widget elementor-widget-text-editor\" data-id=\"1ad50ef6\" data-element_type=\"widget\" data-widget_type=\"text-editor.default\">\n\t\t\t\t<div class=\"elementor-widget-container\">\n\t\t\t\t\t\t\t\t\t<p>Das Konzept der &#8222;goldenen Stunde&#8220;<\/p>\t\t\t\t\t\t\t\t<\/div>\n\t\t\t\t<\/div>\n\t\t\t\t\t<\/div>\n\t\t<\/div>\n\t\t\t\t\t<\/div>\n\t\t<\/section>\n\t\t\t\t<section class=\"elementor-section elementor-top-section elementor-element elementor-element-7f067f53 pt-big pb-big elementor-section-boxed elementor-section-height-default elementor-section-height-default\" data-id=\"7f067f53\" data-element_type=\"section\" id=\"info\" data-settings=\"{&quot;background_background&quot;:&quot;classic&quot;,&quot;shape_divider_top&quot;:&quot;tilt&quot;}\">\n\t\t\t\t\t<div class=\"elementor-shape elementor-shape-top\" aria-hidden=\"true\" data-negative=\"false\">\n\t\t\t<svg xmlns=\"http:\/\/www.w3.org\/2000\/svg\" viewBox=\"0 0 1000 100\" preserveAspectRatio=\"none\">\n\t<path class=\"elementor-shape-fill\" d=\"M0,6V0h1000v100L0,6z\"\/>\n<\/svg>\t\t<\/div>\n\t\t\t\t\t<div class=\"elementor-container elementor-column-gap-default\">\n\t\t\t\t\t<div class=\"elementor-column elementor-col-100 elementor-top-column elementor-element elementor-element-21b71b5c\" data-id=\"21b71b5c\" data-element_type=\"column\">\n\t\t\t<div class=\"elementor-widget-wrap elementor-element-populated\">\n\t\t\t\t\t\t<div class=\"elementor-element elementor-element-4f849dd2 elementor-widget elementor-widget-text-editor\" data-id=\"4f849dd2\" data-element_type=\"widget\" data-widget_type=\"text-editor.default\">\n\t\t\t\t<div class=\"elementor-widget-container\">\n\t\t\t\t\t\t\t\t\t<h3 style=\"text-align: center;\"><strong>Wussten Sie, dass 50% der \u00fcber 60-J\u00e4hrigen nach einem Sturz nicht mehr alleine aufstehen k\u00f6nnen, sondern Hilfe von jemandem ben\u00f6tigen?<\/strong><\/h3><p>In der Medizin ist das Konzept der &#8222;goldenen Stunde&#8220; bekannt, das darauf hinweist, dass f\u00fcr eine Person, bei der eine unerw\u00fcnschte gesundheitliche Komplikation aufgetreten ist, eine professionelle medizinische Versorgung in der ersten Stunde nach dem Auftreten des Gesundheitsproblems von entscheidender Bedeutung ist.<\/p><p>Daher ist eine schnelle Reaktion einer der wichtigsten Faktoren, um das Auftreten weiterer gesundheitlicher Komplikationen oder sogar eines t\u00f6dlichen Ausganges zu verhindern.<\/p><p>Eine gef\u00e4hrdete Person hat bessere Heilungschancen, wenn ab dem Zeitpunkt des Auftretens des Gesundheitsproblems so schnell wie m\u00f6glich professionelle medizinische Versorgung bereitgestellt wird.<\/p><p>Wenn ein pl\u00f6tzliches Gesundheitsproblem auftritt, z\u00e4hlt jede Sekunde. Es gibt eine Reihe von Situationen, in denen <strong>Der medizinische Panikknopf kann eine Schl\u00fcsselrolle spielen und wird besonders empfohlen:<\/strong><\/p><ul><li>allein lebende \u00e4ltere Menschen;<\/li><li>Menschen mit einem h\u00f6heren Sturzrisiko, wie Menschen mit Arthritis, Parkinson, chronischer Ohnmacht;<\/li><li>Menschen mit chronischen Gesundheitsproblemen wie Epilepsie, Demenz, Arthritis, Muskelerkrankungen, Herzproblemen usw.;<\/li><li>Querschnittsgel\u00e4hmte.<\/li><\/ul><p><strong>Der medizinische Panikknopf bietet Servicebenutzern eine Reihe von Vorteilen durch:<\/strong><\/p><ul><li>die schnellstm\u00f6gliche Reaktion bei pl\u00f6tzlichen Gesundheitsproblemen;<\/li><li>F\u00e4higkeit, 24 Stunden am Tag, 7 Tage die Woche, 365 Tage im Jahr zu reagieren;<\/li><li>Benutzerfreundlichkeit und Zuverl\u00e4ssigkeit des Ger\u00e4ts;<\/li><li>ein Gef\u00fchl der Ruhe f\u00fcr Benutzer und ihre Lieben;<\/li><li>So kann der Benutzer seine Privatsph\u00e4re bewahren und unabh\u00e4ngig von zu Hause aus unabh\u00e4ngig bleiben.<\/li><\/ul>\t\t\t\t\t\t\t\t<\/div>\n\t\t\t\t<\/div>\n\t\t\t\t<div class=\"elementor-element elementor-element-4b469fb elementor-align-center elementor-widget elementor-widget-button\" data-id=\"4b469fb\" data-element_type=\"widget\" data-widget_type=\"button.default\">\n\t\t\t\t<div class=\"elementor-widget-container\">\n\t\t\t\t\t\t\t\t\t<div class=\"elementor-button-wrapper\">\n\t\t\t\t\t<a class=\"elementor-button elementor-button-link elementor-size-lg\" href=\"https:\/\/ws.co.rs\/de\/fragebogen\/sos-system\/\">\n\t\t\t\t\t\t<span class=\"elementor-button-content-wrapper\">\n\t\t\t\t\t\t<span class=\"elementor-button-icon\">\n\t\t\t\t<i aria-hidden=\"true\" class=\"fas fa-chevron-right\"><\/i>\t\t\t<\/span>\n\t\t\t\t\t\t\t\t\t<span class=\"elementor-button-text\">Eine Anfrage f\u00fcr ein Angebot<\/span>\n\t\t\t\t\t<\/span>\n\t\t\t\t\t<\/a>\n\t\t\t\t<\/div>\n\t\t\t\t\t\t\t\t<\/div>\n\t\t\t\t<\/div>\n\t\t\t\t\t<\/div>\n\t\t<\/div>\n\t\t\t\t\t<\/div>\n\t\t<\/section>\n\t\t\t\t<\/div>\n\t\t","protected":false},"excerpt":{"rendered":"<p>Das Konzept der &#8222;goldenen Stunde&#8220; Wussten Sie, dass 50% der \u00fcber 60-J\u00e4hrigen nach einem Sturz nicht mehr alleine aufstehen k\u00f6nnen, sondern Hilfe von jemandem ben\u00f6tigen? In der Medizin ist das Konzept der &#8222;goldenen Stunde&#8220; bekannt, das darauf hinweist, dass f\u00fcr eine Person, bei der eine unerw\u00fcnschte gesundheitliche Komplikation aufgetreten ist, eine professionelle medizinische Versorgung in [&hellip;]<\/p>\n","protected":false},"author":1,"featured_media":0,"parent":3190,"menu_order":0,"comment_status":"closed","ping_status":"closed","template":"","meta":{"footnotes":""},"class_list":["post-3071","page","type-page","status-publish","hentry"],"aioseo_notices":[],"_links":{"self":[{"href":"https:\/\/ws.co.rs\/de\/wp-json\/wp\/v2\/pages\/3071","targetHints":{"allow":["GET"]}}],"collection":[{"href":"https:\/\/ws.co.rs\/de\/wp-json\/wp\/v2\/pages"}],"about":[{"href":"https:\/\/ws.co.rs\/de\/wp-json\/wp\/v2\/types\/page"}],"author":[{"embeddable":true,"href":"https:\/\/ws.co.rs\/de\/wp-json\/wp\/v2\/users\/1"}],"replies":[{"embeddable":true,"href":"https:\/\/ws.co.rs\/de\/wp-json\/wp\/v2\/comments?post=3071"}],"version-history":[{"count":5,"href":"https:\/\/ws.co.rs\/de\/wp-json\/wp\/v2\/pages\/3071\/revisions"}],"predecessor-version":[{"id":6504,"href":"https:\/\/ws.co.rs\/de\/wp-json\/wp\/v2\/pages\/3071\/revisions\/6504"}],"up":[{"embeddable":true,"href":"https:\/\/ws.co.rs\/de\/wp-json\/wp\/v2\/pages\/3190"}],"wp:attachment":[{"href":"https:\/\/ws.co.rs\/de\/wp-json\/wp\/v2\/media?parent=3071"}],"curies":[{"name":"wp","href":"https:\/\/api.w.org\/{rel}","templated":true}]}}