{"id":3066,"date":"2020-06-22T14:41:00","date_gmt":"2020-06-22T12:41:00","guid":{"rendered":"https:\/\/ws.co.rs\/procena-rizika-u-zastiti-lica-imovine-i-poslovanja\/"},"modified":"2021-03-19T11:18:54","modified_gmt":"2021-03-19T10:18:54","slug":"risikobewertung-zum-schutz-von-personen-sachwerten-und-unternehmen","status":"publish","type":"page","link":"https:\/\/ws.co.rs\/de\/dienstleistungen\/sicherheitsberatung\/risikobewertung-zum-schutz-von-personen-sachwerten-und-unternehmen\/","title":{"rendered":"Risikobewertung zum Schutz von Personen, Sachwerten und Unternehmen"},"content":{"rendered":"\t\t<div data-elementor-type=\"wp-page\" data-elementor-id=\"3066\" class=\"elementor elementor-3066 elementor-108\" data-elementor-post-type=\"page\">\n\t\t\t\t\t\t<section class=\"elementor-section elementor-top-section elementor-element elementor-element-6cea4f3e elementor-section-stretched elementor-section-height-min-height inside elementor-section-items-bottom elementor-section-content-bottom elementor-section-boxed elementor-section-height-default\" data-id=\"6cea4f3e\" data-element_type=\"section\" id=\"showcase\" data-settings=\"{&quot;stretch_section&quot;:&quot;section-stretched&quot;,&quot;background_background&quot;:&quot;gradient&quot;,&quot;shape_divider_bottom&quot;:&quot;tilt&quot;}\">\n\t\t\t\t\t<div class=\"elementor-shape elementor-shape-bottom\" aria-hidden=\"true\" data-negative=\"false\">\n\t\t\t<svg xmlns=\"http:\/\/www.w3.org\/2000\/svg\" viewBox=\"0 0 1000 100\" preserveAspectRatio=\"none\">\n\t<path class=\"elementor-shape-fill\" d=\"M0,6V0h1000v100L0,6z\"\/>\n<\/svg>\t\t<\/div>\n\t\t\t\t\t<div class=\"elementor-container elementor-column-gap-no\">\n\t\t\t\t\t<div class=\"elementor-column elementor-col-100 elementor-top-column elementor-element elementor-element-7011dfac\" data-id=\"7011dfac\" data-element_type=\"column\" data-settings=\"{&quot;background_background&quot;:&quot;classic&quot;}\">\n\t\t\t<div class=\"elementor-widget-wrap elementor-element-populated\">\n\t\t\t\t\t\t<div class=\"elementor-element elementor-element-7533261c elementor-widget elementor-widget-heading\" data-id=\"7533261c\" data-element_type=\"widget\" data-widget_type=\"heading.default\">\n\t\t\t\t<div class=\"elementor-widget-container\">\n\t\t\t\t\t<h1 class=\"elementor-heading-title elementor-size-default\">Risikobewertung zum Schutz von Personen, Sachwerten und Unternehmen<\/h1>\t\t\t\t<\/div>\n\t\t\t\t<\/div>\n\t\t\t\t<div class=\"elementor-element elementor-element-29cf5583 elementor-widget elementor-widget-text-editor\" data-id=\"29cf5583\" data-element_type=\"widget\" data-widget_type=\"text-editor.default\">\n\t\t\t\t<div class=\"elementor-widget-container\">\n\t\t\t\t\t\t\t\t\t<p>&#8222;Praestat warnela quam medela.&#8220; &#8211; &#8222;Besser zu verhindern als zu behandeln.&#8220;<\/p>\t\t\t\t\t\t\t\t<\/div>\n\t\t\t\t<\/div>\n\t\t\t\t\t<\/div>\n\t\t<\/div>\n\t\t\t\t\t<\/div>\n\t\t<\/section>\n\t\t\t\t<section class=\"elementor-section elementor-top-section elementor-element elementor-element-6badf525 pt-big pb-big elementor-section-boxed elementor-section-height-default elementor-section-height-default\" data-id=\"6badf525\" data-element_type=\"section\" id=\"info\" data-settings=\"{&quot;background_background&quot;:&quot;classic&quot;,&quot;shape_divider_top&quot;:&quot;tilt&quot;}\">\n\t\t\t\t\t<div class=\"elementor-shape elementor-shape-top\" aria-hidden=\"true\" data-negative=\"false\">\n\t\t\t<svg xmlns=\"http:\/\/www.w3.org\/2000\/svg\" viewBox=\"0 0 1000 100\" preserveAspectRatio=\"none\">\n\t<path class=\"elementor-shape-fill\" d=\"M0,6V0h1000v100L0,6z\"\/>\n<\/svg>\t\t<\/div>\n\t\t\t\t\t<div class=\"elementor-container elementor-column-gap-default\">\n\t\t\t\t\t<div class=\"elementor-column elementor-col-100 elementor-top-column elementor-element elementor-element-78be4a5\" data-id=\"78be4a5\" data-element_type=\"column\">\n\t\t\t<div class=\"elementor-widget-wrap elementor-element-populated\">\n\t\t\t\t\t\t<div class=\"elementor-element elementor-element-44244c58 elementor-widget elementor-widget-text-editor\" data-id=\"44244c58\" data-element_type=\"widget\" data-widget_type=\"text-editor.default\">\n\t\t\t\t<div class=\"elementor-widget-container\">\n\t\t\t\t\t\t\t\t\t<h3 style=\"text-align: center;\">Wissen Sie, dass Sie nach dem Gesetz \u00fcber die private Sicherheit verpflichtet sind, ein Risikobewertungsgesetz zu haben?<\/h3><p>Ziel der Risikobewertung ist es, dem Kunden den Grad des Risikos darzustellen, dem Personen, ihre Verm\u00f6genswerte und Operationen ausgesetzt sind.<\/p><p>Auf diese Weise hat der Nutzer des Dienstes einen Einblick in alle m\u00f6glichen unerw\u00fcnschten Ereignisse sowie in die Folgen des Auftretens.<\/p><p>Die aus der Analyse erhaltenen Informationen werden weiter verwendet, um dem Benutzer die bestm\u00f6gliche Sicherheitsl\u00f6sung vorzuschlagen.<\/p><p>Das Gesetz zur Risikobewertung zum Schutz von Personen, Sachwerten und Unternehmen erfolgt nach dem Standard der Serie SRPS A.L2.003.<\/p><p>Weitere Informationen zu unseren autorisierten Risikomanagern finden Sie auf der Website <a href=\"http:\/\/www.riskmanager.rs\">www.riskmanager.rs<\/a>.<\/p><p><strong>Risiken werden in folgenden Bereichen analysiert:<\/strong><\/p><ul><li>aus allgemeinen Gesch\u00e4ftsaktivit\u00e4ten;<\/li><li>zu Sicherheit und Gesundheit am Arbeitsplatz;<\/li><li>rechtliche Risiken;<\/li><li>von illegalen Handlungen;<\/li><li>vom Feuer;<\/li><li>von Naturkatastrophen und anderen Unf\u00e4llen;<\/li><li>von Explosionen;<\/li><li>von der Nichteinhaltung von Standards;<\/li><li>F\u00fcr die Umwelt;<\/li><li>im Personalmanagement;<\/li><li>im Bereich der Informations-, Kommunikations- und Telekommunikationssysteme;<\/li><\/ul><p>Watchout Security wurde entwickelt<\/p><p><strong>Ein Informationssystem zur Risikobewertung, das als einziges das Risikomanagement in Ihrem Unternehmen erm\u00f6glicht.<\/strong><\/p><p>Zehn Gr\u00fcnde, warum wir den Risikoprozess durchf\u00fchren m\u00fcssen:<\/p><ul><li>Einfachheit und Leichtigkeit der Dateneingabe,<\/li><li>Geschwindigkeit und Genauigkeit der Dateneingabeverarbeitung,<\/li><li>aktuelle Daten in der Risikobewertung,<\/li><li>100% ige Einhaltung der Anforderungen der Norm, nach der die Bewertung durchgef\u00fchrt wird,<\/li><li>Verf\u00fcgbarkeit von Informationen f\u00fcr autorisierte Personen vor dem Dienstnutzer,<\/li><li>vollst\u00e4ndige Automatisierung beim Informationsaustausch mit dem Dienstnutzer,<\/li><li>Verf\u00fcgbarkeit von Informationen f\u00fcr Risikomanager, die Dienstleistungen erbringen,<\/li><li>Kompatibilit\u00e4t mit allen Betriebssystemen und Browsern,<\/li><li>Schutz von Daten, die ausschlie\u00dflich zu Sicherheitszwecken verwendet werden.<\/li><li>Transparenz des Gesetzesentwurfsprozesses und des Risikomanagements.<\/li><\/ul><p>Die Risikobewertung zum Schutz von Personen, Eigentum und Unternehmen ist gesetzlich in der Weise geregelt, wie es der geltende Standard im Bereich der privaten Sicherheit vorschreibt.<\/p><p>Eine Risikobewertung zum Schutz von Personen, Eigentum und Unternehmen wird f\u00fcr Nutzer von Dienstleistungen nicht durchgef\u00fchrt: Schutz von Personen; Schutz von Wohngeb\u00e4uden; Schutz \u00f6ffentlicher Versammlungen, bei denen der Polizeidienst nur von Polizeibeamten durchgef\u00fchrt wird; Schutz von Kleinstunternehmen und Unternehmern.<\/p><div><div><div>\u00a0<\/div><\/div><\/div>\t\t\t\t\t\t\t\t<\/div>\n\t\t\t\t<\/div>\n\t\t\t\t<div class=\"elementor-element elementor-element-3b1c9ef elementor-align-center elementor-widget elementor-widget-button\" data-id=\"3b1c9ef\" data-element_type=\"widget\" data-widget_type=\"button.default\">\n\t\t\t\t<div class=\"elementor-widget-container\">\n\t\t\t\t\t\t\t\t\t<div class=\"elementor-button-wrapper\">\n\t\t\t\t\t<a class=\"elementor-button elementor-button-link elementor-size-lg\" href=\"https:\/\/ws.co.rs\/de\/fragebogen\/risikobewertung-zum-schutz-von-personen-sachwerten-und-unternehmen\/\">\n\t\t\t\t\t\t<span class=\"elementor-button-content-wrapper\">\n\t\t\t\t\t\t<span class=\"elementor-button-icon\">\n\t\t\t\t<i aria-hidden=\"true\" class=\"fas fa-chevron-right\"><\/i>\t\t\t<\/span>\n\t\t\t\t\t\t\t\t\t<span class=\"elementor-button-text\">Eine Anfrage f\u00fcr ein Angebot<\/span>\n\t\t\t\t\t<\/span>\n\t\t\t\t\t<\/a>\n\t\t\t\t<\/div>\n\t\t\t\t\t\t\t\t<\/div>\n\t\t\t\t<\/div>\n\t\t\t\t\t<\/div>\n\t\t<\/div>\n\t\t\t\t\t<\/div>\n\t\t<\/section>\n\t\t\t\t<\/div>\n\t\t","protected":false},"excerpt":{"rendered":"<p>&#8222;Praestat warnela quam medela.&#8220; &#8211; &#8222;Besser zu verhindern als zu behandeln.&#8220; Wissen Sie, dass Sie nach dem Gesetz \u00fcber die private Sicherheit verpflichtet sind, ein Risikobewertungsgesetz zu haben? Ziel der Risikobewertung ist es, dem Kunden den Grad des Risikos darzustellen, dem Personen, ihre Verm\u00f6genswerte und Operationen ausgesetzt sind. Auf diese Weise hat der Nutzer des [&hellip;]<\/p>\n","protected":false},"author":1,"featured_media":0,"parent":3179,"menu_order":0,"comment_status":"closed","ping_status":"closed","template":"","meta":{"footnotes":""},"class_list":["post-3066","page","type-page","status-publish","hentry"],"aioseo_notices":[],"_links":{"self":[{"href":"https:\/\/ws.co.rs\/de\/wp-json\/wp\/v2\/pages\/3066","targetHints":{"allow":["GET"]}}],"collection":[{"href":"https:\/\/ws.co.rs\/de\/wp-json\/wp\/v2\/pages"}],"about":[{"href":"https:\/\/ws.co.rs\/de\/wp-json\/wp\/v2\/types\/page"}],"author":[{"embeddable":true,"href":"https:\/\/ws.co.rs\/de\/wp-json\/wp\/v2\/users\/1"}],"replies":[{"embeddable":true,"href":"https:\/\/ws.co.rs\/de\/wp-json\/wp\/v2\/comments?post=3066"}],"version-history":[{"count":5,"href":"https:\/\/ws.co.rs\/de\/wp-json\/wp\/v2\/pages\/3066\/revisions"}],"predecessor-version":[{"id":6525,"href":"https:\/\/ws.co.rs\/de\/wp-json\/wp\/v2\/pages\/3066\/revisions\/6525"}],"up":[{"embeddable":true,"href":"https:\/\/ws.co.rs\/de\/wp-json\/wp\/v2\/pages\/3179"}],"wp:attachment":[{"href":"https:\/\/ws.co.rs\/de\/wp-json\/wp\/v2\/media?parent=3066"}],"curies":[{"name":"wp","href":"https:\/\/api.w.org\/{rel}","templated":true}]}}