{"id":3050,"date":"2020-06-22T14:41:10","date_gmt":"2020-06-22T12:41:10","guid":{"rendered":"https:\/\/ws.co.rs\/izrada-plana-obezbdenje-i-plana-sistema-tehnicke-zastite\/"},"modified":"2021-03-19T11:18:44","modified_gmt":"2021-03-19T10:18:44","slug":"sicherheitsplan-und-technischer-schutzsystemplan","status":"publish","type":"page","link":"https:\/\/ws.co.rs\/de\/dienstleistungen\/sicherheitsberatung\/sicherheitsplan-und-technischer-schutzsystemplan\/","title":{"rendered":"Sicherheitsplan und technischer Schutzsystemplan"},"content":{"rendered":"\t\t<div data-elementor-type=\"wp-page\" data-elementor-id=\"3050\" class=\"elementor elementor-3050 elementor-110\" data-elementor-post-type=\"page\">\n\t\t\t\t\t\t<section class=\"elementor-section elementor-top-section elementor-element elementor-element-706c9d5 elementor-section-stretched elementor-section-height-min-height inside elementor-section-items-bottom elementor-section-content-bottom elementor-section-boxed elementor-section-height-default\" data-id=\"706c9d5\" data-element_type=\"section\" id=\"showcase\" data-settings=\"{&quot;stretch_section&quot;:&quot;section-stretched&quot;,&quot;background_background&quot;:&quot;gradient&quot;,&quot;shape_divider_bottom&quot;:&quot;tilt&quot;}\">\n\t\t\t\t\t<div class=\"elementor-shape elementor-shape-bottom\" aria-hidden=\"true\" data-negative=\"false\">\n\t\t\t<svg xmlns=\"http:\/\/www.w3.org\/2000\/svg\" viewBox=\"0 0 1000 100\" preserveAspectRatio=\"none\">\n\t<path class=\"elementor-shape-fill\" d=\"M0,6V0h1000v100L0,6z\"\/>\n<\/svg>\t\t<\/div>\n\t\t\t\t\t<div class=\"elementor-container elementor-column-gap-no\">\n\t\t\t\t\t<div class=\"elementor-column elementor-col-100 elementor-top-column elementor-element elementor-element-acf12b0\" data-id=\"acf12b0\" data-element_type=\"column\" data-settings=\"{&quot;background_background&quot;:&quot;classic&quot;}\">\n\t\t\t<div class=\"elementor-widget-wrap elementor-element-populated\">\n\t\t\t\t\t\t<div class=\"elementor-element elementor-element-eac6fca elementor-widget elementor-widget-heading\" data-id=\"eac6fca\" data-element_type=\"widget\" data-widget_type=\"heading.default\">\n\t\t\t\t<div class=\"elementor-widget-container\">\n\t\t\t\t\t<h1 class=\"elementor-heading-title elementor-size-default\">Sicherheitsplan und technischer Schutzsystemplan<\/h1>\t\t\t\t<\/div>\n\t\t\t\t<\/div>\n\t\t\t\t<div class=\"elementor-element elementor-element-4d8d984c elementor-widget elementor-widget-text-editor\" data-id=\"4d8d984c\" data-element_type=\"widget\" data-widget_type=\"text-editor.default\">\n\t\t\t\t<div class=\"elementor-widget-container\">\n\t\t\t\t\t\t\t\t\t<blockquote><p>&#8222;Nicht planen bedeutet Planungsfehler.&#8220;<\/p><p>Benjamin Franklin<\/p><\/blockquote>\t\t\t\t\t\t\t\t<\/div>\n\t\t\t\t<\/div>\n\t\t\t\t\t<\/div>\n\t\t<\/div>\n\t\t\t\t\t<\/div>\n\t\t<\/section>\n\t\t\t\t<section class=\"elementor-section elementor-top-section elementor-element elementor-element-5f4ab330 pt-big pb-big elementor-section-boxed elementor-section-height-default elementor-section-height-default\" data-id=\"5f4ab330\" data-element_type=\"section\" id=\"info\" data-settings=\"{&quot;background_background&quot;:&quot;classic&quot;,&quot;shape_divider_top&quot;:&quot;tilt&quot;}\">\n\t\t\t\t\t<div class=\"elementor-shape elementor-shape-top\" aria-hidden=\"true\" data-negative=\"false\">\n\t\t\t<svg xmlns=\"http:\/\/www.w3.org\/2000\/svg\" viewBox=\"0 0 1000 100\" preserveAspectRatio=\"none\">\n\t<path class=\"elementor-shape-fill\" d=\"M0,6V0h1000v100L0,6z\"\/>\n<\/svg>\t\t<\/div>\n\t\t\t\t\t<div class=\"elementor-container elementor-column-gap-default\">\n\t\t\t\t\t<div class=\"elementor-column elementor-col-100 elementor-top-column elementor-element elementor-element-5e05fd7\" data-id=\"5e05fd7\" data-element_type=\"column\">\n\t\t\t<div class=\"elementor-widget-wrap elementor-element-populated\">\n\t\t\t\t\t\t<div class=\"elementor-element elementor-element-5f951535 elementor-widget elementor-widget-text-editor\" data-id=\"5f951535\" data-element_type=\"widget\" data-widget_type=\"text-editor.default\">\n\t\t\t\t<div class=\"elementor-widget-container\">\n\t\t\t\t\t\t\t\t\t<h3 style=\"text-align: center;\">Voraussetzung f\u00fcr den Gesch\u00e4ftserfolg ist die Sicherheit von Personen und Sachwerten.<\/h3><p>Ein Sicherheitsplan ist ein Dokument mit geplanten Sicherheitsdiensten, die in der Risikobewertung bereitgestellt werden oder von den Dienstnutzern gem\u00e4\u00df den Gesetzen und Berufsregeln als Schutzma\u00dfnahmen ben\u00f6tigt werden.<\/p><p>Der Sicherheitsplan, dh der Plan f\u00fcr den Umgang mit Risiken, enth\u00e4lt auch den Plan des technischen Schutzsystems, wenn dem Benutzer technische Schutzdienste zur Verf\u00fcgung gestellt werden.<\/p><p>Unser Unternehmen hat eine weitere Innovation implementiert, die die Erstellung eines Sicherheitsplans vollst\u00e4ndig automatisiert. Eine einfache und schnelle Automatisierung erm\u00f6glicht eine einfache Harmonisierung der Anforderungen und eine noch schnellere Implementierung auf dem gesch\u00fctzten Objekt.<\/p><p>Der Sicherheitsplan in elektronischer Form steht den beauftragten Sicherheitsbeauftragten immer zur Verf\u00fcgung, was sich direkt auf die Qualit\u00e4t des Dienstes auswirkt.<\/p><p>Der Hauptvorteil unseres Sicherheitsplan-Managementsystems ist:<\/p><ul><li>Einfachheit und Leichtigkeit der \u00c4nderung des Plans,<\/li><li>aktuelle Daten im Plan,<\/li><li>maximale Einhaltung der Benutzeranforderungen,<\/li><li>Verf\u00fcgbarkeit von Informationen f\u00fcr die autorisierte Person des Dienstnutzers,<\/li><li>Verf\u00fcgbarkeit von Informationen f\u00fcr Sicherheitsbeamte, die Dienstleistungen erbringen.<\/li><\/ul>\t\t\t\t\t\t\t\t<\/div>\n\t\t\t\t<\/div>\n\t\t\t\t<div class=\"elementor-element elementor-element-dcd563f elementor-align-center elementor-widget elementor-widget-button\" data-id=\"dcd563f\" data-element_type=\"widget\" data-widget_type=\"button.default\">\n\t\t\t\t<div class=\"elementor-widget-container\">\n\t\t\t\t\t\t\t\t\t<div class=\"elementor-button-wrapper\">\n\t\t\t\t\t<a class=\"elementor-button elementor-button-link elementor-size-lg\" href=\"https:\/\/ws.co.rs\/de\/fragebogen\/entwicklung-eines-sicherheitsplans-und-eines-plans-fuer-das-technische-schutzsystem\/\">\n\t\t\t\t\t\t<span class=\"elementor-button-content-wrapper\">\n\t\t\t\t\t\t<span class=\"elementor-button-icon\">\n\t\t\t\t<i aria-hidden=\"true\" class=\"fas fa-chevron-right\"><\/i>\t\t\t<\/span>\n\t\t\t\t\t\t\t\t\t<span class=\"elementor-button-text\">Eine Anfrage f\u00fcr ein Angebot<\/span>\n\t\t\t\t\t<\/span>\n\t\t\t\t\t<\/a>\n\t\t\t\t<\/div>\n\t\t\t\t\t\t\t\t<\/div>\n\t\t\t\t<\/div>\n\t\t\t\t\t<\/div>\n\t\t<\/div>\n\t\t\t\t\t<\/div>\n\t\t<\/section>\n\t\t\t\t<\/div>\n\t\t","protected":false},"excerpt":{"rendered":"<p>&#8222;Nicht planen bedeutet Planungsfehler.&#8220; Benjamin Franklin Voraussetzung f\u00fcr den Gesch\u00e4ftserfolg ist die Sicherheit von Personen und Sachwerten. Ein Sicherheitsplan ist ein Dokument mit geplanten Sicherheitsdiensten, die in der Risikobewertung bereitgestellt werden oder von den Dienstnutzern gem\u00e4\u00df den Gesetzen und Berufsregeln als Schutzma\u00dfnahmen ben\u00f6tigt werden. Der Sicherheitsplan, dh der Plan f\u00fcr den Umgang mit Risiken, enth\u00e4lt [&hellip;]<\/p>\n","protected":false},"author":1,"featured_media":0,"parent":3179,"menu_order":0,"comment_status":"closed","ping_status":"closed","template":"","meta":{"footnotes":""},"class_list":["post-3050","page","type-page","status-publish","hentry"],"aioseo_notices":[],"_links":{"self":[{"href":"https:\/\/ws.co.rs\/de\/wp-json\/wp\/v2\/pages\/3050","targetHints":{"allow":["GET"]}}],"collection":[{"href":"https:\/\/ws.co.rs\/de\/wp-json\/wp\/v2\/pages"}],"about":[{"href":"https:\/\/ws.co.rs\/de\/wp-json\/wp\/v2\/types\/page"}],"author":[{"embeddable":true,"href":"https:\/\/ws.co.rs\/de\/wp-json\/wp\/v2\/users\/1"}],"replies":[{"embeddable":true,"href":"https:\/\/ws.co.rs\/de\/wp-json\/wp\/v2\/comments?post=3050"}],"version-history":[{"count":5,"href":"https:\/\/ws.co.rs\/de\/wp-json\/wp\/v2\/pages\/3050\/revisions"}],"predecessor-version":[{"id":6522,"href":"https:\/\/ws.co.rs\/de\/wp-json\/wp\/v2\/pages\/3050\/revisions\/6522"}],"up":[{"embeddable":true,"href":"https:\/\/ws.co.rs\/de\/wp-json\/wp\/v2\/pages\/3179"}],"wp:attachment":[{"href":"https:\/\/ws.co.rs\/de\/wp-json\/wp\/v2\/media?parent=3050"}],"curies":[{"name":"wp","href":"https:\/\/api.w.org\/{rel}","templated":true}]}}