{"id":3033,"date":"2020-06-22T14:41:32","date_gmt":"2020-06-22T12:41:32","guid":{"rendered":"https:\/\/ws.co.rs\/usaglasavanje-sa-zakonom-o-privatnom-obezbedenju\/"},"modified":"2021-03-19T11:18:36","modified_gmt":"2021-03-19T10:18:36","slug":"einhaltung-des-gesetzes-ueber-die-private-sicherheit","status":"publish","type":"page","link":"https:\/\/ws.co.rs\/de\/dienstleistungen\/sicherheitsberatung\/einhaltung-des-gesetzes-ueber-die-private-sicherheit\/","title":{"rendered":"Einhaltung des Gesetzes \u00fcber die private Sicherheit"},"content":{"rendered":"\t\t<div data-elementor-type=\"wp-page\" data-elementor-id=\"3033\" class=\"elementor elementor-3033 elementor-114\" data-elementor-post-type=\"page\">\n\t\t\t\t\t\t<section class=\"elementor-section elementor-top-section elementor-element elementor-element-2815b6fd elementor-section-stretched elementor-section-height-min-height inside elementor-section-items-bottom elementor-section-content-bottom elementor-section-boxed elementor-section-height-default\" data-id=\"2815b6fd\" data-element_type=\"section\" id=\"showcase\" data-settings=\"{&quot;stretch_section&quot;:&quot;section-stretched&quot;,&quot;background_background&quot;:&quot;gradient&quot;,&quot;shape_divider_bottom&quot;:&quot;tilt&quot;}\">\n\t\t\t\t\t<div class=\"elementor-shape elementor-shape-bottom\" aria-hidden=\"true\" data-negative=\"false\">\n\t\t\t<svg xmlns=\"http:\/\/www.w3.org\/2000\/svg\" viewBox=\"0 0 1000 100\" preserveAspectRatio=\"none\">\n\t<path class=\"elementor-shape-fill\" d=\"M0,6V0h1000v100L0,6z\"\/>\n<\/svg>\t\t<\/div>\n\t\t\t\t\t<div class=\"elementor-container elementor-column-gap-no\">\n\t\t\t\t\t<div class=\"elementor-column elementor-col-100 elementor-top-column elementor-element elementor-element-62896dfa\" data-id=\"62896dfa\" data-element_type=\"column\" data-settings=\"{&quot;background_background&quot;:&quot;classic&quot;}\">\n\t\t\t<div class=\"elementor-widget-wrap elementor-element-populated\">\n\t\t\t\t\t\t<div class=\"elementor-element elementor-element-60c557ba elementor-widget elementor-widget-heading\" data-id=\"60c557ba\" data-element_type=\"widget\" data-widget_type=\"heading.default\">\n\t\t\t\t<div class=\"elementor-widget-container\">\n\t\t\t\t\t<h1 class=\"elementor-heading-title elementor-size-default\">Einhaltung des Gesetzes \u00fcber die private Sicherheit<\/h1>\t\t\t\t<\/div>\n\t\t\t\t<\/div>\n\t\t\t\t<div class=\"elementor-element elementor-element-29ddbb58 elementor-widget elementor-widget-text-editor\" data-id=\"29ddbb58\" data-element_type=\"widget\" data-widget_type=\"text-editor.default\">\n\t\t\t\t<div class=\"elementor-widget-container\">\n\t\t\t\t\t\t\t\t\t<blockquote><p>&#8222;Mutig und sehr vorsichtig zugleich zu sein, ist die Kunst des Erfolgs.&#8220;<\/p><p>Napoleon<\/p><\/blockquote>\t\t\t\t\t\t\t\t<\/div>\n\t\t\t\t<\/div>\n\t\t\t\t\t<\/div>\n\t\t<\/div>\n\t\t\t\t\t<\/div>\n\t\t<\/section>\n\t\t\t\t<section class=\"elementor-section elementor-top-section elementor-element elementor-element-c79d289 pt-big pb-big elementor-section-boxed elementor-section-height-default elementor-section-height-default\" data-id=\"c79d289\" data-element_type=\"section\" id=\"info\" data-settings=\"{&quot;background_background&quot;:&quot;classic&quot;,&quot;shape_divider_top&quot;:&quot;tilt&quot;}\">\n\t\t\t\t\t<div class=\"elementor-shape elementor-shape-top\" aria-hidden=\"true\" data-negative=\"false\">\n\t\t\t<svg xmlns=\"http:\/\/www.w3.org\/2000\/svg\" viewBox=\"0 0 1000 100\" preserveAspectRatio=\"none\">\n\t<path class=\"elementor-shape-fill\" d=\"M0,6V0h1000v100L0,6z\"\/>\n<\/svg>\t\t<\/div>\n\t\t\t\t\t<div class=\"elementor-container elementor-column-gap-default\">\n\t\t\t\t\t<div class=\"elementor-column elementor-col-100 elementor-top-column elementor-element elementor-element-4e446e1c\" data-id=\"4e446e1c\" data-element_type=\"column\">\n\t\t\t<div class=\"elementor-widget-wrap elementor-element-populated\">\n\t\t\t\t\t\t<div class=\"elementor-element elementor-element-3e28cc15 elementor-widget elementor-widget-text-editor\" data-id=\"3e28cc15\" data-element_type=\"widget\" data-widget_type=\"text-editor.default\">\n\t\t\t\t<div class=\"elementor-widget-container\">\n\t\t\t\t\t\t\t\t\t<h3 style=\"text-align: center;\">Watchout Security verpflichtet sich:<\/h3><ul><li>Entwurf und Aktualisierung des Gesetzes zur Risikobewertung zum Schutz von Personen, Eigentum und Unternehmen sowie auf Antrag des Nutzers<\/li><li>h\u00e4lt das bestehende Videosicherheitssystem in einem ordnungsgem\u00e4\u00dfen und funktionalen Zustand gem\u00e4\u00df dem Gesetz \u00fcber private Sicherheit<\/li><li>Entwicklung des Sicherheitsplans, dh des Plans des technischen Schutzsystems<\/li><li>Entwurf der Leistungsbeschreibung<\/li><li>Machen Sie eine grafische Darstellung des Layouts der installierten Ger\u00e4te und technischen Schutzsysteme<\/li><li>Melden Sie den &#8222;Vertrag \u00fcber die Installation eines technischen Schutzsystems&#8220; der zust\u00e4ndigen Polizeiverwaltung innerhalb von 8 Tagen ab dem Datum der Unterzeichnung<\/li><li>\u00dcbergabe gem\u00e4\u00df dem Gesetz \u00fcber die private Sicherheit<\/li><li>fachm\u00e4nnische \u00dcberwachung der Ausf\u00fchrung der Arbeiten durchf\u00fchren<\/li><li>Technische Abnahme des technischen Schutzsystems durchf\u00fchren<\/li><li>Anhang 1 &#8211; Bescheinigung \u00fcber das durchgef\u00fchrte technische Schutzsystem und Anhang 2 &#8211; Aufzeichnung \u00fcber die durchgef\u00fchrte technische Abnahme des technischen Schutzsystems<\/li><li>den &#8222;Vertrag \u00fcber die Wartung und Instandhaltung technischer Mittel&#8220; der zust\u00e4ndigen Polizeiverwaltung innerhalb von 8 Tagen ab dem Datum der Unterzeichnung zu melden<\/li><li>Bescheinigung von Anhang 3 &#8211; Protokoll \u00fcber die durchgef\u00fchrte Wartung des technischen Schutzsystems f\u00fcr jeden Eingriff in das Videosicherheitssystem<\/li><li>Stellen Sie zum Zwecke der Kontrolle durch den Polizeibeamten die Anwesenheit der verantwortlichen Person sicher<\/li><li>schl\u00e4gt w\u00e4hrend der Erbringung des Dienstes Ma\u00dfnahmen zur Verbesserung des privaten Sicherheitsdienstes vor<\/li><li>Sammeln Sie Unterlagen f\u00fcr die verwendeten technischen Mittel, die in Bezug auf Qualit\u00e4t, Sicherheit und Garantien den in der Republik Serbien geltenden gesetzlichen Normen und technischen Standards entsprechen m\u00fcssen<\/li><\/ul>\t\t\t\t\t\t\t\t<\/div>\n\t\t\t\t<\/div>\n\t\t\t\t<div class=\"elementor-element elementor-element-83887f6 elementor-align-center elementor-widget elementor-widget-button\" data-id=\"83887f6\" data-element_type=\"widget\" data-widget_type=\"button.default\">\n\t\t\t\t<div class=\"elementor-widget-container\">\n\t\t\t\t\t\t\t\t\t<div class=\"elementor-button-wrapper\">\n\t\t\t\t\t<a class=\"elementor-button elementor-button-link elementor-size-lg\" href=\"https:\/\/ws.co.rs\/de\/fragebogen\/einhaltung-des-gesetzes-ueber-die-private-sicherheit\/\">\n\t\t\t\t\t\t<span class=\"elementor-button-content-wrapper\">\n\t\t\t\t\t\t<span class=\"elementor-button-icon\">\n\t\t\t\t<i aria-hidden=\"true\" class=\"fas fa-chevron-right\"><\/i>\t\t\t<\/span>\n\t\t\t\t\t\t\t\t\t<span class=\"elementor-button-text\">Eine Anfrage f\u00fcr ein Angebot<\/span>\n\t\t\t\t\t<\/span>\n\t\t\t\t\t<\/a>\n\t\t\t\t<\/div>\n\t\t\t\t\t\t\t\t<\/div>\n\t\t\t\t<\/div>\n\t\t\t\t\t<\/div>\n\t\t<\/div>\n\t\t\t\t\t<\/div>\n\t\t<\/section>\n\t\t\t\t<\/div>\n\t\t","protected":false},"excerpt":{"rendered":"<p>&#8222;Mutig und sehr vorsichtig zugleich zu sein, ist die Kunst des Erfolgs.&#8220; Napoleon Watchout Security verpflichtet sich: Entwurf und Aktualisierung des Gesetzes zur Risikobewertung zum Schutz von Personen, Eigentum und Unternehmen sowie auf Antrag des Nutzers h\u00e4lt das bestehende Videosicherheitssystem in einem ordnungsgem\u00e4\u00dfen und funktionalen Zustand gem\u00e4\u00df dem Gesetz \u00fcber private Sicherheit Entwicklung des Sicherheitsplans, [&hellip;]<\/p>\n","protected":false},"author":1,"featured_media":0,"parent":3179,"menu_order":0,"comment_status":"closed","ping_status":"closed","template":"","meta":{"footnotes":""},"class_list":["post-3033","page","type-page","status-publish","hentry"],"aioseo_notices":[],"_links":{"self":[{"href":"https:\/\/ws.co.rs\/de\/wp-json\/wp\/v2\/pages\/3033","targetHints":{"allow":["GET"]}}],"collection":[{"href":"https:\/\/ws.co.rs\/de\/wp-json\/wp\/v2\/pages"}],"about":[{"href":"https:\/\/ws.co.rs\/de\/wp-json\/wp\/v2\/types\/page"}],"author":[{"embeddable":true,"href":"https:\/\/ws.co.rs\/de\/wp-json\/wp\/v2\/users\/1"}],"replies":[{"embeddable":true,"href":"https:\/\/ws.co.rs\/de\/wp-json\/wp\/v2\/comments?post=3033"}],"version-history":[{"count":5,"href":"https:\/\/ws.co.rs\/de\/wp-json\/wp\/v2\/pages\/3033\/revisions"}],"predecessor-version":[{"id":6519,"href":"https:\/\/ws.co.rs\/de\/wp-json\/wp\/v2\/pages\/3033\/revisions\/6519"}],"up":[{"embeddable":true,"href":"https:\/\/ws.co.rs\/de\/wp-json\/wp\/v2\/pages\/3179"}],"wp:attachment":[{"href":"https:\/\/ws.co.rs\/de\/wp-json\/wp\/v2\/media?parent=3033"}],"curies":[{"name":"wp","href":"https:\/\/api.w.org\/{rel}","templated":true}]}}