{"id":3027,"date":"2020-06-22T14:41:43","date_gmt":"2020-06-22T12:41:43","guid":{"rendered":"https:\/\/ws.co.rs\/bezbednosno-izvestavanje\/"},"modified":"2021-03-19T11:18:29","modified_gmt":"2021-03-19T10:18:29","slug":"sicherheitsberichterstattung","status":"publish","type":"page","link":"https:\/\/ws.co.rs\/de\/dienstleistungen\/sicherheitsberatung\/sicherheitsberichterstattung\/","title":{"rendered":"Sicherheitsberichterstattung"},"content":{"rendered":"\t\t<div data-elementor-type=\"wp-page\" data-elementor-id=\"3027\" class=\"elementor elementor-3027 elementor-116\" data-elementor-post-type=\"page\">\n\t\t\t\t\t\t<section class=\"elementor-section elementor-top-section elementor-element elementor-element-768c879d elementor-section-stretched elementor-section-height-min-height inside elementor-section-items-bottom elementor-section-content-bottom elementor-section-boxed elementor-section-height-default\" data-id=\"768c879d\" data-element_type=\"section\" id=\"showcase\" data-settings=\"{&quot;stretch_section&quot;:&quot;section-stretched&quot;,&quot;background_background&quot;:&quot;gradient&quot;,&quot;shape_divider_bottom&quot;:&quot;tilt&quot;}\">\n\t\t\t\t\t<div class=\"elementor-shape elementor-shape-bottom\" aria-hidden=\"true\" data-negative=\"false\">\n\t\t\t<svg xmlns=\"http:\/\/www.w3.org\/2000\/svg\" viewBox=\"0 0 1000 100\" preserveAspectRatio=\"none\">\n\t<path class=\"elementor-shape-fill\" d=\"M0,6V0h1000v100L0,6z\"\/>\n<\/svg>\t\t<\/div>\n\t\t\t\t\t<div class=\"elementor-container elementor-column-gap-no\">\n\t\t\t\t\t<div class=\"elementor-column elementor-col-100 elementor-top-column elementor-element elementor-element-283982a4\" data-id=\"283982a4\" data-element_type=\"column\" data-settings=\"{&quot;background_background&quot;:&quot;classic&quot;}\">\n\t\t\t<div class=\"elementor-widget-wrap elementor-element-populated\">\n\t\t\t\t\t\t<div class=\"elementor-element elementor-element-2c8477e3 elementor-widget elementor-widget-heading\" data-id=\"2c8477e3\" data-element_type=\"widget\" data-widget_type=\"heading.default\">\n\t\t\t\t<div class=\"elementor-widget-container\">\n\t\t\t\t\t<h1 class=\"elementor-heading-title elementor-size-default\">Sicherheitsberichterstattung<\/h1>\t\t\t\t<\/div>\n\t\t\t\t<\/div>\n\t\t\t\t<div class=\"elementor-element elementor-element-5b8d0723 elementor-widget elementor-widget-text-editor\" data-id=\"5b8d0723\" data-element_type=\"widget\" data-widget_type=\"text-editor.default\">\n\t\t\t\t<div class=\"elementor-widget-container\">\n\t\t\t\t\t\t\t\t\t<blockquote><p>&#8222;Die Autorit\u00e4t des Wissens ist ebenso legitim wie die Autorit\u00e4t der Position.&#8220;<\/p><p>Peter Drucker<\/p><\/blockquote>\t\t\t\t\t\t\t\t<\/div>\n\t\t\t\t<\/div>\n\t\t\t\t\t<\/div>\n\t\t<\/div>\n\t\t\t\t\t<\/div>\n\t\t<\/section>\n\t\t\t\t<section class=\"elementor-section elementor-top-section elementor-element elementor-element-4a86f542 pt-big pb-big elementor-section-boxed elementor-section-height-default elementor-section-height-default\" data-id=\"4a86f542\" data-element_type=\"section\" id=\"info\" data-settings=\"{&quot;background_background&quot;:&quot;classic&quot;,&quot;shape_divider_top&quot;:&quot;tilt&quot;}\">\n\t\t\t\t\t<div class=\"elementor-shape elementor-shape-top\" aria-hidden=\"true\" data-negative=\"false\">\n\t\t\t<svg xmlns=\"http:\/\/www.w3.org\/2000\/svg\" viewBox=\"0 0 1000 100\" preserveAspectRatio=\"none\">\n\t<path class=\"elementor-shape-fill\" d=\"M0,6V0h1000v100L0,6z\"\/>\n<\/svg>\t\t<\/div>\n\t\t\t\t\t<div class=\"elementor-container elementor-column-gap-default\">\n\t\t\t\t\t<div class=\"elementor-column elementor-col-100 elementor-top-column elementor-element elementor-element-9f0e18f\" data-id=\"9f0e18f\" data-element_type=\"column\">\n\t\t\t<div class=\"elementor-widget-wrap elementor-element-populated\">\n\t\t\t\t\t\t<div class=\"elementor-element elementor-element-501b5039 elementor-widget elementor-widget-text-editor\" data-id=\"501b5039\" data-element_type=\"widget\" data-widget_type=\"text-editor.default\">\n\t\t\t\t<div class=\"elementor-widget-container\">\n\t\t\t\t\t\t\t\t\t<h3 style=\"text-align: center;\">Sicherheitsberichte sind die Basis eines Sicherheitssystems<\/h3><div><strong>\u00a0<\/strong><\/div><p>Die Qualit\u00e4tsberichterstattung \u00fcberwacht die Arbeit der privaten Sicherheit.<\/p><p>Die wichtigsten Elemente sind die sorgf\u00e4ltig ausgew\u00e4hlten Daten, aus denen der Bericht besteht und auf deren Grundlage die f\u00fcr das Sicherheitssystem wichtigsten Informationen erhalten werden.<\/p><p>Ein wesentlicher Bestandteil des Berichts sind Daten zu implementierten Aktivit\u00e4ten, die automatisch von Informationssystemen abgerufen werden.<\/p><p>Der zweite Teil des Berichts enth\u00e4lt alle identifizierten Risiken im Sicherheitsprozess.<\/p><p>Der wichtigste Teil sind die Schlussfolgerungen von Fachberatern, die Korrektur- und Pr\u00e4ventionsma\u00dfnahmen zur Erh\u00f6hung des Sicherheitsniveaus umfassen.<\/p><p>Die Berichterstellung kann regelm\u00e4\u00dfig und auf Anfrage des Benutzers erfolgen.<\/p><p>Durch die Berichterstattung tr\u00e4gt Watchout Security zu einer besseren Sicherheitsleistung unserer Teams vor Ort bei und hilft uns, alle potenziellen Sicherheitsrisiken und -risiken in der gesch\u00fctzten Einrichtung zu verstehen, zu untersuchen und zu mindern.<\/p><p>Watchout Security ist als Verfasser des Berichts verpflichtet, die sichere Aufbewahrung dokumentierter Informationen zu gew\u00e4hrleisten und Aufzeichnungen \u00fcber alle erstellten Kopien zu f\u00fchren.<\/p><p>Jede Kopie muss nummeriert sein.<\/p><p>Eine Kopie des Berichts, dh ein Einblick in den Bericht, kann von autorisierten Personen des Dienstnutzers angefordert werden. Der Sicherheitsbericht unterliegt dem Schutz der Geheimhaltung gem\u00e4\u00df besonderen Bestimmungen.<\/p><p><strong>Watchout Sicherheit seiner Benutzer:<\/strong><\/p><ul><li>Berichte \u00fcber den Zustand des technischen Schutzsystems (Informationen, die der Sicherheitsdienst erhalten hat)<\/li><li>Berichte \u00fcber den Zustand des physischen Schutzsystems<\/li><li>informiert \u00fcber Ma\u00dfnahmen zur Verbesserung des Sicherheitsdienstes<\/li><li>Berichte \u00fcber die derzeitige Gesetzgebung im Bereich der privaten Sicherheit<\/li><\/ul>\t\t\t\t\t\t\t\t<\/div>\n\t\t\t\t<\/div>\n\t\t\t\t<div class=\"elementor-element elementor-element-60aefe1 elementor-align-center elementor-widget elementor-widget-button\" data-id=\"60aefe1\" data-element_type=\"widget\" data-widget_type=\"button.default\">\n\t\t\t\t<div class=\"elementor-widget-container\">\n\t\t\t\t\t\t\t\t\t<div class=\"elementor-button-wrapper\">\n\t\t\t\t\t<a class=\"elementor-button elementor-button-link elementor-size-lg\" href=\"https:\/\/ws.co.rs\/de\/fragebogen\/sicherheitsberichterstattung\/\">\n\t\t\t\t\t\t<span class=\"elementor-button-content-wrapper\">\n\t\t\t\t\t\t<span class=\"elementor-button-icon\">\n\t\t\t\t<i aria-hidden=\"true\" class=\"fas fa-chevron-right\"><\/i>\t\t\t<\/span>\n\t\t\t\t\t\t\t\t\t<span class=\"elementor-button-text\">Eine Anfrage f\u00fcr ein Angebot<\/span>\n\t\t\t\t\t<\/span>\n\t\t\t\t\t<\/a>\n\t\t\t\t<\/div>\n\t\t\t\t\t\t\t\t<\/div>\n\t\t\t\t<\/div>\n\t\t\t\t\t<\/div>\n\t\t<\/div>\n\t\t\t\t\t<\/div>\n\t\t<\/section>\n\t\t\t\t<\/div>\n\t\t","protected":false},"excerpt":{"rendered":"<p>&#8222;Die Autorit\u00e4t des Wissens ist ebenso legitim wie die Autorit\u00e4t der Position.&#8220; Peter Drucker Sicherheitsberichte sind die Basis eines Sicherheitssystems \u00a0 Die Qualit\u00e4tsberichterstattung \u00fcberwacht die Arbeit der privaten Sicherheit. Die wichtigsten Elemente sind die sorgf\u00e4ltig ausgew\u00e4hlten Daten, aus denen der Bericht besteht und auf deren Grundlage die f\u00fcr das Sicherheitssystem wichtigsten Informationen erhalten werden. Ein [&hellip;]<\/p>\n","protected":false},"author":1,"featured_media":0,"parent":3179,"menu_order":0,"comment_status":"closed","ping_status":"closed","template":"","meta":{"footnotes":""},"class_list":["post-3027","page","type-page","status-publish","hentry"],"aioseo_notices":[],"_links":{"self":[{"href":"https:\/\/ws.co.rs\/de\/wp-json\/wp\/v2\/pages\/3027","targetHints":{"allow":["GET"]}}],"collection":[{"href":"https:\/\/ws.co.rs\/de\/wp-json\/wp\/v2\/pages"}],"about":[{"href":"https:\/\/ws.co.rs\/de\/wp-json\/wp\/v2\/types\/page"}],"author":[{"embeddable":true,"href":"https:\/\/ws.co.rs\/de\/wp-json\/wp\/v2\/users\/1"}],"replies":[{"embeddable":true,"href":"https:\/\/ws.co.rs\/de\/wp-json\/wp\/v2\/comments?post=3027"}],"version-history":[{"count":5,"href":"https:\/\/ws.co.rs\/de\/wp-json\/wp\/v2\/pages\/3027\/revisions"}],"predecessor-version":[{"id":6516,"href":"https:\/\/ws.co.rs\/de\/wp-json\/wp\/v2\/pages\/3027\/revisions\/6516"}],"up":[{"embeddable":true,"href":"https:\/\/ws.co.rs\/de\/wp-json\/wp\/v2\/pages\/3179"}],"wp:attachment":[{"href":"https:\/\/ws.co.rs\/de\/wp-json\/wp\/v2\/media?parent=3027"}],"curies":[{"name":"wp","href":"https:\/\/api.w.org\/{rel}","templated":true}]}}