{"id":3022,"date":"2020-06-22T14:41:57","date_gmt":"2020-06-22T12:41:57","guid":{"rendered":"https:\/\/ws.co.rs\/brojanje-posetilaca\/"},"modified":"2021-03-19T11:21:46","modified_gmt":"2021-03-19T10:21:46","slug":"besucher-zaehlen","status":"publish","type":"page","link":"https:\/\/ws.co.rs\/de\/dienstleistungen\/geschaeftsloesungen\/besucher-zaehlen\/","title":{"rendered":"Besucher z\u00e4hlen"},"content":{"rendered":"\t\t<div data-elementor-type=\"wp-page\" data-elementor-id=\"3022\" class=\"elementor elementor-3022 elementor-118\" data-elementor-post-type=\"page\">\n\t\t\t\t\t\t<section class=\"elementor-section elementor-top-section elementor-element elementor-element-590a9943 elementor-section-stretched elementor-section-height-min-height inside elementor-section-items-bottom elementor-section-content-bottom elementor-section-boxed elementor-section-height-default\" data-id=\"590a9943\" data-element_type=\"section\" id=\"showcase\" data-settings=\"{&quot;stretch_section&quot;:&quot;section-stretched&quot;,&quot;background_background&quot;:&quot;gradient&quot;,&quot;shape_divider_bottom&quot;:&quot;tilt&quot;}\">\n\t\t\t\t\t<div class=\"elementor-shape elementor-shape-bottom\" aria-hidden=\"true\" data-negative=\"false\">\n\t\t\t<svg xmlns=\"http:\/\/www.w3.org\/2000\/svg\" viewBox=\"0 0 1000 100\" preserveAspectRatio=\"none\">\n\t<path class=\"elementor-shape-fill\" d=\"M0,6V0h1000v100L0,6z\"\/>\n<\/svg>\t\t<\/div>\n\t\t\t\t\t<div class=\"elementor-container elementor-column-gap-no\">\n\t\t\t\t\t<div class=\"elementor-column elementor-col-100 elementor-top-column elementor-element elementor-element-76c5d8ec\" data-id=\"76c5d8ec\" data-element_type=\"column\" data-settings=\"{&quot;background_background&quot;:&quot;classic&quot;}\">\n\t\t\t<div class=\"elementor-widget-wrap elementor-element-populated\">\n\t\t\t\t\t\t<div class=\"elementor-element elementor-element-226cc3b7 elementor-widget elementor-widget-heading\" data-id=\"226cc3b7\" data-element_type=\"widget\" data-widget_type=\"heading.default\">\n\t\t\t\t<div class=\"elementor-widget-container\">\n\t\t\t\t\t<h1 class=\"elementor-heading-title elementor-size-default\">Besucher z\u00e4hlen<\/h1>\t\t\t\t<\/div>\n\t\t\t\t<\/div>\n\t\t\t\t\t<\/div>\n\t\t<\/div>\n\t\t\t\t\t<\/div>\n\t\t<\/section>\n\t\t\t\t<section class=\"elementor-section elementor-top-section elementor-element elementor-element-537cd161 pt-big pb-big elementor-section-boxed elementor-section-height-default elementor-section-height-default\" data-id=\"537cd161\" data-element_type=\"section\" id=\"info\" data-settings=\"{&quot;background_background&quot;:&quot;classic&quot;,&quot;shape_divider_top&quot;:&quot;tilt&quot;}\">\n\t\t\t\t\t<div class=\"elementor-shape elementor-shape-top\" aria-hidden=\"true\" data-negative=\"false\">\n\t\t\t<svg xmlns=\"http:\/\/www.w3.org\/2000\/svg\" viewBox=\"0 0 1000 100\" preserveAspectRatio=\"none\">\n\t<path class=\"elementor-shape-fill\" d=\"M0,6V0h1000v100L0,6z\"\/>\n<\/svg>\t\t<\/div>\n\t\t\t\t\t<div class=\"elementor-container elementor-column-gap-default\">\n\t\t\t\t\t<div class=\"elementor-column elementor-col-100 elementor-top-column elementor-element elementor-element-4eea6744\" data-id=\"4eea6744\" data-element_type=\"column\">\n\t\t\t<div class=\"elementor-widget-wrap elementor-element-populated\">\n\t\t\t\t\t\t<div class=\"elementor-element elementor-element-552ef5f1 elementor-widget elementor-widget-text-editor\" data-id=\"552ef5f1\" data-element_type=\"widget\" data-widget_type=\"text-editor.default\">\n\t\t\t\t<div class=\"elementor-widget-container\">\n\t\t\t\t\t\t\t\t\t<h4 style=\"margin-top: 0cm; text-align: center;\" align=\"center\"><strong>Die Videoanalyse verwendet Standard-Video\u00fcberwachungsger\u00e4te, um Besucher zu z\u00e4hlen, d. H. IP-Kamera in Kombination mit Firmware (auf der IP-Kamera installierte Softwareanwendung), die den Einsatz von Video\u00fcberwachungstechnologie zum Abrufen von Gesch\u00e4ftsdaten erm\u00f6glicht.<\/strong><\/h4><p>Parameter wie die t\u00e4gliche durchschnittliche Besucherzahl oder die monatliche oder die Anzahl der Besuche pro Stunde verwenden das Management, um verf\u00fcgbare Ressourcen und Verk\u00e4ufe effektiver zu verwalten.<\/p><p>Informationen wie die Conversion-Rate als einer der grundlegenden Marketing- \/ Vertriebsparameter stehen sofort f\u00fcr die Analyse verschiedener Zeitr\u00e4ume zur Verf\u00fcgung.<\/p><p>Fortgeschrittenere Anwendungen zur Besucherz\u00e4hlung bieten eine zus\u00e4tzliche Ebene der Videoanalyse. Mit der zentralen Systemverwaltung k\u00f6nnen Benutzer problemlos ein Netzwerk von Einzelhandels- \/ Gro\u00dfhandelseinrichtungen verwalten, um die verf\u00fcgbaren Ressourcen intelligenter zu verwalten, die Mitarbeiter in der Einrichtung korrekter zu verteilen und die Betriebskosten zu optimieren.<\/p><p>Videoanalysealgorithmen wie People Counter k\u00f6nnen in das Informationssystem eines Unternehmens integriert werden und zus\u00e4tzliche (Meta-) Daten in synthetisierten Gesch\u00e4ftsberichten bereitstellen.<\/p>\t\t\t\t\t\t\t\t<\/div>\n\t\t\t\t<\/div>\n\t\t\t\t<div class=\"elementor-element elementor-element-e3c132f elementor-align-center elementor-widget elementor-widget-button\" data-id=\"e3c132f\" data-element_type=\"widget\" data-widget_type=\"button.default\">\n\t\t\t\t<div class=\"elementor-widget-container\">\n\t\t\t\t\t\t\t\t\t<div class=\"elementor-button-wrapper\">\n\t\t\t\t\t<a class=\"elementor-button elementor-button-link elementor-size-lg\" href=\"https:\/\/ws.co.rs\/de\/fragebogen\/besucher-zaehlen\/\">\n\t\t\t\t\t\t<span class=\"elementor-button-content-wrapper\">\n\t\t\t\t\t\t<span class=\"elementor-button-icon\">\n\t\t\t\t<i aria-hidden=\"true\" class=\"fas fa-chevron-right\"><\/i>\t\t\t<\/span>\n\t\t\t\t\t\t\t\t\t<span class=\"elementor-button-text\">Eine Anfrage f\u00fcr ein Angebot<\/span>\n\t\t\t\t\t<\/span>\n\t\t\t\t\t<\/a>\n\t\t\t\t<\/div>\n\t\t\t\t\t\t\t\t<\/div>\n\t\t\t\t<\/div>\n\t\t\t\t\t<\/div>\n\t\t<\/div>\n\t\t\t\t\t<\/div>\n\t\t<\/section>\n\t\t\t\t<\/div>\n\t\t","protected":false},"excerpt":{"rendered":"<p>Die Videoanalyse verwendet Standard-Video\u00fcberwachungsger\u00e4te, um Besucher zu z\u00e4hlen, d. H. IP-Kamera in Kombination mit Firmware (auf der IP-Kamera installierte Softwareanwendung), die den Einsatz von Video\u00fcberwachungstechnologie zum Abrufen von Gesch\u00e4ftsdaten erm\u00f6glicht. Parameter wie die t\u00e4gliche durchschnittliche Besucherzahl oder die monatliche oder die Anzahl der Besuche pro Stunde verwenden das Management, um verf\u00fcgbare Ressourcen und Verk\u00e4ufe effektiver [&hellip;]<\/p>\n","protected":false},"author":1,"featured_media":0,"parent":3172,"menu_order":0,"comment_status":"closed","ping_status":"closed","template":"","meta":{"footnotes":""},"class_list":["post-3022","page","type-page","status-publish","hentry"],"aioseo_notices":[],"_links":{"self":[{"href":"https:\/\/ws.co.rs\/de\/wp-json\/wp\/v2\/pages\/3022","targetHints":{"allow":["GET"]}}],"collection":[{"href":"https:\/\/ws.co.rs\/de\/wp-json\/wp\/v2\/pages"}],"about":[{"href":"https:\/\/ws.co.rs\/de\/wp-json\/wp\/v2\/types\/page"}],"author":[{"embeddable":true,"href":"https:\/\/ws.co.rs\/de\/wp-json\/wp\/v2\/users\/1"}],"replies":[{"embeddable":true,"href":"https:\/\/ws.co.rs\/de\/wp-json\/wp\/v2\/comments?post=3022"}],"version-history":[{"count":5,"href":"https:\/\/ws.co.rs\/de\/wp-json\/wp\/v2\/pages\/3022\/revisions"}],"predecessor-version":[{"id":6537,"href":"https:\/\/ws.co.rs\/de\/wp-json\/wp\/v2\/pages\/3022\/revisions\/6537"}],"up":[{"embeddable":true,"href":"https:\/\/ws.co.rs\/de\/wp-json\/wp\/v2\/pages\/3172"}],"wp:attachment":[{"href":"https:\/\/ws.co.rs\/de\/wp-json\/wp\/v2\/media?parent=3022"}],"curies":[{"name":"wp","href":"https:\/\/api.w.org\/{rel}","templated":true}]}}