{"id":3006,"date":"2020-06-22T14:42:09","date_gmt":"2020-06-22T12:42:09","guid":{"rendered":"https:\/\/ws.co.rs\/kineticki-tragovi-kretanja\/"},"modified":"2021-03-19T11:21:37","modified_gmt":"2021-03-19T10:21:37","slug":"kinetische-bewegungsspuren","status":"publish","type":"page","link":"https:\/\/ws.co.rs\/de\/dienstleistungen\/geschaeftsloesungen\/kinetische-bewegungsspuren\/","title":{"rendered":"Kinetische Bewegungsspuren"},"content":{"rendered":"\t\t<div data-elementor-type=\"wp-page\" data-elementor-id=\"3006\" class=\"elementor elementor-3006 elementor-120\" data-elementor-post-type=\"page\">\n\t\t\t\t\t\t<section class=\"elementor-section elementor-top-section elementor-element elementor-element-6ad0182c elementor-section-stretched elementor-section-height-min-height inside elementor-section-items-bottom elementor-section-content-bottom elementor-section-boxed elementor-section-height-default\" data-id=\"6ad0182c\" data-element_type=\"section\" id=\"showcase\" data-settings=\"{&quot;stretch_section&quot;:&quot;section-stretched&quot;,&quot;background_background&quot;:&quot;gradient&quot;,&quot;shape_divider_bottom&quot;:&quot;tilt&quot;}\">\n\t\t\t\t\t<div class=\"elementor-shape elementor-shape-bottom\" aria-hidden=\"true\" data-negative=\"false\">\n\t\t\t<svg xmlns=\"http:\/\/www.w3.org\/2000\/svg\" viewBox=\"0 0 1000 100\" preserveAspectRatio=\"none\">\n\t<path class=\"elementor-shape-fill\" d=\"M0,6V0h1000v100L0,6z\"\/>\n<\/svg>\t\t<\/div>\n\t\t\t\t\t<div class=\"elementor-container elementor-column-gap-no\">\n\t\t\t\t\t<div class=\"elementor-column elementor-col-100 elementor-top-column elementor-element elementor-element-79903781\" data-id=\"79903781\" data-element_type=\"column\" data-settings=\"{&quot;background_background&quot;:&quot;classic&quot;}\">\n\t\t\t<div class=\"elementor-widget-wrap elementor-element-populated\">\n\t\t\t\t\t\t<div class=\"elementor-element elementor-element-79d190df elementor-widget elementor-widget-heading\" data-id=\"79d190df\" data-element_type=\"widget\" data-widget_type=\"heading.default\">\n\t\t\t\t<div class=\"elementor-widget-container\">\n\t\t\t\t\t<h1 class=\"elementor-heading-title elementor-size-default\">Kinetische Bewegungsspuren<\/h1>\t\t\t\t<\/div>\n\t\t\t\t<\/div>\n\t\t\t\t\t<\/div>\n\t\t<\/div>\n\t\t\t\t\t<\/div>\n\t\t<\/section>\n\t\t\t\t<section class=\"elementor-section elementor-top-section elementor-element elementor-element-77230c29 pt-big pb-big elementor-section-boxed elementor-section-height-default elementor-section-height-default\" data-id=\"77230c29\" data-element_type=\"section\" id=\"info\" data-settings=\"{&quot;background_background&quot;:&quot;classic&quot;,&quot;shape_divider_top&quot;:&quot;tilt&quot;}\">\n\t\t\t\t\t<div class=\"elementor-shape elementor-shape-top\" aria-hidden=\"true\" data-negative=\"false\">\n\t\t\t<svg xmlns=\"http:\/\/www.w3.org\/2000\/svg\" viewBox=\"0 0 1000 100\" preserveAspectRatio=\"none\">\n\t<path class=\"elementor-shape-fill\" d=\"M0,6V0h1000v100L0,6z\"\/>\n<\/svg>\t\t<\/div>\n\t\t\t\t\t<div class=\"elementor-container elementor-column-gap-default\">\n\t\t\t\t\t<div class=\"elementor-column elementor-col-100 elementor-top-column elementor-element elementor-element-34372b32\" data-id=\"34372b32\" data-element_type=\"column\">\n\t\t\t<div class=\"elementor-widget-wrap elementor-element-populated\">\n\t\t\t\t\t\t<div class=\"elementor-element elementor-element-49133e6a elementor-widget elementor-widget-text-editor\" data-id=\"49133e6a\" data-element_type=\"widget\" data-widget_type=\"text-editor.default\">\n\t\t\t\t<div class=\"elementor-widget-container\">\n\t\t\t\t\t\t\t\t\t<h3 style=\"text-align: center;\"><strong>M\u00f6glichkeit, den Anwesenheitsgrad aller Teile des Verkaufsbereichs anzuzeigen.<\/strong><\/h3><p>Mithilfe von Analysen, die die kinetischen Spuren der Bewegung von Besuchern in einer Einrichtung zeigen, k\u00f6nnen Eigent\u00fcmer von Einzel- \/ Gro\u00dfhandelsunternehmen die Exposition des Sortiments sowie die Geb\u00fchren f\u00fcr die spezielle Positionierung von Waren an bestimmten Hochfrequenzorten in der Einrichtung optimieren. Diese Videoanalyse alle Teile der Verkaufsfl\u00e4che und erm\u00f6glichen so den Eigent\u00fcmern privater Unternehmen, die Verkaufsfl\u00e4che effizienter zu organisieren, um Verkaufs- und Werbema\u00dfnahmen zu verbessern.<\/p><p>Videoanalysen im Zusammenhang mit sogenannten Heatmaps oder kinetischen Karten k\u00f6nnen Unternehmen einen genauen Einblick in die Bewegung und Bindung von Besuchern vor bestimmten Gesch\u00e4ften oder Handelsschaltern mit unterschiedlichen Waren geben.<\/p><p>Basierend auf diesen Parametern kann das Management seine Verkaufsr\u00e4ume effizienter verwalten und bestimmte Produktgruppen besser positionieren.<\/p>\t\t\t\t\t\t\t\t<\/div>\n\t\t\t\t<\/div>\n\t\t\t\t<div class=\"elementor-element elementor-element-4b8bbd2 elementor-align-center elementor-widget elementor-widget-button\" data-id=\"4b8bbd2\" data-element_type=\"widget\" data-widget_type=\"button.default\">\n\t\t\t\t<div class=\"elementor-widget-container\">\n\t\t\t\t\t\t\t\t\t<div class=\"elementor-button-wrapper\">\n\t\t\t\t\t<a class=\"elementor-button elementor-button-link elementor-size-lg\" href=\"https:\/\/ws.co.rs\/de\/fragebogen\/kinetische-bewegungsspuren\/\">\n\t\t\t\t\t\t<span class=\"elementor-button-content-wrapper\">\n\t\t\t\t\t\t<span class=\"elementor-button-icon\">\n\t\t\t\t<i aria-hidden=\"true\" class=\"fas fa-chevron-right\"><\/i>\t\t\t<\/span>\n\t\t\t\t\t\t\t\t\t<span class=\"elementor-button-text\">Eine Anfrage f\u00fcr ein Angebot<\/span>\n\t\t\t\t\t<\/span>\n\t\t\t\t\t<\/a>\n\t\t\t\t<\/div>\n\t\t\t\t\t\t\t\t<\/div>\n\t\t\t\t<\/div>\n\t\t\t\t\t<\/div>\n\t\t<\/div>\n\t\t\t\t\t<\/div>\n\t\t<\/section>\n\t\t\t\t<\/div>\n\t\t","protected":false},"excerpt":{"rendered":"<p>M\u00f6glichkeit, den Anwesenheitsgrad aller Teile des Verkaufsbereichs anzuzeigen. Mithilfe von Analysen, die die kinetischen Spuren der Bewegung von Besuchern in einer Einrichtung zeigen, k\u00f6nnen Eigent\u00fcmer von Einzel- \/ Gro\u00dfhandelsunternehmen die Exposition des Sortiments sowie die Geb\u00fchren f\u00fcr die spezielle Positionierung von Waren an bestimmten Hochfrequenzorten in der Einrichtung optimieren. Diese Videoanalyse alle Teile der Verkaufsfl\u00e4che [&hellip;]<\/p>\n","protected":false},"author":1,"featured_media":0,"parent":3172,"menu_order":0,"comment_status":"closed","ping_status":"closed","template":"","meta":{"footnotes":""},"class_list":["post-3006","page","type-page","status-publish","hentry"],"aioseo_notices":[],"_links":{"self":[{"href":"https:\/\/ws.co.rs\/de\/wp-json\/wp\/v2\/pages\/3006","targetHints":{"allow":["GET"]}}],"collection":[{"href":"https:\/\/ws.co.rs\/de\/wp-json\/wp\/v2\/pages"}],"about":[{"href":"https:\/\/ws.co.rs\/de\/wp-json\/wp\/v2\/types\/page"}],"author":[{"embeddable":true,"href":"https:\/\/ws.co.rs\/de\/wp-json\/wp\/v2\/users\/1"}],"replies":[{"embeddable":true,"href":"https:\/\/ws.co.rs\/de\/wp-json\/wp\/v2\/comments?post=3006"}],"version-history":[{"count":5,"href":"https:\/\/ws.co.rs\/de\/wp-json\/wp\/v2\/pages\/3006\/revisions"}],"predecessor-version":[{"id":6534,"href":"https:\/\/ws.co.rs\/de\/wp-json\/wp\/v2\/pages\/3006\/revisions\/6534"}],"up":[{"embeddable":true,"href":"https:\/\/ws.co.rs\/de\/wp-json\/wp\/v2\/pages\/3172"}],"wp:attachment":[{"href":"https:\/\/ws.co.rs\/de\/wp-json\/wp\/v2\/media?parent=3006"}],"curies":[{"name":"wp","href":"https:\/\/api.w.org\/{rel}","templated":true}]}}