{"id":2997,"date":"2020-06-22T14:42:21","date_gmt":"2020-06-22T12:42:21","guid":{"rendered":"https:\/\/ws.co.rs\/automatsko-prepoznavanje-tablica\/"},"modified":"2021-03-19T11:21:30","modified_gmt":"2021-03-19T10:21:30","slug":"automatische-tabellenerkennung","status":"publish","type":"page","link":"https:\/\/ws.co.rs\/de\/dienstleistungen\/geschaeftsloesungen\/automatische-tabellenerkennung\/","title":{"rendered":"Automatische Tabellenerkennung"},"content":{"rendered":"\t\t<div data-elementor-type=\"wp-page\" data-elementor-id=\"2997\" class=\"elementor elementor-2997 elementor-122\" data-elementor-post-type=\"page\">\n\t\t\t\t\t\t<section class=\"elementor-section elementor-top-section elementor-element elementor-element-7f890d7f elementor-section-stretched elementor-section-height-min-height inside elementor-section-items-bottom elementor-section-content-bottom elementor-section-boxed elementor-section-height-default\" data-id=\"7f890d7f\" data-element_type=\"section\" id=\"showcase\" data-settings=\"{&quot;stretch_section&quot;:&quot;section-stretched&quot;,&quot;background_background&quot;:&quot;gradient&quot;,&quot;shape_divider_bottom&quot;:&quot;tilt&quot;}\">\n\t\t\t\t\t<div class=\"elementor-shape elementor-shape-bottom\" aria-hidden=\"true\" data-negative=\"false\">\n\t\t\t<svg xmlns=\"http:\/\/www.w3.org\/2000\/svg\" viewBox=\"0 0 1000 100\" preserveAspectRatio=\"none\">\n\t<path class=\"elementor-shape-fill\" d=\"M0,6V0h1000v100L0,6z\"\/>\n<\/svg>\t\t<\/div>\n\t\t\t\t\t<div class=\"elementor-container elementor-column-gap-no\">\n\t\t\t\t\t<div class=\"elementor-column elementor-col-100 elementor-top-column elementor-element elementor-element-758905e6\" data-id=\"758905e6\" data-element_type=\"column\" data-settings=\"{&quot;background_background&quot;:&quot;classic&quot;}\">\n\t\t\t<div class=\"elementor-widget-wrap elementor-element-populated\">\n\t\t\t\t\t\t<div class=\"elementor-element elementor-element-1d9c8a4d elementor-widget elementor-widget-heading\" data-id=\"1d9c8a4d\" data-element_type=\"widget\" data-widget_type=\"heading.default\">\n\t\t\t\t<div class=\"elementor-widget-container\">\n\t\t\t\t\t<h1 class=\"elementor-heading-title elementor-size-default\">Automatische Tabellenerkennung<\/h1>\t\t\t\t<\/div>\n\t\t\t\t<\/div>\n\t\t\t\t\t<\/div>\n\t\t<\/div>\n\t\t\t\t\t<\/div>\n\t\t<\/section>\n\t\t\t\t<section class=\"elementor-section elementor-top-section elementor-element elementor-element-7d4a416f pt-big pb-big elementor-section-boxed elementor-section-height-default elementor-section-height-default\" data-id=\"7d4a416f\" data-element_type=\"section\" id=\"info\" data-settings=\"{&quot;background_background&quot;:&quot;classic&quot;,&quot;shape_divider_top&quot;:&quot;tilt&quot;}\">\n\t\t\t\t\t<div class=\"elementor-shape elementor-shape-top\" aria-hidden=\"true\" data-negative=\"false\">\n\t\t\t<svg xmlns=\"http:\/\/www.w3.org\/2000\/svg\" viewBox=\"0 0 1000 100\" preserveAspectRatio=\"none\">\n\t<path class=\"elementor-shape-fill\" d=\"M0,6V0h1000v100L0,6z\"\/>\n<\/svg>\t\t<\/div>\n\t\t\t\t\t<div class=\"elementor-container elementor-column-gap-default\">\n\t\t\t\t\t<div class=\"elementor-column elementor-col-100 elementor-top-column elementor-element elementor-element-5e1be463\" data-id=\"5e1be463\" data-element_type=\"column\">\n\t\t\t<div class=\"elementor-widget-wrap elementor-element-populated\">\n\t\t\t\t\t\t<div class=\"elementor-element elementor-element-774ae5e4 elementor-widget elementor-widget-text-editor\" data-id=\"774ae5e4\" data-element_type=\"widget\" data-widget_type=\"text-editor.default\">\n\t\t\t\t<div class=\"elementor-widget-container\">\n\t\t\t\t\t\t\t\t\t<h2 style=\"text-align: center;\"><strong>ANPR<\/strong><\/h2><h3 style=\"text-align: center;\"><strong>Kennzeichenerkennungssoftware<\/strong><\/h3><h4 style=\"text-align: center;\"><strong>Es wird am h\u00e4ufigsten in Hotels, Wohnungsbaugesellschaften, Parkpl\u00e4tzen, Industrie- und Logistikgebieten eingesetzt.<\/strong><\/h4><p>\u00a0<\/p><p>Unser System ist f\u00fcr alle Wetterbedingungen ausgelegt.<\/p><p>Wenn eine Person die Anzahl der Autos durch die Kamera erkennen kann, wird unser System dasselbe tun.<\/p><p><strong>Die Videoanalyse f\u00fcr die automatische Kennzeichenerkennung bietet folgende Optionen:<\/strong><\/p><ul><li>Identifizierung des Fahrzeugkennzeichens mit weiterer Bildspeicherung;<\/li><li>Kundenverwaltung &#8211; Zugang zum Auto nach Datum und Uhrzeit;<\/li><li>Parkverwaltung mit Nummern- und Zonenlimit;<\/li><li>Schwarz-Wei\u00df-Liste der Fahrzeuge;<\/li><li>Automatische Steuerung der Ger\u00e4te gem\u00e4\u00df den eingestellten Parametern;<\/li><li>Die Genauigkeit der Fahrzeugkennzeichenerkennung betr\u00e4gt mehr als 99%. Nacht und Tag;<\/li><li>Korrekte Kennzeichenerkennung bei unterschiedlichen Fahrzeuggeschwindigkeiten;<\/li><li>Das universelle System kann an jede IP-Kamera angeschlossen werden.<\/li><li>Berichte &#8211; F\u00e4higkeit, mit verschiedenen Datenbanken zu arbeiten;<\/li><li>M\u00f6glichkeit zum Anschlie\u00dfen einer unbegrenzten Anzahl von Videokameras;<\/li><li>Verwendung von LED-Panels;<\/li><li>Schnelle Identifizierung des Kennzeichens unter Verwendung aller Computerressourcen;<\/li><li>Webschnittstelle f\u00fcr die Vernetzung;<\/li><li>SOP-System f\u00fcr die Parkorganisation.<\/li><\/ul>\t\t\t\t\t\t\t\t<\/div>\n\t\t\t\t<\/div>\n\t\t\t\t<div class=\"elementor-element elementor-element-8421a59 elementor-align-center elementor-widget elementor-widget-button\" data-id=\"8421a59\" data-element_type=\"widget\" data-widget_type=\"button.default\">\n\t\t\t\t<div class=\"elementor-widget-container\">\n\t\t\t\t\t\t\t\t\t<div class=\"elementor-button-wrapper\">\n\t\t\t\t\t<a class=\"elementor-button elementor-button-link elementor-size-lg\" href=\"https:\/\/ws.co.rs\/de\/fragebogen\/aprt-automatische-tabellenerkennung\/\">\n\t\t\t\t\t\t<span class=\"elementor-button-content-wrapper\">\n\t\t\t\t\t\t<span class=\"elementor-button-icon\">\n\t\t\t\t<i aria-hidden=\"true\" class=\"fas fa-chevron-right\"><\/i>\t\t\t<\/span>\n\t\t\t\t\t\t\t\t\t<span class=\"elementor-button-text\">Eine Anfrage f\u00fcr ein Angebot<\/span>\n\t\t\t\t\t<\/span>\n\t\t\t\t\t<\/a>\n\t\t\t\t<\/div>\n\t\t\t\t\t\t\t\t<\/div>\n\t\t\t\t<\/div>\n\t\t\t\t\t<\/div>\n\t\t<\/div>\n\t\t\t\t\t<\/div>\n\t\t<\/section>\n\t\t\t\t<\/div>\n\t\t","protected":false},"excerpt":{"rendered":"<p>ANPR Kennzeichenerkennungssoftware Es wird am h\u00e4ufigsten in Hotels, Wohnungsbaugesellschaften, Parkpl\u00e4tzen, Industrie- und Logistikgebieten eingesetzt. \u00a0 Unser System ist f\u00fcr alle Wetterbedingungen ausgelegt. Wenn eine Person die Anzahl der Autos durch die Kamera erkennen kann, wird unser System dasselbe tun. Die Videoanalyse f\u00fcr die automatische Kennzeichenerkennung bietet folgende Optionen: Identifizierung des Fahrzeugkennzeichens mit weiterer Bildspeicherung; Kundenverwaltung [&hellip;]<\/p>\n","protected":false},"author":1,"featured_media":0,"parent":3172,"menu_order":0,"comment_status":"closed","ping_status":"closed","template":"","meta":{"footnotes":""},"class_list":["post-2997","page","type-page","status-publish","hentry"],"aioseo_notices":[],"_links":{"self":[{"href":"https:\/\/ws.co.rs\/de\/wp-json\/wp\/v2\/pages\/2997","targetHints":{"allow":["GET"]}}],"collection":[{"href":"https:\/\/ws.co.rs\/de\/wp-json\/wp\/v2\/pages"}],"about":[{"href":"https:\/\/ws.co.rs\/de\/wp-json\/wp\/v2\/types\/page"}],"author":[{"embeddable":true,"href":"https:\/\/ws.co.rs\/de\/wp-json\/wp\/v2\/users\/1"}],"replies":[{"embeddable":true,"href":"https:\/\/ws.co.rs\/de\/wp-json\/wp\/v2\/comments?post=2997"}],"version-history":[{"count":5,"href":"https:\/\/ws.co.rs\/de\/wp-json\/wp\/v2\/pages\/2997\/revisions"}],"predecessor-version":[{"id":6531,"href":"https:\/\/ws.co.rs\/de\/wp-json\/wp\/v2\/pages\/2997\/revisions\/6531"}],"up":[{"embeddable":true,"href":"https:\/\/ws.co.rs\/de\/wp-json\/wp\/v2\/pages\/3172"}],"wp:attachment":[{"href":"https:\/\/ws.co.rs\/de\/wp-json\/wp\/v2\/media?parent=2997"}],"curies":[{"name":"wp","href":"https:\/\/api.w.org\/{rel}","templated":true}]}}