{"id":2987,"date":"2020-06-22T14:42:31","date_gmt":"2020-06-22T12:42:31","guid":{"rendered":"https:\/\/ws.co.rs\/sop-sistem-za-organizaciju-parkinga\/"},"modified":"2021-03-19T11:21:54","modified_gmt":"2021-03-19T10:21:54","slug":"sop-system-fuer-die-parkorganisation","status":"publish","type":"page","link":"https:\/\/ws.co.rs\/de\/dienstleistungen\/geschaeftsloesungen\/sop-system-fuer-die-parkorganisation\/","title":{"rendered":"SOP-System f\u00fcr die Parkorganisation"},"content":{"rendered":"\t\t<div data-elementor-type=\"wp-page\" data-elementor-id=\"2987\" class=\"elementor elementor-2987 elementor-124\" data-elementor-post-type=\"page\">\n\t\t\t\t\t\t<section class=\"elementor-section elementor-top-section elementor-element elementor-element-74b9ad24 elementor-section-stretched elementor-section-height-min-height inside elementor-section-items-bottom elementor-section-content-bottom elementor-section-boxed elementor-section-height-default\" data-id=\"74b9ad24\" data-element_type=\"section\" id=\"showcase\" data-settings=\"{&quot;stretch_section&quot;:&quot;section-stretched&quot;,&quot;background_background&quot;:&quot;gradient&quot;,&quot;shape_divider_bottom&quot;:&quot;tilt&quot;}\">\n\t\t\t\t\t<div class=\"elementor-shape elementor-shape-bottom\" aria-hidden=\"true\" data-negative=\"false\">\n\t\t\t<svg xmlns=\"http:\/\/www.w3.org\/2000\/svg\" viewBox=\"0 0 1000 100\" preserveAspectRatio=\"none\">\n\t<path class=\"elementor-shape-fill\" d=\"M0,6V0h1000v100L0,6z\"\/>\n<\/svg>\t\t<\/div>\n\t\t\t\t\t<div class=\"elementor-container elementor-column-gap-no\">\n\t\t\t\t\t<div class=\"elementor-column elementor-col-100 elementor-top-column elementor-element elementor-element-5bdc2231\" data-id=\"5bdc2231\" data-element_type=\"column\" data-settings=\"{&quot;background_background&quot;:&quot;classic&quot;}\">\n\t\t\t<div class=\"elementor-widget-wrap elementor-element-populated\">\n\t\t\t\t\t\t<div class=\"elementor-element elementor-element-3e37c4b5 elementor-widget elementor-widget-heading\" data-id=\"3e37c4b5\" data-element_type=\"widget\" data-widget_type=\"heading.default\">\n\t\t\t\t<div class=\"elementor-widget-container\">\n\t\t\t\t\t<h1 class=\"elementor-heading-title elementor-size-default\">SOP-System f\u00fcr die Parkorganisation<\/h1>\t\t\t\t<\/div>\n\t\t\t\t<\/div>\n\t\t\t\t<div class=\"elementor-element elementor-element-1450d3ab elementor-widget elementor-widget-text-editor\" data-id=\"1450d3ab\" data-element_type=\"widget\" data-widget_type=\"text-editor.default\">\n\t\t\t\t<div class=\"elementor-widget-container\">\n\t\t\t\t\t\t\t\t\t<blockquote><p>&#8222;Mutig und sehr vorsichtig zugleich zu sein, ist die Kunst des Erfolgs.&#8220;<\/p><p>Napoleon<\/p><\/blockquote>\t\t\t\t\t\t\t\t<\/div>\n\t\t\t\t<\/div>\n\t\t\t\t\t<\/div>\n\t\t<\/div>\n\t\t\t\t\t<\/div>\n\t\t<\/section>\n\t\t\t\t<section class=\"elementor-section elementor-top-section elementor-element elementor-element-2d5a002f pt-big pb-big elementor-section-boxed elementor-section-height-default elementor-section-height-default\" data-id=\"2d5a002f\" data-element_type=\"section\" id=\"info\" data-settings=\"{&quot;background_background&quot;:&quot;classic&quot;,&quot;shape_divider_top&quot;:&quot;tilt&quot;}\">\n\t\t\t\t\t<div class=\"elementor-shape elementor-shape-top\" aria-hidden=\"true\" data-negative=\"false\">\n\t\t\t<svg xmlns=\"http:\/\/www.w3.org\/2000\/svg\" viewBox=\"0 0 1000 100\" preserveAspectRatio=\"none\">\n\t<path class=\"elementor-shape-fill\" d=\"M0,6V0h1000v100L0,6z\"\/>\n<\/svg>\t\t<\/div>\n\t\t\t\t\t<div class=\"elementor-container elementor-column-gap-default\">\n\t\t\t\t\t<div class=\"elementor-column elementor-col-100 elementor-top-column elementor-element elementor-element-7e6e63ec\" data-id=\"7e6e63ec\" data-element_type=\"column\">\n\t\t\t<div class=\"elementor-widget-wrap elementor-element-populated\">\n\t\t\t\t\t\t<div class=\"elementor-element elementor-element-4c1a1157 elementor-widget elementor-widget-text-editor\" data-id=\"4c1a1157\" data-element_type=\"widget\" data-widget_type=\"text-editor.default\">\n\t\t\t\t<div class=\"elementor-widget-container\">\n\t\t\t\t\t\t\t\t\t<h3 style=\"text-align: center;\"><strong>S.O.P.<\/strong><\/h3><h3 style=\"text-align: center;\"><strong>Organisation und Bereitstellung von Parkpl\u00e4tzen<\/strong><\/h3><h4 style=\"text-align: center;\"><strong>Wichtig f\u00fcr alle Organisationen, die den Raum, die Fahrzeugflotte und den Fahrzeugbesuch effizienter verwalten m\u00f6chten.<\/strong><\/h4><h4 style=\"text-align: center;\"><strong>Watchout Security bietet Ihnen eine L\u00f6sung, die Ihren Anforderungen und der aktuellen Gesetzgebung zu 100% entspricht.<\/strong><\/h4><p><strong>\u00a0<\/strong><\/p><p>Die F\u00e4higkeit, durch Einsparungen Einnahmen zu erzielen, reduziert dann Sicherheitsrisiken und erh\u00f6ht die Gesch\u00e4ftseffizienz.<\/p><p>Unsere L\u00f6sungen wurden in zahlreichen Hotels, Wohnungsbaugesellschaften, Parkh\u00e4usern, Industrie- und Logistikbereichen eingesetzt.<\/p><p>Das System verwendet speicherprogrammierbare Steuerungen, Induktionsschleifen oder Metalldetektoren, automatisierte Rampen, Eisplatten und das fortschrittlichste Video\u00fcberwachungssystem.<\/p><p><strong>Einige der Funktionen des Systems sind:<\/strong><\/p><ul><li>Identifizierung des Fahrzeugkennzeichens mit weiterer Bildspeicherung;<\/li><li>Kundenverwaltung &#8211; Zugang zum Auto nach Datum und Uhrzeit;<\/li><li>Parkverwaltung mit Nummern- und Zonenlimit;<\/li><li>Schwarz-Wei\u00df-Liste der Fahrzeuge;<\/li><li>Automatische Steuerung der Ger\u00e4te gem\u00e4\u00df den eingestellten Parametern;<\/li><li>Die Genauigkeit der Fahrzeugkennzeichenerkennung betr\u00e4gt mehr als 99%. Nacht und Tag;<\/li><li>Korrekte Kennzeichenerkennung bei unterschiedlichen Fahrzeuggeschwindigkeiten;<\/li><li>Das universelle System kann an jede IP-Kamera angeschlossen werden.<\/li><li>Berichte &#8211; F\u00e4higkeit, mit verschiedenen Datenbanken zu arbeiten;<\/li><li>M\u00f6glichkeit zum Anschlie\u00dfen einer unbegrenzten Anzahl von Videokameras;<\/li><li>Verwendung von LED-Panels;<\/li><li>Schnelle Hilfe bei der Identifizierung von Nummernschildern in allen Computerressourcen;<\/li><li>Webinterface f\u00fcr die Vernetzung.<\/li><\/ul>\t\t\t\t\t\t\t\t<\/div>\n\t\t\t\t<\/div>\n\t\t\t\t<div class=\"elementor-element elementor-element-8755a26 elementor-align-center elementor-widget elementor-widget-button\" data-id=\"8755a26\" data-element_type=\"widget\" data-widget_type=\"button.default\">\n\t\t\t\t<div class=\"elementor-widget-container\">\n\t\t\t\t\t\t\t\t\t<div class=\"elementor-button-wrapper\">\n\t\t\t\t\t<a class=\"elementor-button elementor-button-link elementor-size-lg\" href=\"https:\/\/ws.co.rs\/de\/fragebogen\/sop-system-fuer-die-parkorganisation\/\">\n\t\t\t\t\t\t<span class=\"elementor-button-content-wrapper\">\n\t\t\t\t\t\t<span class=\"elementor-button-icon\">\n\t\t\t\t<i aria-hidden=\"true\" class=\"fas fa-chevron-right\"><\/i>\t\t\t<\/span>\n\t\t\t\t\t\t\t\t\t<span class=\"elementor-button-text\">Eine Anfrage f\u00fcr ein Angebot<\/span>\n\t\t\t\t\t<\/span>\n\t\t\t\t\t<\/a>\n\t\t\t\t<\/div>\n\t\t\t\t\t\t\t\t<\/div>\n\t\t\t\t<\/div>\n\t\t\t\t\t<\/div>\n\t\t<\/div>\n\t\t\t\t\t<\/div>\n\t\t<\/section>\n\t\t\t\t<\/div>\n\t\t","protected":false},"excerpt":{"rendered":"<p>&#8222;Mutig und sehr vorsichtig zugleich zu sein, ist die Kunst des Erfolgs.&#8220; Napoleon S.O.P. Organisation und Bereitstellung von Parkpl\u00e4tzen Wichtig f\u00fcr alle Organisationen, die den Raum, die Fahrzeugflotte und den Fahrzeugbesuch effizienter verwalten m\u00f6chten. Watchout Security bietet Ihnen eine L\u00f6sung, die Ihren Anforderungen und der aktuellen Gesetzgebung zu 100% entspricht. \u00a0 Die F\u00e4higkeit, durch Einsparungen [&hellip;]<\/p>\n","protected":false},"author":1,"featured_media":0,"parent":3172,"menu_order":0,"comment_status":"closed","ping_status":"closed","template":"","meta":{"footnotes":""},"class_list":["post-2987","page","type-page","status-publish","hentry"],"aioseo_notices":[],"_links":{"self":[{"href":"https:\/\/ws.co.rs\/de\/wp-json\/wp\/v2\/pages\/2987","targetHints":{"allow":["GET"]}}],"collection":[{"href":"https:\/\/ws.co.rs\/de\/wp-json\/wp\/v2\/pages"}],"about":[{"href":"https:\/\/ws.co.rs\/de\/wp-json\/wp\/v2\/types\/page"}],"author":[{"embeddable":true,"href":"https:\/\/ws.co.rs\/de\/wp-json\/wp\/v2\/users\/1"}],"replies":[{"embeddable":true,"href":"https:\/\/ws.co.rs\/de\/wp-json\/wp\/v2\/comments?post=2987"}],"version-history":[{"count":5,"href":"https:\/\/ws.co.rs\/de\/wp-json\/wp\/v2\/pages\/2987\/revisions"}],"predecessor-version":[{"id":6540,"href":"https:\/\/ws.co.rs\/de\/wp-json\/wp\/v2\/pages\/2987\/revisions\/6540"}],"up":[{"embeddable":true,"href":"https:\/\/ws.co.rs\/de\/wp-json\/wp\/v2\/pages\/3172"}],"wp:attachment":[{"href":"https:\/\/ws.co.rs\/de\/wp-json\/wp\/v2\/media?parent=2987"}],"curies":[{"name":"wp","href":"https:\/\/api.w.org\/{rel}","templated":true}]}}