{"id":2980,"date":"2020-06-22T14:42:42","date_gmt":"2020-06-22T12:42:42","guid":{"rendered":"https:\/\/ws.co.rs\/gps-pracenje-vozila\/"},"modified":"2021-03-19T11:22:24","modified_gmt":"2021-03-19T10:22:24","slug":"gps-fahrzeugverfolgung","status":"publish","type":"page","link":"https:\/\/ws.co.rs\/de\/dienstleistungen\/geschaeftsloesungen\/gps-fahrzeugverfolgung\/","title":{"rendered":"GPS-Fahrzeugverfolgung"},"content":{"rendered":"\t\t<div data-elementor-type=\"wp-page\" data-elementor-id=\"2980\" class=\"elementor elementor-2980 elementor-126\" data-elementor-post-type=\"page\">\n\t\t\t\t\t\t<section class=\"elementor-section elementor-top-section elementor-element elementor-element-4a2b295a elementor-section-stretched elementor-section-height-min-height inside elementor-section-items-bottom elementor-section-content-bottom elementor-section-boxed elementor-section-height-default\" data-id=\"4a2b295a\" data-element_type=\"section\" id=\"showcase\" data-settings=\"{&quot;stretch_section&quot;:&quot;section-stretched&quot;,&quot;background_background&quot;:&quot;gradient&quot;,&quot;shape_divider_bottom&quot;:&quot;tilt&quot;}\">\n\t\t\t\t\t<div class=\"elementor-shape elementor-shape-bottom\" aria-hidden=\"true\" data-negative=\"false\">\n\t\t\t<svg xmlns=\"http:\/\/www.w3.org\/2000\/svg\" viewBox=\"0 0 1000 100\" preserveAspectRatio=\"none\">\n\t<path class=\"elementor-shape-fill\" d=\"M0,6V0h1000v100L0,6z\"\/>\n<\/svg>\t\t<\/div>\n\t\t\t\t\t<div class=\"elementor-container elementor-column-gap-no\">\n\t\t\t\t\t<div class=\"elementor-column elementor-col-100 elementor-top-column elementor-element elementor-element-398cd240\" data-id=\"398cd240\" data-element_type=\"column\" data-settings=\"{&quot;background_background&quot;:&quot;classic&quot;}\">\n\t\t\t<div class=\"elementor-widget-wrap elementor-element-populated\">\n\t\t\t\t\t\t<div class=\"elementor-element elementor-element-614efc8e elementor-widget elementor-widget-heading\" data-id=\"614efc8e\" data-element_type=\"widget\" data-widget_type=\"heading.default\">\n\t\t\t\t<div class=\"elementor-widget-container\">\n\t\t\t\t\t<h1 class=\"elementor-heading-title elementor-size-default\">GPS-Fahrzeugverfolgung<\/h1>\t\t\t\t<\/div>\n\t\t\t\t<\/div>\n\t\t\t\t<div class=\"elementor-element elementor-element-266b4b33 elementor-widget elementor-widget-text-editor\" data-id=\"266b4b33\" data-element_type=\"widget\" data-widget_type=\"text-editor.default\">\n\t\t\t\t<div class=\"elementor-widget-container\">\n\t\t\t\t\t\t\t\t\t<blockquote><p>&#8222;Ein weiser Mann vermeidet Schaden und Gefahr.&#8220;<\/p><p>Lateinisches Sprichwort<\/p><\/blockquote>\t\t\t\t\t\t\t\t<\/div>\n\t\t\t\t<\/div>\n\t\t\t\t\t<\/div>\n\t\t<\/div>\n\t\t\t\t\t<\/div>\n\t\t<\/section>\n\t\t\t\t<section class=\"elementor-section elementor-top-section elementor-element elementor-element-49fd2f4d pt-big pb-big elementor-section-boxed elementor-section-height-default elementor-section-height-default\" data-id=\"49fd2f4d\" data-element_type=\"section\" id=\"info\" data-settings=\"{&quot;background_background&quot;:&quot;classic&quot;,&quot;shape_divider_top&quot;:&quot;tilt&quot;}\">\n\t\t\t\t\t<div class=\"elementor-shape elementor-shape-top\" aria-hidden=\"true\" data-negative=\"false\">\n\t\t\t<svg xmlns=\"http:\/\/www.w3.org\/2000\/svg\" viewBox=\"0 0 1000 100\" preserveAspectRatio=\"none\">\n\t<path class=\"elementor-shape-fill\" d=\"M0,6V0h1000v100L0,6z\"\/>\n<\/svg>\t\t<\/div>\n\t\t\t\t\t<div class=\"elementor-container elementor-column-gap-default\">\n\t\t\t\t\t<div class=\"elementor-column elementor-col-100 elementor-top-column elementor-element elementor-element-786e71f8\" data-id=\"786e71f8\" data-element_type=\"column\">\n\t\t\t<div class=\"elementor-widget-wrap elementor-element-populated\">\n\t\t\t\t\t\t<div class=\"elementor-element elementor-element-75820856 elementor-widget elementor-widget-text-editor\" data-id=\"75820856\" data-element_type=\"widget\" data-widget_type=\"text-editor.default\">\n\t\t\t\t<div class=\"elementor-widget-container\">\n\t\t\t\t\t\t\t\t\t<h3 style=\"text-align: center;\"><strong>Verwenden Sie in Ihrem Unternehmen Kraftfahrzeuge?<\/strong><\/h3><h4 style=\"text-align: center;\"><strong>Reduzieren Sie die Betriebskosten, verbessern Sie die Effizienz von Fahrern, Verk\u00e4ufern und Au\u00dfendienstmitarbeitern, bieten Sie Kunden einen besseren Service und verbessern Sie die Verhandlungsmacht. Entdecken Sie, was GPS-Fahrzeugortung ist und was sie f\u00fcr Ihr Unternehmen tun kann!<\/strong><\/h4><p><span style=\"font-family: var( --e-global-typography-text-font-family ); font-weight: var( --e-global-typography-text-font-weight ); font-size: 1rem;\">\u00a0<\/span><\/p><p>Eine Webanwendung mit Software auf Serbisch ist ebenfalls verf\u00fcgbar, auf die von jedem Computer aus zugegriffen werden kann.<\/p><p><strong>\u00dcberpr\u00fcfen Sie den registrierten Stundensatz des Mitarbeiters:<\/strong><\/p><p>Nur auf dieser Basis geben Sie die Investition innerhalb von 3 bis 6 Monaten zur\u00fcck.<\/p><p>Erhalten Sie genaue Informationen \u00fcber die Arbeitszeit.<\/p><p>Vergleichen Sie die durchschnittliche Betriebszeit vor und nach der Systeminstallation.<\/p><p><strong>Helfen Sie einem Mitarbeiter, der vom Weg abgekommen ist:<\/strong><\/p><p>Der Dispatcher kann dem Fahrer leicht helfen, den richtigen Weg zu finden, Zeit zu sparen und Termine einzuhalten.<\/p><p><strong>Kontrollieren und reduzieren Sie die durchschnittliche Fahrzeuggeschwindigkeit:<\/strong><\/p><p>Durch die Steuerung der Geschwindigkeit sparen Sie monatlich bis zu 20% der Kraftstoffkosten.<\/p><p>Einige Fahrzeuge \u00fcberschreiten 100 km \/ h auf der Autobahn und 70 km \/ h auf anderen Stra\u00dfen nicht. Diese Variablen stehen in direktem Zusammenhang mit dem Kraftstoffverbrauch, den Wartungskosten und der Sicherheit der Verkehrsteilnehmer.<\/p><p><strong>Versicherungsgesellschaften:<\/strong><\/p><p>Wenden Sie sich an Ihre Versicherungsgesellschaft und fordern Sie einen Rabatt an, wenn Sie ihnen zeigen, dass Ihre Fahrzeuge jetzt langsamer fahren und Sie die Wahrscheinlichkeit eines Unfalls verringern. Wenn Ihre Versicherungsgesellschaft Sie nicht treffen m\u00f6chte, \u00e4ndern Sie es.<\/p><p><strong>Stoppzeit verfolgen:<\/strong><\/p><p>Die Nichteinhaltung der geplanten Zeit kann ein Indikator f\u00fcr eine verminderte Mitarbeiterproduktivit\u00e4t oder ein unzureichendes Engagement f\u00fcr den Kunden sein.<\/p><p>Diese Informationen sind wichtig f\u00fcr die St\u00e4rkung der Beziehungen, die R\u00fcckgabe von Waren oder den erfolgreichen Verkauf. Effizienz steht an erster Stelle!<\/p><p><strong>Gute Kundenbeziehungen pflegen und dem Management helfen:<\/strong><\/p><p>Keine Kundenantworten mehr: \u201eZwischen 9 und 17 Uhr\u201c.<\/p><p>Mit der GPS-Technologie k\u00f6nnen Sie die genaue Liefer- \/ Ankunftszeit angeben, der Sie folgen werden.<\/p><p>Mit der GPS-Technologie garantieren Sie die Qualit\u00e4t der Dienste.<\/p><p>Der Zugang ist sehr einfach \u00fcber das Internet.<\/p>\t\t\t\t\t\t\t\t<\/div>\n\t\t\t\t<\/div>\n\t\t\t\t<div class=\"elementor-element elementor-element-3127108c elementor-align-center elementor-widget elementor-widget-button\" data-id=\"3127108c\" data-element_type=\"widget\" data-widget_type=\"button.default\">\n\t\t\t\t<div class=\"elementor-widget-container\">\n\t\t\t\t\t\t\t\t\t<div class=\"elementor-button-wrapper\">\n\t\t\t\t\t<a class=\"elementor-button elementor-button-link elementor-size-lg\" href=\"https:\/\/ws.co.rs\/de\/fragebogen\/gps-fahrzeugverfolgung\/\">\n\t\t\t\t\t\t<span class=\"elementor-button-content-wrapper\">\n\t\t\t\t\t\t<span class=\"elementor-button-icon\">\n\t\t\t\t<i aria-hidden=\"true\" class=\"fas fa-chevron-right\"><\/i>\t\t\t<\/span>\n\t\t\t\t\t\t\t\t\t<span class=\"elementor-button-text\">Eine Anfrage f\u00fcr ein Angebot<\/span>\n\t\t\t\t\t<\/span>\n\t\t\t\t\t<\/a>\n\t\t\t\t<\/div>\n\t\t\t\t\t\t\t\t<\/div>\n\t\t\t\t<\/div>\n\t\t\t\t\t<\/div>\n\t\t<\/div>\n\t\t\t\t\t<\/div>\n\t\t<\/section>\n\t\t\t\t<\/div>\n\t\t","protected":false},"excerpt":{"rendered":"<p>&#8222;Ein weiser Mann vermeidet Schaden und Gefahr.&#8220; Lateinisches Sprichwort Verwenden Sie in Ihrem Unternehmen Kraftfahrzeuge? Reduzieren Sie die Betriebskosten, verbessern Sie die Effizienz von Fahrern, Verk\u00e4ufern und Au\u00dfendienstmitarbeitern, bieten Sie Kunden einen besseren Service und verbessern Sie die Verhandlungsmacht. Entdecken Sie, was GPS-Fahrzeugortung ist und was sie f\u00fcr Ihr Unternehmen tun kann! \u00a0 Eine Webanwendung [&hellip;]<\/p>\n","protected":false},"author":1,"featured_media":0,"parent":3172,"menu_order":0,"comment_status":"closed","ping_status":"closed","template":"","meta":{"footnotes":""},"class_list":["post-2980","page","type-page","status-publish","hentry"],"aioseo_notices":[],"_links":{"self":[{"href":"https:\/\/ws.co.rs\/de\/wp-json\/wp\/v2\/pages\/2980","targetHints":{"allow":["GET"]}}],"collection":[{"href":"https:\/\/ws.co.rs\/de\/wp-json\/wp\/v2\/pages"}],"about":[{"href":"https:\/\/ws.co.rs\/de\/wp-json\/wp\/v2\/types\/page"}],"author":[{"embeddable":true,"href":"https:\/\/ws.co.rs\/de\/wp-json\/wp\/v2\/users\/1"}],"replies":[{"embeddable":true,"href":"https:\/\/ws.co.rs\/de\/wp-json\/wp\/v2\/comments?post=2980"}],"version-history":[{"count":5,"href":"https:\/\/ws.co.rs\/de\/wp-json\/wp\/v2\/pages\/2980\/revisions"}],"predecessor-version":[{"id":6549,"href":"https:\/\/ws.co.rs\/de\/wp-json\/wp\/v2\/pages\/2980\/revisions\/6549"}],"up":[{"embeddable":true,"href":"https:\/\/ws.co.rs\/de\/wp-json\/wp\/v2\/pages\/3172"}],"wp:attachment":[{"href":"https:\/\/ws.co.rs\/de\/wp-json\/wp\/v2\/media?parent=2980"}],"curies":[{"name":"wp","href":"https:\/\/api.w.org\/{rel}","templated":true}]}}