{"id":2975,"date":"2020-06-22T14:42:56","date_gmt":"2020-06-22T12:42:56","guid":{"rendered":"https:\/\/ws.co.rs\/sistem-za-evidenciju-radnog-vremena\/"},"modified":"2021-03-19T11:22:14","modified_gmt":"2021-03-19T10:22:14","slug":"zeiterfassungssystem","status":"publish","type":"page","link":"https:\/\/ws.co.rs\/de\/dienstleistungen\/geschaeftsloesungen\/zeiterfassungssystem\/","title":{"rendered":"Zeiterfassungssystem"},"content":{"rendered":"\t\t<div data-elementor-type=\"wp-page\" data-elementor-id=\"2975\" class=\"elementor elementor-2975 elementor-128\" data-elementor-post-type=\"page\">\n\t\t\t\t\t\t<section class=\"elementor-section elementor-top-section elementor-element elementor-element-57704f0d elementor-section-stretched elementor-section-height-min-height inside elementor-section-items-bottom elementor-section-content-bottom elementor-section-boxed elementor-section-height-default\" data-id=\"57704f0d\" data-element_type=\"section\" id=\"showcase\" data-settings=\"{&quot;stretch_section&quot;:&quot;section-stretched&quot;,&quot;background_background&quot;:&quot;gradient&quot;,&quot;shape_divider_bottom&quot;:&quot;tilt&quot;}\">\n\t\t\t\t\t<div class=\"elementor-shape elementor-shape-bottom\" aria-hidden=\"true\" data-negative=\"false\">\n\t\t\t<svg xmlns=\"http:\/\/www.w3.org\/2000\/svg\" viewBox=\"0 0 1000 100\" preserveAspectRatio=\"none\">\n\t<path class=\"elementor-shape-fill\" d=\"M0,6V0h1000v100L0,6z\"\/>\n<\/svg>\t\t<\/div>\n\t\t\t\t\t<div class=\"elementor-container elementor-column-gap-no\">\n\t\t\t\t\t<div class=\"elementor-column elementor-col-100 elementor-top-column elementor-element elementor-element-336f59a4\" data-id=\"336f59a4\" data-element_type=\"column\" data-settings=\"{&quot;background_background&quot;:&quot;classic&quot;}\">\n\t\t\t<div class=\"elementor-widget-wrap elementor-element-populated\">\n\t\t\t\t\t\t<div class=\"elementor-element elementor-element-2a2122a9 elementor-widget elementor-widget-heading\" data-id=\"2a2122a9\" data-element_type=\"widget\" data-widget_type=\"heading.default\">\n\t\t\t\t<div class=\"elementor-widget-container\">\n\t\t\t\t\t<h1 class=\"elementor-heading-title elementor-size-default\">Zeiterfassungssystem<\/h1>\t\t\t\t<\/div>\n\t\t\t\t<\/div>\n\t\t\t\t<div class=\"elementor-element elementor-element-14d72441 elementor-widget elementor-widget-text-editor\" data-id=\"14d72441\" data-element_type=\"widget\" data-widget_type=\"text-editor.default\">\n\t\t\t\t<div class=\"elementor-widget-container\">\n\t\t\t\t\t\t\t\t\t<blockquote><p>&#8222;Wenn Sie Ihre Zeit nicht kennen oder nicht verwalten k\u00f6nnen, was k\u00f6nnen Sie dann \u00fcberhaupt verwalten? \u201e<\/p><p>Peter Drucker<\/p><\/blockquote>\t\t\t\t\t\t\t\t<\/div>\n\t\t\t\t<\/div>\n\t\t\t\t\t<\/div>\n\t\t<\/div>\n\t\t\t\t\t<\/div>\n\t\t<\/section>\n\t\t\t\t<section class=\"elementor-section elementor-top-section elementor-element elementor-element-50e8a054 pt-big pb-big elementor-section-boxed elementor-section-height-default elementor-section-height-default\" data-id=\"50e8a054\" data-element_type=\"section\" id=\"info\" data-settings=\"{&quot;background_background&quot;:&quot;classic&quot;,&quot;shape_divider_top&quot;:&quot;tilt&quot;}\">\n\t\t\t\t\t<div class=\"elementor-shape elementor-shape-top\" aria-hidden=\"true\" data-negative=\"false\">\n\t\t\t<svg xmlns=\"http:\/\/www.w3.org\/2000\/svg\" viewBox=\"0 0 1000 100\" preserveAspectRatio=\"none\">\n\t<path class=\"elementor-shape-fill\" d=\"M0,6V0h1000v100L0,6z\"\/>\n<\/svg>\t\t<\/div>\n\t\t\t\t\t<div class=\"elementor-container elementor-column-gap-default\">\n\t\t\t\t\t<div class=\"elementor-column elementor-col-100 elementor-top-column elementor-element elementor-element-355fccd7\" data-id=\"355fccd7\" data-element_type=\"column\">\n\t\t\t<div class=\"elementor-widget-wrap elementor-element-populated\">\n\t\t\t\t\t\t<div class=\"elementor-element elementor-element-34e64fab elementor-widget elementor-widget-text-editor\" data-id=\"34e64fab\" data-element_type=\"widget\" data-widget_type=\"text-editor.default\">\n\t\t\t\t<div class=\"elementor-widget-container\">\n\t\t\t\t\t\t\t\t\t<h3 style=\"text-align: center;\"><strong>Es gibt drei wichtige Segmente f\u00fcr das Funktionieren einer modernen Organisation.<\/strong><\/h3><h4 style=\"text-align: center;\"><strong>Aufzeichnungen \u00fcber die Arbeitszeit, die Kontrolle der Bewegung durch die Einrichtung und die Erlaubnis f\u00fcr den Zugang von autorisiertem Personal zu restriktiven R\u00e4umlichkeiten,<\/strong><\/h4><p>ZKTime ist ein System zur Erfassung der Arbeitszeit von Mitarbeitern und \/ oder der Zugangskontrolle.<\/p><p>Dieses System verhindert unn\u00f6tige und unbefugte Bewegungen in der Einrichtung, was das Sicherheitsniveau erh\u00f6ht und zu einem rationaleren und effizienteren Gesch\u00e4ft beitr\u00e4gt.<\/p><p>Das ZKTime-System dient zur \u00dcberwachung und Aufzeichnung der Arbeitszeit.<\/p><p><strong>Es erm\u00f6glicht eine vollst\u00e4ndige und effiziente Kontrolle der Zeit, die Mitarbeiter bei der Arbeit verbringen.<\/strong><\/p><ul><li>Kontrolle ihrer Verz\u00f6gerung,<\/li><li>im Laufe der Zeit,<\/li><li>Krankenstand,<\/li><li>Urlaube,<\/li><li>und Endkosten f\u00fcr die Mitarbeiter.<\/li><\/ul><div class=\"ws-simple-style-cont ws-alt\"><div class=\"container\"><p><strong>Die Berichte, die Sie von unserem System erhalten, sind:<\/strong><\/p><ul><li>Chrono 1<\/li><li>Chrono 2<\/li><li>Verz\u00f6gerungsbericht<\/li><li>Unregelm\u00e4\u00dfigkeitsbericht<\/li><li>Bericht anhalten<\/li><li>Carnet<\/li><li>Ungerechtfertigte Abwesenheit f\u00fcr mehr als 48 Stunden<\/li><li>Stunden der Rekapitulation erreicht<\/li><li>Realisierte Stunden f\u00fcr den Zeitraum<\/li><li>Pr\u00e4senz in Schichten<\/li><li>Standardbericht<\/li><li>Protokollstatus<\/li><li>Statusbericht<\/li><\/ul><div>F\u00fcr detaillierte Informationen oder um eine Pr\u00e4sentation zu planen, senden Sie uns eine Anfrage f\u00fcr ein Angebot unter dem folgenden Link.<\/div><\/div><\/div>\t\t\t\t\t\t\t\t<\/div>\n\t\t\t\t<\/div>\n\t\t\t\t<div class=\"elementor-element elementor-element-3d95de3 elementor-align-center elementor-widget elementor-widget-button\" data-id=\"3d95de3\" data-element_type=\"widget\" data-widget_type=\"button.default\">\n\t\t\t\t<div class=\"elementor-widget-container\">\n\t\t\t\t\t\t\t\t\t<div class=\"elementor-button-wrapper\">\n\t\t\t\t\t<a class=\"elementor-button elementor-button-link elementor-size-lg\" href=\"https:\/\/ws.co.rs\/de\/fragebogen\/aufzeichnungen-ueber-die-arbeitszeit\/\">\n\t\t\t\t\t\t<span class=\"elementor-button-content-wrapper\">\n\t\t\t\t\t\t<span class=\"elementor-button-icon\">\n\t\t\t\t<i aria-hidden=\"true\" class=\"fas fa-chevron-right\"><\/i>\t\t\t<\/span>\n\t\t\t\t\t\t\t\t\t<span class=\"elementor-button-text\">Eine Anfrage f\u00fcr ein Angebot<\/span>\n\t\t\t\t\t<\/span>\n\t\t\t\t\t<\/a>\n\t\t\t\t<\/div>\n\t\t\t\t\t\t\t\t<\/div>\n\t\t\t\t<\/div>\n\t\t\t\t\t<\/div>\n\t\t<\/div>\n\t\t\t\t\t<\/div>\n\t\t<\/section>\n\t\t\t\t<\/div>\n\t\t","protected":false},"excerpt":{"rendered":"<p>&#8222;Wenn Sie Ihre Zeit nicht kennen oder nicht verwalten k\u00f6nnen, was k\u00f6nnen Sie dann \u00fcberhaupt verwalten? \u201e Peter Drucker Es gibt drei wichtige Segmente f\u00fcr das Funktionieren einer modernen Organisation. Aufzeichnungen \u00fcber die Arbeitszeit, die Kontrolle der Bewegung durch die Einrichtung und die Erlaubnis f\u00fcr den Zugang von autorisiertem Personal zu restriktiven R\u00e4umlichkeiten, ZKTime ist [&hellip;]<\/p>\n","protected":false},"author":1,"featured_media":0,"parent":3172,"menu_order":0,"comment_status":"closed","ping_status":"closed","template":"","meta":{"footnotes":""},"class_list":["post-2975","page","type-page","status-publish","hentry"],"aioseo_notices":[],"_links":{"self":[{"href":"https:\/\/ws.co.rs\/de\/wp-json\/wp\/v2\/pages\/2975","targetHints":{"allow":["GET"]}}],"collection":[{"href":"https:\/\/ws.co.rs\/de\/wp-json\/wp\/v2\/pages"}],"about":[{"href":"https:\/\/ws.co.rs\/de\/wp-json\/wp\/v2\/types\/page"}],"author":[{"embeddable":true,"href":"https:\/\/ws.co.rs\/de\/wp-json\/wp\/v2\/users\/1"}],"replies":[{"embeddable":true,"href":"https:\/\/ws.co.rs\/de\/wp-json\/wp\/v2\/comments?post=2975"}],"version-history":[{"count":5,"href":"https:\/\/ws.co.rs\/de\/wp-json\/wp\/v2\/pages\/2975\/revisions"}],"predecessor-version":[{"id":6546,"href":"https:\/\/ws.co.rs\/de\/wp-json\/wp\/v2\/pages\/2975\/revisions\/6546"}],"up":[{"embeddable":true,"href":"https:\/\/ws.co.rs\/de\/wp-json\/wp\/v2\/pages\/3172"}],"wp:attachment":[{"href":"https:\/\/ws.co.rs\/de\/wp-json\/wp\/v2\/media?parent=2975"}],"curies":[{"name":"wp","href":"https:\/\/api.w.org\/{rel}","templated":true}]}}