{"id":2959,"date":"2020-06-22T14:43:05","date_gmt":"2020-06-22T12:43:05","guid":{"rendered":"https:\/\/ws.co.rs\/alko-testiranje\/"},"modified":"2021-03-19T11:22:04","modified_gmt":"2021-03-19T10:22:04","slug":"alkoholtests","status":"publish","type":"page","link":"https:\/\/ws.co.rs\/de\/dienstleistungen\/geschaeftsloesungen\/alkoholtests\/","title":{"rendered":"Alkoholtests"},"content":{"rendered":"\t\t<div data-elementor-type=\"wp-page\" data-elementor-id=\"2959\" class=\"elementor elementor-2959 elementor-130\" data-elementor-post-type=\"page\">\n\t\t\t\t\t\t<section class=\"elementor-section elementor-top-section elementor-element elementor-element-2f0a694d elementor-section-stretched elementor-section-height-min-height inside elementor-section-items-bottom elementor-section-content-bottom elementor-section-boxed elementor-section-height-default\" data-id=\"2f0a694d\" data-element_type=\"section\" id=\"showcase\" data-settings=\"{&quot;stretch_section&quot;:&quot;section-stretched&quot;,&quot;background_background&quot;:&quot;gradient&quot;,&quot;shape_divider_bottom&quot;:&quot;tilt&quot;}\">\n\t\t\t\t\t<div class=\"elementor-shape elementor-shape-bottom\" aria-hidden=\"true\" data-negative=\"false\">\n\t\t\t<svg xmlns=\"http:\/\/www.w3.org\/2000\/svg\" viewBox=\"0 0 1000 100\" preserveAspectRatio=\"none\">\n\t<path class=\"elementor-shape-fill\" d=\"M0,6V0h1000v100L0,6z\"\/>\n<\/svg>\t\t<\/div>\n\t\t\t\t\t<div class=\"elementor-container elementor-column-gap-no\">\n\t\t\t\t\t<div class=\"elementor-column elementor-col-100 elementor-top-column elementor-element elementor-element-7fa80e51\" data-id=\"7fa80e51\" data-element_type=\"column\" data-settings=\"{&quot;background_background&quot;:&quot;classic&quot;}\">\n\t\t\t<div class=\"elementor-widget-wrap elementor-element-populated\">\n\t\t\t\t\t\t<div class=\"elementor-element elementor-element-425c254e elementor-widget elementor-widget-heading\" data-id=\"425c254e\" data-element_type=\"widget\" data-widget_type=\"heading.default\">\n\t\t\t\t<div class=\"elementor-widget-container\">\n\t\t\t\t\t<h1 class=\"elementor-heading-title elementor-size-default\">Alkoholtests<\/h1>\t\t\t\t<\/div>\n\t\t\t\t<\/div>\n\t\t\t\t<div class=\"elementor-element elementor-element-5de6a685 elementor-widget elementor-widget-text-editor\" data-id=\"5de6a685\" data-element_type=\"widget\" data-widget_type=\"text-editor.default\">\n\t\t\t\t<div class=\"elementor-widget-container\">\n\t\t\t\t\t\t\t\t\t<blockquote><p>&#8222;99% aller \u00dcberraschungen im Gesch\u00e4ft sind unangenehm!&#8220;<\/p><p>Harold Geneen<\/p><\/blockquote>\t\t\t\t\t\t\t\t<\/div>\n\t\t\t\t<\/div>\n\t\t\t\t\t<\/div>\n\t\t<\/div>\n\t\t\t\t\t<\/div>\n\t\t<\/section>\n\t\t\t\t<section class=\"elementor-section elementor-top-section elementor-element elementor-element-369a9797 pt-big pb-big elementor-section-boxed elementor-section-height-default elementor-section-height-default\" data-id=\"369a9797\" data-element_type=\"section\" id=\"info\" data-settings=\"{&quot;background_background&quot;:&quot;classic&quot;,&quot;shape_divider_top&quot;:&quot;tilt&quot;}\">\n\t\t\t\t\t<div class=\"elementor-shape elementor-shape-top\" aria-hidden=\"true\" data-negative=\"false\">\n\t\t\t<svg xmlns=\"http:\/\/www.w3.org\/2000\/svg\" viewBox=\"0 0 1000 100\" preserveAspectRatio=\"none\">\n\t<path class=\"elementor-shape-fill\" d=\"M0,6V0h1000v100L0,6z\"\/>\n<\/svg>\t\t<\/div>\n\t\t\t\t\t<div class=\"elementor-container elementor-column-gap-default\">\n\t\t\t\t\t<div class=\"elementor-column elementor-col-100 elementor-top-column elementor-element elementor-element-2ff60d63\" data-id=\"2ff60d63\" data-element_type=\"column\">\n\t\t\t<div class=\"elementor-widget-wrap elementor-element-populated\">\n\t\t\t\t\t\t<div class=\"elementor-element elementor-element-560a705a elementor-widget elementor-widget-text-editor\" data-id=\"560a705a\" data-element_type=\"widget\" data-widget_type=\"text-editor.default\">\n\t\t\t\t<div class=\"elementor-widget-container\">\n\t\t\t\t\t\t\t\t\t<h3 style=\"text-align: center;\"><strong>Nutzen Sie diese Statistiken zum Nutzen Ihrer Organisation.<\/strong><\/h3><p>Der Gesch\u00e4ftserfolg h\u00e4ngt weitgehend von den Humanressourcen ab.<\/p><p>F\u00e4lle von unethischem und unprofessionellem Verhalten und Situationen, in denen Mitarbeiter in alkoholischem Zustand am Arbeitsplatz auftraten, werden zunehmend erfasst.<\/p><p>Verletzungen bei der Arbeit und andere Unannehmlichkeiten werden immer h\u00e4ufiger.<\/p><p>Aus den genannten Gr\u00fcnden entscheiden sich Arbeitgeber zunehmend f\u00fcr die Durchf\u00fchrung von Alkoholtests bei Arbeitnehmern. Mit den auf diese Weise erhaltenen Informationen k\u00f6nnen Unternehmen angemessene Ma\u00dfnahmen ergreifen, um ein solches Verhalten in Zukunft zu bek\u00e4mpfen und so den reibungslosen Gesch\u00e4ftsbetrieb sicherzustellen.<\/p><p>Bereitstellung von Alkoholtests f\u00fcr Mitarbeiter \u00fcber Ethylmeter Alcotest DRAGER 6810 (das Ger\u00e4t verf\u00fcgt \u00fcber ein Zertifikat der Direktion f\u00fcr Ma\u00dfnahmen und Edelmetalle zur Einhaltung der in der Verordnung \u00fcber messtechnische Anforderungen an Ethylmeter vorgeschriebenen Bedingungen) und durch zertifizierte Personen.<\/p><p>Der Service wird an jedem Werktag des Monats in der Zeit von 8 bis 16 Uhr angeboten. In diesem Fall k\u00f6nnen mindestens f\u00fcnf Personen getestet werden.<\/p><p>Ausz\u00fcge aus der geltenden Gesetzgebung:<\/p><p>Nach dem Arbeitsgesetz (&#8222;Amtsblatt der RS&#8220;, Nr. 24\/2005, 61\/2005, 54\/2009, 32\/2013 und 75\/2014 &#8211; im Folgenden: das Gesetz) sind die Gr\u00fcnde f\u00fcr die Entlassung in Artikel 1 vorgeschrieben 179. Nach dieser Bestimmung kann der Arbeitgeber den Arbeitsvertrag eines Arbeitnehmers k\u00fcndigen, der die Arbeitsdisziplin nicht einh\u00e4lt, unter anderem weil er unter dem Einfluss von Alkohol oder anderen Rauschmitteln zur Arbeit kommt oder w\u00e4hrenddessen Alkohol oder andere Rauschmittel konsumiert Arbeitszeiten, die die Ausf\u00fchrung von Arbeiten beeintr\u00e4chtigen oder beeinflussen k\u00f6nnen (Artikel 179 Absatz 3 Nummer 4 des Gesetzes).<\/p><p>Gem\u00e4\u00df Absatz 4 derselben Bestimmung kann der Arbeitgeber den Arbeitnehmer zur angemessenen Analyse auf eigene Kosten an eine vom Arbeitgeber benannte zugelassene Gesundheitseinrichtung verweisen, um die in Absatz 3 Punkt genannten Umst\u00e4nde zu bestimmen. 3) und 4) dieses Artikels oder um das Vorliegen der angegebenen Umst\u00e4nde auf andere Weise gem\u00e4\u00df dem allgemeinen Gesetz festzustellen. Die Weigerung des Arbeitnehmers, auf die Aufforderung des Arbeitgebers zur Durchf\u00fchrung der Analyse zu antworten, gilt als Versto\u00df gegen die Arbeitsdisziplin im Sinne von Absatz 3 dieses Artikels.<\/p><p><strong>Als Nachweis f\u00fcr die Einhaltung der nachstehenden Vorschriften k\u00f6nnen Sie folgende Dokumente einsehen:<\/strong><\/p><ul><li>Musterzulassungsbescheinigung &#8211; 6810<\/li><li>Zertifikat f\u00fcr die Verwendung von ALCOTEST-Ger\u00e4ten<\/li><\/ul>\t\t\t\t\t\t\t\t<\/div>\n\t\t\t\t<\/div>\n\t\t\t\t<div class=\"elementor-element elementor-element-9bae034 elementor-align-center elementor-widget elementor-widget-button\" data-id=\"9bae034\" data-element_type=\"widget\" data-widget_type=\"button.default\">\n\t\t\t\t<div class=\"elementor-widget-container\">\n\t\t\t\t\t\t\t\t\t<div class=\"elementor-button-wrapper\">\n\t\t\t\t\t<a class=\"elementor-button elementor-button-link elementor-size-lg\" href=\"https:\/\/ws.co.rs\/de\/fragebogen\/alkoholtests\/\">\n\t\t\t\t\t\t<span class=\"elementor-button-content-wrapper\">\n\t\t\t\t\t\t<span class=\"elementor-button-icon\">\n\t\t\t\t<i aria-hidden=\"true\" class=\"fas fa-chevron-right\"><\/i>\t\t\t<\/span>\n\t\t\t\t\t\t\t\t\t<span class=\"elementor-button-text\">Eine Anfrage f\u00fcr ein Angebot<\/span>\n\t\t\t\t\t<\/span>\n\t\t\t\t\t<\/a>\n\t\t\t\t<\/div>\n\t\t\t\t\t\t\t\t<\/div>\n\t\t\t\t<\/div>\n\t\t\t\t\t<\/div>\n\t\t<\/div>\n\t\t\t\t\t<\/div>\n\t\t<\/section>\n\t\t\t\t<\/div>\n\t\t","protected":false},"excerpt":{"rendered":"<p>&#8222;99% aller \u00dcberraschungen im Gesch\u00e4ft sind unangenehm!&#8220; Harold Geneen Nutzen Sie diese Statistiken zum Nutzen Ihrer Organisation. Der Gesch\u00e4ftserfolg h\u00e4ngt weitgehend von den Humanressourcen ab. F\u00e4lle von unethischem und unprofessionellem Verhalten und Situationen, in denen Mitarbeiter in alkoholischem Zustand am Arbeitsplatz auftraten, werden zunehmend erfasst. Verletzungen bei der Arbeit und andere Unannehmlichkeiten werden immer h\u00e4ufiger. [&hellip;]<\/p>\n","protected":false},"author":1,"featured_media":0,"parent":3172,"menu_order":0,"comment_status":"closed","ping_status":"closed","template":"","meta":{"footnotes":""},"class_list":["post-2959","page","type-page","status-publish","hentry"],"aioseo_notices":[],"_links":{"self":[{"href":"https:\/\/ws.co.rs\/de\/wp-json\/wp\/v2\/pages\/2959","targetHints":{"allow":["GET"]}}],"collection":[{"href":"https:\/\/ws.co.rs\/de\/wp-json\/wp\/v2\/pages"}],"about":[{"href":"https:\/\/ws.co.rs\/de\/wp-json\/wp\/v2\/types\/page"}],"author":[{"embeddable":true,"href":"https:\/\/ws.co.rs\/de\/wp-json\/wp\/v2\/users\/1"}],"replies":[{"embeddable":true,"href":"https:\/\/ws.co.rs\/de\/wp-json\/wp\/v2\/comments?post=2959"}],"version-history":[{"count":5,"href":"https:\/\/ws.co.rs\/de\/wp-json\/wp\/v2\/pages\/2959\/revisions"}],"predecessor-version":[{"id":6543,"href":"https:\/\/ws.co.rs\/de\/wp-json\/wp\/v2\/pages\/2959\/revisions\/6543"}],"up":[{"embeddable":true,"href":"https:\/\/ws.co.rs\/de\/wp-json\/wp\/v2\/pages\/3172"}],"wp:attachment":[{"href":"https:\/\/ws.co.rs\/de\/wp-json\/wp\/v2\/media?parent=2959"}],"curies":[{"name":"wp","href":"https:\/\/api.w.org\/{rel}","templated":true}]}}