{"id":2945,"date":"2020-06-24T20:46:02","date_gmt":"2020-06-24T18:46:02","guid":{"rendered":"https:\/\/ws.co.rs\/aktuelna-newsletter-ponuda\/"},"modified":"2021-02-12T14:16:31","modified_gmt":"2021-02-12T13:16:31","slug":"aktuelles-newsletter-angebot","status":"publish","type":"page","link":"https:\/\/ws.co.rs\/de\/verkauf\/aktuelles-newsletter-angebot\/","title":{"rendered":"Aktuelles Newsletter-Angebot"},"content":{"rendered":"\t\t<div data-elementor-type=\"wp-page\" data-elementor-id=\"2945\" class=\"elementor elementor-2945 elementor-231\" data-elementor-post-type=\"page\">\n\t\t\t\t\t\t<section class=\"elementor-section elementor-top-section elementor-element elementor-element-7341a99a elementor-section-stretched elementor-section-height-min-height blank m0 elementor-section-items-bottom elementor-section-content-bottom elementor-section-boxed elementor-section-height-default\" data-id=\"7341a99a\" data-element_type=\"section\" id=\"showcase\" data-settings=\"{&quot;stretch_section&quot;:&quot;section-stretched&quot;,&quot;background_background&quot;:&quot;classic&quot;}\">\n\t\t\t\t\t\t<div class=\"elementor-container elementor-column-gap-no\">\n\t\t\t\t\t<div class=\"elementor-column elementor-col-100 elementor-top-column elementor-element elementor-element-7c21c62\" data-id=\"7c21c62\" data-element_type=\"column\" data-settings=\"{&quot;background_background&quot;:&quot;classic&quot;}\">\n\t\t\t<div class=\"elementor-widget-wrap elementor-element-populated\">\n\t\t\t\t\t\t<div class=\"elementor-element elementor-element-30272b18 elementor-widget elementor-widget-heading\" data-id=\"30272b18\" data-element_type=\"widget\" data-widget_type=\"heading.default\">\n\t\t\t\t<div class=\"elementor-widget-container\">\n\t\t\t\t\t<h1 class=\"elementor-heading-title elementor-size-default\">Aktuelles Newsletter-Angebot<\/h1>\t\t\t\t<\/div>\n\t\t\t\t<\/div>\n\t\t\t\t\t<\/div>\n\t\t<\/div>\n\t\t\t\t\t<\/div>\n\t\t<\/section>\n\t\t\t\t<section class=\"elementor-section elementor-top-section elementor-element elementor-element-fddbe08 elementor-section-boxed elementor-section-height-default elementor-section-height-default\" data-id=\"fddbe08\" data-element_type=\"section\" id=\"content\" data-settings=\"{&quot;shape_divider_top&quot;:&quot;tilt&quot;}\">\n\t\t\t\t\t<div class=\"elementor-shape elementor-shape-top\" aria-hidden=\"true\" data-negative=\"false\">\n\t\t\t<svg xmlns=\"http:\/\/www.w3.org\/2000\/svg\" viewBox=\"0 0 1000 100\" preserveAspectRatio=\"none\">\n\t<path class=\"elementor-shape-fill\" d=\"M0,6V0h1000v100L0,6z\"\/>\n<\/svg>\t\t<\/div>\n\t\t\t\t\t<div class=\"elementor-container elementor-column-gap-default\">\n\t\t\t\t\t<div class=\"elementor-column elementor-col-100 elementor-top-column elementor-element elementor-element-8e5a193\" data-id=\"8e5a193\" data-element_type=\"column\">\n\t\t\t<div class=\"elementor-widget-wrap elementor-element-populated\">\n\t\t\t\t\t\t<div class=\"elementor-element elementor-element-2dd09673 elementor-widget elementor-widget-text-editor\" data-id=\"2dd09673\" data-element_type=\"widget\" data-widget_type=\"text-editor.default\">\n\t\t\t\t<div class=\"elementor-widget-container\">\n\t\t\t\t\t\t\t\t\t<p>Wir sind zuverl\u00e4ssige Partner auf dem Weg zum Erfolg, sei es Ihr beruflicher Aufstieg, Ihre Partnerschaft mit uns oder ein Franchise-Modell der Zusammenarbeit. In jeder Form der Zusammenarbeit arbeiten Sie mit uns zusammen, um Fortschritte zu erzielen, zu lernen, Ihre F\u00e4higkeiten zu verbessern und sich schnell an neue Ver\u00e4nderungen im Markt anzupassen. Sehen Sie sich die verf\u00fcgbaren Optionen f\u00fcr die Zusammenarbeit mit unserem Team an und kontaktieren Sie uns noch heute, um weitere Informationen zu erhalten.<\/p>\t\t\t\t\t\t\t\t<\/div>\n\t\t\t\t<\/div>\n\t\t\t\t\t<\/div>\n\t\t<\/div>\n\t\t\t\t\t<\/div>\n\t\t<\/section>\n\t\t\t\t<\/div>\n\t\t","protected":false},"excerpt":{"rendered":"<p>Wir sind zuverl\u00e4ssige Partner auf dem Weg zum Erfolg, sei es Ihr beruflicher Aufstieg, Ihre Partnerschaft mit uns oder ein Franchise-Modell der Zusammenarbeit. In jeder Form der Zusammenarbeit arbeiten Sie mit uns zusammen, um Fortschritte zu erzielen, zu lernen, Ihre F\u00e4higkeiten zu verbessern und sich schnell an neue Ver\u00e4nderungen im Markt anzupassen. Sehen Sie sich [&hellip;]<\/p>\n","protected":false},"author":1,"featured_media":0,"parent":2952,"menu_order":0,"comment_status":"closed","ping_status":"closed","template":"","meta":{"footnotes":""},"class_list":["post-2945","page","type-page","status-publish","hentry"],"aioseo_notices":[],"_links":{"self":[{"href":"https:\/\/ws.co.rs\/de\/wp-json\/wp\/v2\/pages\/2945","targetHints":{"allow":["GET"]}}],"collection":[{"href":"https:\/\/ws.co.rs\/de\/wp-json\/wp\/v2\/pages"}],"about":[{"href":"https:\/\/ws.co.rs\/de\/wp-json\/wp\/v2\/types\/page"}],"author":[{"embeddable":true,"href":"https:\/\/ws.co.rs\/de\/wp-json\/wp\/v2\/users\/1"}],"replies":[{"embeddable":true,"href":"https:\/\/ws.co.rs\/de\/wp-json\/wp\/v2\/comments?post=2945"}],"version-history":[{"count":5,"href":"https:\/\/ws.co.rs\/de\/wp-json\/wp\/v2\/pages\/2945\/revisions"}],"predecessor-version":[{"id":5749,"href":"https:\/\/ws.co.rs\/de\/wp-json\/wp\/v2\/pages\/2945\/revisions\/5749"}],"up":[{"embeddable":true,"href":"https:\/\/ws.co.rs\/de\/wp-json\/wp\/v2\/pages\/2952"}],"wp:attachment":[{"href":"https:\/\/ws.co.rs\/de\/wp-json\/wp\/v2\/media?parent=2945"}],"curies":[{"name":"wp","href":"https:\/\/api.w.org\/{rel}","templated":true}]}}