{"id":2927,"date":"2020-06-24T20:47:14","date_gmt":"2020-06-24T18:47:14","guid":{"rendered":"https:\/\/ws.co.rs\/kako-kupovati-na-ws-co-rs\/"},"modified":"2021-02-08T17:00:05","modified_gmt":"2021-02-08T16:00:05","slug":"so-kaufen-sie-auf-der-website-ein","status":"publish","type":"page","link":"https:\/\/ws.co.rs\/de\/brauchst-du-hilfe\/so-kaufen-sie-auf-der-website-ein\/","title":{"rendered":"So kaufen Sie auf der Website ein"},"content":{"rendered":"\t\t<div data-elementor-type=\"wp-page\" data-elementor-id=\"2927\" class=\"elementor elementor-2927 elementor-241\" data-elementor-post-type=\"page\">\n\t\t\t\t\t\t<section class=\"elementor-section elementor-top-section elementor-element elementor-element-7e8b89f0 elementor-section-stretched elementor-section-height-min-height blank m0 elementor-section-items-bottom elementor-section-content-bottom elementor-section-boxed elementor-section-height-default\" data-id=\"7e8b89f0\" data-element_type=\"section\" id=\"showcase\" data-settings=\"{&quot;stretch_section&quot;:&quot;section-stretched&quot;,&quot;background_background&quot;:&quot;classic&quot;}\">\n\t\t\t\t\t\t<div class=\"elementor-container elementor-column-gap-no\">\n\t\t\t\t\t<div class=\"elementor-column elementor-col-100 elementor-top-column elementor-element elementor-element-2ad7155c\" data-id=\"2ad7155c\" data-element_type=\"column\" data-settings=\"{&quot;background_background&quot;:&quot;classic&quot;}\">\n\t\t\t<div class=\"elementor-widget-wrap elementor-element-populated\">\n\t\t\t\t\t\t<div class=\"elementor-element elementor-element-60e7b2e8 elementor-widget elementor-widget-heading\" data-id=\"60e7b2e8\" data-element_type=\"widget\" data-widget_type=\"heading.default\">\n\t\t\t\t<div class=\"elementor-widget-container\">\n\t\t\t\t\t<h1 class=\"elementor-heading-title elementor-size-default\">WIE MAN EINE ONLINE-ZAHLUNG MACHT<\/h1>\t\t\t\t<\/div>\n\t\t\t\t<\/div>\n\t\t\t\t\t<\/div>\n\t\t<\/div>\n\t\t\t\t\t<\/div>\n\t\t<\/section>\n\t\t\t\t<section class=\"elementor-section elementor-top-section elementor-element elementor-element-699b285a elementor-section-boxed elementor-section-height-default elementor-section-height-default\" data-id=\"699b285a\" data-element_type=\"section\" id=\"content\" data-settings=\"{&quot;shape_divider_top&quot;:&quot;tilt&quot;}\">\n\t\t\t\t\t<div class=\"elementor-shape elementor-shape-top\" aria-hidden=\"true\" data-negative=\"false\">\n\t\t\t<svg xmlns=\"http:\/\/www.w3.org\/2000\/svg\" viewBox=\"0 0 1000 100\" preserveAspectRatio=\"none\">\n\t<path class=\"elementor-shape-fill\" d=\"M0,6V0h1000v100L0,6z\"\/>\n<\/svg>\t\t<\/div>\n\t\t\t\t\t<div class=\"elementor-container elementor-column-gap-default\">\n\t\t\t\t\t<div class=\"elementor-column elementor-col-100 elementor-top-column elementor-element elementor-element-1576c89d\" data-id=\"1576c89d\" data-element_type=\"column\">\n\t\t\t<div class=\"elementor-widget-wrap elementor-element-populated\">\n\t\t\t\t\t\t<div class=\"elementor-element elementor-element-37e2302f elementor-widget elementor-widget-text-editor\" data-id=\"37e2302f\" data-element_type=\"widget\" data-widget_type=\"text-editor.default\">\n\t\t\t\t<div class=\"elementor-widget-container\">\n\t\t\t\t\t\t\t\t\t<p>Sie k\u00f6nnen Ihren Service \u00fcber unsere Website mit Ihren <strong>VISA<\/strong>-, <strong>MASTERCARD<\/strong>&#8211; oder <strong>MAESTRO<\/strong>-Zahlungskarten bezahlen.<\/p><p>Sie m\u00fcssen oben rechts auf <strong>ONLINE-ZAHLUNG<\/strong> klicken. In diesem Schritt wird nach dem Klicken auf die Seite ein Fenster angezeigt, in dem Sie die folgenden Informationen eingeben m\u00fcssen:<\/p><ol><li>Kontonummer, auf deren Grundlage Sie Zahlungen t\u00e4tigen (Rufen Sie die Kontonummer an, f\u00fcr die Sie Zahlungen leisten)<\/li><li>Der Betrag, den Sie bezahlen<\/li><\/ol><p>Nachdem Sie diese Informationen eingegeben haben, m\u00fcssen Sie auf die Schaltfl\u00e4che <strong>PAY BILL BY CARD<\/strong> klicken.<\/p><p>Im n\u00e4chsten Schritt erscheint ein Fenster in Form einer Zahlungskarte, in das Sie folgende Informationen eingeben m\u00fcssen:<\/p><ol><li>Kartentyp<\/li><li>Kartennummer<\/li><li>Verfallsdatum<\/li><li>Kartenhalter<\/li><li>CVV-Nummer<\/li><\/ol><p>\u00a0<\/p><p>Nachdem Sie diese Informationen eingegeben haben, m\u00fcssen Sie in der unteren rechten Ecke der Karte auf <strong>JETZT ZAHLEN<\/strong> klicken.<\/p><h5>Zahlungsmethode f\u00fcr Benutzer aus dem Ausland:<\/h5><p>Die Watchout-Sicherheit entspricht den Gesetzen der Republik Serbien. Daher werden alle Kredit- und Debitkartenzahlungen in der W\u00e4hrung der Republik Serbien (Dinar &#8211; RSD) ausgef\u00fchrt.<\/p><p>Ihre Zahlungskarte wird in Ihrer Landesw\u00e4hrung belastet, nachdem der Betrag in Dinar zu den von den Weltkartenverb\u00e4nden angewandten Wechselkursen in Ihre Landesw\u00e4hrung umgerechnet wurde.<\/p><p>Aufgrund dieser Conversions kann es zu geringf\u00fcgigen Unterschieden beim Preis kommen, der auf unserer Website berechnet und angezeigt wird.<\/p><h2><a href=\"https:\/\/ws.co.rs\/wp-content\/uploads\/2020\/11\/Uputstvo-za-online-placanje.pdf\">Anleitung zur Online-Zahlung<\/a><\/h2>\t\t\t\t\t\t\t\t<\/div>\n\t\t\t\t<\/div>\n\t\t\t\t\t<\/div>\n\t\t<\/div>\n\t\t\t\t\t<\/div>\n\t\t<\/section>\n\t\t\t\t<\/div>\n\t\t","protected":false},"excerpt":{"rendered":"<p>KAKO IZVR\u0160ITI ONLINE PLA\u0106ANJE Svoju uslugu preko na\u0161eg sajta mo\u017eete platiti koriste\u0107i Va\u0161u\u00a0VISA,\u00a0MASTERCARD\u00a0ili\u00a0MAESTRO\u00a0platnim karticama. Potrebno je da u gornjem desnu uglu kliknete na\u00a0ONLINE PLA\u0106ANJE.\u00a0U ovom koraku, nakon \u0161to ste kliknuli na stranicu, pojavi\u0107e Vam se prozor u kojem treba da popunite slede\u0107e podatke: Broj ra\u010duna na osnovu koga vr\u0161ite uplate (Poziv na broj ra\u010duna za [&hellip;]<\/p>\n","protected":false},"author":1,"featured_media":0,"parent":2938,"menu_order":0,"comment_status":"closed","ping_status":"closed","template":"","meta":{"footnotes":""},"class_list":["post-2927","page","type-page","status-publish","hentry"],"aioseo_notices":[],"_links":{"self":[{"href":"https:\/\/ws.co.rs\/de\/wp-json\/wp\/v2\/pages\/2927","targetHints":{"allow":["GET"]}}],"collection":[{"href":"https:\/\/ws.co.rs\/de\/wp-json\/wp\/v2\/pages"}],"about":[{"href":"https:\/\/ws.co.rs\/de\/wp-json\/wp\/v2\/types\/page"}],"author":[{"embeddable":true,"href":"https:\/\/ws.co.rs\/de\/wp-json\/wp\/v2\/users\/1"}],"replies":[{"embeddable":true,"href":"https:\/\/ws.co.rs\/de\/wp-json\/wp\/v2\/comments?post=2927"}],"version-history":[{"count":5,"href":"https:\/\/ws.co.rs\/de\/wp-json\/wp\/v2\/pages\/2927\/revisions"}],"predecessor-version":[{"id":5444,"href":"https:\/\/ws.co.rs\/de\/wp-json\/wp\/v2\/pages\/2927\/revisions\/5444"}],"up":[{"embeddable":true,"href":"https:\/\/ws.co.rs\/de\/wp-json\/wp\/v2\/pages\/2938"}],"wp:attachment":[{"href":"https:\/\/ws.co.rs\/de\/wp-json\/wp\/v2\/media?parent=2927"}],"curies":[{"name":"wp","href":"https:\/\/api.w.org\/{rel}","templated":true}]}}