{"id":2920,"date":"2020-06-24T20:47:27","date_gmt":"2020-06-24T18:47:27","guid":{"rendered":"https:\/\/ws.co.rs\/narucivanje-telefonom-ili-e-mailom\/"},"modified":"2021-02-12T00:14:32","modified_gmt":"2021-02-11T23:14:32","slug":"bestellung-per-telefon-oder-e-mail","status":"publish","type":"page","link":"https:\/\/ws.co.rs\/de\/brauchst-du-hilfe\/bestellung-per-telefon-oder-e-mail\/","title":{"rendered":"Bestellung per Telefon oder E-Mail"},"content":{"rendered":"\t\t<div data-elementor-type=\"wp-page\" data-elementor-id=\"2920\" class=\"elementor elementor-2920 elementor-243\" data-elementor-post-type=\"page\">\n\t\t\t\t\t\t<section class=\"elementor-section elementor-top-section elementor-element elementor-element-22b80770 elementor-section-stretched elementor-section-height-min-height blank m0 elementor-section-items-bottom elementor-section-content-bottom elementor-section-boxed elementor-section-height-default\" data-id=\"22b80770\" data-element_type=\"section\" id=\"showcase\" data-settings=\"{&quot;stretch_section&quot;:&quot;section-stretched&quot;,&quot;background_background&quot;:&quot;classic&quot;}\">\n\t\t\t\t\t\t<div class=\"elementor-container elementor-column-gap-no\">\n\t\t\t\t\t<div class=\"elementor-column elementor-col-100 elementor-top-column elementor-element elementor-element-21927206\" data-id=\"21927206\" data-element_type=\"column\" data-settings=\"{&quot;background_background&quot;:&quot;classic&quot;}\">\n\t\t\t<div class=\"elementor-widget-wrap elementor-element-populated\">\n\t\t\t\t\t\t<div class=\"elementor-element elementor-element-6002eebf elementor-widget elementor-widget-heading\" data-id=\"6002eebf\" data-element_type=\"widget\" data-widget_type=\"heading.default\">\n\t\t\t\t<div class=\"elementor-widget-container\">\n\t\t\t\t\t<h1 class=\"elementor-heading-title elementor-size-default\">Service bestellen<\/h1>\t\t\t\t<\/div>\n\t\t\t\t<\/div>\n\t\t\t\t\t<\/div>\n\t\t<\/div>\n\t\t\t\t\t<\/div>\n\t\t<\/section>\n\t\t\t\t<section class=\"elementor-section elementor-top-section elementor-element elementor-element-2c5cbd1 elementor-section-boxed elementor-section-height-default elementor-section-height-default\" data-id=\"2c5cbd1\" data-element_type=\"section\" id=\"content\" data-settings=\"{&quot;shape_divider_top&quot;:&quot;tilt&quot;}\">\n\t\t\t\t\t<div class=\"elementor-shape elementor-shape-top\" aria-hidden=\"true\" data-negative=\"false\">\n\t\t\t<svg xmlns=\"http:\/\/www.w3.org\/2000\/svg\" viewBox=\"0 0 1000 100\" preserveAspectRatio=\"none\">\n\t<path class=\"elementor-shape-fill\" d=\"M0,6V0h1000v100L0,6z\"\/>\n<\/svg>\t\t<\/div>\n\t\t\t\t\t<div class=\"elementor-container elementor-column-gap-default\">\n\t\t\t\t\t<div class=\"elementor-column elementor-col-100 elementor-top-column elementor-element elementor-element-156c6cb7\" data-id=\"156c6cb7\" data-element_type=\"column\">\n\t\t\t<div class=\"elementor-widget-wrap elementor-element-populated\">\n\t\t\t\t\t\t<div class=\"elementor-element elementor-element-69e7ba4d elementor-widget elementor-widget-text-editor\" data-id=\"69e7ba4d\" data-element_type=\"widget\" data-widget_type=\"text-editor.default\">\n\t\t\t\t<div class=\"elementor-widget-container\">\n\t\t\t\t\t\t\t\t\t<p><strong>Sie k\u00f6nnen ein Angebot erhalten, wenn Sie eine Angebotsanfrage auf eine der folgenden Arten stellen:<\/strong><\/p><ul><li>Durch Senden einer Angebotsanfrage \u00fcber unsere Website <strong>ONLINE<\/strong><\/li><li>Per Telefon an die geb\u00fchrenfreie Nummer <strong>0800 011 013<\/strong><\/li><li>Durch Senden einer Anfrage an die Mail <a href=\"mailto:prodaja@ws.co.rs\">prodaja@ws.co.rs<\/a><\/li><li>Durch einen unserer autorisierten <a href=\"https:\/\/riskmanager.rs\/\">Risikomanager<\/a><\/li><\/ul><p><strong>ONLINE BESTELLEN<\/strong><\/p><p>Wenn Sie sich entschieden haben, eine Angebotsanfrage \u00fcber die Website zu senden, m\u00fcssen Sie zuerst den Dienst ausw\u00e4hlen, an dem Sie interessiert sind, und dann auf den unteren Rand der Seitenschaltfl\u00e4che ANGEBOT ANGEBOT klicken, um den Fragebogen zu \u00f6ffnen. Dateneingabeformular.<\/p><p>Das Ziel des Fragebogens ist eine bessere Auftragsvergabe durch eine schnellere und genauere Definition Ihrer Anforderungen.<\/p><ol><li>Schritt &#8211; In diesem Schritt geben Sie die Daten der nat\u00fcrlichen oder juristischen Person ein, die als Dienstleister gilt und an die das Angebot gerichtet ist.<\/li><li>Schritt &#8211; In diesem Schritt geben Sie detailliertere Informationen \u00fcber den gesch\u00fctzten Bereich ein, f\u00fcr den das Angebot abgegeben wird.<\/li><li>Schritt &#8211; In diesem Schritt geben Sie detailliertere Informationen zu den Systemdiensten ein, f\u00fcr die das Angebot abgegeben wird.<\/li><\/ol><p>\u00a0<\/p><p>Nach dem dritten und letzten Schritt m\u00fcssen Sie den Fragebogen endg\u00fcltig an die Schaltfl\u00e4che SEND QUESTIONNAIRE senden. Danach wird die Seite angezeigt, die die gesendete Anfrage best\u00e4tigt. &#8222;Die Nachricht wurde erfolgreich gesendet. Vielen Dank, dass Sie die Nachricht gesendet haben. Ihre Nachricht wurde an den zust\u00e4ndigen Dienst weitergeleitet. &#8222;<\/p><p>Wenn Sie sich nicht sicher sind, welchen Service Sie w\u00fcnschen, k\u00f6nnen Sie einfach \u00fcber das Kontaktformular eine Anfrage stellen, und einer unserer autorisierten Risikomanager wird Sie kontaktieren. Das Kontaktformular finden Sie im Hauptmen\u00fc oder einfach durch Klicken auf diesen <a href=\"https:\/\/ws.co.rs\/kontakt\/\">Link<\/a>.<\/p><p>Watchout Security verpflichtet sich zum Schutz Ihrer pers\u00f6nlichen Daten, die ausschlie\u00dflich zum Zweck des Vertragsabschlusses verwendet werden.<\/p><p><strong>\u00a0<\/strong><\/p><p><strong>BESTELLUNG per Telefon oder E-Mail<\/strong><\/p><p>Wenn Sie m\u00f6chten, k\u00f6nnen Sie jeden Service auf unserer Website unter der kostenlosen Telefonnummer 0800 011 013 oder per E-Mail unter <a href=\"mailto:prodaja@ws.co.rs\">prodaja@ws.co.rs<\/a> bestellen. Wenn Sie eine juristische Person sind, stehen Ihnen unsere Kollegen im Bereich Gesch\u00e4ftskunden zur Verf\u00fcgung. Sie k\u00f6nnen sie unter der Telefonnummer 0800 011 013 oder per E-Mail unter <a href=\"mailto:prodaja@ws.co.rs\">prodaja@ws.co.rs<\/a> kontaktieren<\/p><p>Es wird sicher sein, dass es auf jede Art und Weise als Vertragsanfrage in die Datenbank eingegeben wird und dass wir die Person bestimmen, die den Vertrag ausf\u00fchrt. Als Best\u00e4tigung, dass eine Vertragsanfrage eingegeben wurde, erhalten Sie eine Textnachricht mit der Anforderungsnummer an die in der Anforderung angegebene Telefonnummer. Wenn Sie bereits Benutzer sind, erh\u00e4lt die Person, mit der Sie zuvor einen Vertrag abgeschlossen haben, automatisch eine SMS, dass Sie eine Anfrage gesendet haben.<\/p><p><strong style=\"font-family: var( --e-global-typography-text-font-family ); font-size: 1rem;\">\u00a0<\/strong><\/p><p><strong>BESTELLUNG DURCH AUTORISIERTE RISIKOMANAGER<\/strong><\/p><p>Autorisierte Risikomanager helfen Sicherheitsbenutzern bei der Suche nach der besten Sicherheitsl\u00f6sung, und Unternehmen helfen ihnen bei der Suche nach loyalen Servicebenutzern. Risikomanager sind Fachleute und geschulte Personen, die geschult wurden, um Risiken zu bewerten und Ma\u00dfnahmen zur Risikominderung vorzuschlagen. Sie sind spezialisiert auf Dienstleistungen im Bereich des technischen Schutzes, des physischen Schutzes und des physisch-technischen Schutzes.<\/p><p>Risikomanager helfen Ihnen dabei, das Risiko von Einbruch, Raub, internen und externen illegalen Handlungen und Feuer zu verringern. Indem Sie diese Risiken reduzieren, erh\u00f6hen Sie die Sicherheit Ihres Eigentums, der Menschen um Sie herum und Ihres Unternehmens.<\/p><p>Weitere Informationen zu unseren Risikomanagern finden Sie auf der Website <a href=\"https:\/\/riskmanager.rs\/\">https:\/\/riskmanager.rs\/<\/a>.<\/p><p><strong>\u00a0<\/strong><\/p><p>Das Verfahren ist f\u00fcr jede der genannten Arten der \u00dcbermittlung der Anfrage gleich. Den Verlauf der Ereignisse finden Sie auf der Seite <a href=\"https:\/\/ws.co.rs\/podrska\/\">https:\/\/ws.co.rs\/podrska\/<\/a>.<\/p><ul><li>\u00d6ffnungszeiten des Kundencenters<\/li><li>Montag &#8211; Freitag: von 08 bis 16 Uhr<\/li><li>Samstag: arbeitsfreier Tag<\/li><li>Sonntag: arbeitsfreier Tag<\/li><\/ul>\t\t\t\t\t\t\t\t<\/div>\n\t\t\t\t<\/div>\n\t\t\t\t\t<\/div>\n\t\t<\/div>\n\t\t\t\t\t<\/div>\n\t\t<\/section>\n\t\t\t\t<\/div>\n\t\t","protected":false},"excerpt":{"rendered":"<p>Service bestellen Sie k\u00f6nnen ein Angebot erhalten, wenn Sie eine Angebotsanfrage auf eine der folgenden Arten stellen: Durch Senden einer Angebotsanfrage \u00fcber unsere Website ONLINE Per Telefon an die geb\u00fchrenfreie Nummer 0800 011 013 Durch Senden einer Anfrage an die Mail prodaja@ws.co.rs Durch einen unserer autorisierten Risikomanager ONLINE BESTELLEN Wenn Sie sich entschieden haben, eine [&hellip;]<\/p>\n","protected":false},"author":1,"featured_media":0,"parent":2938,"menu_order":0,"comment_status":"closed","ping_status":"closed","template":"","meta":{"footnotes":""},"class_list":["post-2920","page","type-page","status-publish","hentry"],"aioseo_notices":[],"_links":{"self":[{"href":"https:\/\/ws.co.rs\/de\/wp-json\/wp\/v2\/pages\/2920","targetHints":{"allow":["GET"]}}],"collection":[{"href":"https:\/\/ws.co.rs\/de\/wp-json\/wp\/v2\/pages"}],"about":[{"href":"https:\/\/ws.co.rs\/de\/wp-json\/wp\/v2\/types\/page"}],"author":[{"embeddable":true,"href":"https:\/\/ws.co.rs\/de\/wp-json\/wp\/v2\/users\/1"}],"replies":[{"embeddable":true,"href":"https:\/\/ws.co.rs\/de\/wp-json\/wp\/v2\/comments?post=2920"}],"version-history":[{"count":5,"href":"https:\/\/ws.co.rs\/de\/wp-json\/wp\/v2\/pages\/2920\/revisions"}],"predecessor-version":[{"id":5486,"href":"https:\/\/ws.co.rs\/de\/wp-json\/wp\/v2\/pages\/2920\/revisions\/5486"}],"up":[{"embeddable":true,"href":"https:\/\/ws.co.rs\/de\/wp-json\/wp\/v2\/pages\/2938"}],"wp:attachment":[{"href":"https:\/\/ws.co.rs\/de\/wp-json\/wp\/v2\/media?parent=2920"}],"curies":[{"name":"wp","href":"https:\/\/api.w.org\/{rel}","templated":true}]}}