{"id":2909,"date":"2020-06-24T20:47:52","date_gmt":"2020-06-24T18:47:52","guid":{"rendered":"https:\/\/ws.co.rs\/sta-su-watchout-security-bodovi\/"},"modified":"2021-02-12T00:19:44","modified_gmt":"2021-02-11T23:19:44","slug":"was-sind-watchout-sicherheitspunkte","status":"publish","type":"page","link":"https:\/\/ws.co.rs\/de\/brauchst-du-hilfe\/was-sind-watchout-sicherheitspunkte\/","title":{"rendered":"Was sind Watchout-Sicherheitspunkte?"},"content":{"rendered":"\t\t<div data-elementor-type=\"wp-page\" data-elementor-id=\"2909\" class=\"elementor elementor-2909 elementor-247\" data-elementor-post-type=\"page\">\n\t\t\t\t\t\t<section class=\"elementor-section elementor-top-section elementor-element elementor-element-db5fc33 elementor-section-stretched elementor-section-height-min-height blank m0 elementor-section-items-bottom elementor-section-content-bottom elementor-section-boxed elementor-section-height-default\" data-id=\"db5fc33\" data-element_type=\"section\" id=\"showcase\" data-settings=\"{&quot;stretch_section&quot;:&quot;section-stretched&quot;,&quot;background_background&quot;:&quot;classic&quot;}\">\n\t\t\t\t\t\t<div class=\"elementor-container elementor-column-gap-no\">\n\t\t\t\t\t<div class=\"elementor-column elementor-col-100 elementor-top-column elementor-element elementor-element-4cc834a4\" data-id=\"4cc834a4\" data-element_type=\"column\" data-settings=\"{&quot;background_background&quot;:&quot;classic&quot;}\">\n\t\t\t<div class=\"elementor-widget-wrap elementor-element-populated\">\n\t\t\t\t\t\t<div class=\"elementor-element elementor-element-4629b0dc elementor-widget elementor-widget-heading\" data-id=\"4629b0dc\" data-element_type=\"widget\" data-widget_type=\"heading.default\">\n\t\t\t\t<div class=\"elementor-widget-container\">\n\t\t\t\t\t<h1 class=\"elementor-heading-title elementor-size-default\">Was sind Watchout-Sicherheitspunkte?<\/h1>\t\t\t\t<\/div>\n\t\t\t\t<\/div>\n\t\t\t\t\t<\/div>\n\t\t<\/div>\n\t\t\t\t\t<\/div>\n\t\t<\/section>\n\t\t\t\t<section class=\"elementor-section elementor-top-section elementor-element elementor-element-61cd5de9 elementor-section-boxed elementor-section-height-default elementor-section-height-default\" data-id=\"61cd5de9\" data-element_type=\"section\" id=\"content\" data-settings=\"{&quot;shape_divider_top&quot;:&quot;tilt&quot;}\">\n\t\t\t\t\t<div class=\"elementor-shape elementor-shape-top\" aria-hidden=\"true\" data-negative=\"false\">\n\t\t\t<svg xmlns=\"http:\/\/www.w3.org\/2000\/svg\" viewBox=\"0 0 1000 100\" preserveAspectRatio=\"none\">\n\t<path class=\"elementor-shape-fill\" d=\"M0,6V0h1000v100L0,6z\"\/>\n<\/svg>\t\t<\/div>\n\t\t\t\t\t<div class=\"elementor-container elementor-column-gap-default\">\n\t\t\t\t\t<div class=\"elementor-column elementor-col-100 elementor-top-column elementor-element elementor-element-65778eb3\" data-id=\"65778eb3\" data-element_type=\"column\">\n\t\t\t<div class=\"elementor-widget-wrap elementor-element-populated\">\n\t\t\t\t\t\t<div class=\"elementor-element elementor-element-2e6fe855 elementor-widget elementor-widget-text-editor\" data-id=\"2e6fe855\" data-element_type=\"widget\" data-widget_type=\"text-editor.default\">\n\t\t\t\t<div class=\"elementor-widget-container\">\n\t\t\t\t\t\t\t\t\t<div class=\" ws-simple-style-cont ws-politika-sistema ws-mobile-analitika\"><div class=\"container\"><div class=\"wsOpstiUsloviBlockText__3FX2U ws-box ws-text-centar\"><p>0800 \/ 011-013<\/p><p><strong>Sammeln Sie Punkte und erhalten Sie zus\u00e4tzliche Rabatte!<\/strong><br \/><strong>Nur deine Karte<\/strong><\/p><p>Mit jedem Kauf in den Watchout-Sicherheitsgesch\u00e4ften und auf der Website erhalten Sie Punkte, die auf Ihrer Watchout-Sicherheitskarte eingetragen werden und die Sie beim n\u00e4chsten oder anderen Kauf verwenden k\u00f6nnen. Sie m\u00fcssen lediglich ein registrierter Benutzer auf der Watchout-Sicherheitsseite sein. Die Punkte werden nach f\u00fcnfzehn (15) Tagen ab Kaufdatum auf Ihrem Profil und Ihrer Watchout-Sicherheitskarte angezeigt.<\/p><p>Zus\u00e4tzlich zur Basis-Sicherheitskarte Your Watchout erhalten Sie drei Zusatzkarten, die sich auf die Basiskarte beziehen und die Sie Familienmitgliedern und Freunden zur Verwendung geben k\u00f6nnen.<\/p><p>Vergessen Sie nicht! Nach dem ersten Kauf haben Sie 15 Tage Zeit, sich auf der Website zu registrieren. Dann haben Sie Anspruch auf die Punkte, die Ihnen geh\u00f6ren.<\/p><p>Laden Sie Freunde ein und verdienen Sie zus\u00e4tzliche Punkte! Als registrierter Benutzer haben Sie die M\u00f6glichkeit, Ihr Profil zu verwenden, um andere Benutzer zur Registrierung auf der Watchout-Sicherheitsseite einzuladen und Ihre Freunde im sozialen Netzwerk der Watchout-Sicherheit zu sein. F\u00fcr jeden Einkauf Ihres Freundes \u00fcber 5.000 RSD erhalten Sie 5 Punkte.<\/p><p>Teilen Sie uns Ihre Meinung mit! Als registrierter Benutzer k\u00f6nnen Sie das gekaufte Produkt bewerten und erhalten 5 Punkte. F\u00fcnfzehn (15) Tage nach dem Kauf erhalten Sie automatisch eine E-Mail mit einem Link zu Ihrem Profil, in der Sie Ihren Eindruck vom gekauften Produkt schreiben k\u00f6nnen.<\/p><p>Sie k\u00f6nnen einen Eindruck f\u00fcr jedes gekaufte Produkt hinterlassen, dessen Preis h\u00f6her als 1.000 RSD ist.<\/p><p><strong>Wertpunkte und Rabatte<\/strong><\/p><p>F\u00fcr jeweils 1.000 RSD, die f\u00fcr Eink\u00e4ufe auf der Watchout-Sicherheitsseite oder in den Watchout-Sicherheitsgesch\u00e4ften ausgegeben werden, wird 1 Punkt Ihrem Konto und Ihrer Watchout-Sicherheitskarte gutgeschrieben, deren Wert 20 RSD betr\u00e4gt. Sie k\u00f6nnen maximal 500 Punkte sammeln. Danach k\u00f6nnen Sie weiter einkaufen, aber das System vergibt Ihnen keine neuen Punkte, bis Sie die vorhandenen Punkte ausgeben.<\/p><p>Der maximale Rabatt, den Sie mit Ihrer Watchout-Sicherheitskarte und Ihren Punkten erhalten k\u00f6nnen, betr\u00e4gt 50% des Gesamtkaufwerts. Sie k\u00f6nnen die Punkte jederzeit verwenden, um ein Produkt aus unserem Angebot zu kaufen, unabh\u00e4ngig von der Anzahl der gesammelten Punkte. Alle gesammelten Punkte m\u00fcssen sofort verwendet werden.<\/p><p>Weitere Informationen zu den Regeln des Programms Just Your Watchout Security Card erhalten Sie unter www.Watchout security.rs oder telefonisch beim Call Center unter 0800 011 013.<\/p><p>Vielen Dank f\u00fcr Ihr Vertrauen und wir w\u00fcnschen Ihnen erfolgreiche zuk\u00fcnftige Eink\u00e4ufe in Watchout Security!<\/p><p><strong>Programmrichtlinien Nur Ihre Watchout-Sicherheitskarte<\/strong><\/p><p>Watchout-Sicherheit d.o.o. ist der Initiator des Treueprogramms Just Your Watchout-Sicherheitskarte (im Folgenden als Watchout-Sicherheit bezeichnet) und der Herausgeber der pers\u00f6nlichen Karte Just Your Watchout-Sicherheitskarte (im Folgenden als Karte bezeichnet) f\u00fcr alle auf der Watchout-Sicherheitsseite www registrierten Benutzer .Watchout security.rs). Watchout Security beh\u00e4lt sich das Recht vor, die Karten jederzeit und ohne vorherige Ank\u00fcndigung aus dem Verkehr zu ziehen und die Elemente des Programms Your Watchout Security Card zu \u00e4ndern oder vollst\u00e4ndig zu stornieren.<\/p><p>Jeder in der Republik Serbien ans\u00e4ssige Erwachsene, der die erforderlichen Informationen w\u00e4hrend der Registrierung auf der Website der Watchout-Sicherheit zur Verf\u00fcgung stellt, kann Karteninhaber werden.<\/p><p>Die bei der Registrierung auf der Website angegebenen Benutzerdaten werden ausschlie\u00dflich zum Ausstellen der Karte und zum Aufzeichnen der gesammelten Punkte verwendet. Personenbezogene Daten der Benutzer Die Karten werden gem\u00e4\u00df dem Gesetz zum Schutz personenbezogener Daten nicht mit anderen Benutzern ausgetauscht.<\/p><p>Die Karte wird ausgestellt, um die Punkte aufzuzeichnen, die beim Kauf in Watchout-Sicherheitsstellen oder \u00fcber die Website gesammelt wurden.<\/p><p>Der Benutzer erh\u00e4lt eine Basiskarte und drei Zusatzkarten, die sich auf die Basiskarte beziehen und die Sie Familienmitgliedern und Freunden zur Verwendung geben k\u00f6nnen. Die Karte kann nicht als Zahlungsmittel verwendet werden.<\/p><p>Benutzer von Zusatzkarten haben die gleichen Rechte zum Sammeln und Ausgeben von Punkten wie Benutzer der Basiskarte. Der Benutzer der Basiskarte weist Hilfskarten auf eigenes Risiko zu.<\/p><p>Nach dem ersten Kauf muss sich der K\u00e4ufer innerhalb von 15 Tagen auf der Website registrieren und hat dann Anspruch auf die ihm geh\u00f6renden Punkte. Wenn sich der neue Kunde nicht innerhalb von 15 Tagen ab dem Tag des ersten Kaufs registriert, verliert er automatisch das Recht auf Punkte, die bei diesem Kauf gesammelt wurden. Die Karte wird nur an registrierte Benutzer ausgegeben.<\/p><p>Bei jedem nachfolgenden Kauf hat der auf der Website registrierte Kunde nach 15 Tagen ab Kaufdatum Anspruch auf zus\u00e4tzliche Punkte.<\/p><p>Die Methode der Benutzerregistrierung, das Sammeln von Punkten, der Wert von Punkten, Einschr\u00e4nkungen und Verwendungsmethoden werden auf der Website und an den Verkaufsstellen von Watchout Security ausf\u00fchrlicher beschrieben.<\/p><p>Der Benutzer kann die Punkte f\u00fcr Eink\u00e4ufe auf der Website (die Anzahl der Punkte, die der Benutzer im Profil und im Warenkorb des Benutzers angezeigt hat) sowie f\u00fcr Eink\u00e4ufe in einem der Watchout-Sicherheitsgesch\u00e4fte verwenden, indem er seine Karte dem zeigt Verk\u00e4ufer.<\/p><p>F\u00fcr jeweils 1.000 RSD, die f\u00fcr Eink\u00e4ufe \u00fcber die Website oder in den Watchout-Sicherheitsgesch\u00e4ften ausgegeben werden, wird 1 Punkt im Wert von 20 RSD auf dem Konto des Benutzers eingegeben. Die maximale Anzahl von Punkten, die ein Benutzer sammeln kann, betr\u00e4gt 500. Danach kann der Benutzer mit dem Kauf fortfahren, aber das System vergibt ihm keine neuen Punkte, bis er die vorhandenen aufgebraucht hat. Alle gesammelten Punkte m\u00fcssen sofort verwendet werden.<\/p><p>Der maximale Rabatt, der mit Punkten erzielt werden kann, betr\u00e4gt 50 Prozent des gesamten Kaufwerts.<\/p><p>Kaufpunkte k\u00f6nnen nicht gegen Bargeld eingetauscht werden. Punkte k\u00f6nnen vom Benutzer jederzeit verwendet werden, unabh\u00e4ngig von der Anzahl der gesammelten Punkte, und Punkte k\u00f6nnen verwendet werden, um Produkte aus dem Watchout-Sicherheitsangebot zu kaufen, unabh\u00e4ngig davon, ob sie bereits einen Rabatt haben oder nicht.<\/p><p>Watchout-Sicherheitspunkte gelten nicht f\u00fcr juristische Personen. Nur Einzelpersonen k\u00f6nnen Karteninhaber sein und Punkte sammeln.<\/p><p>Die Watchout-Sicherheit kann nach eigenem Ermessen und ohne vorherige Ank\u00fcndigung jeden Benutzer vom Kartenprogramm ausschlie\u00dfen. Watchout Security ist verpflichtet, den Benutzer \u00fcber die Trennung zu informieren, ist jedoch nicht verpflichtet, dem Benutzer seine Entscheidung zu erkl\u00e4ren.<\/p><p>Die Watchout-Sicherheit benachrichtigt den Benutzer entsprechend \u00fcber \u00c4nderungen dieser Programmregeln. Die aktuellen Regeln sind auf der Website der Website verf\u00fcgbar.<\/p><p>Bei Verlust oder Diebstahl der Karte oder der Zusatzkarten ist der Benutzer verpflichtet, das Verschwinden der Karte oder der Zusatzkarten dem kostenlosen Call Center 0800 011 013 zu melden. Danach wird er \u00fcber die R\u00fccknahme einer neuen Karte informiert Welche bisher gesammelten Punkte werden \u00fcbertragen.<\/p><p>Die Frist f\u00fcr die Einreichung von Beschwerden betr\u00e4gt 120 Tage ab Kaufdatum.<\/p><\/div><\/div><\/div>\t\t\t\t\t\t\t\t<\/div>\n\t\t\t\t<\/div>\n\t\t\t\t\t<\/div>\n\t\t<\/div>\n\t\t\t\t\t<\/div>\n\t\t<\/section>\n\t\t\t\t<\/div>\n\t\t","protected":false},"excerpt":{"rendered":"<p>0800\/011-013 Sakupljajte bodove i ostvarite dodatne popuste! Ba\u0161 tvoja kartica Prilikom svake kupovine u Watchout security radnjama i na sajtu sti\u010dete bodove koji \u0107e biti upisani na Ba\u0161 Tvoju Watchout security Karticu i koje mo\u017eete iskoristiti prilikom slede\u0107e ili neke druge kupovine. Sve \u0161to je potrebno je da budete registrovani korisnik na Watchout security sajtu [&hellip;]<\/p>\n","protected":false},"author":1,"featured_media":0,"parent":2938,"menu_order":0,"comment_status":"closed","ping_status":"closed","template":"","meta":{"footnotes":""},"class_list":["post-2909","page","type-page","status-publish","hentry"],"aioseo_notices":[],"_links":{"self":[{"href":"https:\/\/ws.co.rs\/de\/wp-json\/wp\/v2\/pages\/2909","targetHints":{"allow":["GET"]}}],"collection":[{"href":"https:\/\/ws.co.rs\/de\/wp-json\/wp\/v2\/pages"}],"about":[{"href":"https:\/\/ws.co.rs\/de\/wp-json\/wp\/v2\/types\/page"}],"author":[{"embeddable":true,"href":"https:\/\/ws.co.rs\/de\/wp-json\/wp\/v2\/users\/1"}],"replies":[{"embeddable":true,"href":"https:\/\/ws.co.rs\/de\/wp-json\/wp\/v2\/comments?post=2909"}],"version-history":[{"count":5,"href":"https:\/\/ws.co.rs\/de\/wp-json\/wp\/v2\/pages\/2909\/revisions"}],"predecessor-version":[{"id":5491,"href":"https:\/\/ws.co.rs\/de\/wp-json\/wp\/v2\/pages\/2909\/revisions\/5491"}],"up":[{"embeddable":true,"href":"https:\/\/ws.co.rs\/de\/wp-json\/wp\/v2\/pages\/2938"}],"wp:attachment":[{"href":"https:\/\/ws.co.rs\/de\/wp-json\/wp\/v2\/media?parent=2909"}],"curies":[{"name":"wp","href":"https:\/\/api.w.org\/{rel}","templated":true}]}}