{"id":2906,"date":"2020-06-24T20:48:05","date_gmt":"2020-06-24T18:48:05","guid":{"rendered":"https:\/\/ws.co.rs\/korisnicka-uputstva\/"},"modified":"2021-02-12T00:05:31","modified_gmt":"2021-02-11T23:05:31","slug":"benutzeranweisungen","status":"publish","type":"page","link":"https:\/\/ws.co.rs\/de\/brauchst-du-hilfe\/benutzeranweisungen\/","title":{"rendered":"Benutzeranweisungen"},"content":{"rendered":"\t\t<div data-elementor-type=\"wp-page\" data-elementor-id=\"2906\" class=\"elementor elementor-2906 elementor-249\" data-elementor-post-type=\"page\">\n\t\t\t\t\t\t<section class=\"elementor-section elementor-top-section elementor-element elementor-element-5742e802 elementor-section-stretched elementor-section-height-min-height blank m0 elementor-section-items-bottom elementor-section-content-bottom elementor-section-boxed elementor-section-height-default\" data-id=\"5742e802\" data-element_type=\"section\" id=\"showcase\" data-settings=\"{&quot;stretch_section&quot;:&quot;section-stretched&quot;,&quot;background_background&quot;:&quot;classic&quot;}\">\n\t\t\t\t\t\t<div class=\"elementor-container elementor-column-gap-no\">\n\t\t\t\t\t<div class=\"elementor-column elementor-col-100 elementor-top-column elementor-element elementor-element-3781f217\" data-id=\"3781f217\" data-element_type=\"column\" data-settings=\"{&quot;background_background&quot;:&quot;classic&quot;}\">\n\t\t\t<div class=\"elementor-widget-wrap elementor-element-populated\">\n\t\t\t\t\t\t<div class=\"elementor-element elementor-element-1fa56116 elementor-widget elementor-widget-heading\" data-id=\"1fa56116\" data-element_type=\"widget\" data-widget_type=\"heading.default\">\n\t\t\t\t<div class=\"elementor-widget-container\">\n\t\t\t\t\t<h1 class=\"elementor-heading-title elementor-size-default\">ANLEITUNG<\/h1>\t\t\t\t<\/div>\n\t\t\t\t<\/div>\n\t\t\t\t\t<\/div>\n\t\t<\/div>\n\t\t\t\t\t<\/div>\n\t\t<\/section>\n\t\t\t\t<section class=\"elementor-section elementor-top-section elementor-element elementor-element-141af491 elementor-section-boxed elementor-section-height-default elementor-section-height-default\" data-id=\"141af491\" data-element_type=\"section\" id=\"content\" data-settings=\"{&quot;shape_divider_top&quot;:&quot;tilt&quot;}\">\n\t\t\t\t\t<div class=\"elementor-shape elementor-shape-top\" aria-hidden=\"true\" data-negative=\"false\">\n\t\t\t<svg xmlns=\"http:\/\/www.w3.org\/2000\/svg\" viewBox=\"0 0 1000 100\" preserveAspectRatio=\"none\">\n\t<path class=\"elementor-shape-fill\" d=\"M0,6V0h1000v100L0,6z\"\/>\n<\/svg>\t\t<\/div>\n\t\t\t\t\t<div class=\"elementor-container elementor-column-gap-default\">\n\t\t\t\t\t<div class=\"elementor-column elementor-col-100 elementor-top-column elementor-element elementor-element-24591964\" data-id=\"24591964\" data-element_type=\"column\">\n\t\t\t<div class=\"elementor-widget-wrap elementor-element-populated\">\n\t\t\t\t\t\t<div class=\"elementor-element elementor-element-5cecb540 elementor-widget elementor-widget-text-editor\" data-id=\"5cecb540\" data-element_type=\"widget\" data-widget_type=\"text-editor.default\">\n\t\t\t\t<div class=\"elementor-widget-container\">\n\t\t\t\t\t\t\t\t\t<p>Um die Installation, Montage, Programmierung, Einstellung, Inbetriebnahme und Nutzung des Systems zu erleichtern, haben wir die M\u00f6glichkeit, Ihnen Anweisungen anzubieten, die Ihnen sicherlich bei Ihrer weiteren Arbeit helfen werden. Wenn Sie einen Vorschlag zum Hinzuf\u00fcgen oder Aktualisieren einer der Anweisungen haben, k\u00f6nnen Sie uns unter dem folgenden Link kontaktieren.<\/p>\t\t\t\t\t\t\t\t<\/div>\n\t\t\t\t<\/div>\n\t\t\t\t<div class=\"elementor-element elementor-element-5f5d37b elementor-align-center elementor-widget elementor-widget-button\" data-id=\"5f5d37b\" data-element_type=\"widget\" data-widget_type=\"button.default\">\n\t\t\t\t<div class=\"elementor-widget-container\">\n\t\t\t\t\t\t\t\t\t<div class=\"elementor-button-wrapper\">\n\t\t\t\t\t<a class=\"elementor-button elementor-button-link elementor-size-md\" href=\"https:\/\/ws.co.rs\/kontakt\/\">\n\t\t\t\t\t\t<span class=\"elementor-button-content-wrapper\">\n\t\t\t\t\t\t<span class=\"elementor-button-icon\">\n\t\t\t\t<i aria-hidden=\"true\" class=\"fas fa-chevron-right\"><\/i>\t\t\t<\/span>\n\t\t\t\t\t\t\t\t\t<span class=\"elementor-button-text\">KONTAKTIERE UNS<\/span>\n\t\t\t\t\t<\/span>\n\t\t\t\t\t<\/a>\n\t\t\t\t<\/div>\n\t\t\t\t\t\t\t\t<\/div>\n\t\t\t\t<\/div>\n\t\t\t\t<div class=\"elementor-element elementor-element-60b03fd gray elementor-widget elementor-widget-text-editor\" data-id=\"60b03fd\" data-element_type=\"widget\" data-widget_type=\"text-editor.default\">\n\t\t\t\t<div class=\"elementor-widget-container\">\n\t\t\t\t\t\t\t\t\t<p>Video\u00fcberwachungssysteme:<\/p><p>Benutzerhandbuch f\u00fcr Rekorder der Dahua XVR-Serie<\/p><p>Benutzerhandbuch zur Installation der DAHUA-Kamera-Tracking-Anwendung<\/p><p>Benutzerhandbuch f\u00fcr Dahua NVR 3204 3208 3216 Recorder<\/p><p>Benutzerhandbuch zum Herunterladen von Daten f\u00fcr die Installation von Video\u00fcberwachungsanwendungen<\/p><p>Benutzerhandbuch zum Einstellen von Schaltern<\/p><p>DAHUA Storage Calculator Referenz<\/p><p>CHECKLISTE f\u00fcr die Ver\u00f6ffentlichung des VIDEO SURVEILLANCE SYSTEM auf MONITORING v2, 23.10.2020<\/p><p>Anweisungen zum Einrichten eines Video\u00fcberwachungssystems f\u00fcr die Fern\u00fcberwachung<\/p><p>Alarmsysteme:<\/p><p>Bedienungsanleitung zur Programmierung des Codes am Alarmsystem<\/p><p>Benutzerhandbuch f\u00fcr Paradox-B\u00f6rsen MG und SP Srp<\/p><p>CHECKLISTE f\u00fcr die Ver\u00f6ffentlichung des ALARMSYSTEMS auf MONITORING v2, 23.10.2020<\/p><p>Anweisungen zum Einrichten eines Alarmsystems f\u00fcr einen Fern\u00fcberwachungsdienst<\/p><p>Panikschl\u00fcssel:<\/p><p>Anweisungen zur Verwendung des Paniktasten-Dienstes<\/p><p>Parkrampen:<\/p><p>Anweisungen zur Installation und Inbetriebnahme der Rampe ICARUS_ENG_V04<\/p><p>Bedienungsanleitung f\u00fcr Parkrampen<\/p><p>Zugangskontrollsysteme:<\/p><p>M3EM Reader Benutzerhandbuch<\/p><p>Benutzerhandbuch f\u00fcr Codierer und Leseger\u00e4te K30, S602EM, K5, K9<\/p><p>Benutzerhandbuch zur Programmierung der MobTeh-Gegensprechanlage<\/p><p>Zeiterfassungssystem:<\/p><p>Benutzerhandbuch zur Verwendung des ZKTIME-Zeiterfassungssystems<\/p><p>TT2 Encoder Benutzerhandbuch<\/p><p>Benutzerhandbuch zkreport 2016<\/p><p>Benutzerhandbuch_f\u00fcr_ zksoftware _v 2011<\/p><p>Tabelle zur Eingabe von Mitarbeitern in ZKSOFTWARE<\/p><p>Anweisungen zur Verwendung der Zeiterfassungssoftware zksoftware<\/p><p>Sicherheitsdienst-Kontrollsystem:<\/p><p>Anleitung zum Lesen des Patrouillenlagers<\/p><p>Systemwartung:<\/p><p>Checkliste zur Ermittlung der Ursache des Problems v1<\/p>\t\t\t\t\t\t\t\t<\/div>\n\t\t\t\t<\/div>\n\t\t\t\t\t<\/div>\n\t\t<\/div>\n\t\t\t\t\t<\/div>\n\t\t<\/section>\n\t\t\t\t<\/div>\n\t\t","protected":false},"excerpt":{"rendered":"<p>UPUTSTVA U cilju lak\u0161eg instaliranja, monta\u017ee, programiranja, pode\u0161avanja, pu\u0161tanja u rad i kori\u0161\u0107enja sistema u prilici smo da Vam ponudimo uputstva koja \u0107e Vam svakako pomo\u0107i u daljem radu. Ukoliko imate predlog za dodavanjem ili a\u017euriranjem nekog od uputstava, slobodno nas kontaktirajte na linku ispod. KONTAKTIRAJTE NAS Sistemi video nadzora: Korisni\u010dko uputstvo za Dahua snima\u010de [&hellip;]<\/p>\n","protected":false},"author":1,"featured_media":0,"parent":2938,"menu_order":0,"comment_status":"closed","ping_status":"closed","template":"","meta":{"footnotes":""},"class_list":["post-2906","page","type-page","status-publish","hentry"],"aioseo_notices":[],"_links":{"self":[{"href":"https:\/\/ws.co.rs\/de\/wp-json\/wp\/v2\/pages\/2906","targetHints":{"allow":["GET"]}}],"collection":[{"href":"https:\/\/ws.co.rs\/de\/wp-json\/wp\/v2\/pages"}],"about":[{"href":"https:\/\/ws.co.rs\/de\/wp-json\/wp\/v2\/types\/page"}],"author":[{"embeddable":true,"href":"https:\/\/ws.co.rs\/de\/wp-json\/wp\/v2\/users\/1"}],"replies":[{"embeddable":true,"href":"https:\/\/ws.co.rs\/de\/wp-json\/wp\/v2\/comments?post=2906"}],"version-history":[{"count":5,"href":"https:\/\/ws.co.rs\/de\/wp-json\/wp\/v2\/pages\/2906\/revisions"}],"predecessor-version":[{"id":5482,"href":"https:\/\/ws.co.rs\/de\/wp-json\/wp\/v2\/pages\/2906\/revisions\/5482"}],"up":[{"embeddable":true,"href":"https:\/\/ws.co.rs\/de\/wp-json\/wp\/v2\/pages\/2938"}],"wp:attachment":[{"href":"https:\/\/ws.co.rs\/de\/wp-json\/wp\/v2\/media?parent=2906"}],"curies":[{"name":"wp","href":"https:\/\/api.w.org\/{rel}","templated":true}]}}