{"id":2895,"date":"2020-06-24T20:48:24","date_gmt":"2020-06-24T18:48:24","guid":{"rendered":"https:\/\/ws.co.rs\/placanje-i-isporuka\/"},"modified":"2021-02-08T16:46:32","modified_gmt":"2021-02-08T15:46:32","slug":"zahlungs-und-lieferbedingungen","status":"publish","type":"page","link":"https:\/\/ws.co.rs\/de\/zahlungs-und-lieferbedingungen\/","title":{"rendered":"Zahlungs-und Lieferbedingungen"},"content":{"rendered":"\t\t<div data-elementor-type=\"wp-page\" data-elementor-id=\"2895\" class=\"elementor elementor-2895 elementor-251\" data-elementor-post-type=\"page\">\n\t\t\t\t\t\t<section class=\"elementor-section elementor-top-section elementor-element elementor-element-3b98f753 elementor-section-stretched elementor-section-height-min-height blank elementor-section-items-bottom elementor-section-content-bottom elementor-section-boxed elementor-section-height-default\" data-id=\"3b98f753\" data-element_type=\"section\" id=\"showcase\" data-settings=\"{&quot;stretch_section&quot;:&quot;section-stretched&quot;,&quot;background_background&quot;:&quot;classic&quot;,&quot;shape_divider_bottom&quot;:&quot;tilt&quot;}\">\n\t\t\t\t\t<div class=\"elementor-shape elementor-shape-bottom\" aria-hidden=\"true\" data-negative=\"false\">\n\t\t\t<svg xmlns=\"http:\/\/www.w3.org\/2000\/svg\" viewBox=\"0 0 1000 100\" preserveAspectRatio=\"none\">\n\t<path class=\"elementor-shape-fill\" d=\"M0,6V0h1000v100L0,6z\"\/>\n<\/svg>\t\t<\/div>\n\t\t\t\t\t<div class=\"elementor-container elementor-column-gap-no\">\n\t\t\t\t\t<div class=\"elementor-column elementor-col-100 elementor-top-column elementor-element elementor-element-52a92de\" data-id=\"52a92de\" data-element_type=\"column\" data-settings=\"{&quot;background_background&quot;:&quot;classic&quot;}\">\n\t\t\t<div class=\"elementor-widget-wrap elementor-element-populated\">\n\t\t\t\t\t\t<div class=\"elementor-element elementor-element-455592b4 elementor-widget elementor-widget-heading\" data-id=\"455592b4\" data-element_type=\"widget\" data-widget_type=\"heading.default\">\n\t\t\t\t<div class=\"elementor-widget-container\">\n\t\t\t\t\t<h1 class=\"elementor-heading-title elementor-size-default\">Zahlungs-und Lieferbedingungen<\/h1>\t\t\t\t<\/div>\n\t\t\t\t<\/div>\n\t\t\t\t<div class=\"elementor-element elementor-element-6456a8d1 elementor-widget elementor-widget-text-editor\" data-id=\"6456a8d1\" data-element_type=\"widget\" data-widget_type=\"text-editor.default\">\n\t\t\t\t<div class=\"elementor-widget-container\">\n\t\t\t\t\t\t\t\t\t<p>Wir sind zuverl\u00e4ssige Partner auf dem Weg zum Erfolg, sei es Ihr beruflicher Aufstieg, Ihre Partnerschaft mit uns oder ein Franchise-Modell der Zusammenarbeit. In jeder Form der Zusammenarbeit arbeiten Sie mit uns zusammen, um Fortschritte zu erzielen, zu lernen, Ihre F\u00e4higkeiten zu verbessern und sich schnell an neue Ver\u00e4nderungen im Markt anzupassen. Sehen Sie sich die verf\u00fcgbaren Optionen f\u00fcr die Zusammenarbeit mit unserem Team an und kontaktieren Sie uns noch heute, um weitere Informationen zu erhalten.<\/p>\t\t\t\t\t\t\t\t<\/div>\n\t\t\t\t<\/div>\n\t\t\t\t\t<\/div>\n\t\t<\/div>\n\t\t\t\t\t<\/div>\n\t\t<\/section>\n\t\t\t\t<\/div>\n\t\t","protected":false},"excerpt":{"rendered":"<p>Mi smo pouzdani partneri na putu ka uspehu, bilo da je re\u010d o unapre\u0111enju Va\u0161e karijere, partnerstvu sa nama ili fran\u0161iznom modelu saradnje. U svakom obliku saradnje \u0107ete zajedno sa nama da napredujete, u\u010dite, usavr\u0161avate Va\u0161e ve\u0161tine i brzo prilago\u0111avate novonastalim promenama na tr\u017ei\u0161tu. Pogledajte dostupne opcije saradnje sa na\u0161im timom i kontaktirajte nas ve\u0107 [&hellip;]<\/p>\n","protected":false},"author":1,"featured_media":0,"parent":0,"menu_order":0,"comment_status":"closed","ping_status":"closed","template":"","meta":{"footnotes":""},"class_list":["post-2895","page","type-page","status-publish","hentry"],"aioseo_notices":[],"_links":{"self":[{"href":"https:\/\/ws.co.rs\/de\/wp-json\/wp\/v2\/pages\/2895","targetHints":{"allow":["GET"]}}],"collection":[{"href":"https:\/\/ws.co.rs\/de\/wp-json\/wp\/v2\/pages"}],"about":[{"href":"https:\/\/ws.co.rs\/de\/wp-json\/wp\/v2\/types\/page"}],"author":[{"embeddable":true,"href":"https:\/\/ws.co.rs\/de\/wp-json\/wp\/v2\/users\/1"}],"replies":[{"embeddable":true,"href":"https:\/\/ws.co.rs\/de\/wp-json\/wp\/v2\/comments?post=2895"}],"version-history":[{"count":5,"href":"https:\/\/ws.co.rs\/de\/wp-json\/wp\/v2\/pages\/2895\/revisions"}],"predecessor-version":[{"id":5431,"href":"https:\/\/ws.co.rs\/de\/wp-json\/wp\/v2\/pages\/2895\/revisions\/5431"}],"wp:attachment":[{"href":"https:\/\/ws.co.rs\/de\/wp-json\/wp\/v2\/media?parent=2895"}],"curies":[{"name":"wp","href":"https:\/\/api.w.org\/{rel}","templated":true}]}}