{"id":2888,"date":"2020-06-24T20:48:35","date_gmt":"2020-06-24T18:48:35","guid":{"rendered":"https:\/\/ws.co.rs\/nacin-placanja\/"},"modified":"2021-02-08T17:07:11","modified_gmt":"2021-02-08T16:07:11","slug":"zahlungsart","status":"publish","type":"page","link":"https:\/\/ws.co.rs\/de\/zahlungs-und-lieferbedingungen\/zahlungsart\/","title":{"rendered":"Zahlungsart"},"content":{"rendered":"\t\t<div data-elementor-type=\"wp-page\" data-elementor-id=\"2888\" class=\"elementor elementor-2888 elementor-253\" data-elementor-post-type=\"page\">\n\t\t\t\t\t\t<section class=\"elementor-section elementor-top-section elementor-element elementor-element-41b7ee9f elementor-section-stretched elementor-section-height-min-height blank m0 elementor-section-items-bottom elementor-section-content-bottom elementor-section-boxed elementor-section-height-default\" data-id=\"41b7ee9f\" data-element_type=\"section\" id=\"showcase\" data-settings=\"{&quot;stretch_section&quot;:&quot;section-stretched&quot;,&quot;background_background&quot;:&quot;classic&quot;}\">\n\t\t\t\t\t\t<div class=\"elementor-container elementor-column-gap-no\">\n\t\t\t\t\t<div class=\"elementor-column elementor-col-100 elementor-top-column elementor-element elementor-element-7e41bade\" data-id=\"7e41bade\" data-element_type=\"column\" data-settings=\"{&quot;background_background&quot;:&quot;classic&quot;}\">\n\t\t\t<div class=\"elementor-widget-wrap elementor-element-populated\">\n\t\t\t\t\t\t<div class=\"elementor-element elementor-element-31685180 elementor-widget elementor-widget-heading\" data-id=\"31685180\" data-element_type=\"widget\" data-widget_type=\"heading.default\">\n\t\t\t\t<div class=\"elementor-widget-container\">\n\t\t\t\t\t<h1 class=\"elementor-heading-title elementor-size-default\">Zahlungsart<\/h1>\t\t\t\t<\/div>\n\t\t\t\t<\/div>\n\t\t\t\t\t<\/div>\n\t\t<\/div>\n\t\t\t\t\t<\/div>\n\t\t<\/section>\n\t\t\t\t<section class=\"elementor-section elementor-top-section elementor-element elementor-element-29cf700d elementor-section-boxed elementor-section-height-default elementor-section-height-default\" data-id=\"29cf700d\" data-element_type=\"section\" id=\"content\" data-settings=\"{&quot;shape_divider_top&quot;:&quot;tilt&quot;}\">\n\t\t\t\t\t<div class=\"elementor-shape elementor-shape-top\" aria-hidden=\"true\" data-negative=\"false\">\n\t\t\t<svg xmlns=\"http:\/\/www.w3.org\/2000\/svg\" viewBox=\"0 0 1000 100\" preserveAspectRatio=\"none\">\n\t<path class=\"elementor-shape-fill\" d=\"M0,6V0h1000v100L0,6z\"\/>\n<\/svg>\t\t<\/div>\n\t\t\t\t\t<div class=\"elementor-container elementor-column-gap-default\">\n\t\t\t\t\t<div class=\"elementor-column elementor-col-100 elementor-top-column elementor-element elementor-element-5d11b7c6\" data-id=\"5d11b7c6\" data-element_type=\"column\">\n\t\t\t<div class=\"elementor-widget-wrap elementor-element-populated\">\n\t\t\t\t\t\t<div class=\"elementor-element elementor-element-3c044a07 elementor-widget elementor-widget-text-editor\" data-id=\"3c044a07\" data-element_type=\"widget\" data-widget_type=\"text-editor.default\">\n\t\t\t\t<div class=\"elementor-widget-container\">\n\t\t\t\t\t\t\t\t\t<p>Nachdem Sie die Rechnung im PDF-Format oder in Papierform erhalten haben, k\u00f6nnen Sie sie auf folgende Weise begleichen:<\/p><ul><li>Online-Zahlung <a href=\"https:\/\/ws.co.rs\/de\/onlinebezahlung\/\">https:\/\/ws.co.rs\/de\/onlinebezahlung\/<\/a><\/li><li>Barzahlung &#8211; <a href=\"https:\/\/www.google.com\/maps\/place\/WATCHOUT+SECURITY\/@44.0068549,20.8925271,15z\/data=!4m5!3m4!1s0x0:0x5e3fa7d733c1ebdf!8m2!3d44.0068549!4d20.8925271?hl=sr\">Barzahlung<\/a>.<\/li><li>\u00dcberweisung &#8211; durch Zahlung auf das Girokonto des Unternehmens.<\/li><li>Zahlung per Debit- und Kreditkarte<\/li><\/ul><p><strong>ONLINEBEZAHLUNG<\/strong><\/p><p>Beim Bezahlen mit Karte \u00fcber das Internet werden die Kartendaten auf einer sicheren Seite eingegeben und \u00fcber das Internet in gesch\u00fctzter (verschl\u00fcsselter) Form unter Verwendung des SSL-Protokolls und des PKI-Systems \u00fcbertragen. Zahlungskartendaten stehen unserem System zu keinem Zeitpunkt zur Verf\u00fcgung, sondern ausschlie\u00dflich unserer Bank und unserem Zahlungskartenverarbeiter. Wir verpflichten uns zum Schutz Ihrer pers\u00f6nlichen Daten, die ausschlie\u00dflich zum Zwecke der Zahlung auf unserer Website verwendet werden. Detaillierte Anweisungen zur ONLINE-ZAHLUNG finden Sie auf der Seite <a href=\"https:\/\/ws.co.rs\/de\/potrebna-vam-je-pomoc\/so-kaufen-sie-auf-der-website-ein\/\"><strong>Online-Zahlung<\/strong><\/a>.<\/p><p><strong>BARZAHLUNG<\/strong><\/p><p>Sie k\u00f6nnen die Dienstleistungen auch pers\u00f6nlich in bar oder mit einer beliebigen Zahlungskarte in unserer Niederlassung in Spasenije Cane Babi\u0107 5, 34000 Kragujevac bezahlen. Die genaue Adresse finden Sie unter diesem <strong><a href=\"https:\/\/www.google.com\/maps\/place\/Watchout+Security\/@44.0068421,20.8919793,17z\/data=!4m5!3m4!1s0x475721237698db01:0x5e3fa7d733c1ebdf!8m2!3d44.0068549!4d20.8925273?hl=en-US\">Link<\/a><\/strong>.<\/p><p><strong>ZAHLUNG DURCH KONTEN<\/strong><\/p><p>Sie k\u00f6nnen die Dienstleistungen durch direkte Zahlung auf unser Konto bezahlen. Sie k\u00f6nnen eine Zahlung mit einem Standardzahlungsschein bei jeder Post oder Bank in Serbien oder \u00fcber das Internet vornehmen, wenn Sie \u00fcber einen Internetzugang zu Ihrem Konto verf\u00fcgen (Webbanking).<\/p><p><strong>ZAHLUNG MIT KONTROLLEN<\/strong><\/p><p>Sie machen sich oder Ihre Lieben mit der M\u00f6glichkeit des Einkaufens gl\u00fccklich, bei der Sie bestimmen, wann und wie viel Sie in einem Zeitraum von 300 Tagen bezahlen werden. Oder bis zu 24 gleiche monatliche Raten ohne Zinsen, die erste Rate ist sofort f\u00e4llig und der Rest jeden folgenden Monat. Wir haben die M\u00f6glichkeit genehmigt, alle B\u00fcrgerschecks innerhalb von 300 Tagen ab Kaufdatum ohne Teilnahme und mit 0% Zinsen zu bezahlen. Der K\u00e4ufer w\u00e4hlt die Nummer der Rate, die F\u00e4lligkeit der Rate f\u00fcr die Abholung sowie den Betrag auf dem Scheck. Das einzige, was Sie ber\u00fccksichtigen m\u00fcssen, ist die Zahlung des gesamten Betrags innerhalb von 300 Tagen.<\/p><p><strong>KREDITZAHLUNG<\/strong><\/p><p>Privatkundenkredite per Bank &#8211; Webkredit. Watchout Security bietet Kunden in Zusammenarbeit mit der Bank die g\u00fcnstigsten Kredite an, indem es die M\u00f6glichkeit bietet, Waren in 3 oder sogar 24 Raten ohne Zinsen zu bezahlen. F\u00fcr mehr von uns kontaktieren Sie uns unter <strong>0800 011 013<\/strong>.<\/p>\t\t\t\t\t\t\t\t<\/div>\n\t\t\t\t<\/div>\n\t\t\t\t\t<\/div>\n\t\t<\/div>\n\t\t\t\t\t<\/div>\n\t\t<\/section>\n\t\t\t\t<\/div>\n\t\t","protected":false},"excerpt":{"rendered":"<p>Nakon dobijanja ra\u010duna u PDF formatu ili papirnoj verziji isti mo\u017eete izmiriti na slede\u0107e na\u010dine: Online pla\u0107anje https:\/\/ws.co.rs\/online-placanje\/ Gotovinsko pla\u0107anje \u2013 Pla\u0107anje u gotovini. Virmansko pla\u0107anje \u2013 uplatom na teku\u0107i ra\u010dun preduze\u0107a. Pla\u0107anje debitnim i kreditnim karticama ONLINE PLA\u0106ANJE\u00a0 Prilikom pla\u0107anja karticom putem interneta, unos podataka o kartici se vr\u0161i na za\u0161ti\u0107enoj stranici, a prenos [&hellip;]<\/p>\n","protected":false},"author":1,"featured_media":0,"parent":2895,"menu_order":0,"comment_status":"closed","ping_status":"closed","template":"","meta":{"footnotes":""},"class_list":["post-2888","page","type-page","status-publish","hentry"],"aioseo_notices":[],"_links":{"self":[{"href":"https:\/\/ws.co.rs\/de\/wp-json\/wp\/v2\/pages\/2888","targetHints":{"allow":["GET"]}}],"collection":[{"href":"https:\/\/ws.co.rs\/de\/wp-json\/wp\/v2\/pages"}],"about":[{"href":"https:\/\/ws.co.rs\/de\/wp-json\/wp\/v2\/types\/page"}],"author":[{"embeddable":true,"href":"https:\/\/ws.co.rs\/de\/wp-json\/wp\/v2\/users\/1"}],"replies":[{"embeddable":true,"href":"https:\/\/ws.co.rs\/de\/wp-json\/wp\/v2\/comments?post=2888"}],"version-history":[{"count":5,"href":"https:\/\/ws.co.rs\/de\/wp-json\/wp\/v2\/pages\/2888\/revisions"}],"predecessor-version":[{"id":5448,"href":"https:\/\/ws.co.rs\/de\/wp-json\/wp\/v2\/pages\/2888\/revisions\/5448"}],"up":[{"embeddable":true,"href":"https:\/\/ws.co.rs\/de\/wp-json\/wp\/v2\/pages\/2895"}],"wp:attachment":[{"href":"https:\/\/ws.co.rs\/de\/wp-json\/wp\/v2\/media?parent=2888"}],"curies":[{"name":"wp","href":"https:\/\/api.w.org\/{rel}","templated":true}]}}