{"id":2881,"date":"2020-06-24T20:48:52","date_gmt":"2020-06-24T18:48:52","guid":{"rendered":"https:\/\/ws.co.rs\/sigurnost-prilikom-placanja\/"},"modified":"2021-02-12T14:17:57","modified_gmt":"2021-02-12T13:17:57","slug":"zahlungssicherheit","status":"publish","type":"page","link":"https:\/\/ws.co.rs\/de\/zahlungs-und-lieferbedingungen\/zahlungssicherheit\/","title":{"rendered":"Zahlungssicherheit"},"content":{"rendered":"\t\t<div data-elementor-type=\"wp-page\" data-elementor-id=\"2881\" class=\"elementor elementor-2881 elementor-255\" data-elementor-post-type=\"page\">\n\t\t\t\t\t\t<section class=\"elementor-section elementor-top-section elementor-element elementor-element-40f9c844 elementor-section-stretched elementor-section-height-min-height blank m0 elementor-section-items-bottom elementor-section-content-bottom elementor-section-boxed elementor-section-height-default\" data-id=\"40f9c844\" data-element_type=\"section\" id=\"showcase\" data-settings=\"{&quot;stretch_section&quot;:&quot;section-stretched&quot;,&quot;background_background&quot;:&quot;classic&quot;}\">\n\t\t\t\t\t\t<div class=\"elementor-container elementor-column-gap-no\">\n\t\t\t\t\t<div class=\"elementor-column elementor-col-100 elementor-top-column elementor-element elementor-element-26a6281c\" data-id=\"26a6281c\" data-element_type=\"column\" data-settings=\"{&quot;background_background&quot;:&quot;classic&quot;}\">\n\t\t\t<div class=\"elementor-widget-wrap elementor-element-populated\">\n\t\t\t\t\t\t<div class=\"elementor-element elementor-element-4d390f64 elementor-widget elementor-widget-heading\" data-id=\"4d390f64\" data-element_type=\"widget\" data-widget_type=\"heading.default\">\n\t\t\t\t<div class=\"elementor-widget-container\">\n\t\t\t\t\t<h1 class=\"elementor-heading-title elementor-size-default\">Zahlungssicherheit<\/h1>\t\t\t\t<\/div>\n\t\t\t\t<\/div>\n\t\t\t\t\t<\/div>\n\t\t<\/div>\n\t\t\t\t\t<\/div>\n\t\t<\/section>\n\t\t\t\t<section class=\"elementor-section elementor-top-section elementor-element elementor-element-69930c1d elementor-section-boxed elementor-section-height-default elementor-section-height-default\" data-id=\"69930c1d\" data-element_type=\"section\" id=\"content\" data-settings=\"{&quot;shape_divider_top&quot;:&quot;tilt&quot;}\">\n\t\t\t\t\t<div class=\"elementor-shape elementor-shape-top\" aria-hidden=\"true\" data-negative=\"false\">\n\t\t\t<svg xmlns=\"http:\/\/www.w3.org\/2000\/svg\" viewBox=\"0 0 1000 100\" preserveAspectRatio=\"none\">\n\t<path class=\"elementor-shape-fill\" d=\"M0,6V0h1000v100L0,6z\"\/>\n<\/svg>\t\t<\/div>\n\t\t\t\t\t<div class=\"elementor-container elementor-column-gap-default\">\n\t\t\t\t\t<div class=\"elementor-column elementor-col-100 elementor-top-column elementor-element elementor-element-54e7824\" data-id=\"54e7824\" data-element_type=\"column\">\n\t\t\t<div class=\"elementor-widget-wrap elementor-element-populated\">\n\t\t\t\t\t\t<div class=\"elementor-element elementor-element-3546682a elementor-widget elementor-widget-text-editor\" data-id=\"3546682a\" data-element_type=\"widget\" data-widget_type=\"text-editor.default\">\n\t\t\t\t<div class=\"elementor-widget-container\">\n\t\t\t\t\t\t\t\t\t<p>Dank der Watchout-Sicherheit k\u00f6nnen Kunden in Zusammenarbeit mit der Unicredit Bank und AllSecure \u00fcber eine der modernsten elektronischen Zahlungsverarbeitungsplattformen der Welt online bezahlen.<\/p><p>AllSecure Payment Gateway ist seit 2005 PCI DSS (Level 1) zertifiziert. AllSecure verf\u00fcgt \u00fcber zwei leistungsstarke redundante Rechenzentren mit einem automatischen Remote-Wiederherstellungssystem, das Kunden mit einer Verf\u00fcgbarkeit von 99,9% h\u00f6chste Sicherheit und Zuverl\u00e4ssigkeit bietet. Die Plattform ist einfach zu bedienen, umfasst aber gleichzeitig alle komplexen Funktionen, die ein moderner Kunde ben\u00f6tigt.<\/p><p>Alle Clients, die ihre Plattformen verwenden, erf\u00fcllen automatisch die PCI-Anforderungen. Ein wesentlicher Bestandteil der L\u00f6sung sind ausgefeilte Tools zur Aufdeckung und Verhinderung von Betrug sowie Tools zur Berichterstellung und Analyse von Transaktionen. Das System ist mit allen weltweit f\u00fchrenden Zahlungsmethoden (traditionell und alternativ) verbunden, was f\u00fcr Kunden, die sich auf ausl\u00e4ndische M\u00e4rkte konzentrieren, \u00e4u\u00dferst wichtig ist.<\/p>\t\t\t\t\t\t\t\t<\/div>\n\t\t\t\t<\/div>\n\t\t\t\t\t<\/div>\n\t\t<\/div>\n\t\t\t\t\t<\/div>\n\t\t<\/section>\n\t\t\t\t<\/div>\n\t\t","protected":false},"excerpt":{"rendered":"<p>Dank der Watchout-Sicherheit k\u00f6nnen Kunden in Zusammenarbeit mit der Unicredit Bank und AllSecure \u00fcber eine der modernsten elektronischen Zahlungsverarbeitungsplattformen der Welt online bezahlen. AllSecure Payment Gateway ist seit 2005 PCI DSS (Level 1) zertifiziert. AllSecure verf\u00fcgt \u00fcber zwei leistungsstarke redundante Rechenzentren mit einem automatischen Remote-Wiederherstellungssystem, das Kunden mit einer Verf\u00fcgbarkeit von 99,9% h\u00f6chste Sicherheit und [&hellip;]<\/p>\n","protected":false},"author":1,"featured_media":0,"parent":2895,"menu_order":0,"comment_status":"closed","ping_status":"closed","template":"","meta":{"footnotes":""},"class_list":["post-2881","page","type-page","status-publish","hentry"],"aioseo_notices":[],"_links":{"self":[{"href":"https:\/\/ws.co.rs\/de\/wp-json\/wp\/v2\/pages\/2881","targetHints":{"allow":["GET"]}}],"collection":[{"href":"https:\/\/ws.co.rs\/de\/wp-json\/wp\/v2\/pages"}],"about":[{"href":"https:\/\/ws.co.rs\/de\/wp-json\/wp\/v2\/types\/page"}],"author":[{"embeddable":true,"href":"https:\/\/ws.co.rs\/de\/wp-json\/wp\/v2\/users\/1"}],"replies":[{"embeddable":true,"href":"https:\/\/ws.co.rs\/de\/wp-json\/wp\/v2\/comments?post=2881"}],"version-history":[{"count":5,"href":"https:\/\/ws.co.rs\/de\/wp-json\/wp\/v2\/pages\/2881\/revisions"}],"predecessor-version":[{"id":5757,"href":"https:\/\/ws.co.rs\/de\/wp-json\/wp\/v2\/pages\/2881\/revisions\/5757"}],"up":[{"embeddable":true,"href":"https:\/\/ws.co.rs\/de\/wp-json\/wp\/v2\/pages\/2895"}],"wp:attachment":[{"href":"https:\/\/ws.co.rs\/de\/wp-json\/wp\/v2\/media?parent=2881"}],"curies":[{"name":"wp","href":"https:\/\/api.w.org\/{rel}","templated":true}]}}