{"id":2845,"date":"2020-06-24T20:50:14","date_gmt":"2020-06-24T18:50:14","guid":{"rendered":"https:\/\/ws.co.rs\/politika-privatnosti\/"},"modified":"2021-02-08T15:28:31","modified_gmt":"2021-02-08T14:28:31","slug":"datenschutz-bestimmungen","status":"publish","type":"page","link":"https:\/\/ws.co.rs\/de\/einkaufen\/datenschutz-bestimmungen\/","title":{"rendered":"Datenschutz-Bestimmungen"},"content":{"rendered":"\t\t<div data-elementor-type=\"wp-page\" data-elementor-id=\"2845\" class=\"elementor elementor-2845 elementor-267\" data-elementor-post-type=\"page\">\n\t\t\t\t\t\t<section class=\"elementor-section elementor-top-section elementor-element elementor-element-3d6627bd elementor-section-stretched elementor-section-height-min-height blank m0 elementor-section-items-bottom elementor-section-content-bottom elementor-section-boxed elementor-section-height-default\" data-id=\"3d6627bd\" data-element_type=\"section\" id=\"showcase\" data-settings=\"{&quot;stretch_section&quot;:&quot;section-stretched&quot;,&quot;background_background&quot;:&quot;classic&quot;}\">\n\t\t\t\t\t\t<div class=\"elementor-container elementor-column-gap-no\">\n\t\t\t\t\t<div class=\"elementor-column elementor-col-100 elementor-top-column elementor-element elementor-element-144af160\" data-id=\"144af160\" data-element_type=\"column\" data-settings=\"{&quot;background_background&quot;:&quot;classic&quot;}\">\n\t\t\t<div class=\"elementor-widget-wrap elementor-element-populated\">\n\t\t\t\t\t\t<div class=\"elementor-element elementor-element-7ba16c18 elementor-widget elementor-widget-heading\" data-id=\"7ba16c18\" data-element_type=\"widget\" data-widget_type=\"heading.default\">\n\t\t\t\t<div class=\"elementor-widget-container\">\n\t\t\t\t\t<h1 class=\"elementor-heading-title elementor-size-default\">Datenschutz-Bestimmungen<\/h1>\t\t\t\t<\/div>\n\t\t\t\t<\/div>\n\t\t\t\t\t<\/div>\n\t\t<\/div>\n\t\t\t\t\t<\/div>\n\t\t<\/section>\n\t\t\t\t<section class=\"elementor-section elementor-top-section elementor-element elementor-element-46b3a0dd elementor-section-boxed elementor-section-height-default elementor-section-height-default\" data-id=\"46b3a0dd\" data-element_type=\"section\" id=\"content\" data-settings=\"{&quot;shape_divider_top&quot;:&quot;tilt&quot;}\">\n\t\t\t\t\t<div class=\"elementor-shape elementor-shape-top\" aria-hidden=\"true\" data-negative=\"false\">\n\t\t\t<svg xmlns=\"http:\/\/www.w3.org\/2000\/svg\" viewBox=\"0 0 1000 100\" preserveAspectRatio=\"none\">\n\t<path class=\"elementor-shape-fill\" d=\"M0,6V0h1000v100L0,6z\"\/>\n<\/svg>\t\t<\/div>\n\t\t\t\t\t<div class=\"elementor-container elementor-column-gap-default\">\n\t\t\t\t\t<div class=\"elementor-column elementor-col-100 elementor-top-column elementor-element elementor-element-4484d0a3\" data-id=\"4484d0a3\" data-element_type=\"column\">\n\t\t\t<div class=\"elementor-widget-wrap elementor-element-populated\">\n\t\t\t\t\t\t<div class=\"elementor-element elementor-element-68597ce8 elementor-widget elementor-widget-text-editor\" data-id=\"68597ce8\" data-element_type=\"widget\" data-widget_type=\"text-editor.default\">\n\t\t\t\t<div class=\"elementor-widget-container\">\n\t\t\t\t\t\t\t\t\t<table width=\"100%\"><tbody><tr><td width=\"5%\">\u00a0<\/td><td><p>\u00dcber uns<\/p><\/td><\/tr><tr><td>\u00a0<\/td><td>Grundlegende Informationen \u00fcber das Unternehmen &#8211; Vollst\u00e4ndiger Name des Unternehmens, Hauptsitz, pers\u00f6nliche Identifikationsnummer, ID-Nummer, verantwortliche Person, Girokonto, Aktivit\u00e4tscode<\/td><\/tr><tr><td>\u00a0<\/td><td><p>Der vollst\u00e4ndige Firmenname des Unternehmens lautet: Watchout secutity doo,<\/p><p>Hauptsitz: 34000 Kragujevac, Stra\u00dfe: Kralja Aleksandra I Karadjordjevica. Nr. 5<\/p><p>Verantwortliche Person: Milutin Jacimovic<\/p><p>PIB: 106460446<\/p><p>Registrierungsnummer: 20606576<\/p><p>Business Code 8020 Sicherheitssystemdienste<\/p><p>Girokonto: 170-0030024868000-19<\/p><p>Kontakttelefon: 0800 011 013<\/p><p>Kontakt E-Mail-Adresse: info@ws.co.rs<\/p><\/td><\/tr><tr><td>\u00a0<\/td><td>\u00a0<\/td><\/tr><tr><td>\u00a0<\/td><td><p>Allgemeine Information<\/p><p>Wir nehmen die Privatsph\u00e4re der Benutzer sehr ernst. Aus dem Grund, dass<br \/>Wir sammeln verschiedene Arten von Benutzerinformationen, damit Sie die Begriffe verstehen<br \/>unter denen wir Ihre Daten erfassen, speichern und verwenden. Datenschutzerkl\u00e4rung welche<br \/>Vor Ihnen werden die Informationen beschrieben, die wir sammeln, wie wir sie verwenden und wie<br \/>wir ver\u00e4ndern uns. Diese Datenschutzerkl\u00e4rung gilt f\u00fcr die gesamte Website<br \/>www.mena.rs<\/p><p>Die Informationen, die wir sammeln<\/p><p>Beim Sammeln pers\u00f6nlicher Daten von<br \/>Benutzer, unser prim\u00e4res Ziel ist es, Ihnen das Beste und Effizienteste zu bieten<br \/>Einrichtungen und Dienste. F\u00fcr mehrere Dienste innerhalb der Website ist es erforderlich, bereitzustellen<br \/>uns personenbezogene Daten, damit der Dienst funktioniert.<\/p><p>Informationsbeschaffung<\/p><p>Wenn Sie die Seiten unter www.mena.rs durchsuchen und dies nicht tun<br \/>Wenn Sie sich f\u00fcr einen unserer Online-Dienste registrieren, tun Sie dies anonym. Zu diesem Anlass<br \/>Wir sammeln keine pers\u00f6nlichen Daten wie Name, Adresse,<br \/>Telefonnummer oder E-Mail-Adresse. Unsere Software verwendet jedoch das sogenannte.<br \/>Cookies, um Informationen \u00fcber die Verwendung ihrer zu sammeln<br \/>Website. Informationen zu werden gesammelt und auf Gruppenbasis \u00fcberwacht<br \/>der Server, mit dem Ihr Computer verbunden ist, der Typ Ihres Internetbrowsers (z.<br \/>Netscape oder Internet Explorer) und ob Sie auf die Internetanzeige geantwortet haben<br \/>oder eine E-Mail-Nachricht. Diese Informationen werden verwendet, um die Reaktionsgeschwindigkeit von zu messen<br \/>Internetanzeigen und E-Mail-Angebote.<\/p><p>Registrierung f\u00fcr Online-Produkte und -Dienstleistungen<\/p><p>Damit wir Ihnen ein bestimmtes Produkt oder eine bestimmte Dienstleistung anbieten k\u00f6nnen<br \/>Online werden wir Sie wahrscheinlich bitten, uns freiwillig einige pers\u00f6nliche zu geben<br \/>Informationen, einschlie\u00dflich E-Mail-Adresse. Auch damit wir k\u00f6nnen<br \/>Bereitstellung eines Online-Produkts und -Dienstes auf effiziente Weise, wird in das Design einbezogen und<br \/>Senden von Angeboten f\u00fcr Produkte und Dienstleistungen, die Sie interessieren k\u00f6nnten.<\/p><p>Verwendung von Informationen<\/p><p>Wir k\u00f6nnen die Informationen verwenden, die Sie uns zur Verf\u00fcgung gestellt haben<br \/>um beispielsweise eine Dienstleistung zu erbringen, eine ordnungsgem\u00e4\u00dfe Rechnungsstellung sicherzustellen,<br \/>hat das Interesse der Kunden an ihren verschiedenen Dienstleistungen gemessen und Sie dar\u00fcber informiert<br \/>ihre Produkte und Dienstleistungen. Wenn Sie uns Ihre E-Mail-Adresse geben, oder<br \/>Sie haben es schon einmal gemacht, oder wir finden es aus einer anderen Quelle heraus, vielleicht werden wir es tun<br \/>Angebote per E-Mail senden. Solche Angebote k\u00f6nnen auf basieren<br \/>Informationen, die Sie uns bei Ihrer ersten Transaktion mit uns gesendet haben, unter<br \/>Antragsformulare, Umfragen, Informationen, die auf Verbraucher hinweisen k\u00f6nnen<br \/>Vorlieben oder Lebensstil sowie Informationen aus externen Quellen,<br \/>wie H\u00e4ndler und Marketingorganisationen. Wenn wir Ihnen Nachrichten senden<br \/>Per E-Mail k\u00f6nnen wir m\u00f6glicherweise Informationen \u00fcber Ihre Adresse ermitteln<br \/>E-Mail &#8211; Zum Beispiel, ob Sie grafisch reichhaltige HTML-Nachrichten empfangen k\u00f6nnen. Wenn<br \/>Ihre Adresse ist so eingerichtet, dass Nachrichten im HTML-Format empfangen werden. Dies ist m\u00f6glich<br \/>dass wir uns entscheiden, Ihnen grafisch angereicherte HTML-Nachrichten elektronisch zu senden<br \/>per Mail.<\/p><p>Bitte beachten Sie, dass Ihre E-Mail-Adresse<br \/>Wir berichten nicht an unsere Gesch\u00e4ftspartner. Es ist jedoch m\u00f6glich, dass wir werden<br \/>Angebote im Namen ihrer Gesch\u00e4ftspartner senden. Beachten Sie, dass es m\u00f6glich ist, wenn<br \/>Nutzen Sie ein Angebot eines Gesch\u00e4ftspartners und werden Sie dessen Kunde<br \/>Sie senden Ihnen Angebote unabh\u00e4ngig von uns. In diesem Fall ben\u00f6tigen Sie sie besonders<br \/>Lassen Sie sie wissen, wenn Sie ihre Angebote in Zukunft nicht erhalten m\u00f6chten.<\/p><p>Unser Ziel ist es, Angebote, von denen wir glauben, dass sie an Kunden gesendet werden<br \/>relevant und wertvoll. Gebote werden unter strengen Bedingungen abgegeben und verwaltet<br \/>Entwickelt, um die Sicherheit und den Datenschutz unserer pers\u00f6nlichen Daten zu sch\u00fctzen<br \/>Kunden. Sie k\u00f6nnen jederzeit verlangen, dass wir Ihnen keine Angebote mehr zusenden.<\/p><p>Kinder und unter 18 Jahren<\/p><p>Wir verwenden die Website www.mena.rs nicht f\u00fcr die absichtliche Erfassung<br \/>Daten von Kindern unter 18 Jahren oder f\u00fcr den Verkauf von Produkten oder Dienstleistungen an sie.<\/p><p>Verwandte Websites<\/p><p>Sie m\u00fcssen sich dar\u00fcber im Klaren sein, zu welchen anderen Internetseiten<br \/>Sie k\u00f6nnen \u00fcber den Link auf der Website www.mena.rs kommen, die m\u00f6glicherweise Bestimmungen \u00fcber enth\u00e4lt<br \/>zum Schutz der Privatsph\u00e4re, die von den hier aufgef\u00fchrten Bestimmungen abweicht.<\/p><p>\u00c4nderungen der Datenschutzerkl\u00e4rung auf der Website<br \/>www.mena.rs<\/p><p>\u00c4nderungen an unserer Datenschutzerkl\u00e4rung werden hier ver\u00f6ffentlicht<br \/>umfassend \u00fcber die von uns angebotenen Datenschutzbestimmungen informiert zu sein und<br \/>die Auswahlm\u00f6glichkeiten, die Ihnen in Bezug auf unsere Verwendung zur Verf\u00fcgung stehen<br \/>pers\u00f6nliche Informationen f\u00fcr Marketingzwecke.<\/p><p>Schutz personenbezogener Daten<\/p><p>Personenbezogene Daten, die Sie uns vom Unternehmer Ljubi\u0161a Lazarevi\u0107 PR Belgrad freiwillig zur Verf\u00fcgung gestellt haben, erheben und verwenden, dh verarbeiten, gem\u00e4\u00df den Bestimmungen zum Schutz personenbezogener Daten.<\/p><p>Anzeigen auf der Website anzeigen<\/p><p>Wir verwenden unabh\u00e4ngige Werbefirmen, um Anzeigen zu schalten, wenn Sie unsere Website besuchen. Diese Unternehmen verwenden m\u00f6glicherweise Informationen (au\u00dfer Ihrem Namen, Ihrer Adresse, E-Mail-Adresse oder Telefonnummer) im Zusammenhang mit Ihren Besuchen auf dieser und anderen Websites, um Ihnen Werbung f\u00fcr die Waren und Dienstleistungen zu liefern, an denen Sie interessiert sind. Wenn Sie weitere Informationen zu dieser Vorgehensweise sowie die M\u00f6glichkeiten w\u00fcnschen, diesen Unternehmen die Verwendung dieser Informationen zu untersagen, klicken Sie hier.<\/p><\/td><\/tr><\/tbody><\/table>\t\t\t\t\t\t\t\t<\/div>\n\t\t\t\t<\/div>\n\t\t\t\t\t<\/div>\n\t\t<\/div>\n\t\t\t\t\t<\/div>\n\t\t<\/section>\n\t\t\t\t<\/div>\n\t\t","protected":false},"excerpt":{"rendered":"<p>O nama Osnovni podaci o kompaniji &#8211; Puno ime kompanije, sedi\u0161te, PIB, Mati\u010dni broj, odgovorno lice, teku\u0107i ra\u010dun, \u0161ifra delatnosti Puno poslovno ime privrednog dru\u0161tva je: Watchout secutity doo, Sedi\u0161te: 34000 Kragujevac, ulica:Kralja Aleksandra I Kara\u0111or\u0111evi\u0107a. br.5 Odgovorno lice: Milutin Ja\u0107imovi\u0107 PIB: 106460446 Mati\u010dni Br: 20606576 \u0160ifra delatnosti 8020 Usluge sistema obezbe\u0111enja Teku\u0107i ra\u010dun: 170-0030024868000-19 [&hellip;]<\/p>\n","protected":false},"author":1,"featured_media":0,"parent":2863,"menu_order":0,"comment_status":"closed","ping_status":"closed","template":"","meta":{"footnotes":""},"class_list":["post-2845","page","type-page","status-publish","hentry"],"aioseo_notices":[],"_links":{"self":[{"href":"https:\/\/ws.co.rs\/de\/wp-json\/wp\/v2\/pages\/2845","targetHints":{"allow":["GET"]}}],"collection":[{"href":"https:\/\/ws.co.rs\/de\/wp-json\/wp\/v2\/pages"}],"about":[{"href":"https:\/\/ws.co.rs\/de\/wp-json\/wp\/v2\/types\/page"}],"author":[{"embeddable":true,"href":"https:\/\/ws.co.rs\/de\/wp-json\/wp\/v2\/users\/1"}],"replies":[{"embeddable":true,"href":"https:\/\/ws.co.rs\/de\/wp-json\/wp\/v2\/comments?post=2845"}],"version-history":[{"count":5,"href":"https:\/\/ws.co.rs\/de\/wp-json\/wp\/v2\/pages\/2845\/revisions"}],"predecessor-version":[{"id":5377,"href":"https:\/\/ws.co.rs\/de\/wp-json\/wp\/v2\/pages\/2845\/revisions\/5377"}],"up":[{"embeddable":true,"href":"https:\/\/ws.co.rs\/de\/wp-json\/wp\/v2\/pages\/2863"}],"wp:attachment":[{"href":"https:\/\/ws.co.rs\/de\/wp-json\/wp\/v2\/media?parent=2845"}],"curies":[{"name":"wp","href":"https:\/\/api.w.org\/{rel}","templated":true}]}}