{"id":2842,"date":"2020-06-24T20:50:31","date_gmt":"2020-06-24T18:50:31","guid":{"rendered":"https:\/\/ws.co.rs\/detalji-ugovora-o-prodaji\/"},"modified":"2021-02-08T15:12:19","modified_gmt":"2021-02-08T14:12:19","slug":"einzelheiten-zum-kaufvertrag","status":"publish","type":"page","link":"https:\/\/ws.co.rs\/de\/einkaufen\/einzelheiten-zum-kaufvertrag\/","title":{"rendered":"Einzelheiten zum Kaufvertrag"},"content":{"rendered":"\t\t<div data-elementor-type=\"wp-page\" data-elementor-id=\"2842\" class=\"elementor elementor-2842 elementor-269\" data-elementor-post-type=\"page\">\n\t\t\t\t\t\t<section class=\"elementor-section elementor-top-section elementor-element elementor-element-1f0e54cc elementor-section-stretched elementor-section-height-min-height blank m0 elementor-section-items-bottom elementor-section-content-bottom elementor-section-boxed elementor-section-height-default\" data-id=\"1f0e54cc\" data-element_type=\"section\" id=\"showcase\" data-settings=\"{&quot;stretch_section&quot;:&quot;section-stretched&quot;,&quot;background_background&quot;:&quot;classic&quot;}\">\n\t\t\t\t\t\t<div class=\"elementor-container elementor-column-gap-no\">\n\t\t\t\t\t<div class=\"elementor-column elementor-col-100 elementor-top-column elementor-element elementor-element-710f491a\" data-id=\"710f491a\" data-element_type=\"column\" data-settings=\"{&quot;background_background&quot;:&quot;classic&quot;}\">\n\t\t\t<div class=\"elementor-widget-wrap elementor-element-populated\">\n\t\t\t\t\t\t<div class=\"elementor-element elementor-element-2fd78d8d elementor-widget elementor-widget-heading\" data-id=\"2fd78d8d\" data-element_type=\"widget\" data-widget_type=\"heading.default\">\n\t\t\t\t<div class=\"elementor-widget-container\">\n\t\t\t\t\t<h1 class=\"elementor-heading-title elementor-size-default\">Einzelheiten zum Kaufvertrag<\/h1>\t\t\t\t<\/div>\n\t\t\t\t<\/div>\n\t\t\t\t\t<\/div>\n\t\t<\/div>\n\t\t\t\t\t<\/div>\n\t\t<\/section>\n\t\t\t\t<section class=\"elementor-section elementor-top-section elementor-element elementor-element-521d6bfb elementor-section-boxed elementor-section-height-default elementor-section-height-default\" data-id=\"521d6bfb\" data-element_type=\"section\" id=\"content\" data-settings=\"{&quot;shape_divider_top&quot;:&quot;tilt&quot;}\">\n\t\t\t\t\t<div class=\"elementor-shape elementor-shape-top\" aria-hidden=\"true\" data-negative=\"false\">\n\t\t\t<svg xmlns=\"http:\/\/www.w3.org\/2000\/svg\" viewBox=\"0 0 1000 100\" preserveAspectRatio=\"none\">\n\t<path class=\"elementor-shape-fill\" d=\"M0,6V0h1000v100L0,6z\"\/>\n<\/svg>\t\t<\/div>\n\t\t\t\t\t<div class=\"elementor-container elementor-column-gap-default\">\n\t\t\t\t\t<div class=\"elementor-column elementor-col-100 elementor-top-column elementor-element elementor-element-4bc23a4\" data-id=\"4bc23a4\" data-element_type=\"column\">\n\t\t\t<div class=\"elementor-widget-wrap elementor-element-populated\">\n\t\t\t\t\t\t<div class=\"elementor-element elementor-element-4d6385b4 elementor-widget elementor-widget-text-editor\" data-id=\"4d6385b4\" data-element_type=\"widget\" data-widget_type=\"text-editor.default\">\n\t\t\t\t<div class=\"elementor-widget-container\">\n\t\t\t\t\t\t\t\t\t<p><strong>Artikel 1.<\/strong><\/p>\n<p><strong>GEGENSTAND DER VEREINBARUNG<\/strong><\/p>\n<p>Erbringung von Dienstleistungen:<\/p>\n<ol>\n<li>Alarm\u00fcberwachung (kombiniertes System)<\/li>\n<li>Wartung<\/li>\n<\/ol>\n<p>Der Dienstanbieter stellt dem Benutzer die folgenden Arten und Kategorien von Sicherheit zur Verf\u00fcgung:<\/p>\n<ol>\n<li>Physischer Schutz wie folgt:<\/li>\n<\/ol>\n<p>&#8211; durch das Patrouillenteam, durch das Interventionsteam,<\/p>\n<ol start=\"2\">\n<li>Technischer Schutz wie folgt:<\/li>\n<\/ol>\n<p>-Videosicherheit, Einbruch- und Eindringschutz, Brandschutz, Zugangskontrolle, soziale Alarme, Satellitenfahrzeugverfolgung (GPS), mechanischer Schutz, Fern\u00fcberwachung.<\/p>\n<ol start=\"3\">\n<li>Risikobewertung zum Schutz von Personen, Eigentum und Unternehmen wie folgt:<\/li>\n<\/ol>\n<p>-Erstellung eines Plans f\u00fcr das technische Schutzsystem, Erstellung der Projektdokumentation (falls erforderlich).<\/p>\n<p><b>Artikel 2<\/b><\/p>\n<p><b>Art und Weise der Durchf\u00fchrung vertraglich vereinbarter privater Sicherheitsaktivit\u00e4ten<\/b><\/p>\n<p>Der Sicherheitsbeauftragte ist befugt, der Person eine Warnung oder Anordnung zu erteilen oder der Person das Betreten der gesch\u00fctzten Einrichtung zu untersagen, die Identit\u00e4t der Person zu \u00fcberpr\u00fcfen, die Person, Gegenst\u00e4nde oder Transportmittel vor\u00fcbergehend anzuhalten und zu inspizieren<\/p>\n<p>Gegenst\u00e4nde ergreifen, eine Person vor\u00fcbergehend festhalten sowie Mittel zur Zur\u00fcckhaltung, k\u00f6rperliche Gewalt und Gasspray als Mittel des Zwangs einsetzen.<\/p>\n<p>Der Dienstanbieter stellt die Dienste \u00fcber 2 Sicherheitsbeauftragte bereit.<\/p>\n<p>Die Erbringung von Dienstleistungen durch den Diensteanbieter f\u00fcr den Dienstnutzer erfolgt unter der Adresse _______________________________________________________________________________<\/p>\n<p>Der Dienstanbieter stellt dem Dienstnutzer Dienste f\u00fcr bereit<\/p>\n<p>24h tags\u00fcber.<\/p>\n<p>Der Dienstanbieter wird bei der Bereitstellung des Dienstes die folgenden Mittel einsetzen:<\/p>\n<p>-Fahrzeug, St\u00fccke 1; Computer, St\u00fccke 2; Handy, St\u00fcck 2; Loger Checker, St\u00fcck 1; Bindemittel, St\u00fccke 1; Gasspray, St\u00fccke 1.<\/p>\n<p><b>Artikel 3<\/b><\/p>\n<p><b>DATUM DES BEGINNES DER DIENSTLEISTUNG UND DER DAUER DES VERTRAGS<\/b><\/p>\n<p>Der Vertrag kommt zustande am:<\/p>\n<p>1) 12 Monate<\/p>\n<p>2) __________<\/p>\n<p>Das Startdatum des Dienstes ist der 01.01.2021. Jahre.<\/p>\n<p>Nach Ablauf der Laufzeit, f\u00fcr die der Vertrag geschlossen wurde, wird davon ausgegangen, dass er automatisch f\u00fcr die n\u00e4chsten 12 Monate eines jeden Kalenderjahres verl\u00e4ngert wird, wenn der Diensteanbieter den Dienst weiterhin erbringt und der Dienstnutzer keine schriftlichen Einw\u00e4nde erhebt .<\/p>\n<p>Im Falle einer K\u00fcndigung des Vertrages hat der Dienstleister das Recht, die dem Dienstnutzer zur Verf\u00fcgung gestellten Unterlagen zur Nutzung (Handlung, Plan, Projekt) zur\u00fcckzuziehen oder dem Dienstnutzer zu \u00fcberlassen, jedoch erst nach Abgabe eines Angebots f\u00fcr diesen, und der Servicebenutzer nimmt das Angebot an.<\/p>\n<p><b>Artikel 4<\/b><\/p>\n<p><b>PREIS, ZAHLUNGSMETHODE<\/b><\/p>\n<p>Wert der Lieferung des Systems gem\u00e4\u00df der Angebotsnummer: ________________________ das ist<\/p>\n<p>Ein wesentlicher Bestandteil dieser Vereinbarung und der Dienstnutzer ist verpflichtet, die Zahlung auf folgende Weise zu leisten:<\/p>\n<p>Den Gesamtpreis aus dem in Artikel 4 Absatz 1 dieser Vereinbarung genannten Angebot muss der Dienstnutzer bei Ausstellung der Rechnung am 31.12. Im laufenden Jahr zahlen.<\/p>\n<p>Anzahl der vom Angebot angenommenen Dienstleistungen:<\/p>\n<p>Bieten Sie keinen Servicecode an \u2014\u2014\u2014\u2014\u2014\u2014\u2014\u2014 Servicename \u2014\u2014\u2014\u2014\u2014\u2014\u2014\u2013 Menge \u2014\u2014\u2014\u2014\u2013 Preis mit Mehrwertsteuer<\/p>\n<p>______________________________________________________________________________________________________________<\/p>\n<p>Dies ist ein wesentlicher Bestandteil dieser Vereinbarung. Betr\u00e4ge ________________________ inklusive Mehrwertsteuer.<\/p>\n<p>Alle Zahlungen erfolgen in Dinar gem\u00e4\u00df _______________________________________________________________.<\/p>\n<p>Der Nutzer ist verpflichtet, den Gesamtwert des in Artikel 4 dieses Vertrages genannten Systems bei K\u00fcndigung des Vertrages innerhalb von 8 Tagen ab Vertragsschluss vollst\u00e4ndig zu zahlen.<\/p>\n<p><b>Artikel 5<\/b><\/p>\n<p><b>INFORMATIONSSICHERHEIT<\/b><\/p>\n<p>Mit der Unterzeichnung des Vertrags wird der Dienstnutzer informiert und erkl\u00e4rt sich damit einverstanden, dass der Diensteanbieter die vom Dienstnutzer und seinen Mitarbeitern erhaltenen \u00fcbermittelten Daten aufbewahrt und verarbeitet und dass sie nur von Personen verwendet werden d\u00fcrfen, die vom Diensteanbieter ausschlie\u00dflich zum Zweck von besch\u00e4ftigt sind Bereitstellung des Dienstes. und alles in \u00dcbereinstimmung mit den geltenden Gesetzen und Vorschriften.<\/p>\n<p>Der Nutzer des Dienstes hat das Recht, die Bereitstellung der erhobenen Daten zu verlangen und auf eigene Kosten Kopien der Daten in der Form zu erhalten, in der sich die Informationen befinden, sowie \u00c4nderungen oder L\u00f6schungen in zu verlangen gem\u00e4\u00df den Vorschriften.<\/p>\n<p>Der Dienstleister verpflichtet sich, die in schriftlicher Form enthaltenen und aus dieser Vereinbarung resultierenden Daten dem Nutzer innerhalb von 15 Tagen ab dem Tag der Vertragserf\u00fcllung oder -beendigung, dh dem Widerruf der schriftlichen Einwilligung, und sonstigen Daten zu \u00fcbergeben oder zu l\u00f6schen sind nicht relevant oder die der Servicebenutzer nicht \u00fcbernehmen will, zerst\u00f6ren innerhalb von 8 Tagen.<\/p>\n<p>Der Diensteanbieter ist verpflichtet, alle Daten, die er w\u00e4hrend der Erbringung des Dienstes erfahren hat, gem\u00e4\u00df den Gesetzen und anderen Bestimmungen zur Vertraulichkeit von Daten geheim zu halten, au\u00dfer in gesetzlich vorgesehenen F\u00e4llen.<\/p>\n<p>Die aus dem Vertrag und dem Vertrag selbst resultierenden Daten werden vom Dienstleister gesch\u00fctzt, indem sie in seinem Kontrollzentrum in einem Schrank mit technischem und mechanischem Schutz gespeichert werden.<\/p>\n<p>Die aus dem Vertrag und dem Vertrag selbst abgeleiteten Informationen werden als eine Art &#8222;Gesch\u00e4ftsgeheimnis&#8220; betrachtet und unterliegen der h\u00f6chsten Geheimhaltung, wie im Regelwerk \u00fcber Gesch\u00e4ftsgeheimnisse festgelegt, das vom Dienstleister unter Nummer 222 herausgegeben und registriert wird -I \/ 18 vom 25.06.2008 Jahr, das ver\u00f6ffentlicht wird und am Schwarzen Brett des Dienstleisters steht.<\/p>\n<p><b>Artikel 6<\/b><\/p>\n<p><b>HINWEIS UND KORRESPONDENZ<\/b><\/p>\n<p>Der Nutzer des Dienstes erkl\u00e4rt sich damit einverstanden, benachrichtigt zu warden<\/p>\n<p>Anfragen oder Korrespondenz zwischen den Vertragsparteien sind auf folgende Weise und mit folgenden Adressen einzureichen:<\/p>\n<ol>\n<li>Dienstleister: per Einschreiben an die Adresse: ul. Spasenije Cane Babovi\u0107 br.5, 34000 Kragujevac oder per E-Mail an die Adresse: info@ws.co.rs.<\/li>\n<li>Dienstnutzer: schriftlich per Einschreiben an die Wohnadresse oder per E-Mail an die Adresse: ________________________________________.<\/li>\n<\/ol>\n<p>Der Dienstnutzer ist verpflichtet, jede \u00c4nderung der angegebenen Adresse dem Dienstanbieter unverz\u00fcglich schriftlich per Einschreiben oder E-Mail, sp\u00e4testens jedoch innerhalb von 7 (sieben) Tagen ab dem Tag der \u00c4nderung und im Falle des Dienstes, zu melden Der Anbieter wird aufgrund der \u00c4nderung nicht benachrichtigt. Die Adressen des Dienstnutzers gelten als ordnungsgem\u00e4\u00df zugestellt, wenn sie an die Adresse oder E-Mail gesendet werden, die in Absatz 1, Punkt 2 dieses Artikels aufgef\u00fchrt sind, und alle in gem\u00e4\u00df diesem Artikel.<\/p>\n<p><b>Artikel 7<\/b><\/p>\n<p><b>\u00dcBERGANGS- UND ENDG\u00dcLTIGE BESTIMMUNGEN<\/b><\/p>\n<p>Die Bestimmungen der geltenden Gesetze und anderer Gesetze und Statuten gelten gem\u00e4\u00df diesem Artikel f\u00fcr alles, was nicht in dieser Vereinbarung vorgesehen ist.<\/p>\n<p>Diese Vereinbarung besteht aus 2 (zwei) identischen Kopien, von denen jede Vertragspartei 1 (eine) Kopie aufbewahrt. Am Tag der Unterzeichnung dieses Vertrags gelten die Bestimmungen aller fr\u00fcheren Vertr\u00e4ge f\u00fcr diesen Dienst nicht mehr. \u00c4nderungen dieser Vereinbarung sind nur g\u00fcltig, wenn sie schriftlich vorgenommen und von bevollm\u00e4chtigten Vertretern beider Parteien unterzeichnet wurden. Der Benutzer des Dienstes kann sich jederzeit auf der Website https:\/\/ws.co.rs\/opsti-uslovi mit den Allgemeinen Gesch\u00e4ftsbedingungen f\u00fcr die Sicherheit von Watchout (d.o.o.) in Bezug auf diesen Vertrag vertraut machen.<\/p>\n<p>Mit dem Abschluss dieser Vereinbarung best\u00e4tigt der Servicebenutzer, dass er die Allgemeinen Gesch\u00e4ftsbedingungen von Watchout Security Doo und das Regelwerk zu Gesch\u00e4ftsgeheimnissen des Service Providers, die sich auf diese Vereinbarung beziehen, kennt und \u00fcberpr\u00fcft hat, die er \u00fcberpr\u00fcft hat und hat Die mit allen Belegen versehenen Dokumente sind ein wesentlicher Bestandteil dieser Vereinbarung. Mit der Unterzeichnung dieser Vereinbarung erkl\u00e4rt er, dass er mit allen oben genannten Punkten einverstanden ist und dass er alles akzeptiert und dass er mit den positiven Bestimmungen vertraut ist, die auf der Tag des Abschlusses dieser Vereinbarung.<\/p>\n<p><b>Anhang zum Abkommen:<\/b><\/p>\n<p>Gebot (e) Nr. _______________________________________________________________________________________<\/p>\n<p>Aktivit\u00e4tsplan Nr. ____________________________________________________________________________<\/p>\n<p>Sicherheitsplan Nr. ____________________________________________________________________________<\/p>\n<p>Spezifikationsnummer ._______________________________________________________________________________<\/p>\t\t\t\t\t\t\t\t<\/div>\n\t\t\t\t<\/div>\n\t\t\t\t\t<\/div>\n\t\t<\/div>\n\t\t\t\t\t<\/div>\n\t\t<\/section>\n\t\t\t\t<\/div>\n\t\t","protected":false},"excerpt":{"rendered":"<p>\u010clan 1. PREDMET UGOVORA Pru\u017eanje usluga: 1. Alarm monitoring(kombinovani sistem) 2. Odr\u017eavanje Davalac usluge \u0107e pru\u017eati Korisniku usluge slede\u0107e vrste i kategorije obezbe\u0111enja: 1.Fizi\u010dku za\u0161titu i to: &#8211; putem patrolnog tima, putem tima za intervencije, 2.Tehni\u010dku za\u0161titu i to: -video obezbe\u0111enje, protivprovalnu i protivprepadnu za\u0161titu, za\u0161titu od po\u017eara, kontrolu pristupa, socijalni alarmi, satelitsko pra\u0107enje vozila [&hellip;]<\/p>\n","protected":false},"author":1,"featured_media":0,"parent":2863,"menu_order":0,"comment_status":"closed","ping_status":"closed","template":"","meta":{"footnotes":""},"class_list":["post-2842","page","type-page","status-publish","hentry"],"aioseo_notices":[],"_links":{"self":[{"href":"https:\/\/ws.co.rs\/de\/wp-json\/wp\/v2\/pages\/2842","targetHints":{"allow":["GET"]}}],"collection":[{"href":"https:\/\/ws.co.rs\/de\/wp-json\/wp\/v2\/pages"}],"about":[{"href":"https:\/\/ws.co.rs\/de\/wp-json\/wp\/v2\/types\/page"}],"author":[{"embeddable":true,"href":"https:\/\/ws.co.rs\/de\/wp-json\/wp\/v2\/users\/1"}],"replies":[{"embeddable":true,"href":"https:\/\/ws.co.rs\/de\/wp-json\/wp\/v2\/comments?post=2842"}],"version-history":[{"count":5,"href":"https:\/\/ws.co.rs\/de\/wp-json\/wp\/v2\/pages\/2842\/revisions"}],"predecessor-version":[{"id":5361,"href":"https:\/\/ws.co.rs\/de\/wp-json\/wp\/v2\/pages\/2842\/revisions\/5361"}],"up":[{"embeddable":true,"href":"https:\/\/ws.co.rs\/de\/wp-json\/wp\/v2\/pages\/2863"}],"wp:attachment":[{"href":"https:\/\/ws.co.rs\/de\/wp-json\/wp\/v2\/media?parent=2842"}],"curies":[{"name":"wp","href":"https:\/\/api.w.org\/{rel}","templated":true}]}}