{"id":2831,"date":"2020-06-24T20:50:47","date_gmt":"2020-06-24T18:50:47","guid":{"rendered":"https:\/\/ws.co.rs\/reklamacije-i-prigovori\/"},"modified":"2021-02-08T15:31:53","modified_gmt":"2021-02-08T14:31:53","slug":"beschwerden-und-einwaende","status":"publish","type":"page","link":"https:\/\/ws.co.rs\/de\/einkaufen\/beschwerden-und-einwaende\/","title":{"rendered":"Beschwerden und Einw\u00e4nde"},"content":{"rendered":"\t\t<div data-elementor-type=\"wp-page\" data-elementor-id=\"2831\" class=\"elementor elementor-2831 elementor-271\" data-elementor-post-type=\"page\">\n\t\t\t\t\t\t<section class=\"elementor-section elementor-top-section elementor-element elementor-element-563e6c26 elementor-section-stretched elementor-section-height-min-height blank m0 elementor-section-items-bottom elementor-section-content-bottom elementor-section-boxed elementor-section-height-default\" data-id=\"563e6c26\" data-element_type=\"section\" id=\"showcase\" data-settings=\"{&quot;stretch_section&quot;:&quot;section-stretched&quot;,&quot;background_background&quot;:&quot;classic&quot;}\">\n\t\t\t\t\t\t<div class=\"elementor-container elementor-column-gap-no\">\n\t\t\t\t\t<div class=\"elementor-column elementor-col-100 elementor-top-column elementor-element elementor-element-5eb35b29\" data-id=\"5eb35b29\" data-element_type=\"column\" data-settings=\"{&quot;background_background&quot;:&quot;classic&quot;}\">\n\t\t\t<div class=\"elementor-widget-wrap elementor-element-populated\">\n\t\t\t\t\t\t<div class=\"elementor-element elementor-element-563d6f97 elementor-widget elementor-widget-heading\" data-id=\"563d6f97\" data-element_type=\"widget\" data-widget_type=\"heading.default\">\n\t\t\t\t<div class=\"elementor-widget-container\">\n\t\t\t\t\t<h1 class=\"elementor-heading-title elementor-size-default\">Beschwerden und Einw\u00e4nde<\/h1>\t\t\t\t<\/div>\n\t\t\t\t<\/div>\n\t\t\t\t\t<\/div>\n\t\t<\/div>\n\t\t\t\t\t<\/div>\n\t\t<\/section>\n\t\t\t\t<section class=\"elementor-section elementor-top-section elementor-element elementor-element-6cc2b15c elementor-section-boxed elementor-section-height-default elementor-section-height-default\" data-id=\"6cc2b15c\" data-element_type=\"section\" id=\"content\" data-settings=\"{&quot;shape_divider_top&quot;:&quot;tilt&quot;}\">\n\t\t\t\t\t<div class=\"elementor-shape elementor-shape-top\" aria-hidden=\"true\" data-negative=\"false\">\n\t\t\t<svg xmlns=\"http:\/\/www.w3.org\/2000\/svg\" viewBox=\"0 0 1000 100\" preserveAspectRatio=\"none\">\n\t<path class=\"elementor-shape-fill\" d=\"M0,6V0h1000v100L0,6z\"\/>\n<\/svg>\t\t<\/div>\n\t\t\t\t\t<div class=\"elementor-container elementor-column-gap-default\">\n\t\t\t\t\t<div class=\"elementor-column elementor-col-100 elementor-top-column elementor-element elementor-element-46850020\" data-id=\"46850020\" data-element_type=\"column\">\n\t\t\t<div class=\"elementor-widget-wrap elementor-element-populated\">\n\t\t\t\t\t\t<div class=\"elementor-element elementor-element-201a1e84 elementor-widget elementor-widget-text-editor\" data-id=\"201a1e84\" data-element_type=\"widget\" data-widget_type=\"text-editor.default\">\n\t\t\t\t<div class=\"elementor-widget-container\">\n\t\t\t\t\t\t\t\t\t<div class=\" ws-simple-style-cont ws-politika-sistema ws-mobile-analitika\"><div class=\"container\"><div class=\"wsOpstiUsloviBlockText__3FX2U ws-box ws-text-centar\"><h4>Bemerkungen und Vorschl\u00e4ge<\/h4><p>Liebe Benutzer,<\/p><p>Wenn Sie dieselbe Rechnung zweimal bezahlt und damit doppelt belastet haben, dass beim Online-Bezahlen ein technischer Fehler auftritt und Sie ein Problem haben, das die Servicequalit\u00e4t beeintr\u00e4chtigt, k\u00f6nnen Sie den Beschwerdevorgang starten, indem Sie sich bei unserem CALL CENTER melden 0800 \/ 011-013 jeden Werktag von 08 bis 16 Uhr und samstags von 10 bis 14 Uhr oder per E-Mail an info@ws.co.rs. Vorschl\u00e4ge und Beschwerden mit beigef\u00fcgten Nachweisen k\u00f6nnen Sie auch einreichen, indem Sie das Formular auf der <a href=\"https:\/\/ws.co.rs\/de\/kontakt\/\">Kontaktseite ausf\u00fcllen.<\/a><\/p><\/div><\/div><\/div>\t\t\t\t\t\t\t\t<\/div>\n\t\t\t\t<\/div>\n\t\t\t\t\t<\/div>\n\t\t<\/div>\n\t\t\t\t\t<\/div>\n\t\t<\/section>\n\t\t\t\t<\/div>\n\t\t","protected":false},"excerpt":{"rendered":"<p>Primedbe i sugestije Po\u0161tovani korisnici, U slu\u010daju da ste dva puta uplatili isti ra\u010dun i time se duplo zadu\u017eili, da postoji tehni\u010dka gre\u0161ka prilikom online pla\u0107anja, da imate problem koji uti\u010de na kvalitet usluge, proces reklamacije mo\u017eete zapo\u010deti\u00a0prijavom na\u0161em CALL CENTRU na telefon 0800\/011-013 \u00a0svakog radnog dana od 08h do 16h i subotom od 10 [&hellip;]<\/p>\n","protected":false},"author":1,"featured_media":0,"parent":2863,"menu_order":0,"comment_status":"closed","ping_status":"closed","template":"","meta":{"footnotes":""},"class_list":["post-2831","page","type-page","status-publish","hentry"],"aioseo_notices":[],"_links":{"self":[{"href":"https:\/\/ws.co.rs\/de\/wp-json\/wp\/v2\/pages\/2831","targetHints":{"allow":["GET"]}}],"collection":[{"href":"https:\/\/ws.co.rs\/de\/wp-json\/wp\/v2\/pages"}],"about":[{"href":"https:\/\/ws.co.rs\/de\/wp-json\/wp\/v2\/types\/page"}],"author":[{"embeddable":true,"href":"https:\/\/ws.co.rs\/de\/wp-json\/wp\/v2\/users\/1"}],"replies":[{"embeddable":true,"href":"https:\/\/ws.co.rs\/de\/wp-json\/wp\/v2\/comments?post=2831"}],"version-history":[{"count":5,"href":"https:\/\/ws.co.rs\/de\/wp-json\/wp\/v2\/pages\/2831\/revisions"}],"predecessor-version":[{"id":5387,"href":"https:\/\/ws.co.rs\/de\/wp-json\/wp\/v2\/pages\/2831\/revisions\/5387"}],"up":[{"embeddable":true,"href":"https:\/\/ws.co.rs\/de\/wp-json\/wp\/v2\/pages\/2863"}],"wp:attachment":[{"href":"https:\/\/ws.co.rs\/de\/wp-json\/wp\/v2\/media?parent=2831"}],"curies":[{"name":"wp","href":"https:\/\/api.w.org\/{rel}","templated":true}]}}