{"id":2813,"date":"2020-06-24T20:51:31","date_gmt":"2020-06-24T18:51:31","guid":{"rendered":"https:\/\/ws.co.rs\/osiguranje-kvaliteta\/"},"modified":"2021-02-08T15:24:02","modified_gmt":"2021-02-08T14:24:02","slug":"qualitaetsversicherung","status":"publish","type":"page","link":"https:\/\/ws.co.rs\/de\/einkaufen\/qualitaetsversicherung\/","title":{"rendered":"Qualit\u00e4tsversicherung"},"content":{"rendered":"\t\t<div data-elementor-type=\"wp-page\" data-elementor-id=\"2813\" class=\"elementor elementor-2813 elementor-277\" data-elementor-post-type=\"page\">\n\t\t\t\t\t\t<section class=\"elementor-section elementor-top-section elementor-element elementor-element-17bd858a elementor-section-stretched elementor-section-height-min-height blank m0 elementor-section-items-bottom elementor-section-content-bottom elementor-section-boxed elementor-section-height-default\" data-id=\"17bd858a\" data-element_type=\"section\" id=\"showcase\" data-settings=\"{&quot;stretch_section&quot;:&quot;section-stretched&quot;,&quot;background_background&quot;:&quot;classic&quot;}\">\n\t\t\t\t\t\t<div class=\"elementor-container elementor-column-gap-no\">\n\t\t\t\t\t<div class=\"elementor-column elementor-col-100 elementor-top-column elementor-element elementor-element-35089cca\" data-id=\"35089cca\" data-element_type=\"column\" data-settings=\"{&quot;background_background&quot;:&quot;classic&quot;}\">\n\t\t\t<div class=\"elementor-widget-wrap elementor-element-populated\">\n\t\t\t\t\t\t<div class=\"elementor-element elementor-element-63b91e4e elementor-widget elementor-widget-heading\" data-id=\"63b91e4e\" data-element_type=\"widget\" data-widget_type=\"heading.default\">\n\t\t\t\t<div class=\"elementor-widget-container\">\n\t\t\t\t\t<h1 class=\"elementor-heading-title elementor-size-default\">Qualit\u00e4tsversicherung<\/h1>\t\t\t\t<\/div>\n\t\t\t\t<\/div>\n\t\t\t\t\t<\/div>\n\t\t<\/div>\n\t\t\t\t\t<\/div>\n\t\t<\/section>\n\t\t\t\t<section class=\"elementor-section elementor-top-section elementor-element elementor-element-35fdf9b7 elementor-section-boxed elementor-section-height-default elementor-section-height-default\" data-id=\"35fdf9b7\" data-element_type=\"section\" id=\"content\" data-settings=\"{&quot;shape_divider_top&quot;:&quot;tilt&quot;}\">\n\t\t\t\t\t<div class=\"elementor-shape elementor-shape-top\" aria-hidden=\"true\" data-negative=\"false\">\n\t\t\t<svg xmlns=\"http:\/\/www.w3.org\/2000\/svg\" viewBox=\"0 0 1000 100\" preserveAspectRatio=\"none\">\n\t<path class=\"elementor-shape-fill\" d=\"M0,6V0h1000v100L0,6z\"\/>\n<\/svg>\t\t<\/div>\n\t\t\t\t\t<div class=\"elementor-container elementor-column-gap-default\">\n\t\t\t\t\t<div class=\"elementor-column elementor-col-100 elementor-top-column elementor-element elementor-element-53f2bfe9\" data-id=\"53f2bfe9\" data-element_type=\"column\">\n\t\t\t<div class=\"elementor-widget-wrap elementor-element-populated\">\n\t\t\t\t\t\t<div class=\"elementor-element elementor-element-75312888 elementor-widget elementor-widget-text-editor\" data-id=\"75312888\" data-element_type=\"widget\" data-widget_type=\"text-editor.default\">\n\t\t\t\t<div class=\"elementor-widget-container\">\n\t\t\t\t\t\t\t\t\t<div class=\" ws-simple-style-cont ws-politika-sistema ws-mobile-analitika\"><div class=\"container\"><div class=\"wsOpstiUsloviBlockText__3FX2U ws-box ws-text-centar\"><p><img decoding=\"async\" class=\"size-medium wp-image-5259 aligncenter\" src=\"https:\/\/ws.co.rs\/wp-content\/uploads\/2021\/02\/Globos-logo-300x90.png\" alt=\"\" width=\"300\" height=\"90\" srcset=\"https:\/\/ws.co.rs\/wp-content\/uploads\/2021\/02\/Globos-logo-300x90.png 300w, https:\/\/ws.co.rs\/wp-content\/uploads\/2021\/02\/Globos-logo.png 410w\" sizes=\"(max-width: 300px) 100vw, 300px\" \/><\/p><p><strong>SACHVERSICHERUNG<\/strong><\/p><p>Liebe Kunden,<\/p><p>Unsere Versicherungspartner verstehen Ihre Bed\u00fcrfnisse. Sie haben f\u00fcr Sie ein Sonderangebot vorbereitet, das eine Sachversicherung f\u00fcr alle Benutzer umfasst, die einen abgeschlossenen Versicherungsvertrag haben. Sie k\u00f6nnen die Police dieser Versicherung abschlie\u00dfen und unterschreiben, wenn Sie eine Versicherung abschlie\u00dfen.<\/p><p>NUR IN WATCHOUT-SICHERHEIT!<\/p><p>Wir alle haben Schwierigkeiten, Geld f\u00fcr zus\u00e4tzliche Sicherheit zuzuweisen, daher ist es f\u00fcr uns \u00e4u\u00dferst wichtig, dass der Schaden gedeckt ist. Trotz unserer Bem\u00fchungen, die Servicequalit\u00e4t zu verbessern, besteht immer das Risiko unvorhergesehener Ausf\u00e4lle oder Sch\u00e4den, die uns w\u00e4hrend der Bereitstellung des Service entstehen k\u00f6nnen.<\/p><p>-Versicherung gegen Unfallsch\u00e4den, Raub \/ Diebstahl &#8211; Deckung A:<\/p><p>Diese Versicherung deckt versehentliche Sch\u00e4den am Ger\u00e4t ab, die auf Folgendes zur\u00fcckzuf\u00fchren sind: Auslaufen oder Austreten von Fl\u00fcssigkeit, Bruch des Ger\u00e4ts durch Herunterfallen, unbeabsichtigten Missbrauch, Kurzschluss, elektromagnetische Ver\u00e4nderungen und \u00fcberm\u00e4\u00dfige Spannung, Sch\u00e4den, die direkt oder indirekt durch Blitzschlag verursacht werden , aufgrund von Druck, Sch\u00e4den durch Feuer, Rauch, Explosion, Sch\u00e4den w\u00e4hrend der Rettung durch Feuer.<\/p><p>&#8211; Bereitstellung einer erweiterten Garantie nach Ablauf der Herstellergarantie &#8211; Deckung B:<\/p><p>Wir bieten nur eine Versicherung an, wenn das Ger\u00e4t nach Ablauf der gesetzlichen oder zus\u00e4tzlichen (optionalen) Garantiezeit des Herstellers f\u00fcr M\u00e4ngel an Verarbeitung, Material, Berechnung, Wartung oder Installation und \/ oder Zerst\u00f6rung, die w\u00e4hrend der Garantiezeit abgedeckt sind, besch\u00e4digt oder zerst\u00f6rt wird. oder nicht \u00fcber dem vereinbarten Versicherungsbetrag.<\/p><p>F\u00fcr jede gesch\u00fctzte Einrichtung k\u00f6nnen Sie einen Versicherungsschutz f\u00fcr eine Gesamtdauer von 48 Monaten abschlie\u00dfen. Je nach Art des Elektroger\u00e4ts kann jede einzelne Abdeckung maximal 2 Jahre g\u00fcltig sein.<\/p><p>Bitte beachten Sie, dass der Sicherheitsdienst mit einem g\u00fcltigen Vertrag aktiv sein muss und dass der Dienst gem\u00e4\u00df dem Gesetz \u00fcber private Sicherheit erbracht wird, damit Ihre Versicherung g\u00fcltig ist.<\/p><p>0800 011 013<\/p><p><strong>BERUFSHAFTPFLICHTVERSICHERUNG<\/strong><\/p><p>Im Falle eines Ausfalls des Sicherheitsdienstes bieten wir besondere Bedingungen f\u00fcr die Entsch\u00e4digung des besch\u00e4digten Nutzers des Dienstes durch Aktivierung einer angemessenen Versicherungspolice an.<\/p><p>Watchout Security verf\u00fcgt \u00fcber eine Berufshaftpflichtversicherung f\u00fcr alle m\u00f6glichen Ausf\u00e4lle von Sicherheitsbeauftragten. Unabh\u00e4ngig von der Anzahl der sch\u00e4dlichen Ereignisse erhebt die Richtlinie keinen Anspruch auf Vollst\u00e4ndigkeit (alle sch\u00e4dlichen Ereignisse bis zu einem Wert von 200.000 Euro w\u00e4hrend der Richtlinie werden allen Dienstnutzern auf dem Gebiet Serbiens erstattet).<\/p><\/div><\/div><\/div>\t\t\t\t\t\t\t\t<\/div>\n\t\t\t\t<\/div>\n\t\t\t\t\t<\/div>\n\t\t<\/div>\n\t\t\t\t\t<\/div>\n\t\t<\/section>\n\t\t\t\t<\/div>\n\t\t","protected":false},"excerpt":{"rendered":"<p>OSIGURANJE IMOVINE Po\u0161tovani klijenti, Na\u0161i partneri u osiguranju razumeju Va\u0161e potrebe. Pripremili su za Vas posebnu ponudu koja podrazumeva osiguranje imovine, svim korisnicima koji imaju zaklju\u010den ugovor o obezbe\u0111enju. Polisu ovog osiguranja mo\u017eete ugovoriti i potpisati prilikom ugovaranja obezbe\u0111enja. SAMO U WATCHOUT SECURITY! Svi mi imamo pote\u0161ko\u0107e da izdvojimo novac za dodatno obezbe\u0111enje, samim tim, [&hellip;]<\/p>\n","protected":false},"author":1,"featured_media":0,"parent":2863,"menu_order":0,"comment_status":"closed","ping_status":"closed","template":"","meta":{"footnotes":""},"class_list":["post-2813","page","type-page","status-publish","hentry"],"aioseo_notices":[],"_links":{"self":[{"href":"https:\/\/ws.co.rs\/de\/wp-json\/wp\/v2\/pages\/2813","targetHints":{"allow":["GET"]}}],"collection":[{"href":"https:\/\/ws.co.rs\/de\/wp-json\/wp\/v2\/pages"}],"about":[{"href":"https:\/\/ws.co.rs\/de\/wp-json\/wp\/v2\/types\/page"}],"author":[{"embeddable":true,"href":"https:\/\/ws.co.rs\/de\/wp-json\/wp\/v2\/users\/1"}],"replies":[{"embeddable":true,"href":"https:\/\/ws.co.rs\/de\/wp-json\/wp\/v2\/comments?post=2813"}],"version-history":[{"count":5,"href":"https:\/\/ws.co.rs\/de\/wp-json\/wp\/v2\/pages\/2813\/revisions"}],"predecessor-version":[{"id":5371,"href":"https:\/\/ws.co.rs\/de\/wp-json\/wp\/v2\/pages\/2813\/revisions\/5371"}],"up":[{"embeddable":true,"href":"https:\/\/ws.co.rs\/de\/wp-json\/wp\/v2\/pages\/2863"}],"wp:attachment":[{"href":"https:\/\/ws.co.rs\/de\/wp-json\/wp\/v2\/media?parent=2813"}],"curies":[{"name":"wp","href":"https:\/\/api.w.org\/{rel}","templated":true}]}}