{"id":2800,"date":"2020-06-24T20:52:03","date_gmt":"2020-06-24T18:52:03","guid":{"rendered":"https:\/\/ws.co.rs\/kompanija-watchout-security\/"},"modified":"2021-02-08T09:33:33","modified_gmt":"2021-02-08T08:33:33","slug":"unternehmen-watchout-security","status":"publish","type":"page","link":"https:\/\/ws.co.rs\/de\/unternehmen-watchout-security\/","title":{"rendered":"Unternehmen Watchout Security"},"content":{"rendered":"\t\t<div data-elementor-type=\"wp-page\" data-elementor-id=\"2800\" class=\"elementor elementor-2800 elementor-281\" data-elementor-post-type=\"page\">\n\t\t\t\t\t\t<section class=\"elementor-section elementor-top-section elementor-element elementor-element-611ebd22 elementor-section-stretched elementor-section-height-min-height blank elementor-section-items-bottom elementor-section-content-bottom elementor-section-boxed elementor-section-height-default\" data-id=\"611ebd22\" data-element_type=\"section\" id=\"showcase\" data-settings=\"{&quot;stretch_section&quot;:&quot;section-stretched&quot;,&quot;background_background&quot;:&quot;classic&quot;,&quot;shape_divider_bottom&quot;:&quot;tilt&quot;}\">\n\t\t\t\t\t<div class=\"elementor-shape elementor-shape-bottom\" aria-hidden=\"true\" data-negative=\"false\">\n\t\t\t<svg xmlns=\"http:\/\/www.w3.org\/2000\/svg\" viewBox=\"0 0 1000 100\" preserveAspectRatio=\"none\">\n\t<path class=\"elementor-shape-fill\" d=\"M0,6V0h1000v100L0,6z\"\/>\n<\/svg>\t\t<\/div>\n\t\t\t\t\t<div class=\"elementor-container elementor-column-gap-no\">\n\t\t\t\t\t<div class=\"elementor-column elementor-col-100 elementor-top-column elementor-element elementor-element-521e7b82\" data-id=\"521e7b82\" data-element_type=\"column\" data-settings=\"{&quot;background_background&quot;:&quot;classic&quot;}\">\n\t\t\t<div class=\"elementor-widget-wrap elementor-element-populated\">\n\t\t\t\t\t\t<div class=\"elementor-element elementor-element-108c308f elementor-widget elementor-widget-heading\" data-id=\"108c308f\" data-element_type=\"widget\" data-widget_type=\"heading.default\">\n\t\t\t\t<div class=\"elementor-widget-container\">\n\t\t\t\t\t<h1 class=\"elementor-heading-title elementor-size-default\">Unternehmen Watchout Security<\/h1>\t\t\t\t<\/div>\n\t\t\t\t<\/div>\n\t\t\t\t<div class=\"elementor-element elementor-element-4a458e8 elementor-widget elementor-widget-text-editor\" data-id=\"4a458e8\" data-element_type=\"widget\" data-widget_type=\"text-editor.default\">\n\t\t\t\t<div class=\"elementor-widget-container\">\n\t\t\t\t\t\t\t\t\t<p>Mi smo pouzdani partneri na putu ka uspehu, bilo da je re\u010d o unapre\u0111enju Va\u0161e karijere, partnerstvu sa nama ili fran\u0161iznom modelu saradnje. U svakom obliku saradnje \u0107ete zajedno sa nama da napredujete, u\u010dite, usavr\u0161avate Va\u0161e ve\u0161tine i brzo prilago\u0111avate novonastalim promenama na tr\u017ei\u0161tu. Pogledajte dostupne opcije saradnje sa na\u0161im timom i kontaktirajte nas ve\u0107 danas za dodatne informacije.<\/p>\t\t\t\t\t\t\t\t<\/div>\n\t\t\t\t<\/div>\n\t\t\t\t\t<\/div>\n\t\t<\/div>\n\t\t\t\t\t<\/div>\n\t\t<\/section>\n\t\t\t\t<\/div>\n\t\t","protected":false},"excerpt":{"rendered":"<p>Mi smo pouzdani partneri na putu ka uspehu, bilo da je re\u010d o unapre\u0111enju Va\u0161e karijere, partnerstvu sa nama ili fran\u0161iznom modelu saradnje. U svakom obliku saradnje \u0107ete zajedno sa nama da napredujete, u\u010dite, usavr\u0161avate Va\u0161e ve\u0161tine i brzo prilago\u0111avate novonastalim promenama na tr\u017ei\u0161tu. Pogledajte dostupne opcije saradnje sa na\u0161im timom i kontaktirajte nas ve\u0107 [&hellip;]<\/p>\n","protected":false},"author":1,"featured_media":0,"parent":0,"menu_order":0,"comment_status":"closed","ping_status":"closed","template":"","meta":{"footnotes":""},"class_list":["post-2800","page","type-page","status-publish","hentry"],"aioseo_notices":[],"_links":{"self":[{"href":"https:\/\/ws.co.rs\/de\/wp-json\/wp\/v2\/pages\/2800","targetHints":{"allow":["GET"]}}],"collection":[{"href":"https:\/\/ws.co.rs\/de\/wp-json\/wp\/v2\/pages"}],"about":[{"href":"https:\/\/ws.co.rs\/de\/wp-json\/wp\/v2\/types\/page"}],"author":[{"embeddable":true,"href":"https:\/\/ws.co.rs\/de\/wp-json\/wp\/v2\/users\/1"}],"replies":[{"embeddable":true,"href":"https:\/\/ws.co.rs\/de\/wp-json\/wp\/v2\/comments?post=2800"}],"version-history":[{"count":5,"href":"https:\/\/ws.co.rs\/de\/wp-json\/wp\/v2\/pages\/2800\/revisions"}],"predecessor-version":[{"id":5344,"href":"https:\/\/ws.co.rs\/de\/wp-json\/wp\/v2\/pages\/2800\/revisions\/5344"}],"wp:attachment":[{"href":"https:\/\/ws.co.rs\/de\/wp-json\/wp\/v2\/media?parent=2800"}],"curies":[{"name":"wp","href":"https:\/\/api.w.org\/{rel}","templated":true}]}}