{"id":2782,"date":"2020-06-24T20:52:17","date_gmt":"2020-06-24T18:52:17","guid":{"rendered":"https:\/\/ws.co.rs\/o-kompaniji-watchout-security\/"},"modified":"2021-02-12T11:53:45","modified_gmt":"2021-02-12T10:53:45","slug":"ueber-uns","status":"publish","type":"page","link":"https:\/\/ws.co.rs\/de\/unternehmen-watchout-security\/ueber-uns\/","title":{"rendered":"\u00dcber uns"},"content":{"rendered":"\t\t<div data-elementor-type=\"wp-page\" data-elementor-id=\"2782\" class=\"elementor elementor-2782 elementor-283\" data-elementor-post-type=\"page\">\n\t\t\t\t\t\t<section class=\"elementor-section elementor-top-section elementor-element elementor-element-6705968a elementor-section-stretched elementor-section-height-min-height blank m0 elementor-section-items-bottom elementor-section-content-bottom elementor-section-boxed elementor-section-height-default\" data-id=\"6705968a\" data-element_type=\"section\" id=\"showcase\" data-settings=\"{&quot;stretch_section&quot;:&quot;section-stretched&quot;,&quot;background_background&quot;:&quot;classic&quot;}\">\n\t\t\t\t\t\t<div class=\"elementor-container elementor-column-gap-no\">\n\t\t\t\t\t<div class=\"elementor-column elementor-col-100 elementor-top-column elementor-element elementor-element-241f7870\" data-id=\"241f7870\" data-element_type=\"column\" data-settings=\"{&quot;background_background&quot;:&quot;classic&quot;}\">\n\t\t\t<div class=\"elementor-widget-wrap elementor-element-populated\">\n\t\t\t\t\t\t<div class=\"elementor-element elementor-element-4e21fc elementor-widget elementor-widget-heading\" data-id=\"4e21fc\" data-element_type=\"widget\" data-widget_type=\"heading.default\">\n\t\t\t\t<div class=\"elementor-widget-container\">\n\t\t\t\t\t<h1 class=\"elementor-heading-title elementor-size-default\">\u00dcber uns<\/h1>\t\t\t\t<\/div>\n\t\t\t\t<\/div>\n\t\t\t\t\t<\/div>\n\t\t<\/div>\n\t\t\t\t\t<\/div>\n\t\t<\/section>\n\t\t\t\t<section class=\"elementor-section elementor-top-section elementor-element elementor-element-29c032f8 elementor-section-boxed elementor-section-height-default elementor-section-height-default\" data-id=\"29c032f8\" data-element_type=\"section\" id=\"content\" data-settings=\"{&quot;shape_divider_top&quot;:&quot;tilt&quot;}\">\n\t\t\t\t\t<div class=\"elementor-shape elementor-shape-top\" aria-hidden=\"true\" data-negative=\"false\">\n\t\t\t<svg xmlns=\"http:\/\/www.w3.org\/2000\/svg\" viewBox=\"0 0 1000 100\" preserveAspectRatio=\"none\">\n\t<path class=\"elementor-shape-fill\" d=\"M0,6V0h1000v100L0,6z\"\/>\n<\/svg>\t\t<\/div>\n\t\t\t\t\t<div class=\"elementor-container elementor-column-gap-default\">\n\t\t\t\t\t<div class=\"elementor-column elementor-col-100 elementor-top-column elementor-element elementor-element-1b75bde3\" data-id=\"1b75bde3\" data-element_type=\"column\">\n\t\t\t<div class=\"elementor-widget-wrap elementor-element-populated\">\n\t\t\t\t\t\t<div class=\"elementor-element elementor-element-6835efd5 elementor-widget elementor-widget-text-editor\" data-id=\"6835efd5\" data-element_type=\"widget\" data-widget_type=\"text-editor.default\">\n\t\t\t\t<div class=\"elementor-widget-container\">\n\t\t\t\t\t\t\t\t\t<div class=\" ws-simple-style-cont ws-politika-sistema ws-mobile-analitika\"><div class=\"container\"><div class=\"wsOpstiUsloviBlockText__3FX2U ws-box ws-text-centar\"><h4 style=\"text-align: center;\">&#8222;Pr\u00e4vention schafft Kapital, also ist Sicherheit eine Investition in eine bessere Zukunft!&#8220;<\/h4><p><strong>\u00a0<\/strong><\/p><p>Watchout Security wurde mit dem Schwerpunkt auf der Bereitstellung physischer und technischer Sicherheitsdienste f\u00fcr juristische Personen und Einzelpersonen eingerichtet.<\/p><p>Das gesamte Gesch\u00e4ft basiert auf vier Postulaten:<\/p><ul><li><strong>Qualit\u00e4t<\/strong><\/li><\/ul><p>Die Geschwindigkeit der Anpassung an Ver\u00e4nderungen ist der Schl\u00fcssel zum Erfolg.<\/p><ul><li><strong>Vertrauen<\/strong><\/li><\/ul><p>Ohne sie gibt es in keinem Lebensbereich Erfolg.<\/p><ul><li><strong>Verh\u00fctung<\/strong><\/li><\/ul><p>Dies ist der beste Ansatz zur L\u00f6sung eines Problems &#8211; gr\u00fcndlich, bereit und zum richtigen Zeitpunkt.<\/p><ul><li><strong>Verl\u00e4sslichkeit<\/strong><\/li><\/ul><p>Wir legen Wert auf eine sicherere Zukunft.<\/p><\/div><\/div><\/div>\t\t\t\t\t\t\t\t<\/div>\n\t\t\t\t<\/div>\n\t\t\t\t<div class=\"elementor-element elementor-element-d19a796 gray elementor-widget elementor-widget-text-editor\" data-id=\"d19a796\" data-element_type=\"widget\" data-widget_type=\"text-editor.default\">\n\t\t\t\t<div class=\"elementor-widget-container\">\n\t\t\t\t\t\t\t\t\t<h5>Zehn Gr\u00fcnde, warum Watchout-Sicherheit die Sicherheit Nummer 1 ist?<\/h5><p>Wir haben ein hochmodernes Kontrollzentrum, das von kompetenten Organisationen am h\u00f6chsten bewertet wird.<\/p><p>Als Tool verwenden wir die beste CRM-L\u00f6sung (giANT) und ERP-L\u00f6sung (von iCentar gemeldet) auf dem Markt.<\/p><p>Wir sind der einzige mit einem organisierten Service, der Vertr\u00e4ge ausschlie\u00dflich nach Kundenwunsch abwickelt.<\/p><p>Wir sind nach Sektoren mit einem entwickelten Managementsystem der Organisation organisiert.<\/p><p>Wir haben ein User Center, das Benutzern hilft, Probleme zu l\u00f6sen.<\/p><p>Wir haben das am weitesten entwickelte Netzwerk von Mitarbeitern im Bereich des technischen und physischen Schutzes.<\/p><p>Wir haben ein integriertes System der kontinuierlichen Mitarbeiterschulung.<\/p><p>Wir bieten Dienstleistungen von h\u00f6chster Qualit\u00e4t.<\/p><p>Die Qualit\u00e4t unserer Dienstleistungen wird durch eine Berufshaftpflichtversicherung sichergestellt.<\/p>\t\t\t\t\t\t\t\t<\/div>\n\t\t\t\t<\/div>\n\t\t\t\t<div class=\"elementor-element elementor-element-c2ee603 elementor-widget elementor-widget-text-editor\" data-id=\"c2ee603\" data-element_type=\"widget\" data-widget_type=\"text-editor.default\">\n\t\t\t\t<div class=\"elementor-widget-container\">\n\t\t\t\t\t\t\t\t\t<div class=\"ws-simple-style-cont ws-politika-sistema ws-mobile-analitika\"><div class=\"container\"><div class=\"ws-box\"><p>Die Weiterentwicklung der technologischen L\u00f6sungen, die wir in unserer Arbeit verwenden, die kontinuierliche Weiterbildung und Personalentwicklung, die \u00dcberwachung von Innovationen und die Anpassung an den technischen und technologischen Fortschritt und das Gesch\u00e4ft gem\u00e4\u00df der guten Gesch\u00e4ftspraxis in der Republik Serbien haben Watchout Security zu einem f\u00fchrenden Unternehmen im Bereich physische und technische L\u00f6sungen gemacht Sicherheit im Land und in der Region. Wir folgen globalen Trends im Bereich Sicherheit und sch\u00fctzen mit ihrer Anwendung unsere Geb\u00e4ude, H\u00e4user, Apotheken, Schulen!<\/p><\/div><\/div><\/div>\t\t\t\t\t\t\t\t<\/div>\n\t\t\t\t<\/div>\n\t\t\t\t<div class=\"elementor-element elementor-element-5ad0bd0 gray elementor-widget elementor-widget-text-editor\" data-id=\"5ad0bd0\" data-element_type=\"widget\" data-widget_type=\"text-editor.default\">\n\t\t\t\t<div class=\"elementor-widget-container\">\n\t\t\t\t\t\t\t\t\t<div class=\" ws-simple-style-cont ws-politika-sistema ws-mobile-analitika\"><div class=\"container\"><div class=\"wsOpstiUsloviBlockText__3FX2U ws-box ws-text-centar\"><div class=\"ws-simple-style-cont ws-politika-sistema ws-mobile-analitika\"><div class=\"container\"><div class=\"ws-box ws-alt\"><p>Wussten Sie, dass die Theorie der Bed\u00fcrfnishierarchie von Abraham Maslov eine der bekanntesten und am h\u00e4ufigsten zitierten in westlichen L\u00e4ndern ist? Laut Maslows Bed\u00fcrfnishierarchie steht das Sicherheitsbed\u00fcrfnis ganz oben auf der Leiter &#8211; an zweiter Stelle direkt nach den biologischen Bed\u00fcrfnissen des Menschen.<\/p><p><strong>Leben in einer sicheren Umgebung, Sicherheit von Familie, Gesundheit und Eigentum, stabiler Arbeitsplatz &#8211; wir verstehen Sie!<\/strong><\/p><\/div><\/div><\/div><\/div><\/div><\/div>\t\t\t\t\t\t\t\t<\/div>\n\t\t\t\t<\/div>\n\t\t\t\t<div class=\"elementor-element elementor-element-741d405f elementor-widget elementor-widget-text-editor\" data-id=\"741d405f\" data-element_type=\"widget\" data-widget_type=\"text-editor.default\">\n\t\t\t\t<div class=\"elementor-widget-container\">\n\t\t\t\t\t\t\t\t\t<h5>Lizenz<\/h5><p>Watchout Security verf\u00fcgt \u00fcber die folgenden vom Innenministerium ausgestellten Lizenzen:<\/p><ul><li>Lizenz 20433 zum physischen und technischen Schutz von Personen und Eigentum und zur Aufrechterhaltung der Ordnung bei Sportveranstaltungen, \u00f6ffentlichen Versammlungen und anderen Versammlungsorten von B\u00fcrgern;<\/li><li>Lizenz 20181 zur Planung technischer Schutzsysteme;<\/li><li>Lizenz 20182 zur Risikobewertung zum Schutz von Personen, Sachwerten und Unternehmen;<\/li><li>Lizenz 20183 f\u00fcr Installation, Inbetriebnahme und Wartung von technischen Schutz- und Anwenderschulungssystemen;<\/li><li>Lizenz 30161 zur Durchf\u00fchrung des Entwurfs und der \u00dcberwachung technischer Schutzsysteme.<\/li><\/ul>\t\t\t\t\t\t\t\t<\/div>\n\t\t\t\t<\/div>\n\t\t\t\t<div class=\"elementor-element elementor-element-14bb2864 gray elementor-widget elementor-widget-text-editor\" data-id=\"14bb2864\" data-element_type=\"widget\" data-widget_type=\"text-editor.default\">\n\t\t\t\t<div class=\"elementor-widget-container\">\n\t\t\t\t\t\t\t\t\t<h5>Zertifikate<\/h5><p>Warum muss die private Sicherheit zertifiziert werden?<\/p><p>Unser Unternehmen musste best\u00e4tigt werden, dass die Prozesse den Anforderungen international anerkannter Standards entsprachen. Die Zertifizierung ist eine Herausforderung f\u00fcr die Organisation. Nur so kann eine Organisation auf dem Massenmarkt gleicherma\u00dfen konkurrieren und f\u00fcr neue Benutzer k\u00e4mpfen. Jede Sicherheitsl\u00f6sung ben\u00f6tigt dies, und deshalb haben wir unser Gesch\u00e4ft mit den Anforderungen der folgenden Standards harmonisiert:<\/p><ul><li>SRPS OHSAS 18001: 2008 Arbeitsschutzmanagementsystem<\/li><li>SRPS ISO 27001: 2014 Informationssicherheits-Managementsystem<\/li><li>SRPS ISO 14001: 2015 Umweltmanagementsysteme<\/li><li>SRPS ISO 9001: 2015 Qualit\u00e4tsmanagementsystem<\/li><li>Service Management System &#8211; Informationstechnologie<\/li><li>SRPS A.L2.002: 2015 Physischer Schutz<\/li><li>SRPS A.L2.002: 2015 Technischer Schutz<\/li><li>SRPS A.L2.002: 2015 Management von der Zentrale aus<\/li><\/ul>\t\t\t\t\t\t\t\t<\/div>\n\t\t\t\t<\/div>\n\t\t\t\t<div class=\"elementor-element elementor-element-30a679b elementor-widget elementor-widget-text-editor\" data-id=\"30a679b\" data-element_type=\"widget\" data-widget_type=\"text-editor.default\">\n\t\t\t\t<div class=\"elementor-widget-container\">\n\t\t\t\t\t\t\t\t\t<h5>Grundinformation<\/h5><ul><li>Watchout Security Doo<\/li><li>Adresse: Spasenije Cane Babovi\u0107 5<\/li><li>Pib: 106460446<\/li><li>Mb: 20606576<\/li><\/ul>\t\t\t\t\t\t\t\t<\/div>\n\t\t\t\t<\/div>\n\t\t\t\t<div class=\"elementor-element elementor-element-480fca0 gray elementor-widget elementor-widget-text-editor\" data-id=\"480fca0\" data-element_type=\"widget\" data-widget_type=\"text-editor.default\">\n\t\t\t\t<div class=\"elementor-widget-container\">\n\t\t\t\t\t\t\t\t\t<p>Gesch\u00e4ftsordnung<\/p><p>Organisationsschema<\/p><p>Verhaltenskodex<\/p><p>Ausweis<\/p><p>Portfolio srb<\/p><p>Portfolio eng<\/p><p>APR extrahieren<\/p>\t\t\t\t\t\t\t\t<\/div>\n\t\t\t\t<\/div>\n\t\t\t\t\t<\/div>\n\t\t<\/div>\n\t\t\t\t\t<\/div>\n\t\t<\/section>\n\t\t\t\t<\/div>\n\t\t","protected":false},"excerpt":{"rendered":"<p>\u201dPreventiva stvara kapital, zato je bezbednost investicija u bolju budu\u0107nost!\u201d \u00a0 Watchout Security osnovan je sa fokusom na pru\u017eanje usluga fizi\u010dko-tehni\u010dkog obezbe\u0111enja pravnim i fizi\u010dkim licima. Kompletno poslovanje se zasniva na \u010detiri postulata: Kvalitet Brzina prilago\u0111avanja promenama je klju\u010d uspeha. Poverenje Bez njega nema uspeha na bilo kom \u017eivotnom polju. Preventiva Ona je najbolji pristup [&hellip;]<\/p>\n","protected":false},"author":1,"featured_media":0,"parent":2800,"menu_order":0,"comment_status":"closed","ping_status":"closed","template":"","meta":{"footnotes":""},"class_list":["post-2782","page","type-page","status-publish","hentry"],"aioseo_notices":[],"_links":{"self":[{"href":"https:\/\/ws.co.rs\/de\/wp-json\/wp\/v2\/pages\/2782","targetHints":{"allow":["GET"]}}],"collection":[{"href":"https:\/\/ws.co.rs\/de\/wp-json\/wp\/v2\/pages"}],"about":[{"href":"https:\/\/ws.co.rs\/de\/wp-json\/wp\/v2\/types\/page"}],"author":[{"embeddable":true,"href":"https:\/\/ws.co.rs\/de\/wp-json\/wp\/v2\/users\/1"}],"replies":[{"embeddable":true,"href":"https:\/\/ws.co.rs\/de\/wp-json\/wp\/v2\/comments?post=2782"}],"version-history":[{"count":5,"href":"https:\/\/ws.co.rs\/de\/wp-json\/wp\/v2\/pages\/2782\/revisions"}],"predecessor-version":[{"id":5529,"href":"https:\/\/ws.co.rs\/de\/wp-json\/wp\/v2\/pages\/2782\/revisions\/5529"}],"up":[{"embeddable":true,"href":"https:\/\/ws.co.rs\/de\/wp-json\/wp\/v2\/pages\/2800"}],"wp:attachment":[{"href":"https:\/\/ws.co.rs\/de\/wp-json\/wp\/v2\/media?parent=2782"}],"curies":[{"name":"wp","href":"https:\/\/api.w.org\/{rel}","templated":true}]}}