{"id":2736,"date":"2020-07-02T13:45:09","date_gmt":"2020-07-02T11:45:09","guid":{"rendered":"https:\/\/ws.co.rs\/video-nadzor-i-video-obezbedenje\/"},"modified":"2021-03-19T11:08:05","modified_gmt":"2021-03-19T10:08:05","slug":"videoueberwachung-und-videosicherheit","status":"publish","type":"page","link":"https:\/\/ws.co.rs\/de\/dienstleistungen\/technischer-schutz\/videoueberwachung-und-videosicherheit\/","title":{"rendered":"Video\u00fcberwachung und Videosicherheit"},"content":{"rendered":"\t\t<div data-elementor-type=\"wp-page\" data-elementor-id=\"2736\" class=\"elementor elementor-2736 elementor-475\" data-elementor-post-type=\"page\">\n\t\t\t\t\t\t<section class=\"elementor-section elementor-top-section elementor-element elementor-element-7404ba7 elementor-section-stretched elementor-section-height-min-height inside elementor-section-items-bottom elementor-section-content-bottom elementor-section-boxed elementor-section-height-default\" data-id=\"7404ba7\" data-element_type=\"section\" id=\"showcase\" data-settings=\"{&quot;stretch_section&quot;:&quot;section-stretched&quot;,&quot;background_background&quot;:&quot;gradient&quot;,&quot;shape_divider_bottom&quot;:&quot;tilt&quot;}\">\n\t\t\t\t\t<div class=\"elementor-shape elementor-shape-bottom\" aria-hidden=\"true\" data-negative=\"false\">\n\t\t\t<svg xmlns=\"http:\/\/www.w3.org\/2000\/svg\" viewBox=\"0 0 1000 100\" preserveAspectRatio=\"none\">\n\t<path class=\"elementor-shape-fill\" d=\"M0,6V0h1000v100L0,6z\"\/>\n<\/svg>\t\t<\/div>\n\t\t\t\t\t<div class=\"elementor-container elementor-column-gap-no\">\n\t\t\t\t\t<div class=\"elementor-column elementor-col-100 elementor-top-column elementor-element elementor-element-250c0417\" data-id=\"250c0417\" data-element_type=\"column\" data-settings=\"{&quot;background_background&quot;:&quot;classic&quot;}\">\n\t\t\t<div class=\"elementor-widget-wrap elementor-element-populated\">\n\t\t\t\t\t\t<div class=\"elementor-element elementor-element-3c0d1637 elementor-widget elementor-widget-heading\" data-id=\"3c0d1637\" data-element_type=\"widget\" data-widget_type=\"heading.default\">\n\t\t\t\t<div class=\"elementor-widget-container\">\n\t\t\t\t\t<h1 class=\"elementor-heading-title elementor-size-default\">Video\u00fcberwachung und Videosicherheit<\/h1>\t\t\t\t<\/div>\n\t\t\t\t<\/div>\n\t\t\t\t<div class=\"elementor-element elementor-element-688244e1 elementor-widget elementor-widget-text-editor\" data-id=\"688244e1\" data-element_type=\"widget\" data-widget_type=\"text-editor.default\">\n\t\t\t\t<div class=\"elementor-widget-container\">\n\t\t\t\t\t\t\t\t\t<blockquote><p>&#8222;Lassen Sie unsere Sorgen, um die wir uns im Voraus k\u00fcmmern, im Voraus denken und planen.&#8220;<\/p><p>Winston Churchill<\/p><\/blockquote>\t\t\t\t\t\t\t\t<\/div>\n\t\t\t\t<\/div>\n\t\t\t\t\t<\/div>\n\t\t<\/div>\n\t\t\t\t\t<\/div>\n\t\t<\/section>\n\t\t\t\t<section class=\"elementor-section elementor-top-section elementor-element elementor-element-31b6382b pt-big pb-big elementor-section-boxed elementor-section-height-default elementor-section-height-default\" data-id=\"31b6382b\" data-element_type=\"section\" id=\"info\" data-settings=\"{&quot;background_background&quot;:&quot;classic&quot;,&quot;shape_divider_top&quot;:&quot;tilt&quot;}\">\n\t\t\t\t\t<div class=\"elementor-shape elementor-shape-top\" aria-hidden=\"true\" data-negative=\"false\">\n\t\t\t<svg xmlns=\"http:\/\/www.w3.org\/2000\/svg\" viewBox=\"0 0 1000 100\" preserveAspectRatio=\"none\">\n\t<path class=\"elementor-shape-fill\" d=\"M0,6V0h1000v100L0,6z\"\/>\n<\/svg>\t\t<\/div>\n\t\t\t\t\t<div class=\"elementor-container elementor-column-gap-default\">\n\t\t\t\t\t<div class=\"elementor-column elementor-col-100 elementor-top-column elementor-element elementor-element-6815bd02\" data-id=\"6815bd02\" data-element_type=\"column\">\n\t\t\t<div class=\"elementor-widget-wrap elementor-element-populated\">\n\t\t\t\t\t\t<div class=\"elementor-element elementor-element-3acac0f7 elementor-widget elementor-widget-text-editor\" data-id=\"3acac0f7\" data-element_type=\"widget\" data-widget_type=\"text-editor.default\">\n\t\t\t\t<div class=\"elementor-widget-container\">\n\t\t\t\t\t\t\t\t\t<h3 style=\"text-align: center;\"><strong>In modernen Gesch\u00e4ftsbedingungen, die durch zahlreiche Risiken gekennzeichnet sind, sind Einbr\u00fcche und Diebst\u00e4hle eine der m\u00f6glichen Krisensituationen.<\/strong><\/h3><h4 style=\"text-align: center;\"><strong>In modernen Gesch\u00e4ftsbedingungen, die durch zahlreiche Risiken gekennzeichnet sind, sind Einbr\u00fcche und Diebst\u00e4hle eine der m\u00f6glichen Krisensituationen.<\/strong><\/h4><p>\u00a0<\/p><div><p>Mit der Videosicherheit haben Sie den Vorteil. Die Videosicherheit erm\u00f6glicht die vollst\u00e4ndige visuelle Kontrolle \u00fcber das Objekt. Wenn ein Vorfall auftritt, k\u00f6nnen geeignete Ma\u00dfnahmen ergriffen werden, um Sch\u00e4den zu minimieren. Was Video\u00fcberwachung f\u00fcr Sie tut:<\/p><\/div><div><ul><li>Monitore &#8211; Erm\u00f6glicht die Echtzeit\u00fcberwachung der Situation und greift im Notfall ein.<\/li><li>Aufzeichnungen &#8211; um zu archivieren, damit eine Analyse der umstrittenen Situation durchgef\u00fchrt werden kann.<\/li><li>Ablenkung &#8211; eine psychologische Auswirkung auf eine Person, die beabsichtigt, einen gesch\u00fctzten Bereich zu betreten.<\/li><\/ul><\/div><div><p><strong>Warum unser Unternehmen Ihre Wahl sein sollte:<\/strong><\/p><ul><li>Zusammenarbeit mit den weltweit f\u00fchrenden Marken im Bereich Videosicherheit wie Dahua, Hikvision, Samsung, Western Security, Axoon,<\/li><li>Liefer- und Installationsgeschwindigkeit<\/li><li>Qualit\u00e4t der durchgef\u00fchrten Arbeiten,<\/li><li>Wir sind die ersten auf dem Markt, die den &#8222;NON STOP SERVICE&#8220; -Dienst anbieten, der 24 Stunden am Tag Support erm\u00f6glicht.<\/li><li>Langzeitgarantie auf durchgef\u00fchrte Arbeiten,<\/li><li>unsere Versicherungspolice als Garantie,<\/li><li>die M\u00f6glichkeit, das System in mehreren monatlichen Raten mit einem der empfohlenen Dienste zu erwerben.<\/li><\/ul><\/div><div><div><p>Aus Gr\u00fcnden der zus\u00e4tzlichen Sicherheit werden folgende Dienste empfohlen:<\/p><\/div><ul><li>vorbeugende Wartung<\/li><li>Fern\u00fcberwachung von Video\u00fcberwachungssystemen<\/li><li>Eingreifen im Falle einer Alarmsituation<\/li><li>vorbeugende Patrouillenteamtouren<\/li><li>Sicherheitsberichterstattung<\/li><li>Risikobewertung zum Schutz von Personen, Sachwerten und Unternehmen<\/li><\/ul><\/div>\t\t\t\t\t\t\t\t<\/div>\n\t\t\t\t<\/div>\n\t\t\t\t<div class=\"elementor-element elementor-element-7213e05a elementor-align-center elementor-widget elementor-widget-button\" data-id=\"7213e05a\" data-element_type=\"widget\" data-widget_type=\"button.default\">\n\t\t\t\t<div class=\"elementor-widget-container\">\n\t\t\t\t\t\t\t\t\t<div class=\"elementor-button-wrapper\">\n\t\t\t\t\t<a class=\"elementor-button elementor-button-link elementor-size-lg\" href=\"https:\/\/ws.co.rs\/de\/fragebogen\/videoueberwachung\/\">\n\t\t\t\t\t\t<span class=\"elementor-button-content-wrapper\">\n\t\t\t\t\t\t<span class=\"elementor-button-icon\">\n\t\t\t\t<i aria-hidden=\"true\" class=\"fas fa-chevron-right\"><\/i>\t\t\t<\/span>\n\t\t\t\t\t\t\t\t\t<span class=\"elementor-button-text\">Eine Anfrage f\u00fcr ein Angebot<\/span>\n\t\t\t\t\t<\/span>\n\t\t\t\t\t<\/a>\n\t\t\t\t<\/div>\n\t\t\t\t\t\t\t\t<\/div>\n\t\t\t\t<\/div>\n\t\t\t\t\t<\/div>\n\t\t<\/div>\n\t\t\t\t\t<\/div>\n\t\t<\/section>\n\t\t\t\t<\/div>\n\t\t","protected":false},"excerpt":{"rendered":"<p>&#8222;Lassen Sie unsere Sorgen, um die wir uns im Voraus k\u00fcmmern, im Voraus denken und planen.&#8220; Winston Churchill In modernen Gesch\u00e4ftsbedingungen, die durch zahlreiche Risiken gekennzeichnet sind, sind Einbr\u00fcche und Diebst\u00e4hle eine der m\u00f6glichen Krisensituationen. In modernen Gesch\u00e4ftsbedingungen, die durch zahlreiche Risiken gekennzeichnet sind, sind Einbr\u00fcche und Diebst\u00e4hle eine der m\u00f6glichen Krisensituationen. \u00a0 Mit der [&hellip;]<\/p>\n","protected":false},"author":1,"featured_media":0,"parent":3200,"menu_order":0,"comment_status":"closed","ping_status":"closed","template":"","meta":{"footnotes":""},"class_list":["post-2736","page","type-page","status-publish","hentry"],"aioseo_notices":[],"_links":{"self":[{"href":"https:\/\/ws.co.rs\/de\/wp-json\/wp\/v2\/pages\/2736","targetHints":{"allow":["GET"]}}],"collection":[{"href":"https:\/\/ws.co.rs\/de\/wp-json\/wp\/v2\/pages"}],"about":[{"href":"https:\/\/ws.co.rs\/de\/wp-json\/wp\/v2\/types\/page"}],"author":[{"embeddable":true,"href":"https:\/\/ws.co.rs\/de\/wp-json\/wp\/v2\/users\/1"}],"replies":[{"embeddable":true,"href":"https:\/\/ws.co.rs\/de\/wp-json\/wp\/v2\/comments?post=2736"}],"version-history":[{"count":5,"href":"https:\/\/ws.co.rs\/de\/wp-json\/wp\/v2\/pages\/2736\/revisions"}],"predecessor-version":[{"id":6468,"href":"https:\/\/ws.co.rs\/de\/wp-json\/wp\/v2\/pages\/2736\/revisions\/6468"}],"up":[{"embeddable":true,"href":"https:\/\/ws.co.rs\/de\/wp-json\/wp\/v2\/pages\/3200"}],"wp:attachment":[{"href":"https:\/\/ws.co.rs\/de\/wp-json\/wp\/v2\/media?parent=2736"}],"curies":[{"name":"wp","href":"https:\/\/api.w.org\/{rel}","templated":true}]}}