{"id":2731,"date":"2020-07-02T13:45:27","date_gmt":"2020-07-02T11:45:27","guid":{"rendered":"https:\/\/ws.co.rs\/alarmni-sistem-2\/"},"modified":"2021-03-19T11:09:44","modified_gmt":"2021-03-19T10:09:44","slug":"alarmsystem","status":"publish","type":"page","link":"https:\/\/ws.co.rs\/de\/dienstleistungen\/technischer-schutz\/alarmsystem\/","title":{"rendered":"Alarmsystem"},"content":{"rendered":"\t\t<div data-elementor-type=\"wp-page\" data-elementor-id=\"2731\" class=\"elementor elementor-2731 elementor-477\" data-elementor-post-type=\"page\">\n\t\t\t\t\t\t<section class=\"elementor-section elementor-top-section elementor-element elementor-element-36e2cc elementor-section-stretched elementor-section-height-min-height inside elementor-section-items-bottom elementor-section-content-bottom elementor-section-boxed elementor-section-height-default\" data-id=\"36e2cc\" data-element_type=\"section\" id=\"showcase\" data-settings=\"{&quot;stretch_section&quot;:&quot;section-stretched&quot;,&quot;background_background&quot;:&quot;gradient&quot;,&quot;shape_divider_bottom&quot;:&quot;tilt&quot;}\">\n\t\t\t\t\t<div class=\"elementor-shape elementor-shape-bottom\" aria-hidden=\"true\" data-negative=\"false\">\n\t\t\t<svg xmlns=\"http:\/\/www.w3.org\/2000\/svg\" viewBox=\"0 0 1000 100\" preserveAspectRatio=\"none\">\n\t<path class=\"elementor-shape-fill\" d=\"M0,6V0h1000v100L0,6z\"\/>\n<\/svg>\t\t<\/div>\n\t\t\t\t\t<div class=\"elementor-container elementor-column-gap-no\">\n\t\t\t\t\t<div class=\"elementor-column elementor-col-100 elementor-top-column elementor-element elementor-element-7c15c405\" data-id=\"7c15c405\" data-element_type=\"column\" data-settings=\"{&quot;background_background&quot;:&quot;classic&quot;}\">\n\t\t\t<div class=\"elementor-widget-wrap elementor-element-populated\">\n\t\t\t\t\t\t<div class=\"elementor-element elementor-element-21c0a73a elementor-widget elementor-widget-heading\" data-id=\"21c0a73a\" data-element_type=\"widget\" data-widget_type=\"heading.default\">\n\t\t\t\t<div class=\"elementor-widget-container\">\n\t\t\t\t\t<h1 class=\"elementor-heading-title elementor-size-default\">Alarmsystem<\/h1>\t\t\t\t<\/div>\n\t\t\t\t<\/div>\n\t\t\t\t<div class=\"elementor-element elementor-element-c9548a6 elementor-widget elementor-widget-text-editor\" data-id=\"c9548a6\" data-element_type=\"widget\" data-widget_type=\"text-editor.default\">\n\t\t\t\t<div class=\"elementor-widget-container\">\n\t\t\t\t\t\t\t\t\t<blockquote><p>&#8222;Das teuerste ist, nichts zu tun.&#8220;<\/p><p>John Ford<\/p><\/blockquote>\t\t\t\t\t\t\t\t<\/div>\n\t\t\t\t<\/div>\n\t\t\t\t\t<\/div>\n\t\t<\/div>\n\t\t\t\t\t<\/div>\n\t\t<\/section>\n\t\t\t\t<section class=\"elementor-section elementor-top-section elementor-element elementor-element-57446d79 pt-big pb-big elementor-section-boxed elementor-section-height-default elementor-section-height-default\" data-id=\"57446d79\" data-element_type=\"section\" id=\"info\" data-settings=\"{&quot;background_background&quot;:&quot;classic&quot;,&quot;shape_divider_top&quot;:&quot;tilt&quot;}\">\n\t\t\t\t\t<div class=\"elementor-shape elementor-shape-top\" aria-hidden=\"true\" data-negative=\"false\">\n\t\t\t<svg xmlns=\"http:\/\/www.w3.org\/2000\/svg\" viewBox=\"0 0 1000 100\" preserveAspectRatio=\"none\">\n\t<path class=\"elementor-shape-fill\" d=\"M0,6V0h1000v100L0,6z\"\/>\n<\/svg>\t\t<\/div>\n\t\t\t\t\t<div class=\"elementor-container elementor-column-gap-default\">\n\t\t\t\t\t<div class=\"elementor-column elementor-col-100 elementor-top-column elementor-element elementor-element-451a9d14\" data-id=\"451a9d14\" data-element_type=\"column\">\n\t\t\t<div class=\"elementor-widget-wrap elementor-element-populated\">\n\t\t\t\t\t\t<div class=\"elementor-element elementor-element-6e76b537 elementor-widget elementor-widget-text-editor\" data-id=\"6e76b537\" data-element_type=\"widget\" data-widget_type=\"text-editor.default\">\n\t\t\t\t<div class=\"elementor-widget-container\">\n\t\t\t\t\t\t\t\t\t<h3 style=\"text-align: center;\"><strong>Es gibt keinen Erfolg im Gesch\u00e4ft, wenn Einrichtungen, Personen und anderes Eigentum nicht gesichert sind.<\/strong><\/h3><h4 style=\"text-align: center;\"><strong>Einbr\u00fcche, Diebst\u00e4hle, Vandalismus, unbefugter Zugang zur Einrichtung &#8211; im Zusammenhang mit solchen und \u00e4hnlichen unangenehmen Ereignissen sollten vorbeugende Ma\u00dfnahmen ergriffen werden.<\/strong><\/h4><p>\u00a0<\/p><div><p>Einbruchmeldesysteme erkennen unbefugtes Betreten eines Objekts oder Bereichs. Sie bestehen aus verschiedenen Arten von Sensoren, Alarmzentralen, Sirenen und Alarmger\u00e4ten. Je nach Erkennungsmethode gibt es Sensoren, die Bewegungen, Ger\u00e4usche (Glasbruch), Vibrationen oder Mikrowellen erfassen.<\/p><p>Alarmsysteme k\u00f6nnen als Einbruchalarmsysteme, aber auch als Brandschutzsysteme dienen. Einbruchmeldesysteme k\u00f6nnen an Video\u00fcberwachungssysteme angeschlossen werden, um die gew\u00fcnschte Bewegung oder das gew\u00fcnschte Ereignis automatisch aufzuzeichnen und ein h\u00f6heres Sicherheitsniveau zu gew\u00e4hrleisten. Die Grundfunktion des Alarmsystems besteht darin, die Gefahr so \u200b\u200bfr\u00fch wie m\u00f6glich zu erkennen und die diensthabende Person dar\u00fcber zu warnen, wodurch die negativen Folgen f\u00fcr die Gesundheit, Sicherheit von Personen und Sachwerten erheblich verringert werden.<\/p><p><strong>Der Vorteil unseres Unternehmens ist:<\/strong><\/p><\/div><div><ul><li>Zusammenarbeit mit den weltweit f\u00fchrenden Marken im Bereich der technischen Sicherheit, insbesondere PARADOX, ELDES, DAHUA.<\/li><li>Liefer- und Installationsgeschwindigkeit,<\/li><li>Qualit\u00e4t der durchgef\u00fchrten Arbeiten,<\/li><li>der beste Service-Support f\u00fcr alle Kunden,<\/li><li>Langzeitgarantie auf durchgef\u00fchrte Arbeiten,<\/li><li>unsere Versicherungspolice als Qualit\u00e4tsgarantie,<\/li><li>die M\u00f6glichkeit, das System in mehreren monatlichen Raten mit einem der empfohlenen Dienste zu erwerben.<\/li><\/ul><div><div>Empfohlene Dienste f\u00fcr zus\u00e4tzliche Sicherheit sind:<\/div><div>\u00a0<\/div><ul><li>Fern\u00fcberwachung des Alarmsystems<\/li><li>Eingreifen im Falle einer Alarmsituation<\/li><li>vorbeugende Patrouillenteamtouren<\/li><li>Sicherheitsberichterstattung<\/li><li>Risikobewertung zum Schutz von Personen, Sachwerten und Unternehmen<\/li><\/ul><\/div><\/div>\t\t\t\t\t\t\t\t<\/div>\n\t\t\t\t<\/div>\n\t\t\t\t<div class=\"elementor-element elementor-element-379edb8 elementor-align-center elementor-widget elementor-widget-button\" data-id=\"379edb8\" data-element_type=\"widget\" data-widget_type=\"button.default\">\n\t\t\t\t<div class=\"elementor-widget-container\">\n\t\t\t\t\t\t\t\t\t<div class=\"elementor-button-wrapper\">\n\t\t\t\t\t<a class=\"elementor-button elementor-button-link elementor-size-lg\" href=\"https:\/\/ws.co.rs\/de\/fragebogen\/alarmsystem\/\">\n\t\t\t\t\t\t<span class=\"elementor-button-content-wrapper\">\n\t\t\t\t\t\t<span class=\"elementor-button-icon\">\n\t\t\t\t<i aria-hidden=\"true\" class=\"fas fa-chevron-right\"><\/i>\t\t\t<\/span>\n\t\t\t\t\t\t\t\t\t<span class=\"elementor-button-text\">Eine Anfrage f\u00fcr ein Angebot<\/span>\n\t\t\t\t\t<\/span>\n\t\t\t\t\t<\/a>\n\t\t\t\t<\/div>\n\t\t\t\t\t\t\t\t<\/div>\n\t\t\t\t<\/div>\n\t\t\t\t\t<\/div>\n\t\t<\/div>\n\t\t\t\t\t<\/div>\n\t\t<\/section>\n\t\t\t\t<\/div>\n\t\t","protected":false},"excerpt":{"rendered":"<p>&#8222;Das teuerste ist, nichts zu tun.&#8220; John Ford Es gibt keinen Erfolg im Gesch\u00e4ft, wenn Einrichtungen, Personen und anderes Eigentum nicht gesichert sind. Einbr\u00fcche, Diebst\u00e4hle, Vandalismus, unbefugter Zugang zur Einrichtung &#8211; im Zusammenhang mit solchen und \u00e4hnlichen unangenehmen Ereignissen sollten vorbeugende Ma\u00dfnahmen ergriffen werden. \u00a0 Einbruchmeldesysteme erkennen unbefugtes Betreten eines Objekts oder Bereichs. Sie bestehen [&hellip;]<\/p>\n","protected":false},"author":1,"featured_media":0,"parent":3200,"menu_order":0,"comment_status":"closed","ping_status":"closed","template":"","meta":{"footnotes":""},"class_list":["post-2731","page","type-page","status-publish","hentry"],"aioseo_notices":[],"_links":{"self":[{"href":"https:\/\/ws.co.rs\/de\/wp-json\/wp\/v2\/pages\/2731","targetHints":{"allow":["GET"]}}],"collection":[{"href":"https:\/\/ws.co.rs\/de\/wp-json\/wp\/v2\/pages"}],"about":[{"href":"https:\/\/ws.co.rs\/de\/wp-json\/wp\/v2\/types\/page"}],"author":[{"embeddable":true,"href":"https:\/\/ws.co.rs\/de\/wp-json\/wp\/v2\/users\/1"}],"replies":[{"embeddable":true,"href":"https:\/\/ws.co.rs\/de\/wp-json\/wp\/v2\/comments?post=2731"}],"version-history":[{"count":5,"href":"https:\/\/ws.co.rs\/de\/wp-json\/wp\/v2\/pages\/2731\/revisions"}],"predecessor-version":[{"id":6471,"href":"https:\/\/ws.co.rs\/de\/wp-json\/wp\/v2\/pages\/2731\/revisions\/6471"}],"up":[{"embeddable":true,"href":"https:\/\/ws.co.rs\/de\/wp-json\/wp\/v2\/pages\/3200"}],"wp:attachment":[{"href":"https:\/\/ws.co.rs\/de\/wp-json\/wp\/v2\/media?parent=2731"}],"curies":[{"name":"wp","href":"https:\/\/api.w.org\/{rel}","templated":true}]}}