{"id":2715,"date":"2020-07-02T13:45:41","date_gmt":"2020-07-02T11:45:41","guid":{"rendered":"https:\/\/ws.co.rs\/kontrola-pristupa-2\/"},"modified":"2021-03-19T11:10:12","modified_gmt":"2021-03-19T10:10:12","slug":"zugangskontrolle","status":"publish","type":"page","link":"https:\/\/ws.co.rs\/de\/dienstleistungen\/technischer-schutz\/zugangskontrolle\/","title":{"rendered":"Zugangskontrolle"},"content":{"rendered":"\t\t<div data-elementor-type=\"wp-page\" data-elementor-id=\"2715\" class=\"elementor elementor-2715 elementor-479\" data-elementor-post-type=\"page\">\n\t\t\t\t\t\t<section class=\"elementor-section elementor-top-section elementor-element elementor-element-707f225 elementor-section-stretched elementor-section-height-min-height inside elementor-section-items-bottom elementor-section-content-bottom elementor-section-boxed elementor-section-height-default\" data-id=\"707f225\" data-element_type=\"section\" id=\"showcase\" data-settings=\"{&quot;stretch_section&quot;:&quot;section-stretched&quot;,&quot;background_background&quot;:&quot;gradient&quot;,&quot;shape_divider_bottom&quot;:&quot;tilt&quot;}\">\n\t\t\t\t\t<div class=\"elementor-shape elementor-shape-bottom\" aria-hidden=\"true\" data-negative=\"false\">\n\t\t\t<svg xmlns=\"http:\/\/www.w3.org\/2000\/svg\" viewBox=\"0 0 1000 100\" preserveAspectRatio=\"none\">\n\t<path class=\"elementor-shape-fill\" d=\"M0,6V0h1000v100L0,6z\"\/>\n<\/svg>\t\t<\/div>\n\t\t\t\t\t<div class=\"elementor-container elementor-column-gap-no\">\n\t\t\t\t\t<div class=\"elementor-column elementor-col-100 elementor-top-column elementor-element elementor-element-7ce3d5b5\" data-id=\"7ce3d5b5\" data-element_type=\"column\" data-settings=\"{&quot;background_background&quot;:&quot;classic&quot;}\">\n\t\t\t<div class=\"elementor-widget-wrap elementor-element-populated\">\n\t\t\t\t\t\t<div class=\"elementor-element elementor-element-68b4fa6a elementor-widget elementor-widget-heading\" data-id=\"68b4fa6a\" data-element_type=\"widget\" data-widget_type=\"heading.default\">\n\t\t\t\t<div class=\"elementor-widget-container\">\n\t\t\t\t\t<h1 class=\"elementor-heading-title elementor-size-default\">Zugangskontrolle<\/h1>\t\t\t\t<\/div>\n\t\t\t\t<\/div>\n\t\t\t\t<div class=\"elementor-element elementor-element-766dcdd elementor-widget elementor-widget-text-editor\" data-id=\"766dcdd\" data-element_type=\"widget\" data-widget_type=\"text-editor.default\">\n\t\t\t\t<div class=\"elementor-widget-container\">\n\t\t\t\t\t\t\t\t\t<blockquote><p>&#8222;Der beste Weg, die Zukunft vorherzusagen, besteht darin, sie zu schaffen.&#8220;<\/p><p>Abraham Lincoln<\/p><\/blockquote>\t\t\t\t\t\t\t\t<\/div>\n\t\t\t\t<\/div>\n\t\t\t\t\t<\/div>\n\t\t<\/div>\n\t\t\t\t\t<\/div>\n\t\t<\/section>\n\t\t\t\t<section class=\"elementor-section elementor-top-section elementor-element elementor-element-2427856d pt-big pb-big elementor-section-boxed elementor-section-height-default elementor-section-height-default\" data-id=\"2427856d\" data-element_type=\"section\" id=\"info\" data-settings=\"{&quot;background_background&quot;:&quot;classic&quot;,&quot;shape_divider_top&quot;:&quot;tilt&quot;}\">\n\t\t\t\t\t<div class=\"elementor-shape elementor-shape-top\" aria-hidden=\"true\" data-negative=\"false\">\n\t\t\t<svg xmlns=\"http:\/\/www.w3.org\/2000\/svg\" viewBox=\"0 0 1000 100\" preserveAspectRatio=\"none\">\n\t<path class=\"elementor-shape-fill\" d=\"M0,6V0h1000v100L0,6z\"\/>\n<\/svg>\t\t<\/div>\n\t\t\t\t\t<div class=\"elementor-container elementor-column-gap-default\">\n\t\t\t\t\t<div class=\"elementor-column elementor-col-100 elementor-top-column elementor-element elementor-element-643ca01f\" data-id=\"643ca01f\" data-element_type=\"column\">\n\t\t\t<div class=\"elementor-widget-wrap elementor-element-populated\">\n\t\t\t\t\t\t<div class=\"elementor-element elementor-element-65e1197 elementor-widget elementor-widget-text-editor\" data-id=\"65e1197\" data-element_type=\"widget\" data-widget_type=\"text-editor.default\">\n\t\t\t\t<div class=\"elementor-widget-container\">\n\t\t\t\t\t\t\t\t\t<h3 style=\"text-align: center;\"><strong>Der Zugang zu restriktiven R\u00e4umlichkeiten sollte wirksam kontrolliert werden.<\/strong><\/h3><div><p>Der erste Schritt bei der Zugangskontrolle ist die physische Barriere, die den Zugang zum eingez\u00e4unten Bereich verhindert. Die Eing\u00e4nge sind streng definiert und werden vom Personal des physischen Sicherheitsdienstes \u00fcberwacht. Jede Person, die Zugang haben m\u00f6chte, muss identifiziert werden, und diese Funktion wird f\u00fcr Einrichtungen mit einer geringen Anzahl von Mitarbeitern und weniger h\u00e4ufigen Besuchen von der Seite von diensthabenden Personen an den Eing\u00e4ngen ausgef\u00fchrt.<\/p><p>In Einrichtungen, in denen mehr Mitarbeiter besch\u00e4ftigt sind und die H\u00e4ufigkeit des &#8222;Verkehrs&#8220; zunimmt, sowie in sehr sensiblen Einrichtungen, in denen die ausschlie\u00dfliche Abh\u00e4ngigkeit von der physischen Sicherheit nicht zuverl\u00e4ssig genug ist, werden verschiedene Arten technischer Systeme zur Zugangskontrolle eingesetzt. Zus\u00e4tzlich zur Erh\u00f6hung der Sicherheit reduziert ihre Verwendung die Anzahl der Orte, die vom physischen Sicherheitspersonal \u00fcberwacht werden.<\/p><p>Technische Zugangskontrollsysteme basieren auf drei Techniken, die die Berechtigung einer Person zum Betreten eines sensiblen Bereichs bestimmen und nach Erhalt eines Zertifikats die Erlaubnis zum Betreten erteilen.<\/p><p>Die erste Technik basiert auf der Kenntnis des Codes zum \u00d6ffnen des Schlosses.<\/p><p>der andere im Besitz eines Personalausweises oder Ausweises und<\/p><p>das dritte \u00fcber das Erkennen eines physischen Merkmals der Person, die Zugang sucht.<\/p><p><strong>Wir kontrollieren den Zugang in drei Ebenen:<\/strong><\/p><ul><li>am Eingang zum Kreis des gesch\u00fctzten Raumes,<\/li><li>am Eingang des Geb\u00e4udes,<\/li><li>am Eingang zum kritischen Raum.<\/li><\/ul><\/div><div><p style=\"line-height: normal; background-image: initial; background-position: initial; background-size: initial; background-repeat: initial; background-attachment: initial; background-origin: initial; background-clip: initial;\"><strong>Der Vorteil unseres Unternehmens in Bezug auf Zugangskontrollsysteme sind:<\/strong><\/p><ul><li>Zusammenarbeit mit den weltweit f\u00fchrenden Marken im Bereich der Zugangskontrolle wie ZKTeco, TEH-TEL, DAHUA, HIKVISION, CDVI, SOYAL, PARADOX.<\/li><li>Liefer- und Installationsgeschwindigkeit,<\/li><li>Qualit\u00e4t der durchgef\u00fchrten Arbeiten,<\/li><li>der beste Service-Support f\u00fcr alle Kunden,<\/li><li>Langzeitgarantie auf durchgef\u00fchrte Arbeiten,<\/li><li>unsere Versicherungspolice als Qualit\u00e4tsgarantie.<\/li><\/ul><div style=\"text-indent: -24px;\"><div style=\"text-indent: 0px;\"><p>Zum Zwecke der zus\u00e4tzlichen Sicherheit<\/p><p><strong>Empfohlene Dienstleistungen sind:<\/strong><\/p><ul><li>Gegensprechanlage<\/li><li>Alarmsystem<\/li><li>Video\u00fcberwachung<\/li><\/ul><\/div><\/div><\/div>\t\t\t\t\t\t\t\t<\/div>\n\t\t\t\t<\/div>\n\t\t\t\t<div class=\"elementor-element elementor-element-2805560 elementor-align-center elementor-widget elementor-widget-button\" data-id=\"2805560\" data-element_type=\"widget\" data-widget_type=\"button.default\">\n\t\t\t\t<div class=\"elementor-widget-container\">\n\t\t\t\t\t\t\t\t\t<div class=\"elementor-button-wrapper\">\n\t\t\t\t\t<a class=\"elementor-button elementor-button-link elementor-size-lg\" href=\"https:\/\/ws.co.rs\/de\/fragebogen\/zugangskontrolle\/\">\n\t\t\t\t\t\t<span class=\"elementor-button-content-wrapper\">\n\t\t\t\t\t\t<span class=\"elementor-button-icon\">\n\t\t\t\t<i aria-hidden=\"true\" class=\"fas fa-chevron-right\"><\/i>\t\t\t<\/span>\n\t\t\t\t\t\t\t\t\t<span class=\"elementor-button-text\">Eine Anfrage f\u00fcr ein Angebot<\/span>\n\t\t\t\t\t<\/span>\n\t\t\t\t\t<\/a>\n\t\t\t\t<\/div>\n\t\t\t\t\t\t\t\t<\/div>\n\t\t\t\t<\/div>\n\t\t\t\t\t<\/div>\n\t\t<\/div>\n\t\t\t\t\t<\/div>\n\t\t<\/section>\n\t\t\t\t<\/div>\n\t\t","protected":false},"excerpt":{"rendered":"<p>&#8222;Der beste Weg, die Zukunft vorherzusagen, besteht darin, sie zu schaffen.&#8220; Abraham Lincoln Der Zugang zu restriktiven R\u00e4umlichkeiten sollte wirksam kontrolliert werden. Der erste Schritt bei der Zugangskontrolle ist die physische Barriere, die den Zugang zum eingez\u00e4unten Bereich verhindert. Die Eing\u00e4nge sind streng definiert und werden vom Personal des physischen Sicherheitsdienstes \u00fcberwacht. Jede Person, die [&hellip;]<\/p>\n","protected":false},"author":1,"featured_media":0,"parent":3200,"menu_order":0,"comment_status":"closed","ping_status":"closed","template":"","meta":{"footnotes":""},"class_list":["post-2715","page","type-page","status-publish","hentry"],"aioseo_notices":[],"_links":{"self":[{"href":"https:\/\/ws.co.rs\/de\/wp-json\/wp\/v2\/pages\/2715","targetHints":{"allow":["GET"]}}],"collection":[{"href":"https:\/\/ws.co.rs\/de\/wp-json\/wp\/v2\/pages"}],"about":[{"href":"https:\/\/ws.co.rs\/de\/wp-json\/wp\/v2\/types\/page"}],"author":[{"embeddable":true,"href":"https:\/\/ws.co.rs\/de\/wp-json\/wp\/v2\/users\/1"}],"replies":[{"embeddable":true,"href":"https:\/\/ws.co.rs\/de\/wp-json\/wp\/v2\/comments?post=2715"}],"version-history":[{"count":5,"href":"https:\/\/ws.co.rs\/de\/wp-json\/wp\/v2\/pages\/2715\/revisions"}],"predecessor-version":[{"id":6474,"href":"https:\/\/ws.co.rs\/de\/wp-json\/wp\/v2\/pages\/2715\/revisions\/6474"}],"up":[{"embeddable":true,"href":"https:\/\/ws.co.rs\/de\/wp-json\/wp\/v2\/pages\/3200"}],"wp:attachment":[{"href":"https:\/\/ws.co.rs\/de\/wp-json\/wp\/v2\/media?parent=2715"}],"curies":[{"name":"wp","href":"https:\/\/api.w.org\/{rel}","templated":true}]}}