{"id":2706,"date":"2020-07-02T13:46:00","date_gmt":"2020-07-02T11:46:00","guid":{"rendered":"https:\/\/ws.co.rs\/interfoni-i-interfonski-sistemi\/"},"modified":"2021-03-19T11:10:39","modified_gmt":"2021-03-19T10:10:39","slug":"gegensprechanlagen-und-gegensprechanlagen","status":"publish","type":"page","link":"https:\/\/ws.co.rs\/de\/dienstleistungen\/technischer-schutz\/gegensprechanlagen-und-gegensprechanlagen\/","title":{"rendered":"Gegensprechanlagen und Gegensprechanlagen"},"content":{"rendered":"\t\t<div data-elementor-type=\"wp-page\" data-elementor-id=\"2706\" class=\"elementor elementor-2706 elementor-481\" data-elementor-post-type=\"page\">\n\t\t\t\t\t\t<section class=\"elementor-section elementor-top-section elementor-element elementor-element-2d0e631b elementor-section-stretched elementor-section-height-min-height inside elementor-section-items-bottom elementor-section-content-bottom elementor-section-boxed elementor-section-height-default\" data-id=\"2d0e631b\" data-element_type=\"section\" id=\"showcase\" data-settings=\"{&quot;stretch_section&quot;:&quot;section-stretched&quot;,&quot;background_background&quot;:&quot;gradient&quot;,&quot;shape_divider_bottom&quot;:&quot;tilt&quot;}\">\n\t\t\t\t\t<div class=\"elementor-shape elementor-shape-bottom\" aria-hidden=\"true\" data-negative=\"false\">\n\t\t\t<svg xmlns=\"http:\/\/www.w3.org\/2000\/svg\" viewBox=\"0 0 1000 100\" preserveAspectRatio=\"none\">\n\t<path class=\"elementor-shape-fill\" d=\"M0,6V0h1000v100L0,6z\"\/>\n<\/svg>\t\t<\/div>\n\t\t\t\t\t<div class=\"elementor-container elementor-column-gap-no\">\n\t\t\t\t\t<div class=\"elementor-column elementor-col-100 elementor-top-column elementor-element elementor-element-5fd5b370\" data-id=\"5fd5b370\" data-element_type=\"column\" data-settings=\"{&quot;background_background&quot;:&quot;classic&quot;}\">\n\t\t\t<div class=\"elementor-widget-wrap elementor-element-populated\">\n\t\t\t\t\t\t<div class=\"elementor-element elementor-element-3e0a74c7 elementor-widget elementor-widget-heading\" data-id=\"3e0a74c7\" data-element_type=\"widget\" data-widget_type=\"heading.default\">\n\t\t\t\t<div class=\"elementor-widget-container\">\n\t\t\t\t\t<h1 class=\"elementor-heading-title elementor-size-default\">Gegensprechanlagen und Gegensprechanlagen<\/h1>\t\t\t\t<\/div>\n\t\t\t\t<\/div>\n\t\t\t\t<div class=\"elementor-element elementor-element-37c70871 elementor-widget elementor-widget-text-editor\" data-id=\"37c70871\" data-element_type=\"widget\" data-widget_type=\"text-editor.default\">\n\t\t\t\t<div class=\"elementor-widget-container\">\n\t\t\t\t\t\t\t\t\t<blockquote><p>&#8222;Mutig und sehr vorsichtig zugleich zu sein, ist die Kunst des Erfolgs.&#8220;<\/p><p>Napoleon<\/p><\/blockquote>\t\t\t\t\t\t\t\t<\/div>\n\t\t\t\t<\/div>\n\t\t\t\t\t<\/div>\n\t\t<\/div>\n\t\t\t\t\t<\/div>\n\t\t<\/section>\n\t\t\t\t<section class=\"elementor-section elementor-top-section elementor-element elementor-element-35267033 pt-big pb-big elementor-section-boxed elementor-section-height-default elementor-section-height-default\" data-id=\"35267033\" data-element_type=\"section\" id=\"info\" data-settings=\"{&quot;background_background&quot;:&quot;classic&quot;,&quot;shape_divider_top&quot;:&quot;tilt&quot;}\">\n\t\t\t\t\t<div class=\"elementor-shape elementor-shape-top\" aria-hidden=\"true\" data-negative=\"false\">\n\t\t\t<svg xmlns=\"http:\/\/www.w3.org\/2000\/svg\" viewBox=\"0 0 1000 100\" preserveAspectRatio=\"none\">\n\t<path class=\"elementor-shape-fill\" d=\"M0,6V0h1000v100L0,6z\"\/>\n<\/svg>\t\t<\/div>\n\t\t\t\t\t<div class=\"elementor-container elementor-column-gap-default\">\n\t\t\t\t\t<div class=\"elementor-column elementor-col-100 elementor-top-column elementor-element elementor-element-332ccf7a\" data-id=\"332ccf7a\" data-element_type=\"column\">\n\t\t\t<div class=\"elementor-widget-wrap elementor-element-populated\">\n\t\t\t\t\t\t<div class=\"elementor-element elementor-element-3aee59e6 elementor-widget elementor-widget-text-editor\" data-id=\"3aee59e6\" data-element_type=\"widget\" data-widget_type=\"text-editor.default\">\n\t\t\t\t<div class=\"elementor-widget-container\">\n\t\t\t\t\t\t\t\t\t<h3 style=\"margin: 0cm; margin-bottom: .0001pt; text-align: center; line-height: 115%;\" align=\"center\"><strong>Einfache, qualitativ hochwertige und kosteng\u00fcnstige Sicherheitsl\u00f6sung.<\/strong><\/h3><p>\u00a0<\/p><p style=\"margin-top: 0cm; background-image: initial; background-position: initial; background-size: initial; background-repeat: initial; background-attachment: initial; background-origin: initial; background-clip: initial;\">Die Hauptvorteile der Gegensprechanlage bestehen darin, dass sie die Ereignisse vor dem Eingang vollst\u00e4ndig kontrollieren und unangenehme Ereignisse verhindern. Die T\u00fcren sind st\u00e4ndig verschlossen und bieten somit ein Gef\u00fchl von Sicherheit und Geborgenheit. Neben der Kommunikation bieten Sprechanlagen die M\u00f6glichkeit, das elektrische Schloss zu \u00f6ffnen und den Raum ohne Anruf zu \u00fcberwachen.<\/p><ul><li>Top Qualit\u00e4t und Garantie<\/li><li>Attraktives und zeitgem\u00e4\u00dfes Design<\/li><li>Bezahlbare Preise<\/li><li>Hervorragendes Preis- \/ Leistungsverh\u00e4ltnis<\/li><\/ul><p>Modulare Gegensprechanlagen, auch als Gegensprechanlagen der 2. Generation bekannt, zeichnen sich durch praktische Installation und flexible Erweiterung der M\u00f6glichkeiten aus. Das System enth\u00e4lt ein Hauptmodul mit einer Kamera und mehrere Erweiterungsmodule wie Tastatur, RFID-Kartenleser, Anzeigemodul\u2026 Sie w\u00e4hlen, welches Modul Sie verwenden m\u00f6chten!<\/p><p>Vollst\u00e4ndige Kontrolle \u00fcber den Eingang, ob es sich um ein Haus, eine Wohngemeinschaft oder ein Gesch\u00e4ftsgeb\u00e4ude handelt. IP-Gegensprechanlagen haben ein sehr modernes Design (sowohl Au\u00dfen- als auch Innenger\u00e4te) und k\u00f6nnen f\u00fcr jeden Benutzer individuell angepasst werden.<\/p><p>Hauptmerkmale:<\/p><p><strong>SICHERHEIT<\/strong> &#8211; sehen Sie, was dank der 2-Megapixel-Kamera vor der T\u00fcr passiert!<\/p><p><strong>DESIGN<\/strong> &#8211; passt in jeden Raum.<\/p><p><strong>KOMFORT<\/strong> &#8211; Anrufbeantworter, intuitive Benutzeroberfl\u00e4che, Touchscreen\u2026<\/p><p><strong>FLEXIBILIT\u00c4T<\/strong> &#8211; Durch den modularen Aufbau kann der Benutzer ausw\u00e4hlen, welche Module er verwenden m\u00f6chte!<\/p><p style=\"line-height: normal; background-image: initial; background-position: initial; background-size: initial; background-repeat: initial; background-attachment: initial; background-origin: initial; background-clip: initial;\"><strong>Der Vorteil unseres Unternehmens in Bezug auf Intercom-Systeme sind:<\/strong><\/p><ul><li>Zusammenarbeit mit den weltweit f\u00fchrenden Marken auf dem Gebiet der Interphosphatsysteme wie TCS, BITRON VIDEO, TECH-TEL, DAHUA, HIKVISION.<\/li><li>Liefer- und Installationsgeschwindigkeit,<\/li><li>Qualit\u00e4t der durchgef\u00fchrten Arbeiten,<\/li><li>der beste Service-Support f\u00fcr alle Kunden,<\/li><li>Langzeitgarantie auf durchgef\u00fchrte Arbeiten,<\/li><li>unsere Versicherungspolice als Qualit\u00e4tsgarantie.<\/li><\/ul>\t\t\t\t\t\t\t\t<\/div>\n\t\t\t\t<\/div>\n\t\t\t\t<div class=\"elementor-element elementor-element-e399ce5 elementor-align-center elementor-widget elementor-widget-button\" data-id=\"e399ce5\" data-element_type=\"widget\" data-widget_type=\"button.default\">\n\t\t\t\t<div class=\"elementor-widget-container\">\n\t\t\t\t\t\t\t\t\t<div class=\"elementor-button-wrapper\">\n\t\t\t\t\t<a class=\"elementor-button elementor-button-link elementor-size-lg\" href=\"https:\/\/ws.co.rs\/de\/fragebogen\/gegensprechanlagen\/\">\n\t\t\t\t\t\t<span class=\"elementor-button-content-wrapper\">\n\t\t\t\t\t\t<span class=\"elementor-button-icon\">\n\t\t\t\t<i aria-hidden=\"true\" class=\"fas fa-chevron-right\"><\/i>\t\t\t<\/span>\n\t\t\t\t\t\t\t\t\t<span class=\"elementor-button-text\">Eine Anfrage f\u00fcr ein Angebot<\/span>\n\t\t\t\t\t<\/span>\n\t\t\t\t\t<\/a>\n\t\t\t\t<\/div>\n\t\t\t\t\t\t\t\t<\/div>\n\t\t\t\t<\/div>\n\t\t\t\t\t<\/div>\n\t\t<\/div>\n\t\t\t\t\t<\/div>\n\t\t<\/section>\n\t\t\t\t<\/div>\n\t\t","protected":false},"excerpt":{"rendered":"<p>&#8222;Mutig und sehr vorsichtig zugleich zu sein, ist die Kunst des Erfolgs.&#8220; Napoleon Einfache, qualitativ hochwertige und kosteng\u00fcnstige Sicherheitsl\u00f6sung. \u00a0 Die Hauptvorteile der Gegensprechanlage bestehen darin, dass sie die Ereignisse vor dem Eingang vollst\u00e4ndig kontrollieren und unangenehme Ereignisse verhindern. Die T\u00fcren sind st\u00e4ndig verschlossen und bieten somit ein Gef\u00fchl von Sicherheit und Geborgenheit. Neben der [&hellip;]<\/p>\n","protected":false},"author":1,"featured_media":0,"parent":3200,"menu_order":0,"comment_status":"closed","ping_status":"closed","template":"","meta":{"footnotes":""},"class_list":["post-2706","page","type-page","status-publish","hentry"],"aioseo_notices":[],"_links":{"self":[{"href":"https:\/\/ws.co.rs\/de\/wp-json\/wp\/v2\/pages\/2706","targetHints":{"allow":["GET"]}}],"collection":[{"href":"https:\/\/ws.co.rs\/de\/wp-json\/wp\/v2\/pages"}],"about":[{"href":"https:\/\/ws.co.rs\/de\/wp-json\/wp\/v2\/types\/page"}],"author":[{"embeddable":true,"href":"https:\/\/ws.co.rs\/de\/wp-json\/wp\/v2\/users\/1"}],"replies":[{"embeddable":true,"href":"https:\/\/ws.co.rs\/de\/wp-json\/wp\/v2\/comments?post=2706"}],"version-history":[{"count":5,"href":"https:\/\/ws.co.rs\/de\/wp-json\/wp\/v2\/pages\/2706\/revisions"}],"predecessor-version":[{"id":6477,"href":"https:\/\/ws.co.rs\/de\/wp-json\/wp\/v2\/pages\/2706\/revisions\/6477"}],"up":[{"embeddable":true,"href":"https:\/\/ws.co.rs\/de\/wp-json\/wp\/v2\/pages\/3200"}],"wp:attachment":[{"href":"https:\/\/ws.co.rs\/de\/wp-json\/wp\/v2\/media?parent=2706"}],"curies":[{"name":"wp","href":"https:\/\/api.w.org\/{rel}","templated":true}]}}