{"id":2696,"date":"2020-07-02T13:46:17","date_gmt":"2020-07-02T11:46:17","guid":{"rendered":"https:\/\/ws.co.rs\/parking-rampe-i-mototori-za-kapije\/"},"modified":"2021-03-19T11:11:02","modified_gmt":"2021-03-19T10:11:02","slug":"parkrampen-und-torantriebe","status":"publish","type":"page","link":"https:\/\/ws.co.rs\/de\/dienstleistungen\/technischer-schutz\/parkrampen-und-torantriebe\/","title":{"rendered":"Parkrampen und Torantriebe"},"content":{"rendered":"\t\t<div data-elementor-type=\"wp-page\" data-elementor-id=\"2696\" class=\"elementor elementor-2696 elementor-483\" data-elementor-post-type=\"page\">\n\t\t\t\t\t\t<section class=\"elementor-section elementor-top-section elementor-element elementor-element-223fcfe2 elementor-section-stretched elementor-section-height-min-height inside elementor-section-items-bottom elementor-section-content-bottom elementor-section-boxed elementor-section-height-default\" data-id=\"223fcfe2\" data-element_type=\"section\" id=\"showcase\" data-settings=\"{&quot;stretch_section&quot;:&quot;section-stretched&quot;,&quot;background_background&quot;:&quot;gradient&quot;,&quot;shape_divider_bottom&quot;:&quot;tilt&quot;}\">\n\t\t\t\t\t<div class=\"elementor-shape elementor-shape-bottom\" aria-hidden=\"true\" data-negative=\"false\">\n\t\t\t<svg xmlns=\"http:\/\/www.w3.org\/2000\/svg\" viewBox=\"0 0 1000 100\" preserveAspectRatio=\"none\">\n\t<path class=\"elementor-shape-fill\" d=\"M0,6V0h1000v100L0,6z\"\/>\n<\/svg>\t\t<\/div>\n\t\t\t\t\t<div class=\"elementor-container elementor-column-gap-no\">\n\t\t\t\t\t<div class=\"elementor-column elementor-col-100 elementor-top-column elementor-element elementor-element-4430587b\" data-id=\"4430587b\" data-element_type=\"column\" data-settings=\"{&quot;background_background&quot;:&quot;classic&quot;}\">\n\t\t\t<div class=\"elementor-widget-wrap elementor-element-populated\">\n\t\t\t\t\t\t<div class=\"elementor-element elementor-element-7630c52e elementor-widget elementor-widget-heading\" data-id=\"7630c52e\" data-element_type=\"widget\" data-widget_type=\"heading.default\">\n\t\t\t\t<div class=\"elementor-widget-container\">\n\t\t\t\t\t<h1 class=\"elementor-heading-title elementor-size-default\">Parkrampen und Torantriebe<\/h1>\t\t\t\t<\/div>\n\t\t\t\t<\/div>\n\t\t\t\t<div class=\"elementor-element elementor-element-776dd64b elementor-widget elementor-widget-text-editor\" data-id=\"776dd64b\" data-element_type=\"widget\" data-widget_type=\"text-editor.default\">\n\t\t\t\t<div class=\"elementor-widget-container\">\n\t\t\t\t\t\t\t\t\t<blockquote><p>&#8222;Wir k\u00f6nnen Probleme nicht so l\u00f6sen, wie wir sie geschaffen haben.&#8220;<\/p><p>Albert Einstein<\/p><\/blockquote>\t\t\t\t\t\t\t\t<\/div>\n\t\t\t\t<\/div>\n\t\t\t\t\t<\/div>\n\t\t<\/div>\n\t\t\t\t\t<\/div>\n\t\t<\/section>\n\t\t\t\t<section class=\"elementor-section elementor-top-section elementor-element elementor-element-769983f9 pt-big pb-big elementor-section-boxed elementor-section-height-default elementor-section-height-default\" data-id=\"769983f9\" data-element_type=\"section\" id=\"info\" data-settings=\"{&quot;background_background&quot;:&quot;classic&quot;,&quot;shape_divider_top&quot;:&quot;tilt&quot;}\">\n\t\t\t\t\t<div class=\"elementor-shape elementor-shape-top\" aria-hidden=\"true\" data-negative=\"false\">\n\t\t\t<svg xmlns=\"http:\/\/www.w3.org\/2000\/svg\" viewBox=\"0 0 1000 100\" preserveAspectRatio=\"none\">\n\t<path class=\"elementor-shape-fill\" d=\"M0,6V0h1000v100L0,6z\"\/>\n<\/svg>\t\t<\/div>\n\t\t\t\t\t<div class=\"elementor-container elementor-column-gap-default\">\n\t\t\t\t\t<div class=\"elementor-column elementor-col-100 elementor-top-column elementor-element elementor-element-3140b2ff\" data-id=\"3140b2ff\" data-element_type=\"column\">\n\t\t\t<div class=\"elementor-widget-wrap elementor-element-populated\">\n\t\t\t\t\t\t<div class=\"elementor-element elementor-element-49915701 elementor-widget elementor-widget-text-editor\" data-id=\"49915701\" data-element_type=\"widget\" data-widget_type=\"text-editor.default\">\n\t\t\t\t<div class=\"elementor-widget-container\">\n\t\t\t\t\t\t\t\t\t<h3 style=\"text-align: center;\"><strong>Das technische Schutzsystem, das das Sicherheitsniveau verbessert, sind Parkrampen.<\/strong><\/h3><h4 style=\"margin: 0cm; margin-bottom: .0001pt; text-align: center; line-height: 115%;\" align=\"center\"><strong>Das erste, was der Besucher schon vor dem Geb\u00e4ude bemerkt, ist die Parkrampe.<\/strong><\/h4><p>\u00a0<\/p><p>Das erste, was der Besucher schon vor dem Geb\u00e4ude bemerkt, ist die Parkrampe.<\/p><p><strong>Wir sparen Ihre Zeit.<\/strong><\/p><p>Automatische Tore treten h\u00e4ufig an den Eing\u00e4ngen von Unternehmen mit hoher Durchgangsfrequenz auf. Ein gro\u00dfer Vorteil einer Parkrampe im Vergleich zu automatischen Toren ist die \u00d6ffnungsgeschwindigkeit. Die von Watchout Security angebotenen Parkrampen k\u00f6nnen in nur zwei Sekunden angehoben oder abgesenkt werden. In Bezug auf das Tor, das je nach Breite ab 20 Sekunden und mehr ben\u00f6tigt wird.<\/p><p>Unsere Parkrampen werden mit 24 V Gleichstrom betrieben und k\u00f6nnen mit Batteriestrom betrieben werden, sodass Sie die Rampe auch dann nutzen k\u00f6nnen, wenn viele dies nicht k\u00f6nnen &#8211; wenn kein Strom vorhanden ist.<\/p><p>Im Falle einer physischen Besch\u00e4digung der Parkrampe garantieren wir die Schulung oder den Austausch von Teilen innerhalb von 24 Stunden nach dem Anruf durch den Wartungsservice.<\/p><p>Abh\u00e4ngig von den spezifischen Bed\u00fcrfnissen des Benutzers kann die Parkrampe \u00fcber Mobiltelefone, Induktionsschleifen, Mikrowellenradar-PRAP und Fotozellen an Kartenleser, Fingerabdr\u00fccke, Fernbedienungen, GSM-Steuermodule angeschlossen werden.<\/p><p>Wir garantieren den besten Preis f\u00fcr die Installation eines Moduls, mit dem Sie die Rampe \u00fcber Ihr Mobiltelefon steuern k\u00f6nnen.<\/p><p>Das automatische Anheben von Rampen \u00fcber Windschutzscheibenaufkleber oder ein au\u00dfen angebrachtes Kunststoffschild erm\u00f6glicht eine drastisch geringere Fahrzeugretention beim Betreten von \u00f6ffentlichen Geb\u00e4uden und Garagen, Unternehmen, Lagern, Lagern, Einkaufsstationen und Baustellen. Kurz gesagt, der Durchgang, wo immer es eine Rampe gibt, wird beschleunigt. F\u00fcr den Mieter des Geb\u00e4udes oder den Eigent\u00fcmer des Hauses mit der Garage steigt die Wohnqualit\u00e4t.<\/p><p><strong>Warum bei uns eine Parkrampe oder einen Torantrieb kaufen:<\/strong><\/p><ul><li>Zusammenarbeit mit der weltweit f\u00fchrenden Marke im Bereich mechanischer Barrieren wie ICARUS QUIKO.<\/li><li>Liefer- und Installationsgeschwindigkeit,<\/li><li>Qualit\u00e4t der durchgef\u00fchrten Arbeiten,<\/li><li>der beste Service-Support f\u00fcr alle Kunden,<\/li><li>Langzeitgarantie auf durchgef\u00fchrte Arbeiten,<\/li><li>unsere Versicherungspolice als Qualit\u00e4tsgarantie.<\/li><\/ul>\t\t\t\t\t\t\t\t<\/div>\n\t\t\t\t<\/div>\n\t\t\t\t<div class=\"elementor-element elementor-element-d3bf975 elementor-align-center elementor-widget elementor-widget-button\" data-id=\"d3bf975\" data-element_type=\"widget\" data-widget_type=\"button.default\">\n\t\t\t\t<div class=\"elementor-widget-container\">\n\t\t\t\t\t\t\t\t\t<div class=\"elementor-button-wrapper\">\n\t\t\t\t\t<a class=\"elementor-button elementor-button-link elementor-size-lg\" href=\"https:\/\/ws.co.rs\/de\/fragebogen\/parkrampen\/\">\n\t\t\t\t\t\t<span class=\"elementor-button-content-wrapper\">\n\t\t\t\t\t\t<span class=\"elementor-button-icon\">\n\t\t\t\t<i aria-hidden=\"true\" class=\"fas fa-chevron-right\"><\/i>\t\t\t<\/span>\n\t\t\t\t\t\t\t\t\t<span class=\"elementor-button-text\">Eine Anfrage f\u00fcr ein Angebot<\/span>\n\t\t\t\t\t<\/span>\n\t\t\t\t\t<\/a>\n\t\t\t\t<\/div>\n\t\t\t\t\t\t\t\t<\/div>\n\t\t\t\t<\/div>\n\t\t\t\t\t<\/div>\n\t\t<\/div>\n\t\t\t\t\t<\/div>\n\t\t<\/section>\n\t\t\t\t<\/div>\n\t\t","protected":false},"excerpt":{"rendered":"<p>&#8222;Wir k\u00f6nnen Probleme nicht so l\u00f6sen, wie wir sie geschaffen haben.&#8220; Albert Einstein Das technische Schutzsystem, das das Sicherheitsniveau verbessert, sind Parkrampen. Das erste, was der Besucher schon vor dem Geb\u00e4ude bemerkt, ist die Parkrampe. \u00a0 Das erste, was der Besucher schon vor dem Geb\u00e4ude bemerkt, ist die Parkrampe. Wir sparen Ihre Zeit. Automatische Tore [&hellip;]<\/p>\n","protected":false},"author":1,"featured_media":0,"parent":3200,"menu_order":0,"comment_status":"closed","ping_status":"closed","template":"","meta":{"footnotes":""},"class_list":["post-2696","page","type-page","status-publish","hentry"],"aioseo_notices":[],"_links":{"self":[{"href":"https:\/\/ws.co.rs\/de\/wp-json\/wp\/v2\/pages\/2696","targetHints":{"allow":["GET"]}}],"collection":[{"href":"https:\/\/ws.co.rs\/de\/wp-json\/wp\/v2\/pages"}],"about":[{"href":"https:\/\/ws.co.rs\/de\/wp-json\/wp\/v2\/types\/page"}],"author":[{"embeddable":true,"href":"https:\/\/ws.co.rs\/de\/wp-json\/wp\/v2\/users\/1"}],"replies":[{"embeddable":true,"href":"https:\/\/ws.co.rs\/de\/wp-json\/wp\/v2\/comments?post=2696"}],"version-history":[{"count":5,"href":"https:\/\/ws.co.rs\/de\/wp-json\/wp\/v2\/pages\/2696\/revisions"}],"predecessor-version":[{"id":6480,"href":"https:\/\/ws.co.rs\/de\/wp-json\/wp\/v2\/pages\/2696\/revisions\/6480"}],"up":[{"embeddable":true,"href":"https:\/\/ws.co.rs\/de\/wp-json\/wp\/v2\/pages\/3200"}],"wp:attachment":[{"href":"https:\/\/ws.co.rs\/de\/wp-json\/wp\/v2\/media?parent=2696"}],"curies":[{"name":"wp","href":"https:\/\/api.w.org\/{rel}","templated":true}]}}