{"id":2689,"date":"2020-07-02T13:46:31","date_gmt":"2020-07-02T11:46:31","guid":{"rendered":"https:\/\/ws.co.rs\/sistemi-za-dojavu-pozara-2\/"},"modified":"2021-03-19T11:11:35","modified_gmt":"2021-03-19T10:11:35","slug":"brandmeldeanlagen","status":"publish","type":"page","link":"https:\/\/ws.co.rs\/de\/dienstleistungen\/technischer-schutz\/brandmeldeanlagen\/","title":{"rendered":"Brandmeldeanlagen"},"content":{"rendered":"\t\t<div data-elementor-type=\"wp-page\" data-elementor-id=\"2689\" class=\"elementor elementor-2689 elementor-485\" data-elementor-post-type=\"page\">\n\t\t\t\t\t\t<section class=\"elementor-section elementor-top-section elementor-element elementor-element-e0fbe37 elementor-section-stretched elementor-section-height-min-height inside elementor-section-items-bottom elementor-section-content-bottom elementor-section-boxed elementor-section-height-default\" data-id=\"e0fbe37\" data-element_type=\"section\" id=\"showcase\" data-settings=\"{&quot;stretch_section&quot;:&quot;section-stretched&quot;,&quot;background_background&quot;:&quot;gradient&quot;,&quot;shape_divider_bottom&quot;:&quot;tilt&quot;}\">\n\t\t\t\t\t<div class=\"elementor-shape elementor-shape-bottom\" aria-hidden=\"true\" data-negative=\"false\">\n\t\t\t<svg xmlns=\"http:\/\/www.w3.org\/2000\/svg\" viewBox=\"0 0 1000 100\" preserveAspectRatio=\"none\">\n\t<path class=\"elementor-shape-fill\" d=\"M0,6V0h1000v100L0,6z\"\/>\n<\/svg>\t\t<\/div>\n\t\t\t\t\t<div class=\"elementor-container elementor-column-gap-no\">\n\t\t\t\t\t<div class=\"elementor-column elementor-col-100 elementor-top-column elementor-element elementor-element-6111b668\" data-id=\"6111b668\" data-element_type=\"column\" data-settings=\"{&quot;background_background&quot;:&quot;classic&quot;}\">\n\t\t\t<div class=\"elementor-widget-wrap elementor-element-populated\">\n\t\t\t\t\t\t<div class=\"elementor-element elementor-element-16f9b66a elementor-widget elementor-widget-heading\" data-id=\"16f9b66a\" data-element_type=\"widget\" data-widget_type=\"heading.default\">\n\t\t\t\t<div class=\"elementor-widget-container\">\n\t\t\t\t\t<h1 class=\"elementor-heading-title elementor-size-default\">Brandmeldeanlagen<\/h1>\t\t\t\t<\/div>\n\t\t\t\t<\/div>\n\t\t\t\t<div class=\"elementor-element elementor-element-2bf0009a elementor-widget elementor-widget-text-editor\" data-id=\"2bf0009a\" data-element_type=\"widget\" data-widget_type=\"text-editor.default\">\n\t\t\t\t<div class=\"elementor-widget-container\">\n\t\t\t\t\t\t\t\t\t<blockquote><p>&#8222;Jede Aktion birgt Risiken und Kosten, aber die Risiken und Kosten f\u00fcr Komfort und Inaktivit\u00e4t sind weitaus h\u00f6her.&#8220;<\/p><p>John F. Kennedy<\/p><\/blockquote>\t\t\t\t\t\t\t\t<\/div>\n\t\t\t\t<\/div>\n\t\t\t\t\t<\/div>\n\t\t<\/div>\n\t\t\t\t\t<\/div>\n\t\t<\/section>\n\t\t\t\t<section class=\"elementor-section elementor-top-section elementor-element elementor-element-7cf3a035 pt-big pb-big elementor-section-boxed elementor-section-height-default elementor-section-height-default\" data-id=\"7cf3a035\" data-element_type=\"section\" id=\"info\" data-settings=\"{&quot;background_background&quot;:&quot;classic&quot;,&quot;shape_divider_top&quot;:&quot;tilt&quot;}\">\n\t\t\t\t\t<div class=\"elementor-shape elementor-shape-top\" aria-hidden=\"true\" data-negative=\"false\">\n\t\t\t<svg xmlns=\"http:\/\/www.w3.org\/2000\/svg\" viewBox=\"0 0 1000 100\" preserveAspectRatio=\"none\">\n\t<path class=\"elementor-shape-fill\" d=\"M0,6V0h1000v100L0,6z\"\/>\n<\/svg>\t\t<\/div>\n\t\t\t\t\t<div class=\"elementor-container elementor-column-gap-default\">\n\t\t\t\t\t<div class=\"elementor-column elementor-col-100 elementor-top-column elementor-element elementor-element-6c93cf50\" data-id=\"6c93cf50\" data-element_type=\"column\">\n\t\t\t<div class=\"elementor-widget-wrap elementor-element-populated\">\n\t\t\t\t\t\t<div class=\"elementor-element elementor-element-7f118d07 elementor-widget elementor-widget-text-editor\" data-id=\"7f118d07\" data-element_type=\"widget\" data-widget_type=\"text-editor.default\">\n\t\t\t\t<div class=\"elementor-widget-container\">\n\t\t\t\t\t\t\t\t\t<h3 style=\"text-align: center;\"><strong>Die Gesundheit und Sicherheit von Menschen sowie Eigentum sind im Brandfall h\u00e4ufig ernsthaft gef\u00e4hrdet.<\/strong><\/h3><h4 style=\"text-align: center;\"><strong>Brandsch\u00e4den \u00e4u\u00dfern sich in menschlichen Verlusten, finanziellen und materiellen Verlusten.<\/strong><\/h4><p>\u00a0<\/p><p>Brandmeldesysteme werden zur Fr\u00fcherkennung, Alarmierung und rechtzeitigen Reaktion der zust\u00e4ndigen Teams eingesetzt, um den bestm\u00f6glichen Schutz zu gew\u00e4hrleisten.<\/p><p>Im Gegensatz zu Einbruchschutzsystemen sind Brandmeldesysteme immer aktiv (sie befinden sich im 24\/7-Modus).<\/p><p>Rauch und W\u00e4rme werden zur Fr\u00fcherkennung von Br\u00e4nden eingesetzt.<\/p><p><strong>Brandmelder verwenden die folgenden physikalischen Prinzipien f\u00fcr die Branderkennung:<\/strong><\/p><ul><li>das Vorhandensein von Rauch messen,<\/li><li>Temperatur messung,<\/li><li>flackernde Flammen oder W\u00e4rmequellen.<\/li><\/ul><p>Die Informationen werden an die Brandmeldezentrale weitergeleitet, die die Echtheit des Signals \u00fcberpr\u00fcft. Bei Best\u00e4tigung des kritischen Wertes wird der Alarm aktiviert. Der Alarm kann mit einer Sirene oder telefonisch ausgel\u00f6st werden.<\/p><p><strong>Brandmeldeanlagen:<\/strong><\/p><ul><li>konventionell und<\/li><li>adressierbar.<\/li><\/ul><p>Mit einem adressierbaren Brandmeldesystem ist es m\u00f6glich, den Ort der Gefahr genauer zu erfassen, Detektoren sind \u00fcber eine Schleife mit dem Bedienfeld verbunden, im Gegensatz zu herk\u00f6mmlichen Detektoren, bei denen Melder in einer Leitung mit dem Bedienfeld verbunden sind, und eine solche Verbindungsmethode erm\u00f6glicht es dem System, voll funktionsf\u00e4hig zu bleiben. Adressierbare Brandmelde- und Alarmsysteme bieten den modernsten und besten Brandschutz.<\/p><p>Watchout Security bietet Brandmeldezentralen (pp-Bedienfelder), Sensoren, Handmelder, Rauchmelder, optische Melder, Flammenmelder f\u00fcr adressierbare und konventionelle Brandmeldesysteme an.<\/p><p>Watchout Security bietet auch einen Service f\u00fcr die Wartung von Brandmeldeanlagen.<\/p><p><strong>Die Vorteile unseres Unternehmens in Bezug auf Brandmeldeanlagen sind:<\/strong><\/p><div><ul><li>Zusammenarbeit mit der weltweit f\u00fchrenden Marke im Bereich PP-Schutz wie BOSH, DETNOV, GLOBAL FIRE, LABOR STRAUSS.<\/li><li>Liefer- und Installationsgeschwindigkeit,<\/li><li>Qualit\u00e4t der durchgef\u00fchrten Arbeiten,<\/li><li>der beste Service-Support f\u00fcr alle Kunden,<\/li><li>Langzeitgarantie auf durchgef\u00fchrte Arbeiten,<\/li><li>unsere Versicherungspolice als Qualit\u00e4tsgarantie.<\/li><\/ul><p><strong>Unterst\u00fctzende Dokumentation und andere Dienstleistungen im Bereich des PP-Schutzes:<\/strong><\/p><ul><li>Hauptbrandschutzprojekt<\/li><li>PZI-Projekt zur Ausf\u00fchrung<\/li><li>PIZ Abgeleitetes Bedingungsprojekt<\/li><li>Erster Inspektionsbericht<\/li><li>Funktionstestbericht<\/li><\/ul><\/div>\t\t\t\t\t\t\t\t<\/div>\n\t\t\t\t<\/div>\n\t\t\t\t<div class=\"elementor-element elementor-element-bf2ea56 elementor-align-center elementor-widget elementor-widget-button\" data-id=\"bf2ea56\" data-element_type=\"widget\" data-widget_type=\"button.default\">\n\t\t\t\t<div class=\"elementor-widget-container\">\n\t\t\t\t\t\t\t\t\t<div class=\"elementor-button-wrapper\">\n\t\t\t\t\t<a class=\"elementor-button elementor-button-link elementor-size-lg\" href=\"https:\/\/ws.co.rs\/de\/fragebogen\/brandmeldeanlagen\/\">\n\t\t\t\t\t\t<span class=\"elementor-button-content-wrapper\">\n\t\t\t\t\t\t<span class=\"elementor-button-icon\">\n\t\t\t\t<i aria-hidden=\"true\" class=\"fas fa-chevron-right\"><\/i>\t\t\t<\/span>\n\t\t\t\t\t\t\t\t\t<span class=\"elementor-button-text\">Eine Anfrage f\u00fcr ein Angebot<\/span>\n\t\t\t\t\t<\/span>\n\t\t\t\t\t<\/a>\n\t\t\t\t<\/div>\n\t\t\t\t\t\t\t\t<\/div>\n\t\t\t\t<\/div>\n\t\t\t\t\t<\/div>\n\t\t<\/div>\n\t\t\t\t\t<\/div>\n\t\t<\/section>\n\t\t\t\t<\/div>\n\t\t","protected":false},"excerpt":{"rendered":"<p>&#8222;Jede Aktion birgt Risiken und Kosten, aber die Risiken und Kosten f\u00fcr Komfort und Inaktivit\u00e4t sind weitaus h\u00f6her.&#8220; John F. Kennedy Die Gesundheit und Sicherheit von Menschen sowie Eigentum sind im Brandfall h\u00e4ufig ernsthaft gef\u00e4hrdet. Brandsch\u00e4den \u00e4u\u00dfern sich in menschlichen Verlusten, finanziellen und materiellen Verlusten. \u00a0 Brandmeldesysteme werden zur Fr\u00fcherkennung, Alarmierung und rechtzeitigen Reaktion der [&hellip;]<\/p>\n","protected":false},"author":1,"featured_media":0,"parent":3200,"menu_order":0,"comment_status":"closed","ping_status":"closed","template":"","meta":{"footnotes":""},"class_list":["post-2689","page","type-page","status-publish","hentry"],"aioseo_notices":[],"_links":{"self":[{"href":"https:\/\/ws.co.rs\/de\/wp-json\/wp\/v2\/pages\/2689","targetHints":{"allow":["GET"]}}],"collection":[{"href":"https:\/\/ws.co.rs\/de\/wp-json\/wp\/v2\/pages"}],"about":[{"href":"https:\/\/ws.co.rs\/de\/wp-json\/wp\/v2\/types\/page"}],"author":[{"embeddable":true,"href":"https:\/\/ws.co.rs\/de\/wp-json\/wp\/v2\/users\/1"}],"replies":[{"embeddable":true,"href":"https:\/\/ws.co.rs\/de\/wp-json\/wp\/v2\/comments?post=2689"}],"version-history":[{"count":5,"href":"https:\/\/ws.co.rs\/de\/wp-json\/wp\/v2\/pages\/2689\/revisions"}],"predecessor-version":[{"id":6483,"href":"https:\/\/ws.co.rs\/de\/wp-json\/wp\/v2\/pages\/2689\/revisions\/6483"}],"up":[{"embeddable":true,"href":"https:\/\/ws.co.rs\/de\/wp-json\/wp\/v2\/pages\/3200"}],"wp:attachment":[{"href":"https:\/\/ws.co.rs\/de\/wp-json\/wp\/v2\/media?parent=2689"}],"curies":[{"name":"wp","href":"https:\/\/api.w.org\/{rel}","templated":true}]}}