{"id":2684,"date":"2020-07-02T13:46:48","date_gmt":"2020-07-02T11:46:48","guid":{"rendered":"https:\/\/ws.co.rs\/alarmni-sistemi-za-vozila-2\/"},"modified":"2021-03-19T11:12:02","modified_gmt":"2021-03-19T10:12:02","slug":"fahrzeugalarmsysteme","status":"publish","type":"page","link":"https:\/\/ws.co.rs\/de\/dienstleistungen\/technischer-schutz\/fahrzeugalarmsysteme\/","title":{"rendered":"Fahrzeugalarmsysteme"},"content":{"rendered":"\t\t<div data-elementor-type=\"wp-page\" data-elementor-id=\"2684\" class=\"elementor elementor-2684 elementor-487\" data-elementor-post-type=\"page\">\n\t\t\t\t\t\t<section class=\"elementor-section elementor-top-section elementor-element elementor-element-416fbca7 elementor-section-stretched elementor-section-height-min-height inside elementor-section-items-bottom elementor-section-content-bottom elementor-section-boxed elementor-section-height-default\" data-id=\"416fbca7\" data-element_type=\"section\" id=\"showcase\" data-settings=\"{&quot;stretch_section&quot;:&quot;section-stretched&quot;,&quot;background_background&quot;:&quot;gradient&quot;,&quot;shape_divider_bottom&quot;:&quot;tilt&quot;}\">\n\t\t\t\t\t<div class=\"elementor-shape elementor-shape-bottom\" aria-hidden=\"true\" data-negative=\"false\">\n\t\t\t<svg xmlns=\"http:\/\/www.w3.org\/2000\/svg\" viewBox=\"0 0 1000 100\" preserveAspectRatio=\"none\">\n\t<path class=\"elementor-shape-fill\" d=\"M0,6V0h1000v100L0,6z\"\/>\n<\/svg>\t\t<\/div>\n\t\t\t\t\t<div class=\"elementor-container elementor-column-gap-no\">\n\t\t\t\t\t<div class=\"elementor-column elementor-col-100 elementor-top-column elementor-element elementor-element-7ee1a295\" data-id=\"7ee1a295\" data-element_type=\"column\" data-settings=\"{&quot;background_background&quot;:&quot;classic&quot;}\">\n\t\t\t<div class=\"elementor-widget-wrap elementor-element-populated\">\n\t\t\t\t\t\t<div class=\"elementor-element elementor-element-35901d78 elementor-widget elementor-widget-heading\" data-id=\"35901d78\" data-element_type=\"widget\" data-widget_type=\"heading.default\">\n\t\t\t\t<div class=\"elementor-widget-container\">\n\t\t\t\t\t<h1 class=\"elementor-heading-title elementor-size-default\">Fahrzeugalarmsysteme<\/h1>\t\t\t\t<\/div>\n\t\t\t\t<\/div>\n\t\t\t\t<div class=\"elementor-element elementor-element-74bc1def elementor-widget elementor-widget-text-editor\" data-id=\"74bc1def\" data-element_type=\"widget\" data-widget_type=\"text-editor.default\">\n\t\t\t\t<div class=\"elementor-widget-container\">\n\t\t\t\t\t\t\t\t\t<blockquote><p>&#8222;Die erfolgreichsten Menschen sind diejenigen, die den Plan gut erf\u00fcllen k\u00f6nnen.&#8220;<\/p><p>James Yorke<\/p><\/blockquote>\t\t\t\t\t\t\t\t<\/div>\n\t\t\t\t<\/div>\n\t\t\t\t\t<\/div>\n\t\t<\/div>\n\t\t\t\t\t<\/div>\n\t\t<\/section>\n\t\t\t\t<section class=\"elementor-section elementor-top-section elementor-element elementor-element-2731dc0c pt-big pb-big elementor-section-boxed elementor-section-height-default elementor-section-height-default\" data-id=\"2731dc0c\" data-element_type=\"section\" id=\"info\" data-settings=\"{&quot;background_background&quot;:&quot;classic&quot;,&quot;shape_divider_top&quot;:&quot;tilt&quot;}\">\n\t\t\t\t\t<div class=\"elementor-shape elementor-shape-top\" aria-hidden=\"true\" data-negative=\"false\">\n\t\t\t<svg xmlns=\"http:\/\/www.w3.org\/2000\/svg\" viewBox=\"0 0 1000 100\" preserveAspectRatio=\"none\">\n\t<path class=\"elementor-shape-fill\" d=\"M0,6V0h1000v100L0,6z\"\/>\n<\/svg>\t\t<\/div>\n\t\t\t\t\t<div class=\"elementor-container elementor-column-gap-default\">\n\t\t\t\t\t<div class=\"elementor-column elementor-col-100 elementor-top-column elementor-element elementor-element-2e8b5af7\" data-id=\"2e8b5af7\" data-element_type=\"column\">\n\t\t\t<div class=\"elementor-widget-wrap elementor-element-populated\">\n\t\t\t\t\t\t<div class=\"elementor-element elementor-element-63e9723e elementor-widget elementor-widget-text-editor\" data-id=\"63e9723e\" data-element_type=\"widget\" data-widget_type=\"text-editor.default\">\n\t\t\t\t<div class=\"elementor-widget-container\">\n\t\t\t\t\t\t\t\t\t<h3 style=\"text-align: center;\"><strong>Serien-, Werks- und konventionelle Fahrzeugschutzsysteme haben sich in der Praxis als unzuverl\u00e4ssig erwiesen.<\/strong><\/h3><h4 style=\"text-align: center;\"><strong>Je nach Fahrzeugtyp und -modell war ein individuelles Schutzsystem erforderlich.<\/strong><\/h4><p>\u00a0<\/p><p>Beim Kauf eines neuen Fahrzeugs denken viele nicht an Diebstahl, weil sie vom Verk\u00e4ufer eine werkseitige Fernbedienung erhalten oder ein zus\u00e4tzliches Schloss installiert haben.<\/p><p>Die werkseitige Fernbedienung dient normalerweise nicht zum Schutz vor Diebstahl, sondern nur zum Fernverriegeln der T\u00fcr.<\/p><p>Ein Alarmsystem, das sich dem Besitzer und den Eigenschaften des Fahrzeugs anpasst, ist die beste L\u00f6sung, um das Fahrzeug vor Diebstahl zu sch\u00fctzen.<\/p><p>Der automatische Alarm von Watchout Security verwendet keine digitale Verbindung f\u00fcr die Kommunikation mit dem Fahrzeugcomputer. Daher besteht keine M\u00f6glichkeit eines Alarmfehlers und der Beendigung des Schutzes. Durch die Kombination mehrerer Subsysteme, Elektronik- und Alarmschutz, wurden die g\u00e4ngigsten Methoden zum Stehlen und Neutralisieren des Fahrzeugschutzes vollst\u00e4ndig vermieden.<\/p>\t\t\t\t\t\t\t\t<\/div>\n\t\t\t\t<\/div>\n\t\t\t\t<div class=\"elementor-element elementor-element-21af742 elementor-align-center elementor-widget elementor-widget-button\" data-id=\"21af742\" data-element_type=\"widget\" data-widget_type=\"button.default\">\n\t\t\t\t<div class=\"elementor-widget-container\">\n\t\t\t\t\t\t\t\t\t<div class=\"elementor-button-wrapper\">\n\t\t\t\t\t<a class=\"elementor-button elementor-button-link elementor-size-lg\" href=\"https:\/\/ws.co.rs\/de\/fragebogen\/alarmsysteme-fuer-fahrzeuge\/\">\n\t\t\t\t\t\t<span class=\"elementor-button-content-wrapper\">\n\t\t\t\t\t\t<span class=\"elementor-button-icon\">\n\t\t\t\t<i aria-hidden=\"true\" class=\"fas fa-chevron-right\"><\/i>\t\t\t<\/span>\n\t\t\t\t\t\t\t\t\t<span class=\"elementor-button-text\">Eine Anfrage f\u00fcr ein Angebot<\/span>\n\t\t\t\t\t<\/span>\n\t\t\t\t\t<\/a>\n\t\t\t\t<\/div>\n\t\t\t\t\t\t\t\t<\/div>\n\t\t\t\t<\/div>\n\t\t\t\t\t<\/div>\n\t\t<\/div>\n\t\t\t\t\t<\/div>\n\t\t<\/section>\n\t\t\t\t<\/div>\n\t\t","protected":false},"excerpt":{"rendered":"<p>&#8222;Die erfolgreichsten Menschen sind diejenigen, die den Plan gut erf\u00fcllen k\u00f6nnen.&#8220; James Yorke Serien-, Werks- und konventionelle Fahrzeugschutzsysteme haben sich in der Praxis als unzuverl\u00e4ssig erwiesen. Je nach Fahrzeugtyp und -modell war ein individuelles Schutzsystem erforderlich. \u00a0 Beim Kauf eines neuen Fahrzeugs denken viele nicht an Diebstahl, weil sie vom Verk\u00e4ufer eine werkseitige Fernbedienung erhalten [&hellip;]<\/p>\n","protected":false},"author":1,"featured_media":0,"parent":3200,"menu_order":0,"comment_status":"closed","ping_status":"closed","template":"","meta":{"footnotes":""},"class_list":["post-2684","page","type-page","status-publish","hentry"],"aioseo_notices":[],"_links":{"self":[{"href":"https:\/\/ws.co.rs\/de\/wp-json\/wp\/v2\/pages\/2684","targetHints":{"allow":["GET"]}}],"collection":[{"href":"https:\/\/ws.co.rs\/de\/wp-json\/wp\/v2\/pages"}],"about":[{"href":"https:\/\/ws.co.rs\/de\/wp-json\/wp\/v2\/types\/page"}],"author":[{"embeddable":true,"href":"https:\/\/ws.co.rs\/de\/wp-json\/wp\/v2\/users\/1"}],"replies":[{"embeddable":true,"href":"https:\/\/ws.co.rs\/de\/wp-json\/wp\/v2\/comments?post=2684"}],"version-history":[{"count":5,"href":"https:\/\/ws.co.rs\/de\/wp-json\/wp\/v2\/pages\/2684\/revisions"}],"predecessor-version":[{"id":6486,"href":"https:\/\/ws.co.rs\/de\/wp-json\/wp\/v2\/pages\/2684\/revisions\/6486"}],"up":[{"embeddable":true,"href":"https:\/\/ws.co.rs\/de\/wp-json\/wp\/v2\/pages\/3200"}],"wp:attachment":[{"href":"https:\/\/ws.co.rs\/de\/wp-json\/wp\/v2\/media?parent=2684"}],"curies":[{"name":"wp","href":"https:\/\/api.w.org\/{rel}","templated":true}]}}